{"id":17971,"date":"2023-08-28T19:30:57","date_gmt":"2023-08-28T17:30:57","guid":{"rendered":"https:\/\/www.lumen-care.com\/?page_id=17971"},"modified":"2024-08-29T21:10:29","modified_gmt":"2024-08-29T19:10:29","slug":"katalog-ausbildungen","status":"publish","type":"page","link":"https:\/\/www.lumen-care.com\/de\/katalog-ausbildungen\/","title":{"rendered":"Katalog der Schulungen"},"content":{"rendered":"<div data-elementor-type=\"wp-page\" data-elementor-id=\"17971\" class=\"elementor elementor-17971\" data-elementor-post-type=\"page\">\n\t\t\t\t\t\t<section data-particle_enable=\"false\" data-particle-mobile-disabled=\"false\" class=\"elementor-section elementor-top-section elementor-element elementor-element-8b9d1fd elementor-section-boxed elementor-section-height-default elementor-section-height-default\" data-id=\"8b9d1fd\" data-element_type=\"section\" data-e-type=\"section\">\n\t\t\t\t\t\t<div class=\"elementor-container elementor-column-gap-default\">\n\t\t\t\t\t<div class=\"elementor-column elementor-col-100 elementor-top-column elementor-element elementor-element-55dbe02\" data-id=\"55dbe02\" data-element_type=\"column\" data-e-type=\"column\">\n\t\t\t<div class=\"elementor-widget-wrap elementor-element-populated\">\n\t\t\t\t\t\t<div class=\"elementor-element elementor-element-a364911 elementor-widget elementor-widget-text-editor\" data-id=\"a364911\" data-element_type=\"widget\" data-e-type=\"widget\" data-widget_type=\"text-editor.default\">\n\t\t\t\t<div class=\"elementor-widget-container\">\n\t\t\t\t\t\t\t\t\t<p>Lumen Care Laboratory bietet Kurzschulungen an, um praktizierende und angehende Therapeuten in die Werkzeuge der Vibrationellen Information und Kommunikation einzuf\u00fchren. Diese innovativen Protokolle sind leicht in der Praxis umzusetzen und \u00f6ffnen Ihnen die T\u00fcr zu einer tiefgreifenden Ver\u00e4nderung, sowohl auf beruflicher als auch auf pers\u00f6nlicher Ebene.<\/p><p>Unsere Schulungen k\u00f6nnen als 100%-Fernunterricht oder als Mischform mit Pr\u00e4senzunterricht durchgef\u00fchrt werden. Wir gew\u00e4hrleisten eine pers\u00f6nliche Betreuung und zertifizierte Kompetenzen, um Leben in nur wenigen Monaten zu ver\u00e4ndern.<\/p><p>Schlie\u00dfen Sie sich dem Lumen Care Practitioner Team an, um ein Akteur des Wandels zu werden, der bereit ist, nachhaltiges Wohlbefinden im Rahmen eines ganzheitlichen Gesundheitsansatzes zu bieten.<\/p>\t\t\t\t\t\t\t\t<\/div>\n\t\t\t\t<\/div>\n\t\t\t\t<div class=\"elementor-element elementor-element-6f397d9 elementor-widget elementor-widget-heading\" data-id=\"6f397d9\" data-element_type=\"widget\" data-e-type=\"widget\" data-widget_type=\"heading.default\">\n\t\t\t\t<div class=\"elementor-widget-container\">\n\t\t\t\t\t<h2 class=\"elementor-heading-title elementor-size-default\">GRUNDAUSBILDUNGEN - ZERTIFIZIERENDE AUSBILDUNGEN<\/h2>\t\t\t\t<\/div>\n\t\t\t\t<\/div>\n\t\t\t\t\t<\/div>\n\t\t<\/div>\n\t\t\t\t\t<\/div>\n\t\t<\/section>\n\t\t\t\t<section data-particle_enable=\"false\" data-particle-mobile-disabled=\"false\" class=\"elementor-section elementor-top-section elementor-element elementor-element-c2577f1 elementor-section-boxed elementor-section-height-default elementor-section-height-default\" data-id=\"c2577f1\" data-element_type=\"section\" data-e-type=\"section\">\n\t\t\t\t\t\t<div class=\"elementor-container elementor-column-gap-default\">\n\t\t\t\t\t<div class=\"elementor-column elementor-col-50 elementor-top-column elementor-element elementor-element-fb9584e\" data-id=\"fb9584e\" data-element_type=\"column\" data-e-type=\"column\">\n\t\t\t<div class=\"elementor-widget-wrap elementor-element-populated\">\n\t\t\t\t\t\t<div class=\"elementor-element elementor-element-e909c27 elementor-widget elementor-widget-image\" data-id=\"e909c27\" data-element_type=\"widget\" data-e-type=\"widget\" data-widget_type=\"image.default\">\n\t\t\t\t<div class=\"elementor-widget-container\">\n\t\t\t\t\t\t\t\t\t\t\t\t\t\t\t<img fetchpriority=\"high\" decoding=\"async\" width=\"1020\" height=\"233\" src=\"https:\/\/www.lumen-care.com\/wp-content\/uploads\/Je-prends-rendez-vous-5.png\" class=\"attachment-large size-large wp-image-18060\" alt=\"\" srcset=\"https:\/\/www.lumen-care.com\/wp-content\/uploads\/Je-prends-rendez-vous-5.png 1050w, https:\/\/www.lumen-care.com\/wp-content\/uploads\/Je-prends-rendez-vous-5-247x56.png 247w, https:\/\/www.lumen-care.com\/wp-content\/uploads\/Je-prends-rendez-vous-5-510x117.png 510w, https:\/\/www.lumen-care.com\/wp-content\/uploads\/Je-prends-rendez-vous-5-800x183.png 800w, https:\/\/www.lumen-care.com\/wp-content\/uploads\/Je-prends-rendez-vous-5-768x176.png 768w, https:\/\/www.lumen-care.com\/wp-content\/uploads\/Je-prends-rendez-vous-5-18x4.png 18w\" sizes=\"(max-width: 1020px) 100vw, 1020px\" \/>\t\t\t\t\t\t\t\t\t\t\t\t\t\t\t<\/div>\n\t\t\t\t<\/div>\n\t\t\t\t<div class=\"elementor-element elementor-element-ac71f60 elementor-widget elementor-widget-heading\" data-id=\"ac71f60\" data-element_type=\"widget\" data-e-type=\"widget\" data-widget_type=\"heading.default\">\n\t\t\t\t<div class=\"elementor-widget-container\">\n\t\t\t\t\t<h3 class=\"elementor-heading-title elementor-size-default\">Deprogrammierung von Empfindlichkeiten und Intoleranzen durch Vibratory Reformation<\/h3>\t\t\t\t<\/div>\n\t\t\t\t<\/div>\n\t\t\t\t<div class=\"elementor-element elementor-element-816bd6a elementor-widget elementor-widget-text-editor\" data-id=\"816bd6a\" data-element_type=\"widget\" data-e-type=\"widget\" data-widget_type=\"text-editor.default\">\n\t\t\t\t<div class=\"elementor-widget-container\">\n\t\t\t\t\t\t\t\t\tK\u00f6rperliche Empfindlichkeiten sind von zentraler Bedeutung f\u00fcr unsere Gesundheit und unser Immunsystem. Ver\u00e4ndern Sie das Leben Ihrer Klienten, indem Sie ihnen durch die Befreiung von ihren Unvertr\u00e4glichkeiten eine deutliche Erleichterung verschaffen. Sie werden auch in den emotionalen Ansatz eingef\u00fchrt, der in direkter Wechselwirkung mit den k\u00f6rperlichen Empfindlichkeiten steht.\t\t\t\t\t\t\t\t<\/div>\n\t\t\t\t<\/div>\n\t\t\t\t<div class=\"elementor-element elementor-element-a96695f elementor-icon-list--layout-traditional elementor-list-item-link-full_width elementor-widget elementor-widget-icon-list\" data-id=\"a96695f\" data-element_type=\"widget\" data-e-type=\"widget\" data-widget_type=\"icon-list.default\">\n\t\t\t\t<div class=\"elementor-widget-container\">\n\t\t\t\t\t\t\t<ul class=\"elementor-icon-list-items\">\n\t\t\t\t\t\t\t<li class=\"elementor-icon-list-item\">\n\t\t\t\t\t\t\t\t\t\t\t<span class=\"elementor-icon-list-icon\">\n\t\t\t\t\t\t\t<i aria-hidden=\"true\" class=\"fas fa-user\"><\/i>\t\t\t\t\t\t<\/span>\n\t\t\t\t\t\t\t\t\t\t<span class=\"elementor-icon-list-text\">Publikum: Alle<\/span>\n\t\t\t\t\t\t\t\t\t<\/li>\n\t\t\t\t\t\t\t\t<li class=\"elementor-icon-list-item\">\n\t\t\t\t\t\t\t\t\t\t\t<span class=\"elementor-icon-list-icon\">\n\t\t\t\t\t\t\t<i aria-hidden=\"true\" class=\"far fa-clock\"><\/i>\t\t\t\t\t\t<\/span>\n\t\t\t\t\t\t\t\t\t\t<span class=\"elementor-icon-list-text\">Dauer: 60 Std. <\/span>\n\t\t\t\t\t\t\t\t\t<\/li>\n\t\t\t\t\t\t\t\t<li class=\"elementor-icon-list-item\">\n\t\t\t\t\t\t\t\t\t\t\t<span class=\"elementor-icon-list-icon\">\n\t\t\t\t\t\t\t<i aria-hidden=\"true\" class=\"fas fa-map-marker-alt\"><\/i>\t\t\t\t\t\t<\/span>\n\t\t\t\t\t\t\t\t\t\t<span class=\"elementor-icon-list-text\">Pr\u00e4senz- oder Fernunterricht<\/span>\n\t\t\t\t\t\t\t\t\t<\/li>\n\t\t\t\t\t\t<\/ul>\n\t\t\t\t\t\t<\/div>\n\t\t\t\t<\/div>\n\t\t\t\t<div class=\"elementor-element elementor-element-d551963 elementor-align-center elementor-widget elementor-widget-button\" data-id=\"d551963\" data-element_type=\"widget\" data-e-type=\"widget\" data-widget_type=\"button.default\">\n\t\t\t\t<div class=\"elementor-widget-container\">\n\t\t\t\t\t\t\t\t\t<div class=\"elementor-button-wrapper\">\n\t\t\t\t\t<a class=\"elementor-button elementor-button-link elementor-size-md\" href=\"https:\/\/www.lumen-care.com\/de\/deroulement-de-la-formation-de-la-methode-lumen-care\/\">\n\t\t\t\t\t\t<span class=\"elementor-button-content-wrapper\">\n\t\t\t\t\t\t\t\t\t<span class=\"elementor-button-text\">Mehr dazu +<\/span>\n\t\t\t\t\t<\/span>\n\t\t\t\t\t<\/a>\n\t\t\t\t<\/div>\n\t\t\t\t\t\t\t\t<\/div>\n\t\t\t\t<\/div>\n\t\t\t\t\t<\/div>\n\t\t<\/div>\n\t\t\t\t<div class=\"elementor-column elementor-col-50 elementor-top-column elementor-element elementor-element-dfac8fe elementor-hidden-desktop elementor-hidden-tablet elementor-hidden-mobile\" data-id=\"dfac8fe\" data-element_type=\"column\" data-e-type=\"column\">\n\t\t\t<div class=\"elementor-widget-wrap elementor-element-populated\">\n\t\t\t\t\t\t<div class=\"elementor-element elementor-element-38ccf3f elementor-widget elementor-widget-image\" data-id=\"38ccf3f\" data-element_type=\"widget\" data-e-type=\"widget\" data-widget_type=\"image.default\">\n\t\t\t\t<div class=\"elementor-widget-container\">\n\t\t\t\t\t\t\t\t\t\t\t\t\t\t\t<img decoding=\"async\" width=\"1020\" height=\"233\" src=\"https:\/\/www.lumen-care.com\/wp-content\/uploads\/Je-prends-rendez-vous-4.png\" class=\"attachment-large size-large wp-image-18061\" alt=\"\" srcset=\"https:\/\/www.lumen-care.com\/wp-content\/uploads\/Je-prends-rendez-vous-4.png 1050w, https:\/\/www.lumen-care.com\/wp-content\/uploads\/Je-prends-rendez-vous-4-247x56.png 247w, https:\/\/www.lumen-care.com\/wp-content\/uploads\/Je-prends-rendez-vous-4-510x117.png 510w\" sizes=\"(max-width: 1020px) 100vw, 1020px\" \/>\t\t\t\t\t\t\t\t\t\t\t\t\t\t\t<\/div>\n\t\t\t\t<\/div>\n\t\t\t\t<div class=\"elementor-element elementor-element-6840cc0 elementor-widget elementor-widget-heading\" data-id=\"6840cc0\" data-element_type=\"widget\" data-e-type=\"widget\" data-widget_type=\"heading.default\">\n\t\t\t\t<div class=\"elementor-widget-container\">\n\t\t\t\t\t<h3 class=\"elementor-heading-title elementor-size-default\">Wohlbefinden und emotionale Umprogrammierung durch Vibratory Reformation<\/h3>\t\t\t\t<\/div>\n\t\t\t\t<\/div>\n\t\t\t\t<div class=\"elementor-element elementor-element-270b1de elementor-widget elementor-widget-text-editor\" data-id=\"270b1de\" data-element_type=\"widget\" data-e-type=\"widget\" data-widget_type=\"text-editor.default\">\n\t\t\t\t<div class=\"elementor-widget-container\">\n\t\t\t\t\t\t\t\t\t<p>Wenn Sie ausschlie\u00dflich im Bereich der emotionalen Begleitung arbeiten m\u00f6chten, ist dieser Kurs genau das Richtige f\u00fcr Sie. Sie werden in der Lage sein, eine bedeutende Ver\u00e4nderung im Leben Ihrer Klienten herbeizuf\u00fchren, indem Sie ihnen durch die St\u00e4rkung positiver Tugenden ein emotionales Gleichgewicht verschaffen.<\/p>\t\t\t\t\t\t\t\t<\/div>\n\t\t\t\t<\/div>\n\t\t\t\t<div class=\"elementor-element elementor-element-27be7d7 elementor-icon-list--layout-traditional elementor-list-item-link-full_width elementor-widget elementor-widget-icon-list\" data-id=\"27be7d7\" data-element_type=\"widget\" data-e-type=\"widget\" data-widget_type=\"icon-list.default\">\n\t\t\t\t<div class=\"elementor-widget-container\">\n\t\t\t\t\t\t\t<ul class=\"elementor-icon-list-items\">\n\t\t\t\t\t\t\t<li class=\"elementor-icon-list-item\">\n\t\t\t\t\t\t\t\t\t\t\t<span class=\"elementor-icon-list-icon\">\n\t\t\t\t\t\t\t<i aria-hidden=\"true\" class=\"fas fa-user\"><\/i>\t\t\t\t\t\t<\/span>\n\t\t\t\t\t\t\t\t\t\t<span class=\"elementor-icon-list-text\">Publikum: Alle<\/span>\n\t\t\t\t\t\t\t\t\t<\/li>\n\t\t\t\t\t\t\t\t<li class=\"elementor-icon-list-item\">\n\t\t\t\t\t\t\t\t\t\t\t<span class=\"elementor-icon-list-icon\">\n\t\t\t\t\t\t\t<i aria-hidden=\"true\" class=\"far fa-clock\"><\/i>\t\t\t\t\t\t<\/span>\n\t\t\t\t\t\t\t\t\t\t<span class=\"elementor-icon-list-text\">Dauer: 26 h 00<\/span>\n\t\t\t\t\t\t\t\t\t<\/li>\n\t\t\t\t\t\t\t\t<li class=\"elementor-icon-list-item\">\n\t\t\t\t\t\t\t\t\t\t\t<span class=\"elementor-icon-list-icon\">\n\t\t\t\t\t\t\t<i aria-hidden=\"true\" class=\"fas fa-map-marker-alt\"><\/i>\t\t\t\t\t\t<\/span>\n\t\t\t\t\t\t\t\t\t\t<span class=\"elementor-icon-list-text\">Pr\u00e4senz- oder Fernunterricht<\/span>\n\t\t\t\t\t\t\t\t\t<\/li>\n\t\t\t\t\t\t<\/ul>\n\t\t\t\t\t\t<\/div>\n\t\t\t\t<\/div>\n\t\t\t\t<div class=\"elementor-element elementor-element-0e4b4c6 elementor-align-center elementor-widget elementor-widget-button\" data-id=\"0e4b4c6\" data-element_type=\"widget\" data-e-type=\"widget\" data-widget_type=\"button.default\">\n\t\t\t\t<div class=\"elementor-widget-container\">\n\t\t\t\t\t\t\t\t\t<div class=\"elementor-button-wrapper\">\n\t\t\t\t\t<a class=\"elementor-button elementor-button-link elementor-size-md\" href=\"https:\/\/www.lumen-care.com\/de\/ausbildung-therapeut-2\/\">\n\t\t\t\t\t\t<span class=\"elementor-button-content-wrapper\">\n\t\t\t\t\t\t\t\t\t<span class=\"elementor-button-text\">Mehr dazu +<\/span>\n\t\t\t\t\t<\/span>\n\t\t\t\t\t<\/a>\n\t\t\t\t<\/div>\n\t\t\t\t\t\t\t\t<\/div>\n\t\t\t\t<\/div>\n\t\t\t\t\t<\/div>\n\t\t<\/div>\n\t\t\t\t\t<\/div>\n\t\t<\/section>\n\t\t\t\t<section data-particle_enable=\"false\" data-particle-mobile-disabled=\"false\" class=\"elementor-section elementor-top-section elementor-element elementor-element-aeef30b elementor-section-boxed elementor-section-height-default elementor-section-height-default\" data-id=\"aeef30b\" data-element_type=\"section\" data-e-type=\"section\">\n\t\t\t\t\t\t<div class=\"elementor-container elementor-column-gap-default\">\n\t\t\t\t\t<div class=\"elementor-column elementor-col-50 elementor-top-column elementor-element elementor-element-6308359 elementor-hidden-desktop elementor-hidden-tablet elementor-hidden-mobile\" data-id=\"6308359\" data-element_type=\"column\" data-e-type=\"column\">\n\t\t\t<div class=\"elementor-widget-wrap elementor-element-populated\">\n\t\t\t\t\t\t<div class=\"elementor-element elementor-element-5dc0b4c elementor-widget elementor-widget-image\" data-id=\"5dc0b4c\" data-element_type=\"widget\" data-e-type=\"widget\" data-widget_type=\"image.default\">\n\t\t\t\t<div class=\"elementor-widget-container\">\n\t\t\t\t\t\t\t\t\t\t\t\t\t\t\t<img decoding=\"async\" width=\"1020\" height=\"233\" src=\"https:\/\/www.lumen-care.com\/wp-content\/uploads\/formation-reseaux-sociaux.png\" class=\"attachment-large size-large wp-image-20882\" alt=\"\" srcset=\"https:\/\/www.lumen-care.com\/wp-content\/uploads\/formation-reseaux-sociaux.png 1050w, https:\/\/www.lumen-care.com\/wp-content\/uploads\/formation-reseaux-sociaux-247x56.png 247w, https:\/\/www.lumen-care.com\/wp-content\/uploads\/formation-reseaux-sociaux-510x117.png 510w, https:\/\/www.lumen-care.com\/wp-content\/uploads\/formation-reseaux-sociaux-800x183.png 800w, https:\/\/www.lumen-care.com\/wp-content\/uploads\/formation-reseaux-sociaux-768x176.png 768w, https:\/\/www.lumen-care.com\/wp-content\/uploads\/formation-reseaux-sociaux-18x4.png 18w\" sizes=\"(max-width: 1020px) 100vw, 1020px\" \/>\t\t\t\t\t\t\t\t\t\t\t\t\t\t\t<\/div>\n\t\t\t\t<\/div>\n\t\t\t\t<div class=\"elementor-element elementor-element-4541deb elementor-widget elementor-widget-heading\" data-id=\"4541deb\" data-element_type=\"widget\" data-e-type=\"widget\" data-widget_type=\"heading.default\">\n\t\t\t\t<div class=\"elementor-widget-container\">\n\t\t\t\t\t<h3 class=\"elementor-heading-title elementor-size-default\">Mit sozialen Netzwerken kommunizieren<\/h3>\t\t\t\t<\/div>\n\t\t\t\t<\/div>\n\t\t\t\t<div class=\"elementor-element elementor-element-6c3cd90 elementor-widget elementor-widget-text-editor\" data-id=\"6c3cd90\" data-element_type=\"widget\" data-e-type=\"widget\" data-widget_type=\"text-editor.default\">\n\t\t\t\t<div class=\"elementor-widget-container\">\n\t\t\t\t\t\t\t\t\tEntsprechend dem Titel RS6240 ist dieser Kurs f\u00fcr ambitionierte Berufst\u00e4tige gedacht, die danach streben, die digitale Kommunikation \u00fcber soziale Netzwerke zu beherrschen, um ihr Gesch\u00e4ft auszubauen.\t\t\t\t\t\t\t\t<\/div>\n\t\t\t\t<\/div>\n\t\t\t\t<div class=\"elementor-element elementor-element-0b54027 elementor-icon-list--layout-traditional elementor-list-item-link-full_width elementor-widget elementor-widget-icon-list\" data-id=\"0b54027\" data-element_type=\"widget\" data-e-type=\"widget\" data-widget_type=\"icon-list.default\">\n\t\t\t\t<div class=\"elementor-widget-container\">\n\t\t\t\t\t\t\t<ul class=\"elementor-icon-list-items\">\n\t\t\t\t\t\t\t<li class=\"elementor-icon-list-item\">\n\t\t\t\t\t\t\t\t\t\t\t<span class=\"elementor-icon-list-icon\">\n\t\t\t\t\t\t\t<i aria-hidden=\"true\" class=\"fas fa-user\"><\/i>\t\t\t\t\t\t<\/span>\n\t\t\t\t\t\t\t\t\t\t<span class=\"elementor-icon-list-text\">Publikum: Alle<\/span>\n\t\t\t\t\t\t\t\t\t<\/li>\n\t\t\t\t\t\t\t\t<li class=\"elementor-icon-list-item\">\n\t\t\t\t\t\t\t\t\t\t\t<span class=\"elementor-icon-list-icon\">\n\t\t\t\t\t\t\t<i aria-hidden=\"true\" class=\"far fa-clock\"><\/i>\t\t\t\t\t\t<\/span>\n\t\t\t\t\t\t\t\t\t\t<span class=\"elementor-icon-list-text\">Dauer: 30 h 00<\/span>\n\t\t\t\t\t\t\t\t\t<\/li>\n\t\t\t\t\t\t\t\t<li class=\"elementor-icon-list-item\">\n\t\t\t\t\t\t\t\t\t\t\t<span class=\"elementor-icon-list-icon\">\n\t\t\t\t\t\t\t<i aria-hidden=\"true\" class=\"fas fa-map-marker-alt\"><\/i>\t\t\t\t\t\t<\/span>\n\t\t\t\t\t\t\t\t\t\t<span class=\"elementor-icon-list-text\">Elearning und Fernunterricht<\/span>\n\t\t\t\t\t\t\t\t\t<\/li>\n\t\t\t\t\t\t<\/ul>\n\t\t\t\t\t\t<\/div>\n\t\t\t\t<\/div>\n\t\t\t\t<div class=\"elementor-element elementor-element-5d8d0e0 elementor-align-center elementor-widget elementor-widget-button\" data-id=\"5d8d0e0\" data-element_type=\"widget\" data-e-type=\"widget\" data-widget_type=\"button.default\">\n\t\t\t\t<div class=\"elementor-widget-container\">\n\t\t\t\t\t\t\t\t\t<div class=\"elementor-button-wrapper\">\n\t\t\t\t\t<a class=\"elementor-button elementor-button-link elementor-size-md\" href=\"https:\/\/www.lumen-care.com\/de\/katalog-ausbildungen\/ausbildung-in-digitalem-marketing\/\">\n\t\t\t\t\t\t<span class=\"elementor-button-content-wrapper\">\n\t\t\t\t\t\t\t\t\t<span class=\"elementor-button-text\">Mehr dazu +<\/span>\n\t\t\t\t\t<\/span>\n\t\t\t\t\t<\/a>\n\t\t\t\t<\/div>\n\t\t\t\t\t\t\t\t<\/div>\n\t\t\t\t<\/div>\n\t\t\t\t\t<\/div>\n\t\t<\/div>\n\t\t\t\t<div class=\"elementor-column elementor-col-50 elementor-top-column elementor-element elementor-element-162122a\" data-id=\"162122a\" data-element_type=\"column\" data-e-type=\"column\">\n\t\t\t<div class=\"elementor-widget-wrap elementor-element-populated\">\n\t\t\t\t\t\t<div class=\"elementor-element elementor-element-58abc43 elementor-widget elementor-widget-spacer\" data-id=\"58abc43\" data-element_type=\"widget\" data-e-type=\"widget\" data-widget_type=\"spacer.default\">\n\t\t\t\t<div class=\"elementor-widget-container\">\n\t\t\t\t\t\t\t<div class=\"elementor-spacer\">\n\t\t\t<div class=\"elementor-spacer-inner\"><\/div>\n\t\t<\/div>\n\t\t\t\t\t\t<\/div>\n\t\t\t\t<\/div>\n\t\t\t\t<div class=\"elementor-element elementor-element-c2a404f elementor-widget elementor-widget-image\" data-id=\"c2a404f\" data-element_type=\"widget\" data-e-type=\"widget\" data-widget_type=\"image.default\">\n\t\t\t\t<div class=\"elementor-widget-container\">\n\t\t\t\t\t\t\t\t\t\t\t\t\t\t\t\t<a href=\"https:\/\/www.lumen-care.com\/wp-content\/uploads\/2103107.1-Certificat-de-conformite.pdf\" target=\"_blank\" rel=\"nofollow\">\n\t\t\t\t\t\t\t<img loading=\"lazy\" decoding=\"async\" width=\"800\" height=\"334\" src=\"https:\/\/www.lumen-care.com\/wp-content\/uploads\/Logo-OF-800x334.png\" class=\"attachment-medium size-medium wp-image-20792\" alt=\"\" srcset=\"https:\/\/www.lumen-care.com\/wp-content\/uploads\/Logo-OF-800x334.png 800w, https:\/\/www.lumen-care.com\/wp-content\/uploads\/Logo-OF-247x103.png 247w, https:\/\/www.lumen-care.com\/wp-content\/uploads\/Logo-OF-510x213.png 510w, https:\/\/www.lumen-care.com\/wp-content\/uploads\/Logo-OF-768x321.png 768w, https:\/\/www.lumen-care.com\/wp-content\/uploads\/Logo-OF-18x8.png 18w, https:\/\/www.lumen-care.com\/wp-content\/uploads\/Logo-OF.png 1114w\" sizes=\"(max-width: 800px) 100vw, 800px\" \/>\t\t\t\t\t\t\t\t<\/a>\n\t\t\t\t\t\t\t\t\t\t\t\t\t\t\t<\/div>\n\t\t\t\t<\/div>\n\t\t\t\t<div class=\"elementor-element elementor-element-6f052eb elementor-widget elementor-widget-text-editor\" data-id=\"6f052eb\" data-element_type=\"widget\" data-e-type=\"widget\" data-widget_type=\"text-editor.default\">\n\t\t\t\t<div class=\"elementor-widget-container\">\n\t\t\t\t\t\t\t\t\t<p style=\"text-align: center;\">Zertifikat Nr. 2103107.1 vom 25\/04\/2022<\/p>\t\t\t\t\t\t\t\t<\/div>\n\t\t\t\t<\/div>\n\t\t\t\t\t<\/div>\n\t\t<\/div>\n\t\t\t\t\t<\/div>\n\t\t<\/section>\n\t\t\t\t<\/div>","protected":false},"excerpt":{"rendered":"<p>Lumen Care Laboratory bietet Kurzschulungen an, um praktizierende und angehende Therapeuten in die Werkzeuge der Vibrationellen Information und Kommunikation einzuf\u00fchren. Diese innovativen Protokolle sind leicht in der Praxis umzusetzen und \u00f6ffnen Ihnen die T\u00fcr zu einer tiefgreifenden Ver\u00e4nderung, sowohl auf beruflicher als auch auf pers\u00f6nlicher Ebene. Unsere Schulungen k\u00f6nnen [...].","protected":false},"author":1,"featured_media":0,"parent":0,"menu_order":0,"comment_status":"closed","ping_status":"closed","template":"page-blank-title-center.php","meta":{"inline_featured_image":false,"__cvm_playback_settings":[],"__cvm_video_id":"","footnotes":""},"class_list":["post-17971","page","type-page","status-publish","hentry"],"_links":{"self":[{"href":"https:\/\/www.lumen-care.com\/de\/wp-json\/wp\/v2\/pages\/17971","targetHints":{"allow":["GET"]}}],"collection":[{"href":"https:\/\/www.lumen-care.com\/de\/wp-json\/wp\/v2\/pages"}],"about":[{"href":"https:\/\/www.lumen-care.com\/de\/wp-json\/wp\/v2\/types\/page"}],"author":[{"embeddable":true,"href":"https:\/\/www.lumen-care.com\/de\/wp-json\/wp\/v2\/users\/1"}],"replies":[{"embeddable":true,"href":"https:\/\/www.lumen-care.com\/de\/wp-json\/wp\/v2\/comments?post=17971"}],"version-history":[{"count":0,"href":"https:\/\/www.lumen-care.com\/de\/wp-json\/wp\/v2\/pages\/17971\/revisions"}],"wp:attachment":[{"href":"https:\/\/www.lumen-care.com\/de\/wp-json\/wp\/v2\/media?parent=17971"}],"curies":[{"name":"wp","href":"https:\/\/api.w.org\/{rel}","templated":true}]}}