{"id":2612,"date":"2019-01-25T20:30:03","date_gmt":"2019-01-25T19:30:03","guid":{"rendered":"https:\/\/www.lumen-care.com\/?page_id=2612"},"modified":"2021-03-16T10:10:45","modified_gmt":"2021-03-16T09:10:45","slug":"rechtliche-hinweise","status":"publish","type":"page","link":"https:\/\/www.lumen-care.com\/de\/rechtliche-hinweise\/","title":{"rendered":"Rechtliche Hinweise"},"content":{"rendered":"<p style=\"text-align: justify;\"><strong>1. Vorstellung der Website :\n<\/strong>\nGem\u00e4\u00df den Bestimmungen der Artikel 6-III und 19 des Gesetzes Nr. 2004-575 vom 21. Juni 2004 \u00fcber das Vertrauen in die digitale Wirtschaft, genannt L.C.E.N., bringen wir den Nutzern und Besuchern der Website zur Kenntnis : <a href=\"https:\/\/www.lumen-care.com\/de\/\" target=\"_blank\" rel=\"noopener\">lumen-care.com<\/a> die folgenden Informationen:<\/p>\n<p style=\"text-align: justify;\"><strong>Rechtliche Informationen : <\/strong><\/p>\n<p style=\"text-align: justify;\">Rechtsform : <strong>SAS<\/strong>\nName des Unternehmens :<strong> Lumen Care Laboratory<\/strong>\nAdresse: <strong>812 B chemin du P\u00e9guier, 84170 Monteux, Frankreich<\/strong>\nTel : <strong>+33 (0)1 85 43 05 83<\/strong><\/p>\nMit einem Kapital von :<strong> 1700 \u20ac<\/strong>\nSIRET : <strong>82461056200012<\/strong>\nAPE-Code : <strong>7211Z<\/strong>\nInnergemeinschaftliche Mehrwertsteuernummer : <strong>FR55824610562<\/strong>\nAusbilder-Nummer : <strong>11950629595<\/strong>\nE-Mail-Adresse: contact [at] lumen-care.com\n\nDer Ersteller der Website ist : <strong>Lumen Care Laboratory\n<\/strong>Der Verantwortliche f\u00fcr die Ver\u00f6ffentlichung ist : <strong>Olivier Coen<\/strong>\n\nDer Host der Website ist: OVH - RCS Roubaix-Tourcoing 424 761 419 00045 - 2 rue Kellermann, 59100 Roubaix - Frankreich\n<p style=\"text-align: justify;\">Das Impressum wurde generiert von <strong><a href=\"https:\/\/www.generer-mentions-legales.com\">rechtliche Hinweise<\/a><\/strong><\/p>\n<p style=\"text-align: justify;\"><strong>2. Beschreibung der erbrachten Dienstleistungen :<\/strong><\/p>\nDie Seite <a href=\"https:\/\/www.lumen-care.com\/de\/\" target=\"_blank\" rel=\"noopener\">lumen-care.com<\/a> hat zum Ziel, Informationen \u00fcber alle Aktivit\u00e4ten des Unternehmens zu liefern.\nDer Eigent\u00fcmer der Website bem\u00fcht sich, auf der Website Folgendes zur Verf\u00fcgung zu stellen <a href=\"https:\/\/www.lumen-care.com\/de\/\" target=\"_blank\" rel=\"noopener\">lumen-care.com<\/a> so genaue Informationen wie m\u00f6glich. Er kann jedoch nicht f\u00fcr Auslassungen, Ungenauigkeiten und M\u00e4ngel bei der Aktualisierung haftbar gemacht werden, unabh\u00e4ngig davon, ob diese durch ihn selbst oder durch dritte Partner, die ihm diese Informationen zur Verf\u00fcgung stellen, verursacht wurden.\nAlle auf der Website angebotenen Informationen <a href=\"https:\/\/www.lumen-care.com\/de\/\" target=\"_blank\" rel=\"noopener\">lumen-care.com<\/a> sind unverbindlich, nicht ersch\u00f6pfend und k\u00f6nnen sich \u00e4ndern. Sie sind vorbehaltlich der \u00c4nderungen, die seit ihrer Online-Ver\u00f6ffentlichung vorgenommen wurden.\n<p style=\"text-align: justify;\"><strong>3. Geistiges Eigentum und F\u00e4lschungen :<\/strong>\nDer Eigent\u00fcmer der Website ist Eigent\u00fcmer der Rechte am geistigen Eigentum oder besitzt die Nutzungsrechte an allen auf der Website zug\u00e4nglichen Elementen, insbesondere an Texten, Bildern, Grafiken, Logos, Icons, Kl\u00e4ngen und Software.\nJede Vervielf\u00e4ltigung, Darstellung, \u00c4nderung, Ver\u00f6ffentlichung, vollst\u00e4ndige oder teilweise Anpassung der Elemente der Website, unabh\u00e4ngig von den verwendeten Mitteln oder Verfahren, ist untersagt, es sei denn, es liegt eine vorherige schriftliche Genehmigung vor, die an die E-Mail-Adresse: contact [at] lumen-care.com gesendet wird.\nJede nicht genehmigte Nutzung der Website oder eines ihrer Elemente wird als F\u00e4lschung angesehen und gem\u00e4\u00df den Bestimmungen der Artikel L.335-2 ff. des franz\u00f6sischen Gesetzbuchs \u00fcber geistiges Eigentum (Code de Propri\u00e9t\u00e9 Intellectuelle) verfolgt.<\/p>\n<p style=\"text-align: justify;\"><strong>4. Hyperlinks und Cookies :<\/strong><\/p>\nDie Seite <a href=\"https:\/\/www.lumen-care.com\/de\/\" target=\"_blank\" rel=\"noopener\">lumen-care.com<\/a> enth\u00e4lt eine Reihe von Hypertext-Links zu anderen Websites (Partner, Informationen ...), die mit Genehmigung des Eigent\u00fcmers der Website eingerichtet wurden. Der Inhaber der Website hat jedoch nicht die M\u00f6glichkeit, den Inhalt der so besuchten Websites zu \u00fcberpr\u00fcfen und lehnt daher jegliche Verantwortung f\u00fcr m\u00f6gliche Risiken illegaler Inhalte ab.\n\nDer Nutzer wird dar\u00fcber informiert, dass bei seinen Besuchen auf der Website <a href=\"https:\/\/www.lumen-care.com\/de\/\" target=\"_blank\" rel=\"noopener\">lumen-care.com<\/a>Wenn Sie eine Website besuchen, kann es sein, dass ein oder mehrere Cookies automatisch auf Ihrem Computer installiert werden. Ein Cookie ist eine kleine Datei, die keine Identifizierung des Nutzers erm\u00f6glicht, aber Informationen \u00fcber die Navigation eines Computers auf einer Website speichert. Die so erhaltenen Daten sollen die sp\u00e4tere Navigation auf der Website erleichtern und dienen auch dazu, verschiedene Messungen der Besucherzahlen zu erm\u00f6glichen.\n\nDie Parametrierung der Navigationssoftware erm\u00f6glicht es, \u00fcber das Vorhandensein von Cookies zu informieren und diese eventuell abzulehnen, wie unter folgender Adresse beschrieben: www.cnil.fr.\nDie Ablehnung der Installation eines Cookies kann dazu f\u00fchren, dass der Zugang zu bestimmten Diensten nicht m\u00f6glich ist. Der Nutzer kann seinen Computer jedoch wie folgt konfigurieren, um die Installation von Cookies abzulehnen:\nIm Internet Explorer: Registerkarte Extras \/ Internetoptionen. Klicken Sie auf Datenschutz und w\u00e4hlen Sie Alle Cookies blockieren. Best\u00e4tigen Sie mit Ok.\nUnter Firefox: Registerkarte Bearbeiten \/ Einstellungen. Klicken Sie auf Erweitert und w\u00e4hlen Sie Cookies deaktivieren. Best\u00e4tigen Sie mit Ok.\n<p style=\"text-align: justify;\"><strong>5. Schutz von Eigentum und Personen - Umgang mit personenbezogenen Daten :<\/strong><\/p>\nNutzer: Internetnutzer, der sich einloggt und die oben genannte Website nutzt: <a href=\"https:\/\/www.lumen-care.com\/de\/\" target=\"_blank\" rel=\"noopener\">lumen-care.com<\/a>\nIn Frankreich sind personenbezogene Daten insbesondere durch das Gesetz Nr. 78-87 vom 6. Januar 1978, das Gesetz Nr. 2004-801 vom 6. August 2004, Artikel L. 226-13 des Strafgesetzbuches und die Europ\u00e4ische Richtlinie vom 24. Oktober 1995 gesch\u00fctzt.\n<p style=\"text-align: justify;\">Auf der Seite <a href=\"https:\/\/www.lumen-care.com\/de\/\" target=\"_blank\" rel=\"noopener\">lumen-care.com<\/a>Der Eigent\u00fcmer der Website sammelt pers\u00f6nliche Informationen \u00fcber den Benutzer nur f\u00fcr die Zwecke bestimmter Dienstleistungen, die auf der Website angeboten werden. <a href=\"https:\/\/www.lumen-care.com\/de\/\" target=\"_blank\" rel=\"noopener\">lumen-care.com<\/a>. Der Nutzer stellt diese Informationen in voller Kenntnis der Sachlage zur Verf\u00fcgung, insbesondere wenn er sie selbst eingibt. Dem Nutzer der Website wird dann mitgeteilt, dass er die folgenden Angaben machen kann <a href=\"https:\/\/www.lumen-care.com\/de\/\" target=\"_blank\" rel=\"noopener\">lumen-care.com<\/a> die Verpflichtung oder Nichtverpflichtung zur Bereitstellung dieser Informationen.\nGem\u00e4\u00df den Bestimmungen der Artikel 38 ff. des Gesetzes 78-17 vom 6. Januar 1978 \u00fcber Informatik, Dateien und Freiheiten hat jeder Nutzer das Recht, auf die ihn betreffenden pers\u00f6nlichen Daten zuzugreifen, sie zu berichtigen, zu l\u00f6schen und ihnen zu widersprechen. Um dieses Recht auszu\u00fcben, richten Sie Ihre Anfrage an <a href=\"https:\/\/www.lumen-care.com\/de\/\" target=\"_blank\" rel=\"noopener\">lumen-care.com<\/a> per E-Mail oder durch eine schriftliche und unterschriebene Anfrage, der eine Kopie des Personalausweises mit Unterschrift des Inhabers des Ausweises beiliegt, unter Angabe der Adresse, an die die Antwort geschickt werden soll.<\/p>\n<p style=\"text-align: justify;\">Keine pers\u00f6nlichen Informationen des Nutzers der Seite <a href=\"https:\/\/www.lumen-care.com\/de\/\" target=\"_blank\" rel=\"noopener\">lumen-care.com<\/a> wird ohne Wissen des Nutzers ver\u00f6ffentlicht, ausgetauscht, \u00fcbertragen, abgetreten oder auf einem beliebigen Datentr\u00e4ger an Dritte verkauft. Erst mit der Annahme des R\u00fcckkaufs der Website <a href=\"https:\/\/www.lumen-care.com\/de\/\" target=\"_blank\" rel=\"noopener\">lumen-care.com<\/a> dem Eigent\u00fcmer der Website und seiner Rechte die \u00dcbertragung dieser Informationen an einen eventuellen Erwerber, der seinerseits der gleichen Verpflichtung zur Aufbewahrung und \u00c4nderung der Daten gegen\u00fcber dem Benutzer der Website unterliegt. <a href=\"https:\/\/www.lumen-care.com\/de\/\" target=\"_blank\" rel=\"noopener\">lumen-care.com<\/a>.<\/p>\n<p style=\"text-align: justify;\">Die Website lumen-care.com h\u00e4lt sich an die DSGVO siehe unsere DSGVO-Richtlinie.<\/p>\n<p style=\"text-align: justify;\">Die Datenbanken sind durch die Bestimmungen des Gesetzes vom 1. Juli 1998 zur Umsetzung der Richtlinie 96\/9 vom 11. M\u00e4rz 1996 \u00fcber den rechtlichen Schutz von Datenbanken gesch\u00fctzt.<\/p>","protected":false},"excerpt":{"rendered":"<p>1. Pr\u00e4sentation der Website: Gem\u00e4\u00df den Bestimmungen der Artikel 6-III und 19 des Gesetzes Nr. 2004-575 vom 21. Juni 2004 \u00fcber das Vertrauen in die digitale Wirtschaft, auch L.C.E.N. genannt, bringen wir den Nutzern und Besuchern der Website: lumen-care.com folgende Informationen zur Kenntnis: Rechtliche Informationen: Rechtsform: SAS Name [...].","protected":false},"author":1,"featured_media":0,"parent":0,"menu_order":0,"comment_status":"closed","ping_status":"closed","template":"","meta":{"inline_featured_image":false,"__cvm_playback_settings":[],"__cvm_video_id":"","footnotes":""},"class_list":["post-2612","page","type-page","status-publish","hentry"],"_links":{"self":[{"href":"https:\/\/www.lumen-care.com\/de\/wp-json\/wp\/v2\/pages\/2612","targetHints":{"allow":["GET"]}}],"collection":[{"href":"https:\/\/www.lumen-care.com\/de\/wp-json\/wp\/v2\/pages"}],"about":[{"href":"https:\/\/www.lumen-care.com\/de\/wp-json\/wp\/v2\/types\/page"}],"author":[{"embeddable":true,"href":"https:\/\/www.lumen-care.com\/de\/wp-json\/wp\/v2\/users\/1"}],"replies":[{"embeddable":true,"href":"https:\/\/www.lumen-care.com\/de\/wp-json\/wp\/v2\/comments?post=2612"}],"version-history":[{"count":0,"href":"https:\/\/www.lumen-care.com\/de\/wp-json\/wp\/v2\/pages\/2612\/revisions"}],"wp:attachment":[{"href":"https:\/\/www.lumen-care.com\/de\/wp-json\/wp\/v2\/media?parent=2612"}],"curies":[{"name":"wp","href":"https:\/\/api.w.org\/{rel}","templated":true}]}}