{"id":614,"date":"2016-09-05T02:15:38","date_gmt":"2016-09-05T00:15:38","guid":{"rendered":"http:\/\/www.patch-sante.com\/?page_id=614"},"modified":"2023-08-24T18:57:13","modified_gmt":"2023-08-24T16:57:13","slug":"mode-employment","status":"publish","type":"page","link":"https:\/\/www.lumen-care.com\/de\/mode-employment\/","title":{"rendered":"Gebrauchsanweisung f\u00fcr ARS-Kapseln"},"content":{"rendered":"<div data-elementor-type=\"wp-page\" data-elementor-id=\"614\" class=\"elementor elementor-614\" data-elementor-post-type=\"page\">\n\t\t\t\t\t\t<section data-particle_enable=\"false\" data-particle-mobile-disabled=\"false\" class=\"elementor-section elementor-top-section elementor-element elementor-element-25a39afa elementor-section-boxed elementor-section-height-default elementor-section-height-default\" data-id=\"25a39afa\" data-element_type=\"section\" data-e-type=\"section\">\n\t\t\t\t\t\t<div class=\"elementor-container elementor-column-gap-default\">\n\t\t\t\t\t<div class=\"elementor-column elementor-col-50 elementor-top-column elementor-element elementor-element-707da93\" data-id=\"707da93\" data-element_type=\"column\" data-e-type=\"column\">\n\t\t\t<div class=\"elementor-widget-wrap elementor-element-populated\">\n\t\t\t\t\t\t<div class=\"elementor-element elementor-element-e9da2f4 elementor-toc--minimized-on-tablet elementor-widget elementor-widget-table-of-contents\" data-id=\"e9da2f4\" data-element_type=\"widget\" data-e-type=\"widget\" data-settings=\"{&quot;exclude_headings_by_selector&quot;:[],&quot;icon&quot;:{&quot;value&quot;:&quot;fas fa-caret-right&quot;,&quot;library&quot;:&quot;fa-solid&quot;},&quot;marker_view&quot;:&quot;bullets&quot;,&quot;headings_by_tags&quot;:[&quot;h2&quot;,&quot;h3&quot;,&quot;h4&quot;,&quot;h5&quot;,&quot;h6&quot;],&quot;no_headings_message&quot;:&quot;No headings were found on this page.&quot;,&quot;minimize_box&quot;:&quot;yes&quot;,&quot;minimized_on&quot;:&quot;tablet&quot;,&quot;hierarchical_view&quot;:&quot;yes&quot;,&quot;min_height&quot;:{&quot;unit&quot;:&quot;px&quot;,&quot;size&quot;:&quot;&quot;,&quot;sizes&quot;:[]},&quot;min_height_tablet&quot;:{&quot;unit&quot;:&quot;px&quot;,&quot;size&quot;:&quot;&quot;,&quot;sizes&quot;:[]},&quot;min_height_mobile&quot;:{&quot;unit&quot;:&quot;px&quot;,&quot;size&quot;:&quot;&quot;,&quot;sizes&quot;:[]}}\" data-widget_type=\"table-of-contents.default\">\n\t\t\t\t<div class=\"elementor-widget-container\">\n\t\t\t\t\t\t\t\t\t<div class=\"elementor-toc__header\">\n\t\t\t\t\t\t<h2 class=\"elementor-toc__header-title\">\n\t\t\t\tInhaltsverzeichnis\t\t\t<\/h2>\n\t\t\t\t\t\t\t\t\t\t<div class=\"elementor-toc__toggle-button elementor-toc__toggle-button--expand\" role=\"button\" tabindex=\"0\" aria-controls=\"elementor-toc__e9da2f4\" aria-expanded=\"true\" aria-label=\"Inhaltsverzeichnis \u00f6ffnen\" data-no-translation-aria-label=\"\"><i aria-hidden=\"true\" class=\"fas fa-chevron-down\"><\/i><\/div>\n\t\t\t\t<div class=\"elementor-toc__toggle-button elementor-toc__toggle-button--collapse\" role=\"button\" tabindex=\"0\" aria-controls=\"elementor-toc__e9da2f4\" aria-expanded=\"true\" aria-label=\"Inhaltsverzeichnis schlie\u00dfen\" data-no-translation-aria-label=\"\"><i aria-hidden=\"true\" class=\"fas fa-chevron-up\"><\/i><\/div>\n\t\t\t\t\t<\/div>\n\t\t\t\t<div id=\"elementor-toc__e9da2f4\" class=\"elementor-toc__body\">\n\t\t\t<div class=\"elementor-toc__spinner-container\">\n\t\t\t\t<i class=\"elementor-toc__spinner eicon-animation-spin eicon-loading\" aria-hidden=\"true\"><\/i>\t\t\t<\/div>\n\t\t<\/div>\n\t\t\t\t\t\t<\/div>\n\t\t\t\t<\/div>\n\t\t\t\t<div class=\"elementor-element elementor-element-6c76ffd eael_advanced_menu_hamburger_disable_selected_menu_hide eael-advanced-menu-hamburger-align-left eael-hamburger--tablet elementor-widget elementor-widget-eael-advanced-menu\" data-id=\"6c76ffd\" data-element_type=\"widget\" data-e-type=\"widget\" data-widget_type=\"eael-advanced-menu.skin-six\">\n\t\t\t\t<div class=\"elementor-widget-container\">\n\t\t\t\t\t<style>\n                        @media screen and (max-width: 1024px) {\n                            .eael-hamburger--tablet {\n                                .eael-advanced-menu-horizontal,\n                                .eael-advanced-menu-vertical {\n                                    display: none;\n                                }\n                            }\n                            .eael-hamburger--tablet {\n                                .eael-advanced-menu-container .eael-advanced-menu-toggle {\n                                    display: block;\n                                }\n                            }\n                        }\n                    <\/style>            <div data-hamburger-icon=\"&lt;i aria-hidden=&quot;true&quot; class=&quot;fas fa-bars&quot;&gt;&lt;\/i&gt;\" data-indicator-class=\"&lt;i aria-hidden=&quot;true&quot; class=&quot;fas fa-angle-down&quot;&gt;&lt;\/i&gt;\" data-dropdown-indicator-class=\"&lt;i aria-hidden=&quot;true&quot; class=&quot;fas fa-angle-down&quot;&gt;&lt;\/i&gt;\" class=\"eael-advanced-menu-container eael-advanced-menu-align-left eael-advanced-menu-dropdown-align-left\" data-hamburger-breakpoints=\"{&quot;mobile&quot;:&quot;Mobil Hochformat (&gt; 767px)&quot;,&quot;tablet&quot;:&quot;Tablet Hochformat (&gt; 1024px)&quot;,&quot;desktop&quot;:&quot;Desktop (&gt; 2400px)&quot;,&quot;none&quot;:&quot;None&quot;}\" data-hamburger-device=\"tablet\">\n                <ul id=\"menu-la-methode-de-soins\" class=\"eael-advanced-menu eael-advanced-menu-dropdown-animate-to-top eael-advanced-menu-indicator eael-advanced-menu-vertical\"><li id=\"menu-item-12760\" class=\"menu-item menu-item-type-post_type menu-item-object-page menu-item-12760\"><a href=\"https:\/\/www.lumen-care.com\/de\/methode-zur-program-mierung-von-allergien-und-unvertraglichkeiten\/\">Die Lumen Care Methode<\/a><\/li>\n<li id=\"menu-item-12763\" class=\"menu-item menu-item-type-post_type menu-item-object-page menu-item-12763\"><a href=\"https:\/\/www.lumen-care.com\/de\/mode-employment\/\">Gebrauchsanweisung<\/a><\/li>\n<li id=\"menu-item-12764\" class=\"menu-item menu-item-type-post_type menu-item-object-page menu-item-12764\"><a href=\"https:\/\/www.lumen-care.com\/de\/?page_id=1901\">Die Effluenzen<\/a><\/li>\n<li id=\"menu-item-13076\" class=\"menu-item menu-item-type-post_type menu-item-object-page menu-item-13076\"><a href=\"https:\/\/www.lumen-care.com\/de\/olivier-coen\/\">Urspr\u00fcnglich<\/a><\/li>\n<li id=\"menu-item-12762\" class=\"menu-item menu-item-type-post_type menu-item-object-page menu-item-12762\"><a href=\"https:\/\/www.lumen-care.com\/de\/erfahrungsberichte\/\">Erfahrungsberichte<\/a><\/li>\n<\/ul>                <button class=\"eael-advanced-menu-toggle\" aria-label=\"Essential Addons Toggle Menu\">\n                    <i aria-hidden=\"true\" class=\"fas fa-bars\"><\/i>                <\/button>\n            <\/div>\n            \t\t\t\t<\/div>\n\t\t\t\t<\/div>\n\t\t\t\t\t<\/div>\n\t\t<\/div>\n\t\t\t\t<div class=\"elementor-column elementor-col-50 elementor-top-column elementor-element elementor-element-108f2408\" data-id=\"108f2408\" data-element_type=\"column\" data-e-type=\"column\">\n\t\t\t<div class=\"elementor-widget-wrap elementor-element-populated\">\n\t\t\t\t\t\t<div class=\"elementor-element elementor-element-635185fa elementor-widget elementor-widget-text-editor\" data-id=\"635185fa\" data-element_type=\"widget\" data-e-type=\"widget\" data-widget_type=\"text-editor.default\">\n\t\t\t\t<div class=\"elementor-widget-container\">\n\t\t\t\t\t\t\t\t\t<h2>Positionierung<\/h2><figure id=\"attachment_11210\" aria-describedby=\"caption-attachment-11210\" style=\"width: 145px\" class=\"wp-caption alignright\"><img decoding=\"async\" src=\"https:\/\/www.apsl-sante.org\/wp-content\/uploads\/2015\/12\/chackra-du-coeur-218x300.jpg\" alt=\"chackra des Herzens lokalisieren\" width=\"145\" height=\"200\" \/><figcaption id=\"caption-attachment-11210\" class=\"wp-caption-text\">Machen Sie Ihr Brustbein an der Basis des von den Rippen gebildeten Winkels ausfindig. Legen Sie Ihren kleinen Finger darauf und dr\u00fccken Sie Ihre Hand mit geschlossenen Fingern an Ihren K\u00f6rper. Die Position Ihres Zeigefingers stellt die genaue H\u00f6he dar, auf der die Kapsel positioniert werden muss.<\/figcaption><\/figure><p>Die Reinformationskapsel muss <strong>auf H\u00f6he des Herzchakras positioniert<\/strong>Die Brustwarzen werden 4 Fingerbreit \u00fcber dem Brustbein platziert (siehe rechts).<br \/>Dazu wird sie mithilfe der Kordel, die Sie auf Ihre Gr\u00f6\u00dfe einstellen k\u00f6nnen, als Anh\u00e4nger getragen.<br \/>Die Kapsel muss gehalten werden <strong>direkt auf der Haut<\/strong>Sie muss unter der Kleidung getragen werden und darf nicht zu stark baumeln, damit sie den Kontakt nicht verliert. Sie kann bei Bedarf mit einem Pflaster fixiert werden.<\/p><h2>Zeit bis zur Kontaktaufnahme<\/h2><p><strong>8 Stunden pro Tag<\/strong>In einem Zeitraum von 31 Tagen wurden 15 Tage lang keine Kinder betreut.<\/p><ul><li>Phase 1: W\u00e4hrend <strong>5 Tage<\/strong> hintereinander. Dann machen Sie eine Pause von <strong>6 Tage<\/strong>.<\/li><\/ul><ul><li>Phase 2: \u00dcbernehmen <strong>4 Tage. <\/strong>Dann machen Sie eine Pause von <strong>4 Tage<\/strong>.<\/li><\/ul><ul><li>Phase 3: \u00dcbernehmen <strong>3 Tage. <\/strong>Dann machen Sie eine Pause von <strong>3 Tage<\/strong>.<\/li><\/ul><ul><li>Phase 4: \u00dcbernehmen <strong>3 Tage. <\/strong>Effektives Ende der Behandlung 3 Tage sp\u00e4ter.<\/li><\/ul><p>Beispiel:<\/p><p><img fetchpriority=\"high\" decoding=\"async\" src=\"https:\/\/www.lumen-care.com\/wp-content\/uploads\/calendrier-ARS-v2-.png\" width=\"411\" height=\"344\" \/><\/p><h2>Kinder von 0 bis 3 Jahren<\/h2><p>Zur Vereinfachung schlagen wir vor, dass Sie die Kapsel in der Windel in der Leistenfalte platzieren.<br \/>Die Kontaktzeit wird pro Phase um 1 Tag verk\u00fcrzt, d. h.: 8 Stunden pro Tag, 11 Tage lang, verteilt auf 23 Tage wie folgt:<\/p><ul><li>Phase 1: W\u00e4hrend <strong>4 Tage<\/strong> hintereinander und dann eine Pause von <strong>5 Tage.<\/strong><\/li><li>Phase 2: \u00dcbernehmen <strong>3 Tage<\/strong> und dann eine Pause von <strong>3 Tage.<\/strong><\/li><li>Phase 3: \u00dcbernehmen <strong>2 Tage<\/strong> und dann eine Pause von <strong>2 Tage.<\/strong><\/li><li>Phase 4: \u00dcbernehmen <strong>2 Tage<\/strong> effektives Ende nach <strong>2 Tage<\/strong>.<\/li><\/ul><h2>Wichtige Tipps<\/h2><p>Beachten Sie die<strong> mindestens 8 Stunden pro Tag<\/strong>. Wenn die Kapsel sehr reaktiv ist, werden Sie anfangs lange brauchen, um sie zu entfernen. Im Laufe der Zeit werden Sie sie vergessen. Das ist kein Problem, wenn man \u00fcberzieht. Das Wichtigste ist, dass Sie vor allem die Programmierung auf <strong>deine Agenda<\/strong> damit Sie die Tage, an denen Sie nach einer Pause wieder anfangen, nicht vergessen.<\/p><p dir=\"ltr\">Das Tragen der Kapsel kann in den ersten Tagen zu einer leichten M\u00fcdigkeit oder einem leichten Druckgef\u00fchl an der Stelle f\u00fchren, an der sie aufgesetzt wird. Das ist v\u00f6llig normal und hat keine Folgen, es ist sogar ein Zeichen daf\u00fcr, dass sie gut funktioniert. Es ist daher ratsam, die Behandlung in einer ruhigen, ungezwungenen Zeit zu beginnen, wie z. B. am Wochenende. Wenn die Kapsel f\u00fcr Sie wirklich unertr\u00e4glich ist, brechen Sie die Behandlung ab und wenden Sie sich an Ihren Arzt.<\/p><p dir=\"ltr\">Idealerweise trinken Sie an jedem Tag, an dem Sie mit der Kapsel in Ber\u00fchrung kommen, mindestens 1 Liter stilles Wasser. Z\u00f6gern Sie nicht, entschlackende Kr\u00e4utertees zu konsumieren, um dem K\u00f6rper zu helfen, die freigesetzten Giftstoffe auszuscheiden.\u00a0<\/p><p dir=\"ltr\">Vermeiden Sie es, die Behandlung in eine Zeit zu legen, in der der K\u00f6rper m\u00f6glicherweise Pr\u00fcfungen ausgesetzt oder zu sehr geschw\u00e4cht ist: gro\u00dfe Reise, Sportwettkampf, hohes Fieber, chirurgischer Eingriff ...\u00a0<\/p><p dir=\"ltr\">Vermeiden Sie es, die Kapsel zu gro\u00dfer Hitze (\u00fcber 50\u00b0 C) auszusetzen.\u00a0<\/p><p dir=\"ltr\">Auch wenn die Symptome allm\u00e4hlich verschwinden, ist es wichtig, dass Sie das gesamte Protokoll befolgen, um sicherzustellen, dass das Ergebnis langfristig anh\u00e4lt. \u00c4ndern Sie daher w\u00e4hrend der Behandlung nichts an Ihrer Ern\u00e4hrung. Wenn Sie bereits auf bestimmte Lebensmittel verzichtet haben, versuchen Sie nicht, diese wieder einzuf\u00fchren, bevor das Protokoll abgeschlossen ist.\u00a0<\/p><p dir=\"ltr\"><strong>Die Halskette<\/strong> : Sie wird Ihnen f\u00fcr Ihre erste Behandlung ausgeh\u00e4ndigt und kann bei jeder weiteren Behandlung wiederverwendet werden. Die Metallschnalle l\u00e4sst sich \u00f6ffnen, um die Kapsel zu wechseln. Der kleine Kegel dient als Schieber f\u00fcr die H\u00f6heneinstellung, bildet aber auch eine Formwelle, die dazu beitr\u00e4gt, emotionale Blockaden zu l\u00f6sen. Halten Sie ihn m\u00f6glichst in Kontakt mit Ihrem K\u00f6rper, auch wenn Sie die Kette nicht benutzen (z. B. bei einer Nachtbehandlung).\u00a0<\/p><p dir=\"ltr\">Ohne Nachbetreuung durch einen Lumen-Care-Praktiker ist die Behandlung <strong>kontraindiziert bei allen Personen mit anaphylaktischen Reaktionen<\/strong> zu einem seiner Bestandteile.<\/p><h2>Fragen Antworten<\/h2><p><b>Was passiert, wenn ich die 8H00 nicht einhalte?\u00a0<\/b><\/p><p><span style=\"font-weight: 400;\">Unsere Tests haben gezeigt, dass unter 8 Stunden das Protokoll unwirksam ist. \u00dcber 8 Stunden hinaus wird es keinen Unterschied machen. Vermeiden Sie mehr als 16 Stunden.\u00a0<\/span><\/p><p><b>Wenn ich einen Hafentag verpasse, muss ich dann alles neu machen?\u00a0<\/b><\/p><p><span style=\"font-weight: 400;\">Nein, es gibt eine Ged\u00e4chtnistoleranz von drei Tagen, die Sie w\u00e4hrend der Behandlung als Guthaben an \"Jokern\" nutzen k\u00f6nnen. Dies ist lediglich eine Toleranz und keine empfohlene Praxis. Verschieben Sie in diesem Fall Ihre Planung, um den Behandlungsverlauf wieder aufzunehmen, ohne jemals Tage des Kapseltragens zu eliminieren.\u00a0<\/span><\/p><p><b>Kann ich mit der Kapsel duschen, baden oder Sport treiben?\u00a0<\/b><\/p><p><span style=\"font-weight: 400;\">Nein, der K\u00f6rper muss so viel wie m\u00f6glich verf\u00fcgbar sein. Wenn Sie k\u00f6rperlich aktiv sind, machen Sie eine Pause und stellen Sie sie in den Umkleideraum. Zur Sicherheit sollten Sie mindestens eine Stunde an die Behandlung anh\u00e4ngen.\u00a0<\/span><\/p><p><b>W\u00e4re es nicht einfacher, die Kapsel nachts zu tragen?\u00a0<\/b><\/p><p><span style=\"font-weight: 400;\">Leider nein, denn man muss der Nacht ihre Funktion lassen, die am Tag erhaltenen Informationen zu verarbeiten und zu regenerieren. Dagegen kann man sie w\u00e4hrend des Mittagsschlafs beibehalten! Abgesehen davon: Wenn - und nur wenn - dies die einzige Voraussetzung daf\u00fcr ist, dass Sie die Behandlung durchf\u00fchren k\u00f6nnen, dann tun Sie es.\u00a0<\/span><\/p><p><b>Wie gro\u00df ist das Zeitintervall zwischen zwei Behandlungen?\u00a0<\/b><\/p><p><span style=\"font-weight: 400;\">F\u00fcr die Wiederholung derselben Kapsel halten Sie eine Pause von 5 Tagen ein. F\u00fcr eine neue Kapsel eine Pause von 10 Tagen, beginnend mit dem letzten Tag des Tragens. Es gibt keine maximalen Fristen, die Sie einhalten m\u00fcssen.\u00a0<\/span><\/p><p><b>Woher wei\u00df ich, ob die Pflege validiert ist?\u00a0<\/b><\/p><p><span style=\"font-weight: 400;\">Wenn Sie von einem Arzt betreut werden, sollten Sie unbedingt Ihre Validierungskonsultation durchf\u00fchren, da nur so \u00fcberpr\u00fcft werden kann, ob die Empfindlichkeitsraten aller in der Kapsel enthaltenen Reagenzien auf Null gesunken sind.\u00a0<\/span><\/p><p><b>Ist die Kapsel wiederverwendbar?\u00a0<\/b><\/p><p><span style=\"font-weight: 400;\">Ja, f\u00fcr f\u00fcnf Jahre. Sp\u00fclen Sie sie vor der Wiederverwendung unter flie\u00dfendem Wasser ab. Wir empfehlen Ihnen, sie mindestens ein Jahr lang aufzubewahren, damit Sie die Pflege bei Bedarf wiederholen k\u00f6nnen.\u00a0<\/span><\/p><p><span style=\"font-weight: 400;\"><strong>Wenn Sie weitere Fragen haben, wenden Sie sich an Ihren Arzt oder besuchen Sie die Website<\/strong> : <a href=\"http:\/\/www.lumen-care.com\/de\/\"><strong>www.lumen-care.com<\/strong><\/a><\/span><\/p>\t\t\t\t\t\t\t\t<\/div>\n\t\t\t\t<\/div>\n\t\t\t\t\t<\/div>\n\t\t<\/div>\n\t\t\t\t\t<\/div>\n\t\t<\/section>\n\t\t\t\t<section data-particle_enable=\"false\" data-particle-mobile-disabled=\"false\" class=\"elementor-section elementor-top-section elementor-element elementor-element-a367e20 elementor-section-boxed elementor-section-height-default elementor-section-height-default\" data-id=\"a367e20\" data-element_type=\"section\" data-e-type=\"section\">\n\t\t\t\t\t\t<div class=\"elementor-container elementor-column-gap-default\">\n\t\t\t\t\t<div class=\"elementor-column elementor-col-100 elementor-top-column elementor-element elementor-element-6bee211\" data-id=\"6bee211\" data-element_type=\"column\" data-e-type=\"column\">\n\t\t\t<div class=\"elementor-widget-wrap elementor-element-populated\">\n\t\t\t\t\t\t<div class=\"elementor-element elementor-element-76a952a elementor-widget elementor-widget-text-editor\" data-id=\"76a952a\" data-element_type=\"widget\" data-e-type=\"widget\" data-widget_type=\"text-editor.default\">\n\t\t\t\t<div class=\"elementor-widget-container\">\n\t\t\t\t\t\t\t\t\t<p style=\"text-align: center;\"><strong>ZU BEACHTEN:<\/strong><br \/><span style=\"font-size: 80%;\"><em>Die Kapseln der Vibratorischen Neuinformation sind nicht<\/em><\/span><br \/><span style=\"font-size: 80%;\"><em>beanspruchen keine medizinischen Behauptungen. Ihre<\/em><\/span><br \/><span style=\"font-size: 80%;\"><em>Die Nutzung ist kein Ersatz f\u00fcr eine Di\u00e4t.<\/em><\/span><br \/><span style=\"font-size: 80%;\"><em>spezifische oder medizinische Behandlung, die nur ein<\/em><\/span><br \/><span style=\"font-size: 80%;\"><em>Arzt berechtigt ist, etwas zu verschreiben oder zu unterbrechen.<\/em><\/span><br \/><span style=\"font-size: 80%;\"><em>Ein energetischer Sensitivit\u00e4tstest ist kein Ersatz f\u00fcr<\/em><\/span><br \/><span style=\"font-size: 80%;\"><em>zu einer medizinischen Diagnose.<\/em><\/span><\/p>\t\t\t\t\t\t\t\t<\/div>\n\t\t\t\t<\/div>\n\t\t\t\t\t<\/div>\n\t\t<\/div>\n\t\t\t\t\t<\/div>\n\t\t<\/section>\n\t\t\t\t<\/div>","protected":false},"excerpt":{"rendered":"<p>Inhaltsverzeichnis Die Lumen-Care-Methode Gebrauchsanweisung Die Zufl\u00fcsse Urspr\u00fcnglich Erfahrungsberichte Positionierung Die Reinformationskapsel wird auf H\u00f6he des Herzchakras, auf H\u00f6he der Brustwarzen, 4 Finger breit \u00fcber dem Brustbein positioniert (siehe nebenstehend). Dazu wird sie mithilfe der Kordel, die Sie auf Ihre Gr\u00f6\u00dfe einstellen k\u00f6nnen, als Anh\u00e4nger getragen. [...]","protected":false},"author":1,"featured_media":7567,"parent":0,"menu_order":0,"comment_status":"closed","ping_status":"closed","template":"page-blank-title-center.php","meta":{"inline_featured_image":false,"__cvm_playback_settings":[],"__cvm_video_id":"","footnotes":""},"class_list":["post-614","page","type-page","status-publish","has-post-thumbnail","hentry"],"_links":{"self":[{"href":"https:\/\/www.lumen-care.com\/de\/wp-json\/wp\/v2\/pages\/614","targetHints":{"allow":["GET"]}}],"collection":[{"href":"https:\/\/www.lumen-care.com\/de\/wp-json\/wp\/v2\/pages"}],"about":[{"href":"https:\/\/www.lumen-care.com\/de\/wp-json\/wp\/v2\/types\/page"}],"author":[{"embeddable":true,"href":"https:\/\/www.lumen-care.com\/de\/wp-json\/wp\/v2\/users\/1"}],"replies":[{"embeddable":true,"href":"https:\/\/www.lumen-care.com\/de\/wp-json\/wp\/v2\/comments?post=614"}],"version-history":[{"count":0,"href":"https:\/\/www.lumen-care.com\/de\/wp-json\/wp\/v2\/pages\/614\/revisions"}],"wp:featuredmedia":[{"embeddable":true,"href":"https:\/\/www.lumen-care.com\/de\/wp-json\/wp\/v2\/media\/7567"}],"wp:attachment":[{"href":"https:\/\/www.lumen-care.com\/de\/wp-json\/wp\/v2\/media?parent=614"}],"curies":[{"name":"wp","href":"https:\/\/api.w.org\/{rel}","templated":true}]}}