{"id":1109,"date":"2017-01-20T16:08:10","date_gmt":"2017-01-20T15:08:10","guid":{"rendered":"https:\/\/www.lumen-care.com\/reinformation\/complexe-sucres\/"},"modified":"2025-03-26T22:08:53","modified_gmt":"2025-03-26T21:08:53","slug":"zuckerkomplex","status":"publish","type":"product","link":"https:\/\/www.lumen-care.com\/de\/sensibilitaten-intoleranzen\/zuckerkomplex\/","title":{"rendered":"Zucker-Komplex"},"content":{"rendered":"<div class=\"fusion-one-full fusion-layout-column fusion-column-last fusion-spacing-yes\">\n<div class=\"fusion-column-wrapper\">F\u00fcr ein Schwingungsgleichgewicht, das mit Zucker und Blutzucker zusammenh\u00e4ngt<\/div>\n<div class=\"fusion-column-wrapper\"><\/div>\n<div class=\"fusion-column-wrapper\">\n<p>Es ist weithin bekannt, dass Zucker ein Gift ist und in Ma\u00dfen konsumiert werden sollte. Es ist wichtig, dass Sie m\u00f6glichst vollwertigen und braunen Zucker verwenden.<\/p>\n<p><b>Anzahl der Mischungen: 04\u00a0<\/b><\/p>\n<\/div>\n<\/div>\n<table style=\"width: 100%;\">\n<tbody>\n<tr>\n<td style=\"width: 50%; height: 18px;\" valign=\"top\">\n<h3>ZUCKER <span class=\"s6\">AL-02<\/span><\/h3>\n<p>R\u00fcbenzucker, Brauner Zucker, Rohrzucker, Maissirup, Dattelsirup, Dextrose, Fruktose, Glukose, Honig, Laktose, Maltose, Ahornsirup, Melasse, Saccharose, Reiszucker, Wei\u00dfer Zucker, Vollzucker, Langsame Zucker, Schnelle Zucker, Zucker, Sirup, \u03b1-D-Glukopyranose, Amylose, Kohlenhydrate,<\/p>\n<h3>EDULCORANTE <span class=\"s6\">AL-30<\/span><\/h3>\n<p>Erythritol, Isomalt, Lactitol, Maltitol, Mannitol, Sorbitol, Xylitol, Asparagin, Sucralose, Acesulfam-Kalium, Cyclamate, Saccharin, Stevia - Steviolglykoside, Neotam, Thaumatin, Alitam, Sucronons\u00e4ure, Guanils\u00e4uren<\/p>\n<p style=\"text-indent: 0pt; text-align: left;\">\n<\/td>\n<td style=\"width: 50%; height: 18px;\" valign=\"top\">\n<h3>LEBER\/GALLENBLASE <span class=\"s6\">OR-22<\/span><\/h3>\n<p>Gallenblase, Gallenwege, Hauptgallengang, Gallenblasengang, Gallenblase, Fundus der Gallenblase, Gallenblasenk\u00f6rper, Gallenblasenhals, Gallenblasenarterie, Gallenblasenvenen, Galleng\u00e4nge, Gallengang, Hepatozyten, Herring'sche Kan\u00e4le, Leberkanal, Vater's Ampulle, gemeinsamer Lebergang, Oddi's Sphinkter.., akzessorischer Gallengang, Zystischer Kanal, Leber, sagittale Fissur, Querfurche, Leberarterien, Lebervenen, Ligamentum falciforme, Leberhilus, Hepatozyten, Gallengangszellen -, Cholangiozyten, Endothelzellen, K\u00fcppfer-Zellen, Sternzellen, Hepatozyten-Lymphozyten, Ovale Zellen, Intralobul\u00e4re Vene, Pfortaderraum, Sinusoide Venen, Gallengangduktulus, Gallengangskanalikel.<\/p>\n<h3>CANDIDA <span class=\"s6\">PA-01<\/span><\/h3>\n<p>Ascomycota, Candida, Candida albicans, Candida crusei, Candida guilliermondi, Candida Krusei, Candida lusitaniae, Candida parakrusei, Candida parapsilosis, Candida Pseudotropicalis, Candida rugosa, Candida sitophilia, Candida stellatoida, Fungi, Saccharomycetaceae, Saccharomycetales, Saccharomycetes<\/td>\n<\/tr>\n<\/tbody>\n<\/table>\n<p><b>F\u00dcR WEN:<\/b><br \/>\nJede Form von Empfindlichkeit oder Unvertr\u00e4glichkeit behandeln \/\/ Unabh\u00e4ngig von der betreffenden Substanz \/\/ Unabh\u00e4ngig von der Vorgeschichte \/\/ Unabh\u00e4ngig von der Intensit\u00e4t.<\/p>\n<p><b>WIE ES FUNKTIONIERT :<\/b><br \/>\nDie Lumen-Care-Methode basiert auf der <strong>Wasserged\u00e4chtnis<\/strong> und das hom\u00f6opathische Prinzip der<strong>'Isotherapie<\/strong> bei dem ein Problem mit der daf\u00fcr verantwortlichen Substanz behandelt wird, die in sehr hoher Verd\u00fcnnung getragen wird. Dieses Energieprotokoll wird in Form einer Kapsel mit informiertem Wasser als Anh\u00e4nger direkt auf der Haut getragen.<\/p>\n<p><b>DAS PFLEGEPROTOKOLL :<\/b><br \/>\nJede Kapsel sollte 15 Tage lang, verteilt \u00fcber einen Monat, 8 Stunden t\u00e4glich getragen werden. Sobald eine Empfindlichkeit erfolgreich deprogrammiert wurde, sollte das Ergebnis \u00fcber einen l\u00e4ngeren Zeitraum hinweg anhalten (<a href=\"https:\/\/www.lumen-care.com\/de\/mode-employment\/\" target=\"_blank\" rel=\"noopener\">siehe Gebrauchsanweisung<\/a>).<\/p>\n<p><b>EINE NICHT-INVASIVE METHODE :<\/b><br \/>\nOhne Verschlucken \/\/ Ohne Hautresorption \/\/ Ohne Di\u00e4ten oder Vermeidungsma\u00dfnahmen \/\/ Ohne Nebenwirkungen \/\/ Ohne Altersbeschr\u00e4nkung \/\/ Ohne Arzneimittelwechselwirkungen.<\/p>\n<p>&nbsp;<\/p>\n<p><strong>Gegenanzeigen<\/strong> : nicht geeignet f\u00fcr Personen mit <strong>anaphylaktische Reaktionen<\/strong> gegen eines der Reagenzien (Angio\u00f6dem) ohne \u00dcbernahme durch <em><strong><a href=\"https:\/\/www.apsl-sante.org\/annuaire-therapeutes\/\">eine Lumen Care-Praktikerin<\/a>.<\/strong><\/em>.<\/p>\n<div class=\"c-message_kit__blocks c-message_kit__blocks--rich_text\">\n<div class=\"c-message__message_blocks c-message__message_blocks--rich_text\" data-qa=\"message-text\">\n<div class=\"p-block_kit_renderer\" data-qa=\"block-kit-renderer\">\n<div class=\"p-block_kit_renderer__block_wrapper p-block_kit_renderer__block_wrapper--first\">\n<div class=\"p-rich_text_block\" dir=\"auto\">\n<div class=\"p-rich_text_section\">Zusammensetzung Kapsel: Glas, destilliertes Wasser, Metall und Polyesterkordel<\/div>\n<\/div>\n<\/div>\n<\/div>\n<\/div>\n<\/div>\n<div class=\"c-message_kit__reaction_bar c-reaction_bar c-reaction_bar--light c-reaction_bar--collapsed\" role=\"group\" data-qa=\"reaction_bar\" aria-label=\"Reaktionen\" data-stringify-ignore=\"true\"><\/div>","protected":false},"excerpt":{"rendered":"<p>F\u00fcr ein Schwingungsgleichgewicht, das mit Zucker und Blutzucker zusammenh\u00e4ngt<\/p>","protected":false},"featured_media":16721,"comment_status":"closed","ping_status":"closed","template":"","meta":{"inline_featured_image":false,"__cvm_playback_settings":[],"__cvm_video_id":""},"product_brand":[],"product_cat":[72],"product_tag":[19],"class_list":{"0":"post-1109","1":"product","2":"type-product","3":"status-publish","4":"has-post-thumbnail","6":"product_cat-intolerances-et-allergies-alimentaires","7":"product_tag-sensibilites-et-intolerances-alimentaires","8":"member-discount","9":"discount-restricted","11":"first","12":"instock","13":"taxable","14":"shipping-taxable","15":"purchasable","16":"product-type-simple"},"composite_virtual":false,"composite_layout":"","composite_add_to_cart_form_location":"","composite_editable_in_cart":false,"composite_sold_individually_context":"","composite_shop_price_calc":"","composite_components":[],"composite_scenarios":[],"_links":{"self":[{"href":"https:\/\/www.lumen-care.com\/de\/wp-json\/wp\/v2\/product\/1109","targetHints":{"allow":["GET"]}}],"collection":[{"href":"https:\/\/www.lumen-care.com\/de\/wp-json\/wp\/v2\/product"}],"about":[{"href":"https:\/\/www.lumen-care.com\/de\/wp-json\/wp\/v2\/types\/product"}],"replies":[{"embeddable":true,"href":"https:\/\/www.lumen-care.com\/de\/wp-json\/wp\/v2\/comments?post=1109"}],"wp:featuredmedia":[{"embeddable":true,"href":"https:\/\/www.lumen-care.com\/de\/wp-json\/wp\/v2\/media\/16721"}],"wp:attachment":[{"href":"https:\/\/www.lumen-care.com\/de\/wp-json\/wp\/v2\/media?parent=1109"}],"wp:term":[{"taxonomy":"product_brand","embeddable":true,"href":"https:\/\/www.lumen-care.com\/de\/wp-json\/wp\/v2\/product_brand?post=1109"},{"taxonomy":"product_cat","embeddable":true,"href":"https:\/\/www.lumen-care.com\/de\/wp-json\/wp\/v2\/product_cat?post=1109"},{"taxonomy":"product_tag","embeddable":true,"href":"https:\/\/www.lumen-care.com\/de\/wp-json\/wp\/v2\/product_tag?post=1109"}],"curies":[{"name":"wp","href":"https:\/\/api.w.org\/{rel}","templated":true}]}}