{"id":15364,"date":"2023-04-26T23:03:55","date_gmt":"2023-04-26T21:03:55","guid":{"rendered":"https:\/\/www.lumen-care.com\/?post_type=product&#038;p=15364"},"modified":"2025-03-26T22:20:36","modified_gmt":"2025-03-26T21:20:36","slug":"parfums-sensibilisierung-und-intoleranz-naturliche-und-endgultige-behandlung-durch-kapsel-von-kontakthomoopathie","status":"publish","type":"product","link":"https:\/\/www.lumen-care.com\/de\/sensibilitaten-intoleranzen\/parfums-sensibilisierung-und-intoleranz-naturliche-und-endgultige-behandlung-durch-kapsel-von-kontakthomoopathie\/","title":{"rendered":"Parfums und Ger\u00fcche - Empfindlichkeiten und Unvertr\u00e4glichkeiten"},"content":{"rendered":"<p><strong>KODIERTE ALLERGENE :<\/strong><br \/>\nEnth\u00e4lt die Schwingungsmuster, die mit der Familie der D\u00fcfte und Ger\u00fcche verbunden sind.<\/p>\n<p>Und im Einzelnen: Zimtalkohol, Alpha Amyl Cinnamyl Aldehyde, Allantoin, Alpha hexyl cinnamaldehyde, Amyl Cinnamal, Amylcinnamaldehyde, Baume du P\u00e9rou, Benzaldehyde, Benzophenome Diphenylmethanone, Benzoylbenzene, Benzyl Acetate, Benzyl Alcohol, Campher, Cineole, Cinnamal, Cinnamic Aldehyde, Citral, Citronellol , Coumarine, Diethyl Maleate Ethyl Acetate, Diphenyl ketone, Eucalyptol Cinnamic Acid, Eugenol, Farnesol, Geraniol, Hydroxycitronellal, Isoeugenol, Isogenol, Isopropyl Acetate, Limonene, Linalool, Lyral, Methyl Salicylate, Methylene chloride, Eichenmoos, Myrcene, Nerol, Ocimene, Phenethyl Alcohol, Phenyl ketone, Phenylmethanol, Phenylpropenoic Acid b-Citronellol, Pinene, Sorbitan sesquioleate, Terpinene, Terpineol, Parfum, Alkohol, Geruch<\/p>\n<p><strong>F\u00dcR WEN:<\/strong><br \/>\nJede Form von Empfindlichkeit oder Unvertr\u00e4glichkeit behandeln \/\/ Unabh\u00e4ngig von der betreffenden Substanz \/\/ Unabh\u00e4ngig von der Vorgeschichte \/\/ Unabh\u00e4ngig von der Intensit\u00e4t.<\/p>\n<p><strong>WIE ES FUNKTIONIERT :<\/strong><br \/>\nDie Lumen-Care-Methode beruht auf dem Ged\u00e4chtnis des Wassers und dem hom\u00f6opathischen Prinzip der Isotherapie, bei der ein Problem mit der Substanz behandelt wird, die es verursacht, und zwar in sehr hoher Verd\u00fcnnung. Diese energetische Behandlung erfolgt in Form einer Kapsel mit informiertem Wasser, die als Anh\u00e4nger direkt auf der Haut getragen wird.<\/p>\n<p><strong>DAS PFLEGEPROTOKOLL :<\/strong><br \/>\nJede Kapsel sollte 15 Tage lang, verteilt \u00fcber einen Monat, 8 Stunden t\u00e4glich getragen werden. Wenn eine Empfindlichkeit erfolgreich deprogrammiert wurde, sollte das Ergebnis \u00fcber einen l\u00e4ngeren Zeitraum anhalten (siehe Gebrauchsanweisung).<\/p>\n<p><strong>EINE NICHT-INVASIVE METHODE :<\/strong><br \/>\nOhne Verschlucken \/\/ Ohne Hautresorption \/\/ Ohne Di\u00e4ten oder Vermeidungsma\u00dfnahmen \/\/ Ohne Nebenwirkungen \/\/ Ohne Altersbeschr\u00e4nkung \/\/ Ohne Arzneimittelwechselwirkungen.<\/p>\n<p><strong>KONTRAINDIKATIONEN :<\/strong><br \/>\nNicht geeignet f\u00fcr Personen, die anaphylaktisch auf die genannten Allergene reagieren.<\/p>","protected":false},"excerpt":{"rendered":"<p>Kapsel zur vibratorischen Neuinformation, um jede Form von Sensibilit\u00e4t oder Intoleranz in Verbindung mit der Duftfamilie endg\u00fcltig zu deprogrammieren.<\/p>","protected":false},"featured_media":21729,"comment_status":"closed","ping_status":"closed","template":"","meta":{"inline_featured_image":false,"__cvm_playback_settings":[],"__cvm_video_id":""},"product_brand":[],"product_cat":[73],"product_tag":[],"class_list":{"0":"post-15364","1":"product","2":"type-product","3":"status-publish","4":"has-post-thumbnail","6":"product_cat-allergies-environnementales","7":"member-discount","8":"discount-restricted","10":"first","11":"instock","12":"taxable","13":"shipping-taxable","14":"purchasable","15":"product-type-simple"},"composite_virtual":false,"composite_layout":"","composite_add_to_cart_form_location":"","composite_editable_in_cart":false,"composite_sold_individually_context":"","composite_shop_price_calc":"","composite_components":[],"composite_scenarios":[],"_links":{"self":[{"href":"https:\/\/www.lumen-care.com\/de\/wp-json\/wp\/v2\/product\/15364","targetHints":{"allow":["GET"]}}],"collection":[{"href":"https:\/\/www.lumen-care.com\/de\/wp-json\/wp\/v2\/product"}],"about":[{"href":"https:\/\/www.lumen-care.com\/de\/wp-json\/wp\/v2\/types\/product"}],"replies":[{"embeddable":true,"href":"https:\/\/www.lumen-care.com\/de\/wp-json\/wp\/v2\/comments?post=15364"}],"wp:featuredmedia":[{"embeddable":true,"href":"https:\/\/www.lumen-care.com\/de\/wp-json\/wp\/v2\/media\/21729"}],"wp:attachment":[{"href":"https:\/\/www.lumen-care.com\/de\/wp-json\/wp\/v2\/media?parent=15364"}],"wp:term":[{"taxonomy":"product_brand","embeddable":true,"href":"https:\/\/www.lumen-care.com\/de\/wp-json\/wp\/v2\/product_brand?post=15364"},{"taxonomy":"product_cat","embeddable":true,"href":"https:\/\/www.lumen-care.com\/de\/wp-json\/wp\/v2\/product_cat?post=15364"},{"taxonomy":"product_tag","embeddable":true,"href":"https:\/\/www.lumen-care.com\/de\/wp-json\/wp\/v2\/product_tag?post=15364"}],"curies":[{"name":"wp","href":"https:\/\/api.w.org\/{rel}","templated":true}]}}