{"id":1676,"date":"2017-11-05T12:47:50","date_gmt":"2017-11-05T11:47:50","guid":{"rendered":"https:\/\/www.lumen-care.com\/?post_type=product&#038;p=1676"},"modified":"2024-11-07T18:34:16","modified_gmt":"2024-11-07T17:34:16","slug":"testsensitivitat","status":"publish","type":"product","link":"https:\/\/www.lumen-care.com\/de\/sensibilitaten-intoleranzen\/testsensitivitat\/","title":{"rendered":"Kapsel nach Therapeutentest - au\u00dferhalb des Katalogs"},"content":{"rendered":"<p>Ma\u00dfgeschneiderte Mischung nach einem Sensibilit\u00e4tstest, der von einem Therapeuten f\u00fcr Schwingungsinformation durchgef\u00fchrt wurde, auf der Grundlage der Referenzen der Reagenzien aus dem LCL-Katalog.<\/p>","protected":false},"excerpt":{"rendered":"<p>Codierung einer ma\u00dfgeschneiderten Kapsel zur Reinformation der Schwingung auf der Grundlage eines von einem Therapeuten durchgef\u00fchrten Sensibilit\u00e4tstests.<br \/>\nWir werden Ihren Test abholen, ansonsten kopieren und f\u00fcgen Sie ihn in das Kommentarfeld ein oder senden Sie ihn als Anhang.<\/p>","protected":false},"featured_media":1143,"comment_status":"closed","ping_status":"closed","template":"","meta":{"inline_featured_image":false,"__cvm_playback_settings":[],"__cvm_video_id":""},"product_brand":[],"product_cat":[93],"product_tag":[],"class_list":{"0":"post-1676","1":"product","2":"type-product","3":"status-publish","4":"has-post-thumbnail","6":"product_cat-sur-mesure","7":"member-discount","8":"discount-restricted","10":"first","11":"instock","12":"taxable","13":"shipping-taxable","14":"purchasable","15":"product-type-simple"},"composite_virtual":false,"composite_layout":"","composite_add_to_cart_form_location":"","composite_editable_in_cart":false,"composite_sold_individually_context":"","composite_shop_price_calc":"","composite_components":[],"composite_scenarios":[],"_links":{"self":[{"href":"https:\/\/www.lumen-care.com\/de\/wp-json\/wp\/v2\/product\/1676","targetHints":{"allow":["GET"]}}],"collection":[{"href":"https:\/\/www.lumen-care.com\/de\/wp-json\/wp\/v2\/product"}],"about":[{"href":"https:\/\/www.lumen-care.com\/de\/wp-json\/wp\/v2\/types\/product"}],"replies":[{"embeddable":true,"href":"https:\/\/www.lumen-care.com\/de\/wp-json\/wp\/v2\/comments?post=1676"}],"wp:featuredmedia":[{"embeddable":true,"href":"https:\/\/www.lumen-care.com\/de\/wp-json\/wp\/v2\/media\/1143"}],"wp:attachment":[{"href":"https:\/\/www.lumen-care.com\/de\/wp-json\/wp\/v2\/media?parent=1676"}],"wp:term":[{"taxonomy":"product_brand","embeddable":true,"href":"https:\/\/www.lumen-care.com\/de\/wp-json\/wp\/v2\/product_brand?post=1676"},{"taxonomy":"product_cat","embeddable":true,"href":"https:\/\/www.lumen-care.com\/de\/wp-json\/wp\/v2\/product_cat?post=1676"},{"taxonomy":"product_tag","embeddable":true,"href":"https:\/\/www.lumen-care.com\/de\/wp-json\/wp\/v2\/product_tag?post=1676"}],"curies":[{"name":"wp","href":"https:\/\/api.w.org\/{rel}","templated":true}]}}