{"id":17198,"date":"2023-07-28T16:55:09","date_gmt":"2023-07-28T14:55:09","guid":{"rendered":"https:\/\/www.lumen-care.com\/?post_type=product&#038;p=17198"},"modified":"2025-03-26T22:14:27","modified_gmt":"2025-03-26T21:14:27","slug":"melange-radiation-electro-sensibility","status":"publish","type":"product","link":"https:\/\/www.lumen-care.com\/de\/sensibilitaten-intoleranzen\/melange-radiation-electro-sensibility\/","title":{"rendered":"Mischung aus Strahlung\/Elektrosensibilit\u00e4t"},"content":{"rendered":"<div class=\"fusion-one-full fusion-layout-column fusion-column-last fusion-spacing-yes\">\n<div class=\"fusion-column-wrapper\">\n<p>F\u00fcr ein Schwingungsgleichgewicht, das mit allen Formen von Empfindlichkeiten und Unvertr\u00e4glichkeiten gegen\u00fcber Milchprodukten verbunden ist. <span class=\"WdYUQQ text-decoration-none text-strikethrough-none\">Strahlung\/Elektrosensibilit\u00e4t<\/span><\/p>\n<p><b>Anzahl der Mischungen: 04<\/b><\/p>\n<table style=\"width: 100%;\">\n<tbody>\n<tr>\n<td style=\"width: 50%; height: 18px;\" valign=\"top\">\n<h3>RADIATIONEN<\/h3>\n<p>Elektromagnetisches Feld, Wechselstrom, Konstant, Elektrostatische Felder, Wechselstrom, Strom<br \/>\n50Hz, Strom 60Hz, Bildschirm, EDGE - 2.75G, GPRS - 2.5G,HSDPA - 3.5G, Infrarot, Laser, Linky, LTE - 4G, LTE, Advanced - 4G+, LTE Advanced B - 5G, Mond, Mikrowelle, EHF-Wellen - 30 GHz bis 300 GHz, ELF-Wellen - 3 Hz bis 30 Hz, HF-Wellen - 3 MHz bis 30 MHz, LF-Wellen - von 30 kH, bis 300 kHz, MF-Wellen - von 300 kHz bis 3 MHz, Funkwellen, SHF-Wellen - 3 GHz bis 30 GHz, SLF-Wellen - 30 Hz bis 300 Hz, THF-Wellen - von 30 MHz bis 300 MHz, TLF-Wellen - 0 Hz bis 3 Hz, UHF-Wellen - von 300 Mhz bis 3000 MHz, ULF-Wellen - von 300 bis 3000 Hz, VHF-Wellen - von 30 Mhz bis 300 MHz, VLF-Wellen - 3 kHz bis 30 kHz, Elektromagnetische Strahlung, Radiofrequenzen, Ionisierende Strahlung, Gamma-Strahlen, R\u00f6ntgenstrahlen, GSM-Telefon - 1.8 GHz, GSM-Telefon - 0.9 GHz, UMTS, WCDMA - 3G, Wi-Fi - 802.11 g, Wi-Fi - 802.11ac,<br \/>\nWi-Fi - 802.11b, Wi-Fi 5 - 802.11a, WiSE - 802.11n, Bluetooth...<\/td>\n<td style=\"width: 50%; height: 18px;\" valign=\"top\">\n<h3>GEGOBIOLOGIE<\/h3>\n<p>Erdmagnetfelder, Wasserstr\u00f6me, tellurische Energien und Str\u00f6me, horizontale Netzkreuzungen, geologische Verwerfungen, Ley-Linien, Grundwasser, Grundwasser, Radioaktivit\u00e4t, Radon, Curry-Netze, Hartmann-Netze ...<\/td>\n<\/tr>\n<\/tbody>\n<\/table>\n<p><b>F\u00dcR WEN:<\/b><br \/>\nJede Form von Empfindlichkeit oder Unvertr\u00e4glichkeit behandeln \/\/ Unabh\u00e4ngig von der betreffenden Substanz \/\/ Unabh\u00e4ngig von der Vorgeschichte \/\/ Unabh\u00e4ngig von der Intensit\u00e4t.<\/p>\n<p><b>WIE ES FUNKTIONIERT :<\/b><br \/>\nDie Lumen-Care-Methode basiert auf der <strong>Wasserged\u00e4chtnis<\/strong> und das hom\u00f6opathische Prinzip der<strong>'Isotherapie<\/strong> bei dem ein Problem mit der daf\u00fcr verantwortlichen Substanz behandelt wird, die in sehr hoher Verd\u00fcnnung getragen wird. Dieses Energieprotokoll wird in Form einer Kapsel mit informiertem Wasser als Anh\u00e4nger direkt auf der Haut getragen.<\/p>\n<p><b>DAS PFLEGEPROTOKOLL :<\/b><br \/>\nJede Kapsel sollte 15 Tage lang, verteilt \u00fcber einen Monat, 8 Stunden t\u00e4glich getragen werden. Sobald eine Empfindlichkeit erfolgreich deprogrammiert wurde, sollte das Ergebnis \u00fcber einen l\u00e4ngeren Zeitraum hinweg anhalten (<a href=\"https:\/\/www.lumen-care.com\/de\/mode-employment\/\" target=\"_blank\" rel=\"noopener\">siehe Gebrauchsanweisung<\/a>).<\/p>\n<p><b>EINE NICHT-INVASIVE METHODE :<\/b><br \/>\nOhne Verschlucken \/\/ Ohne Hautresorption \/\/ Ohne Di\u00e4ten oder Vermeidungsma\u00dfnahmen \/\/ Ohne Nebenwirkungen \/\/ Ohne Altersbeschr\u00e4nkung \/\/ Ohne Arzneimittelwechselwirkungen.<\/p>\n<p><em><strong>NB: Nicht geeignet f\u00fcr Personen, die anaphylaktisch auf die genannten Allergene reagieren, ohne Nachsorge durch <a href=\"https:\/\/www.apsl-sante.org\/annuaire-therapeutes\/\">eine Lumen Care-Praktikerin<\/a>.<\/strong><\/em><\/p>\n<p>&nbsp;<\/p>\n<\/div>\n<\/div>","protected":false},"excerpt":{"rendered":"<p>F\u00fcr ein Schwingungsgleichgewicht, das mit allen Formen von Empfindlichkeiten und Intoleranzen gegen\u00fcber <span class=\"WdYUQQ text-decoration-none text-strikethrough-none\">Strahlung\/Elektrosensibilit\u00e4t<\/span>.<\/p>","protected":false},"featured_media":24810,"comment_status":"closed","ping_status":"closed","template":"","meta":{"inline_featured_image":false,"__cvm_playback_settings":[],"__cvm_video_id":""},"product_brand":[],"product_cat":[73],"product_tag":[1157,1156,1155,19],"class_list":{"0":"post-17198","1":"product","2":"type-product","3":"status-publish","4":"has-post-thumbnail","6":"product_cat-allergies-environnementales","7":"product_tag-alimentaires","8":"product_tag-intolerances","9":"product_tag-sensibilites","10":"product_tag-sensibilites-et-intolerances-alimentaires","11":"member-discount","12":"discount-restricted","14":"first","15":"instock","16":"taxable","17":"shipping-taxable","18":"purchasable","19":"product-type-simple"},"composite_virtual":false,"composite_layout":"","composite_add_to_cart_form_location":"","composite_editable_in_cart":false,"composite_sold_individually_context":"","composite_shop_price_calc":"","composite_components":[],"composite_scenarios":[],"_links":{"self":[{"href":"https:\/\/www.lumen-care.com\/de\/wp-json\/wp\/v2\/product\/17198","targetHints":{"allow":["GET"]}}],"collection":[{"href":"https:\/\/www.lumen-care.com\/de\/wp-json\/wp\/v2\/product"}],"about":[{"href":"https:\/\/www.lumen-care.com\/de\/wp-json\/wp\/v2\/types\/product"}],"replies":[{"embeddable":true,"href":"https:\/\/www.lumen-care.com\/de\/wp-json\/wp\/v2\/comments?post=17198"}],"wp:featuredmedia":[{"embeddable":true,"href":"https:\/\/www.lumen-care.com\/de\/wp-json\/wp\/v2\/media\/24810"}],"wp:attachment":[{"href":"https:\/\/www.lumen-care.com\/de\/wp-json\/wp\/v2\/media?parent=17198"}],"wp:term":[{"taxonomy":"product_brand","embeddable":true,"href":"https:\/\/www.lumen-care.com\/de\/wp-json\/wp\/v2\/product_brand?post=17198"},{"taxonomy":"product_cat","embeddable":true,"href":"https:\/\/www.lumen-care.com\/de\/wp-json\/wp\/v2\/product_cat?post=17198"},{"taxonomy":"product_tag","embeddable":true,"href":"https:\/\/www.lumen-care.com\/de\/wp-json\/wp\/v2\/product_tag?post=17198"}],"curies":[{"name":"wp","href":"https:\/\/api.w.org\/{rel}","templated":true}]}}