{"id":18546,"date":"2023-09-22T11:35:06","date_gmt":"2023-09-22T09:35:06","guid":{"rendered":"https:\/\/www.lumen-care.com\/?post_type=product&#038;p=18546"},"modified":"2025-03-26T22:27:31","modified_gmt":"2025-03-26T21:27:31","slug":"metallmischung-prothesen","status":"publish","type":"product","link":"https:\/\/www.lumen-care.com\/de\/sensibilitaten-intoleranzen\/metallmischung-prothesen\/","title":{"rendered":"Mischen von Metallen\/Legierungen &amp; Zahnprothesen"},"content":{"rendered":"<div class=\"fusion-one-full fusion-layout-column fusion-column-last fusion-spacing-yes\">\n<div class=\"fusion-column-wrapper\">\n<p>F\u00fcr ein Schwingungsgleichgewicht, das mit allen Formen von Empfindlichkeiten und Unvertr\u00e4glichkeiten gegen\u00fcber Milchprodukten verbunden ist. <span class=\"OYPEnA text-decoration-none text-strikethrough-none\">Metalle &amp; Prothesen<\/span>.<\/p>\n<p><b>Anzahl der Mischungen: 04<\/b><\/p>\n<table style=\"width: 100%;\">\n<tbody>\n<tr>\n<td style=\"width: 50%; height: 18px;\" valign=\"top\">\n<h3>METALLE UND LEGIERUNGEN\u00a0<span class=\"s6\">EN-13<\/span><\/h3>\n<p>Alpax, Aluminium, Dentalamalgam, Silber, Schmuck, Beil, Bronze, Chrom, Chrom-Kobalt, Kupfer, Cupro-Aluminium, Cupro-Nickel, Cupro-Blei, Duralumin, Zinn, Stahl, Edelstahl, Metalllegierung, Eisen, Verzinntes Eisen, Schmiedeeisen, Walzeisen, Gusseisen, Wei\u00dfguss, Grauguss, Indium, Inox, Invar, Messing, Neusilber, Quecksilber, Metall, Molybd\u00e4n, Nickel, Nickel-Chrom, Nickel-Titan, Gold, Palladium, Permalloy, Platin, Rhodium, Titan, Wolfram, Zamac, Zicral, Zinc<\/p>\n<p>&nbsp;<\/p>\n<p>&nbsp;<\/td>\n<td style=\"width: 50%; height: 18px;\" valign=\"top\">\n<h3>KERAMISCHER ZAHNERSATZ\u00a0<span class=\"s6\">PH-04<\/span><\/h3>\n<p>Acrylic polymer with methilmethacrylate, Albite, Aluminiumoxid, Al2O3, Keramik, Komposit, Zahnkrone, Siliziumdioxid, SiO2, Titandioxid, TiO2, Zirkoniumdioxid, ZrO2, Feldspath, Fluor, Kaolin, Leucite, Micatetrafluorosilicate, Nephelin, Orthose, Bariumoxid, BaO, Kalziumoxid, CaO, Ceroxid, CeO2, Lithiumoxid, Li2O, Oxid, MgO, Kaliumoxid, K2O, Natriumoxid, Na2O, Strontiumoxid, SrO, Zinkoxid, Zno, Phosphorpentoxid, P2O5, Polyamid, Prothesen, Zahnersatz, Quarz, Siliciumdioxid, Bortrioxid, B2O3, Glaskeramik, Zirkoniumdioxid<\/td>\n<\/tr>\n<\/tbody>\n<\/table>\n<p><b>F\u00dcR WEN:<\/b><br \/>\nJede Form von Empfindlichkeit oder Unvertr\u00e4glichkeit behandeln \/\/ Unabh\u00e4ngig von der betreffenden Substanz \/\/ Unabh\u00e4ngig von der Vorgeschichte \/\/ Unabh\u00e4ngig von der Intensit\u00e4t.<\/p>\n<p><b>WIE ES FUNKTIONIERT :<\/b><br \/>\nDie Lumen-Care-Methode basiert auf der <strong>Wasserged\u00e4chtnis<\/strong> und das hom\u00f6opathische Prinzip der<strong>'Isotherapie<\/strong> bei dem ein Problem mit der daf\u00fcr verantwortlichen Substanz behandelt wird, die in sehr hoher Verd\u00fcnnung getragen wird. Dieses Energieprotokoll wird in Form einer Kapsel mit informiertem Wasser als Anh\u00e4nger direkt auf der Haut getragen.<\/p>\n<p><b>DAS PFLEGEPROTOKOLL :<\/b><br \/>\nJede Kapsel sollte 15 Tage lang, verteilt \u00fcber einen Monat, 8 Stunden t\u00e4glich getragen werden. Sobald eine Empfindlichkeit erfolgreich deprogrammiert wurde, sollte das Ergebnis \u00fcber einen l\u00e4ngeren Zeitraum hinweg anhalten (<a href=\"https:\/\/www.lumen-care.com\/de\/mode-employment\/\" target=\"_blank\" rel=\"noopener\">siehe Gebrauchsanweisung<\/a>).<\/p>\n<p><b>EINE NICHT-INVASIVE METHODE :<\/b><br \/>\nOhne Verschlucken \/\/ Ohne Hautresorption \/\/ Ohne Di\u00e4ten oder Vermeidungsma\u00dfnahmen \/\/ Ohne Nebenwirkungen \/\/ Ohne Altersbeschr\u00e4nkung \/\/ Ohne Arzneimittelwechselwirkungen.<\/p>\n<p><em><strong>NB: Nicht geeignet f\u00fcr Personen, die anaphylaktisch auf die genannten Allergene reagieren, ohne Nachsorge durch <a href=\"https:\/\/www.apsl-sante.org\/annuaire-therapeutes\/\">eine Lumen Care-Praktikerin<\/a>.<\/strong><\/em><\/p>\n<p>&nbsp;<\/p>\n<\/div>\n<\/div>","protected":false},"excerpt":{"rendered":"<p>F\u00fcr ein Schwingungsgleichgewicht, das mit allen Formen von Empfindlichkeiten und Unvertr\u00e4glichkeiten gegen\u00fcber Milchprodukten verbunden ist. <span class=\"OYPEnA text-decoration-none text-strikethrough-none\">Metalle &amp; Prothesen<\/span>.<\/p>","protected":false},"featured_media":21723,"comment_status":"closed","ping_status":"closed","template":"","meta":{"inline_featured_image":false,"__cvm_playback_settings":[],"__cvm_video_id":""},"product_brand":[],"product_cat":[88],"product_tag":[1157,1156,1155,19],"class_list":{"0":"post-18546","1":"product","2":"type-product","3":"status-publish","4":"has-post-thumbnail","6":"product_cat-allergie-medicaments-et-vaccins","7":"product_tag-alimentaires","8":"product_tag-intolerances","9":"product_tag-sensibilites","10":"product_tag-sensibilites-et-intolerances-alimentaires","11":"member-discount","12":"discount-restricted","14":"first","15":"instock","16":"taxable","17":"shipping-taxable","18":"purchasable","19":"product-type-simple"},"composite_virtual":false,"composite_layout":"","composite_add_to_cart_form_location":"","composite_editable_in_cart":false,"composite_sold_individually_context":"","composite_shop_price_calc":"","composite_components":[],"composite_scenarios":[],"_links":{"self":[{"href":"https:\/\/www.lumen-care.com\/de\/wp-json\/wp\/v2\/product\/18546","targetHints":{"allow":["GET"]}}],"collection":[{"href":"https:\/\/www.lumen-care.com\/de\/wp-json\/wp\/v2\/product"}],"about":[{"href":"https:\/\/www.lumen-care.com\/de\/wp-json\/wp\/v2\/types\/product"}],"replies":[{"embeddable":true,"href":"https:\/\/www.lumen-care.com\/de\/wp-json\/wp\/v2\/comments?post=18546"}],"wp:featuredmedia":[{"embeddable":true,"href":"https:\/\/www.lumen-care.com\/de\/wp-json\/wp\/v2\/media\/21723"}],"wp:attachment":[{"href":"https:\/\/www.lumen-care.com\/de\/wp-json\/wp\/v2\/media?parent=18546"}],"wp:term":[{"taxonomy":"product_brand","embeddable":true,"href":"https:\/\/www.lumen-care.com\/de\/wp-json\/wp\/v2\/product_brand?post=18546"},{"taxonomy":"product_cat","embeddable":true,"href":"https:\/\/www.lumen-care.com\/de\/wp-json\/wp\/v2\/product_cat?post=18546"},{"taxonomy":"product_tag","embeddable":true,"href":"https:\/\/www.lumen-care.com\/de\/wp-json\/wp\/v2\/product_tag?post=18546"}],"curies":[{"name":"wp","href":"https:\/\/api.w.org\/{rel}","templated":true}]}}