{"id":19356,"date":"2023-11-08T23:03:40","date_gmt":"2023-11-08T22:03:40","guid":{"rendered":"https:\/\/www.lumen-care.com\/?post_type=product&#038;p=19356"},"modified":"2025-01-15T21:53:07","modified_gmt":"2025-01-15T20:53:07","slug":"unser-vater","status":"publish","type":"product","link":"https:\/\/www.lumen-care.com\/de\/sensibilitaten-intoleranzen\/unser-vater\/","title":{"rendered":"Unser Vater"},"content":{"rendered":"<p><span style=\"font-size: 90%\"><em>Nach dem Evangelium nach Matth\u00e4us (6:9-13) - Christliche Tradition<\/em><\/span><\/p>\n<p>Unser Vater, der du bist im Himmel, geheiligt werde dein Name, dein Reich komme, dein Wille geschehe, wie im Himmel so auf Erden. Gib mir heute meinen Teil des Brotes. Vergib mir meine Schuld, wie auch ich vergebe denen, die mir Unrecht getan haben. Besch\u00fctze mich und f\u00fchre mich weg von der Pr\u00fcfung. Und erl\u00f6se mich von dem B\u00f6sen.<\/p>\n<p>&nbsp;<\/p>","protected":false},"excerpt":{"rendered":"<p>Nach dem Evangelium nach Matth\u00e4us (6:9-13) - Christliche Tradition :<\/p>\n<p>Unser Vater, der du bist im Himmel, geheiligt werde dein Name, dein Reich komme, dein Wille geschehe, wie im Himmel so auf Erden. Gib mir heute meinen Teil des Brotes. Vergib mir meine Schuld, wie auch ich vergebe denen, die mir Unrecht getan haben. Besch\u00fctze mich und f\u00fchre mich weg von der Pr\u00fcfung. Und erl\u00f6se mich von dem B\u00f6sen.&nbsp;<\/p>","protected":false},"featured_media":19650,"comment_status":"closed","ping_status":"closed","template":"","meta":{"inline_featured_image":false,"__cvm_playback_settings":[],"__cvm_video_id":""},"product_brand":[],"product_cat":[1163],"product_tag":[],"class_list":{"0":"post-19356","1":"product","2":"type-product","3":"status-publish","4":"has-post-thumbnail","6":"product_cat-prieres-mantras-mandalas","7":"member-discount","8":"discount-restricted","10":"first","11":"instock","12":"taxable","13":"shipping-taxable","14":"purchasable","15":"product-type-variable"},"composite_virtual":false,"composite_layout":"","composite_add_to_cart_form_location":"","composite_editable_in_cart":false,"composite_sold_individually_context":"","composite_shop_price_calc":"","composite_components":[],"composite_scenarios":[],"_links":{"self":[{"href":"https:\/\/www.lumen-care.com\/de\/wp-json\/wp\/v2\/product\/19356","targetHints":{"allow":["GET"]}}],"collection":[{"href":"https:\/\/www.lumen-care.com\/de\/wp-json\/wp\/v2\/product"}],"about":[{"href":"https:\/\/www.lumen-care.com\/de\/wp-json\/wp\/v2\/types\/product"}],"replies":[{"embeddable":true,"href":"https:\/\/www.lumen-care.com\/de\/wp-json\/wp\/v2\/comments?post=19356"}],"wp:featuredmedia":[{"embeddable":true,"href":"https:\/\/www.lumen-care.com\/de\/wp-json\/wp\/v2\/media\/19650"}],"wp:attachment":[{"href":"https:\/\/www.lumen-care.com\/de\/wp-json\/wp\/v2\/media?parent=19356"}],"wp:term":[{"taxonomy":"product_brand","embeddable":true,"href":"https:\/\/www.lumen-care.com\/de\/wp-json\/wp\/v2\/product_brand?post=19356"},{"taxonomy":"product_cat","embeddable":true,"href":"https:\/\/www.lumen-care.com\/de\/wp-json\/wp\/v2\/product_cat?post=19356"},{"taxonomy":"product_tag","embeddable":true,"href":"https:\/\/www.lumen-care.com\/de\/wp-json\/wp\/v2\/product_tag?post=19356"}],"curies":[{"name":"wp","href":"https:\/\/api.w.org\/{rel}","templated":true}]}}