{"id":19419,"date":"2023-11-08T23:25:15","date_gmt":"2023-11-08T22:25:15","guid":{"rendered":"https:\/\/www.lumen-care.com\/?post_type=product&#038;p=19419"},"modified":"2025-01-15T21:42:03","modified_gmt":"2025-01-15T20:42:03","slug":"asmaa-allah-al-housna","status":"publish","type":"product","link":"https:\/\/www.lumen-care.com\/de\/sensibilitaten-intoleranzen\/asmaa-allah-al-housna\/","title":{"rendered":"Asmaa Allah Al Housna"},"content":{"rendered":"<p><em><img fetchpriority=\"high\" decoding=\"async\" class=\"size-medium wp-image-1552 alignright\" src=\"https:\/\/effluences.com\/wp-content\/uploads\/2023\/12\/Asmaa-Allah-171x300.png\" alt=\"\" width=\"171\" height=\"300\" \/>Islamische Tradition\u00a0<\/em><\/p>\n<p>99 Sch\u00f6ne Namen von G\u00f6ttern: Der Barmherzige, Der Souver\u00e4ne, Der Reine, Der Friede, Der Erhalter, Der Bewahrer, Der Allm\u00e4chtige, Der Imposante, Der H\u00f6chste, Der Majest\u00e4tische,\r\nDer Sch\u00f6pfer, Der Erzeuger, Der Gestalter, Der Unendliche, Der Vergebende, Der Allumfassende, Der Beherrscher, Der Gro\u00dfz\u00fcgige, Der Gro\u00dfe Versorger, Der Gro\u00dfe Richter, Der Allwissende...<\/p>\n<p>&nbsp;<\/p>","protected":false},"excerpt":{"rendered":"<p><em>Islamische Tradition<\/em> :<br \/>\n99 Sch\u00f6ne Namen von G\u00f6ttern: Der Barmherzige, Der Souver\u00e4ne, Der Reine, Der Friede, Der Erhalter, Der Bewahrer, Der Allm\u00e4chtige, Der Imposante, Der H\u00f6chste, Der Majest\u00e4tische,\r\nDer Sch\u00f6pfer, Der Erzeuger, Der Gestalter, Der Unendliche, Der Vergebende, Der Allumfassende, Der Beherrscher, Der Gro\u00dfz\u00fcgige, Der Gro\u00dfe Versorger, Der Gro\u00dfe Richter, Der Allwissende...&nbsp;<\/p>","protected":false},"featured_media":19659,"comment_status":"closed","ping_status":"closed","template":"","meta":{"inline_featured_image":false,"__cvm_playback_settings":[],"__cvm_video_id":""},"product_brand":[],"product_cat":[1163],"product_tag":[],"class_list":{"0":"post-19419","1":"product","2":"type-product","3":"status-publish","4":"has-post-thumbnail","6":"product_cat-prieres-mantras-mandalas","7":"member-discount","8":"discount-restricted","10":"first","11":"instock","12":"taxable","13":"shipping-taxable","14":"purchasable","15":"product-type-variable"},"composite_virtual":false,"composite_layout":"","composite_add_to_cart_form_location":"","composite_editable_in_cart":false,"composite_sold_individually_context":"","composite_shop_price_calc":"","composite_components":[],"composite_scenarios":[],"_links":{"self":[{"href":"https:\/\/www.lumen-care.com\/de\/wp-json\/wp\/v2\/product\/19419","targetHints":{"allow":["GET"]}}],"collection":[{"href":"https:\/\/www.lumen-care.com\/de\/wp-json\/wp\/v2\/product"}],"about":[{"href":"https:\/\/www.lumen-care.com\/de\/wp-json\/wp\/v2\/types\/product"}],"replies":[{"embeddable":true,"href":"https:\/\/www.lumen-care.com\/de\/wp-json\/wp\/v2\/comments?post=19419"}],"wp:featuredmedia":[{"embeddable":true,"href":"https:\/\/www.lumen-care.com\/de\/wp-json\/wp\/v2\/media\/19659"}],"wp:attachment":[{"href":"https:\/\/www.lumen-care.com\/de\/wp-json\/wp\/v2\/media?parent=19419"}],"wp:term":[{"taxonomy":"product_brand","embeddable":true,"href":"https:\/\/www.lumen-care.com\/de\/wp-json\/wp\/v2\/product_brand?post=19419"},{"taxonomy":"product_cat","embeddable":true,"href":"https:\/\/www.lumen-care.com\/de\/wp-json\/wp\/v2\/product_cat?post=19419"},{"taxonomy":"product_tag","embeddable":true,"href":"https:\/\/www.lumen-care.com\/de\/wp-json\/wp\/v2\/product_tag?post=19419"}],"curies":[{"name":"wp","href":"https:\/\/api.w.org\/{rel}","templated":true}]}}