{"id":24315,"date":"2024-10-22T19:30:10","date_gmt":"2024-10-22T17:30:10","guid":{"rendered":"https:\/\/www.lumen-care.com\/?post_type=product&#038;p=24315"},"modified":"2025-03-26T22:33:05","modified_gmt":"2025-03-26T21:33:05","slug":"joie-de-vivre-melange-5-effluences","status":"publish","type":"product","link":"https:\/\/www.lumen-care.com\/de\/sensibilitaten-intoleranzen\/joie-de-vivre-melange-5-effluences\/","title":{"rendered":"Lebensfreude - 5-Effluenzen-Mischung"},"content":{"rendered":"<div class=\"fusion-one-full fusion-layout-column fusion-column-last fusion-spacing-yes\">\n<div class=\"fusion-column-wrapper\">\n<h2 data-fontsize=\"40\" data-lineheight=\"48\"><em><b>Zusammensetzung der Mischung '*<span data-sheets-root=\"1\">Lebensfreude<\/span>'<\/b><\/em><\/h2>\n<\/div>\n<\/div>\n<table style=\"border-collapse: collapse; width: 100%;\">\n<tbody>\n<tr>\n<td style=\"width: 50%;\">\n<ul>\n<li><span style=\"color: #00ccff;\"><strong>Freude<\/strong><\/span>Ich bin gl\u00fccklich. Ich bin fr\u00f6hlich. Ich bin erf\u00fcllt. Ich lasse mich von Freude durchstr\u00f6men. Ich verbinde mich mit Leichtigkeit und Gelassenheit.<\/li>\n<li><span style=\"color: #00ccff;\"><strong>Entschuldigung<\/strong><\/span>Ich vergebe mir selbst. Ich vergebe mir selbst. Mir wird verziehen. Ich entschuldige mich. Ich entschuldige mich.<\/li>\n<li><span style=\"color: #00ccff;\"><strong>Empfangen und Dankbarkeit<\/strong><\/span>Ich empfange. Ich hei\u00dfe es willkommen. Ich nehme das, was mir gegeben wird, mit Freude an. Ich lasse mich von Dankbarkeit durchdringen. Ich danke.<\/li>\n<\/ul>\n<\/td>\n<td style=\"width: 50%;\">\n<ul>\n<li><span style=\"color: #00ccff;\"><strong>Inhalt<\/strong><\/span>Ich befreie mich von allen Bed\u00fcrfnissen nach Erwerb und Besitz. Ich bin mit dem, was ich habe, vollkommen zufrieden. Ich habe alles, was ich brauche. Ich bin erf\u00fcllt. Ich bin in Sicherheit und Frieden. Danke.<\/li>\n<li><span style=\"color: #00ccff;\"><strong>Azalee<\/strong><\/span>Bringt eine Energie der Verankerung und inneren St\u00e4rke. F\u00f6rdert die Vers\u00f6hnung<\/li>\n<\/ul>\n<\/td>\n<\/tr>\n<\/tbody>\n<\/table>\n<p>Halsband inbegriffen.<\/p>\n<h2>Eine Mischung aus <em>5 Ausfl\u00fcsse<\/em><\/h2>\n<p>Diese Mischung besteht aus 5 <em>Effluenzen <\/em>die aus Referenzen f\u00fcr Emotionen, Blumen und Kristalle ausgew\u00e4hlt wurden. 5 ist die maximale Anzahl von<em>Effluenzen<\/em> die man gleichzeitig tragen kann. Diese Mischung stellt somit das beste Potenzial dar, um die Absicht der Mischung umzusetzen.<\/p>","protected":false},"excerpt":{"rendered":"<h2>Mischung '*<span data-sheets-root=\"1\">Lebensfreude<\/span>'<\/h2>\n<p><span data-sheets-root=\"1\">Zusammensetzung: Freude - Zufriedenheit - Vergebung - Empfangen und Dankbarkeit - Azalee<\/span><\/p>","protected":false},"featured_media":24514,"comment_status":"open","ping_status":"closed","template":"","meta":{"inline_featured_image":false,"__cvm_playback_settings":[],"__cvm_video_id":""},"product_brand":[],"product_cat":[1177],"product_tag":[],"class_list":{"0":"post-24315","1":"product","2":"type-product","3":"status-publish","4":"has-post-thumbnail","6":"product_cat-melanges","7":"member-discount","8":"discount-restricted","10":"first","11":"instock","12":"taxable","13":"shipping-taxable","14":"purchasable","15":"product-type-simple"},"composite_virtual":false,"composite_layout":"","composite_add_to_cart_form_location":"","composite_editable_in_cart":false,"composite_sold_individually_context":"","composite_shop_price_calc":"","composite_components":[],"composite_scenarios":[],"_links":{"self":[{"href":"https:\/\/www.lumen-care.com\/de\/wp-json\/wp\/v2\/product\/24315","targetHints":{"allow":["GET"]}}],"collection":[{"href":"https:\/\/www.lumen-care.com\/de\/wp-json\/wp\/v2\/product"}],"about":[{"href":"https:\/\/www.lumen-care.com\/de\/wp-json\/wp\/v2\/types\/product"}],"replies":[{"embeddable":true,"href":"https:\/\/www.lumen-care.com\/de\/wp-json\/wp\/v2\/comments?post=24315"}],"wp:featuredmedia":[{"embeddable":true,"href":"https:\/\/www.lumen-care.com\/de\/wp-json\/wp\/v2\/media\/24514"}],"wp:attachment":[{"href":"https:\/\/www.lumen-care.com\/de\/wp-json\/wp\/v2\/media?parent=24315"}],"wp:term":[{"taxonomy":"product_brand","embeddable":true,"href":"https:\/\/www.lumen-care.com\/de\/wp-json\/wp\/v2\/product_brand?post=24315"},{"taxonomy":"product_cat","embeddable":true,"href":"https:\/\/www.lumen-care.com\/de\/wp-json\/wp\/v2\/product_cat?post=24315"},{"taxonomy":"product_tag","embeddable":true,"href":"https:\/\/www.lumen-care.com\/de\/wp-json\/wp\/v2\/product_tag?post=24315"}],"curies":[{"name":"wp","href":"https:\/\/api.w.org\/{rel}","templated":true}]}}