{"id":24316,"date":"2024-10-22T19:27:42","date_gmt":"2024-10-22T17:27:42","guid":{"rendered":"https:\/\/www.lumen-care.com\/?post_type=product&#038;p=24316"},"modified":"2025-03-26T22:29:13","modified_gmt":"2025-03-26T21:29:13","slug":"neuanfang-melange-5-effluences","status":"publish","type":"product","link":"https:\/\/www.lumen-care.com\/de\/sensibilitaten-intoleranzen\/neuanfang-melange-5-effluences\/","title":{"rendered":"Neuanfang - M\u00e9lange 5 Effluences"},"content":{"rendered":"<div class=\"fusion-one-full fusion-layout-column fusion-column-last fusion-spacing-yes\">\n<div class=\"fusion-column-wrapper\">\n<h2 data-fontsize=\"40\" data-lineheight=\"48\"><em><b>Zusammensetzung der Mischung '*<span data-sheets-root=\"1\">Neuer Start<\/span>'<\/b><\/em><\/h2>\n<\/div>\n<\/div>\n<table style=\"border-collapse: collapse; width: 100%;\">\n<tbody>\n<tr>\n<td style=\"width: 50%;\">\n<ul>\n<li><span style=\"color: #00ccff;\"><strong>Ver\u00e4nderungen akzeptieren<\/strong><\/span>Ich akzeptiere und begr\u00fc\u00dfe Ver\u00e4nderungen. Ich bin resilient. Alles, was mir passiert, l\u00e4sst mich wachsen. Jeder Tag ist ein Neuanfang. Ich bin flexibel und mobil.<\/li>\n<li><span style=\"color: #00ccff;\"><strong>Optimismus<\/strong><\/span>Ich habe einen absoluten und unersch\u00fctterlichen Glauben an die Zukunft und das Leben. Ich bin positiv eingestellt. Alles, was mir passiert, ist zu meinem Besten. Ich lasse mich von Glauben und Hoffnung durchdringen. Alles ist m\u00f6glich.<\/li>\n<li><span style=\"color: #00ccff;\"><strong>Freiheit und Unabh\u00e4ngigkeit<\/strong><\/span>Ich bin frei. Ich entscheide mich. Ich erkenne meine Andersartigkeit an. Ich bin der Autor meines Lebens. Ich bin wahrhaftig. Ich erhalte meine Macht zur\u00fcck.<\/li>\n<\/ul>\n<\/td>\n<td style=\"width: 50%;\">\n<ul>\n<li><span style=\"color: #00ccff;\"><strong>Rubin<\/strong><\/span>Verbindet mit Mutter Erde und bringt das Gleichgewicht zur\u00fcck. Inspiration und Wahrnehmung der g\u00f6ttlichen Liebe. Spendet wahre Transformation.<\/li>\n<li><span style=\"color: #00ccff;\"><strong>Pfingstrose<\/strong><\/span>Hilft dabei, sich nach einem Misserfolg oder dem Verlust der Lebensachse wieder aufzubauen. Erm\u00f6glicht einen Kurswechsel und einen gelassenen Blick in die Zukunft.<\/li>\n<\/ul>\n<\/td>\n<\/tr>\n<\/tbody>\n<\/table>\n<p>Halsband inbegriffen.<\/p>\n<h2>Eine Mischung aus <em>5 Ausfl\u00fcsse<\/em><\/h2>\n<p>Diese Mischung besteht aus 5 <em>Effluenzen <\/em>die aus Referenzen f\u00fcr Emotionen, Blumen und Kristalle ausgew\u00e4hlt wurden. 5 ist die maximale Anzahl von<em>Effluenzen<\/em> die man gleichzeitig tragen kann. Diese Mischung stellt somit das beste Potenzial dar, um die Absicht der Mischung umzusetzen.<\/p>","protected":false},"excerpt":{"rendered":"<h2>Mischung '*<span data-sheets-root=\"1\">Neuer Start<\/span>'<\/h2>\n<p><span data-sheets-root=\"1\">Zusammensetzung: Ver\u00e4nderungen akzeptieren - Optimismus - Freiheit und Unabh\u00e4ngigkeit - Rubin - Pfingstrose<\/span><\/p>","protected":false},"featured_media":24516,"comment_status":"open","ping_status":"closed","template":"","meta":{"inline_featured_image":false,"__cvm_playback_settings":[],"__cvm_video_id":""},"product_brand":[],"product_cat":[1177],"product_tag":[],"class_list":{"0":"post-24316","1":"product","2":"type-product","3":"status-publish","4":"has-post-thumbnail","6":"product_cat-melanges","7":"member-discount","8":"discount-restricted","10":"first","11":"instock","12":"taxable","13":"shipping-taxable","14":"purchasable","15":"product-type-simple"},"composite_virtual":false,"composite_layout":"","composite_add_to_cart_form_location":"","composite_editable_in_cart":false,"composite_sold_individually_context":"","composite_shop_price_calc":"","composite_components":[],"composite_scenarios":[],"_links":{"self":[{"href":"https:\/\/www.lumen-care.com\/de\/wp-json\/wp\/v2\/product\/24316","targetHints":{"allow":["GET"]}}],"collection":[{"href":"https:\/\/www.lumen-care.com\/de\/wp-json\/wp\/v2\/product"}],"about":[{"href":"https:\/\/www.lumen-care.com\/de\/wp-json\/wp\/v2\/types\/product"}],"replies":[{"embeddable":true,"href":"https:\/\/www.lumen-care.com\/de\/wp-json\/wp\/v2\/comments?post=24316"}],"wp:featuredmedia":[{"embeddable":true,"href":"https:\/\/www.lumen-care.com\/de\/wp-json\/wp\/v2\/media\/24516"}],"wp:attachment":[{"href":"https:\/\/www.lumen-care.com\/de\/wp-json\/wp\/v2\/media?parent=24316"}],"wp:term":[{"taxonomy":"product_brand","embeddable":true,"href":"https:\/\/www.lumen-care.com\/de\/wp-json\/wp\/v2\/product_brand?post=24316"},{"taxonomy":"product_cat","embeddable":true,"href":"https:\/\/www.lumen-care.com\/de\/wp-json\/wp\/v2\/product_cat?post=24316"},{"taxonomy":"product_tag","embeddable":true,"href":"https:\/\/www.lumen-care.com\/de\/wp-json\/wp\/v2\/product_tag?post=24316"}],"curies":[{"name":"wp","href":"https:\/\/api.w.org\/{rel}","templated":true}]}}