{"id":24328,"date":"2024-10-22T19:10:42","date_gmt":"2024-10-22T17:10:42","guid":{"rendered":"https:\/\/www.lumen-care.com\/?post_type=product&#038;p=24328"},"modified":"2025-03-26T22:34:49","modified_gmt":"2025-03-26T21:34:49","slug":"innerer-friede-melange-5-effluences","status":"publish","type":"product","link":"https:\/\/www.lumen-care.com\/de\/sensibilitaten-intoleranzen\/innerer-friede-melange-5-effluences\/","title":{"rendered":"Innerer Frieden - 5-Effluenzen-Mischung"},"content":{"rendered":"<div class=\"fusion-one-full fusion-layout-column fusion-column-last fusion-spacing-yes\">\n<div class=\"fusion-column-wrapper\">\n<h2 data-fontsize=\"40\" data-lineheight=\"48\"><em><b>Zusammensetzung der Mischung '*<span data-sheets-root=\"1\">Innerer Frieden<\/span>'<\/b><\/em><\/h2>\n<\/div>\n<\/div>\n<table style=\"border-collapse: collapse; width: 100%;\">\n<tbody>\n<tr>\n<td style=\"width: 50%;\">\n<ul>\n<li><span style=\"color: #00ccff;\"><strong>Frieden<\/strong><\/span>Ich verbinde mich mit dem inneren Frieden. Ich lasse den Frieden in mich eindringen. Ich bin im Frieden mit mir selbst und mit anderen. Ich \u00f6ffne mein Herz.<\/li>\n<li><span style=\"color: #00ccff;\"><strong>Liebe<\/strong><\/span>Ich liebe mich. Ich liebe mich selbst. Ich bin der Liebe w\u00fcrdig. Ich bin eine liebevolle und geliebte Person. Ich verbinde mich mit der Liebe.<\/li>\n<li><span style=\"color: #00ccff;\"><strong>Harmonie<\/strong><\/span>Ich bin im Gleichgewicht. Ich bin im Gleichgewicht. Ich bin im Einklang mit dem Strom des Lebens. Ich bin verbunden, ich bin verbunden. Alles ist richtig, alles ist gut.<\/li>\n<\/ul>\n<\/td>\n<td style=\"width: 50%;\">\n<ul>\n<li><span style=\"color: #00ccff;\"><strong>Entschuldigung<\/strong><\/span>Ich vergebe mir selbst. Ich vergebe mir selbst. Mir wird verziehen. Ich entschuldige mich. Ich entschuldige mich.<\/li>\n<li><span style=\"color: #00ccff;\"><strong>Citrin<\/strong><\/span>\u00d6ffnet uns f\u00fcr die Sch\u00f6nheit und Freude des Lebens, f\u00fcr den Schutz der Erde, die uns umgibt. Entwickelt unsere Sanftheit, in allem und f\u00fcr alle.<\/li>\n<\/ul>\n<\/td>\n<\/tr>\n<\/tbody>\n<\/table>\n<p>Halsband inbegriffen.<\/p>\n<h2>Eine Mischung aus <em>5 Ausfl\u00fcsse<\/em><\/h2>\n<p>Diese Mischung besteht aus 5 <em>Effluenzen <\/em>die aus Referenzen f\u00fcr Emotionen, Blumen und Kristalle ausgew\u00e4hlt wurden. 5 ist die maximale Anzahl von<em>Effluenzen<\/em> die man gleichzeitig tragen kann. Diese Mischung stellt somit das beste Potenzial dar, um die Absicht der Mischung umzusetzen.<\/p>","protected":false},"excerpt":{"rendered":"<h2>Mischung '*<span data-sheets-root=\"1\">Innerer Frieden<\/span>'<\/h2>\n<p><span data-sheets-root=\"1\">Zusammensetzung: Frieden - Liebe - Harmonie - Vergebung - Citrin<\/span><\/p>","protected":false},"featured_media":24517,"comment_status":"open","ping_status":"closed","template":"","meta":{"inline_featured_image":false,"__cvm_playback_settings":[],"__cvm_video_id":""},"product_brand":[],"product_cat":[1177],"product_tag":[],"class_list":{"0":"post-24328","1":"product","2":"type-product","3":"status-publish","4":"has-post-thumbnail","6":"product_cat-melanges","7":"member-discount","8":"discount-restricted","10":"first","11":"instock","12":"taxable","13":"shipping-taxable","14":"purchasable","15":"product-type-simple"},"composite_virtual":false,"composite_layout":"","composite_add_to_cart_form_location":"","composite_editable_in_cart":false,"composite_sold_individually_context":"","composite_shop_price_calc":"","composite_components":[],"composite_scenarios":[],"_links":{"self":[{"href":"https:\/\/www.lumen-care.com\/de\/wp-json\/wp\/v2\/product\/24328","targetHints":{"allow":["GET"]}}],"collection":[{"href":"https:\/\/www.lumen-care.com\/de\/wp-json\/wp\/v2\/product"}],"about":[{"href":"https:\/\/www.lumen-care.com\/de\/wp-json\/wp\/v2\/types\/product"}],"replies":[{"embeddable":true,"href":"https:\/\/www.lumen-care.com\/de\/wp-json\/wp\/v2\/comments?post=24328"}],"wp:featuredmedia":[{"embeddable":true,"href":"https:\/\/www.lumen-care.com\/de\/wp-json\/wp\/v2\/media\/24517"}],"wp:attachment":[{"href":"https:\/\/www.lumen-care.com\/de\/wp-json\/wp\/v2\/media?parent=24328"}],"wp:term":[{"taxonomy":"product_brand","embeddable":true,"href":"https:\/\/www.lumen-care.com\/de\/wp-json\/wp\/v2\/product_brand?post=24328"},{"taxonomy":"product_cat","embeddable":true,"href":"https:\/\/www.lumen-care.com\/de\/wp-json\/wp\/v2\/product_cat?post=24328"},{"taxonomy":"product_tag","embeddable":true,"href":"https:\/\/www.lumen-care.com\/de\/wp-json\/wp\/v2\/product_tag?post=24328"}],"curies":[{"name":"wp","href":"https:\/\/api.w.org\/{rel}","templated":true}]}}