{"id":24333,"date":"2024-10-22T19:01:55","date_gmt":"2024-10-22T17:01:55","guid":{"rendered":"https:\/\/www.lumen-care.com\/?post_type=product&#038;p=24333"},"modified":"2025-03-26T22:31:26","modified_gmt":"2025-03-26T21:31:26","slug":"hypersensitivitat-melange-5-effluences","status":"publish","type":"product","link":"https:\/\/www.lumen-care.com\/de\/sensibilitaten-intoleranzen\/hypersensitivitat-melange-5-effluences\/","title":{"rendered":"Hypersensibilit\u00e4t - Mischung 5 Effluenzen"},"content":{"rendered":"<div class=\"fusion-one-full fusion-layout-column fusion-column-last fusion-spacing-yes\">\n<div class=\"fusion-column-wrapper\">\n<h2 data-fontsize=\"40\" data-lineheight=\"48\"><em><b>Zusammensetzung der Mischung '*<span data-sheets-root=\"1\">\u00dcberempfindlichkeit<\/span>'<\/b><\/em><\/h2>\n<\/div>\n<\/div>\n<table style=\"border-collapse: collapse; width: 100%;\">\n<tbody>\n<tr>\n<td style=\"width: 50%;\">\n<ul>\n<li><span style=\"color: #00ccff;\"><strong>Selbstvertrauen<\/strong><\/span>Ich bin selbstbewusst. Ich bin selbstbewusst. Ich bin selbstbewusst. Ich bin stolz auf mich. Ich bin f\u00e4hig. Ich bin kompetent. Ich bin verdienstvoll. Ich sch\u00e4tze mich selbst. Ich bin perfekt.<\/li>\n<li><span style=\"color: #00ccff;\"><strong>Wohlwollen<\/strong><\/span>Ich bin wohlwollend und nachsichtig gegen\u00fcber anderen und mir selbst. Ich bin z\u00e4rtlich. Ich habe Einf\u00fchlungsverm\u00f6gen. Ich verbinde mich mit Mitgef\u00fchl und Sanftmut.<\/li>\n<li><span style=\"color: #00ccff;\"><strong>Sich um sich selbst k\u00fcmmern<\/strong><\/span>Ich liebe mich selbst. Ich ruhe mich aus. Ich k\u00fcmmere mich um mich selbst. Ich denke an mich. Ich k\u00fcmmere mich um mich selbst. Ich g\u00f6nne mir etwas.<\/li>\n<\/ul>\n<\/td>\n<td style=\"width: 50%;\">\n<ul>\n<li><span style=\"color: #00ccff;\"><strong>M\u00e4nnlichkeit<\/strong><\/span>Ich erlaube mir, in meiner M\u00e4nnlichkeit zu sein. Ich verbinde mich mit Mut und St\u00e4rke. Ich bin kraftvoll und m\u00e4nnlich. Ich dr\u00fccke mein Yang aus. Ich besch\u00fctze.<\/li>\n<li><span style=\"color: #00ccff;\"><strong>Sich selbst respektieren<\/strong><\/span>Ich habe das Recht, \"Nein\" zu sagen. Ich habe das Recht, \"Ja\" zu sagen. Ich verteidige mich selbst. Ich respektiere mich selbst. Ich lebe nur nach meinen Werten. Wenn ich \"nein\" sage, meine ich \"nein\". Ich respektiere meine Wahrheit.<\/li>\n<\/ul>\n<\/td>\n<\/tr>\n<\/tbody>\n<\/table>\n<p>Halsband inbegriffen.<\/p>\n<h2>Eine Mischung aus <em>5 Ausfl\u00fcsse<\/em><\/h2>\n<p>Diese Mischung besteht aus 5 <em>Effluenzen <\/em>die aus Referenzen f\u00fcr Emotionen, Blumen und Kristalle ausgew\u00e4hlt wurden. 5 ist die maximale Anzahl von<em>Effluenzen<\/em> die man gleichzeitig tragen kann. Diese Mischung stellt somit das beste Potenzial dar, um die Absicht der Mischung umzusetzen.<\/p>","protected":false},"excerpt":{"rendered":"<h2>Mischung '*<span data-sheets-root=\"1\">\u00dcberempfindlichkeit<\/span>'<\/h2>\n<p><span data-sheets-root=\"1\">Zusammensetzung: Selbstvertrauen - Wohlwollen - F\u00fcr sich selbst sorgen - M\u00e4nnlichkeit - Sich selbst respektieren<\/span><\/p>","protected":false},"featured_media":24513,"comment_status":"open","ping_status":"closed","template":"","meta":{"inline_featured_image":false,"__cvm_playback_settings":[],"__cvm_video_id":""},"product_brand":[],"product_cat":[1177],"product_tag":[],"class_list":{"0":"post-24333","1":"product","2":"type-product","3":"status-publish","4":"has-post-thumbnail","6":"product_cat-melanges","7":"member-discount","8":"discount-restricted","10":"first","11":"instock","12":"taxable","13":"shipping-taxable","14":"purchasable","15":"product-type-simple"},"composite_virtual":false,"composite_layout":"","composite_add_to_cart_form_location":"","composite_editable_in_cart":false,"composite_sold_individually_context":"","composite_shop_price_calc":"","composite_components":[],"composite_scenarios":[],"_links":{"self":[{"href":"https:\/\/www.lumen-care.com\/de\/wp-json\/wp\/v2\/product\/24333","targetHints":{"allow":["GET"]}}],"collection":[{"href":"https:\/\/www.lumen-care.com\/de\/wp-json\/wp\/v2\/product"}],"about":[{"href":"https:\/\/www.lumen-care.com\/de\/wp-json\/wp\/v2\/types\/product"}],"replies":[{"embeddable":true,"href":"https:\/\/www.lumen-care.com\/de\/wp-json\/wp\/v2\/comments?post=24333"}],"wp:featuredmedia":[{"embeddable":true,"href":"https:\/\/www.lumen-care.com\/de\/wp-json\/wp\/v2\/media\/24513"}],"wp:attachment":[{"href":"https:\/\/www.lumen-care.com\/de\/wp-json\/wp\/v2\/media?parent=24333"}],"wp:term":[{"taxonomy":"product_brand","embeddable":true,"href":"https:\/\/www.lumen-care.com\/de\/wp-json\/wp\/v2\/product_brand?post=24333"},{"taxonomy":"product_cat","embeddable":true,"href":"https:\/\/www.lumen-care.com\/de\/wp-json\/wp\/v2\/product_cat?post=24333"},{"taxonomy":"product_tag","embeddable":true,"href":"https:\/\/www.lumen-care.com\/de\/wp-json\/wp\/v2\/product_tag?post=24333"}],"curies":[{"name":"wp","href":"https:\/\/api.w.org\/{rel}","templated":true}]}}