{"id":24334,"date":"2024-10-22T18:57:50","date_gmt":"2024-10-22T16:57:50","guid":{"rendered":"https:\/\/www.lumen-care.com\/?post_type=product&#038;p=24334"},"modified":"2025-03-26T22:30:46","modified_gmt":"2025-03-26T21:30:46","slug":"detente-max-melange-5-effluences","status":"publish","type":"product","link":"https:\/\/www.lumen-care.com\/de\/sensibilitaten-intoleranzen\/detente-max-melange-5-effluences\/","title":{"rendered":"Entspannung max - Mischung 5 Effluenzen"},"content":{"rendered":"<div class=\"fusion-one-full fusion-layout-column fusion-column-last fusion-spacing-yes\">\n<div class=\"fusion-column-wrapper\">\n<h2 data-fontsize=\"40\" data-lineheight=\"48\"><em><b>Zusammensetzung der Mischung '*<span data-sheets-root=\"1\">Max. Entspannung<\/span>'<\/b><\/em><\/h2>\n<\/div>\n<\/div>\n<table style=\"border-collapse: collapse; width: 100%;\">\n<tbody>\n<tr>\n<td style=\"width: 50%;\">\n<ul>\n<li><strong><span style=\"color: #00ccff;\">Sich entspannen<\/span><\/strong>Ich lasse mich locker. Ich lasse mich gehen. Ich entspanne mich. Ich entspanne mich und entkrampfe mich.<\/li>\n<li><strong><span style=\"color: #00ccff;\">Loslassen<\/span><\/strong>Ich lasse los. Ich lasse los. Ich bin geschmeidig. Ich greife nach dem Moment des gegenw\u00e4rtigen Augenblicks. Ich bin hier und jetzt. Ich bin mir selbst gegenw\u00e4rtig. Ich bin ruhig.<\/li>\n<li><span style=\"color: #00ccff;\"><strong>Entsendung<\/strong><\/span>Ich l\u00f6se mich von meinen Bed\u00fcrfnissen und W\u00fcnschen. Ich lasse mein Ego los und gebe es auf. Ich h\u00f6re auf, mich mit meinem physischen K\u00f6rper, meinen Emotionen und meinen mentalen Konstrukten zu identifizieren.<\/li>\n<\/ul>\n<\/td>\n<td style=\"width: 50%;\">\n<ul>\n<li><strong><span style=\"color: #00ccff;\">Geduld<\/span><\/strong>Ich lasse mir Zeit. Ich bin ruhig. Ich bin gelassen. Ich warte auf den richtigen Moment. Ich verbinde mich mit dem gegenw\u00e4rtigen Augenblick.<\/li>\n<li><strong><span style=\"color: #00ccff;\">Frieden<\/span><\/strong>Ich verbinde mich mit dem inneren Frieden. Ich lasse den Frieden in mich eindringen. Ich bin im Frieden mit mir selbst und mit anderen. Ich \u00f6ffne mein Herz.<\/li>\n<\/ul>\n<\/td>\n<\/tr>\n<\/tbody>\n<\/table>\n<p>Halsband inbegriffen.<\/p>\n<h2>Eine Mischung aus <em>5 Ausfl\u00fcsse<\/em><\/h2>\n<p>Diese Mischung besteht aus 5 <em>Effluenzen <\/em>die aus Referenzen f\u00fcr Emotionen, Blumen und Kristalle ausgew\u00e4hlt wurden. 5 ist die maximale Anzahl von<em>Effluenzen<\/em> die man gleichzeitig tragen kann. Diese Mischung stellt somit das beste Potenzial dar, um die Absicht der Mischung umzusetzen.<\/p>","protected":false},"excerpt":{"rendered":"<h2>Mischung '*<span data-sheets-root=\"1\">Max. Entspannung<\/span>'<\/h2>\n<p><span data-sheets-root=\"1\">Zusammensetzung: Vertrauen in das Universum - Liebe - Harmonie - Rosenquarz - Aquamarin<\/span><\/p>","protected":false},"featured_media":24512,"comment_status":"open","ping_status":"closed","template":"","meta":{"inline_featured_image":false,"__cvm_playback_settings":[],"__cvm_video_id":""},"product_brand":[],"product_cat":[1177],"product_tag":[],"class_list":{"0":"post-24334","1":"product","2":"type-product","3":"status-publish","4":"has-post-thumbnail","6":"product_cat-melanges","7":"member-discount","8":"discount-restricted","10":"first","11":"instock","12":"taxable","13":"shipping-taxable","14":"purchasable","15":"product-type-simple"},"composite_virtual":false,"composite_layout":"","composite_add_to_cart_form_location":"","composite_editable_in_cart":false,"composite_sold_individually_context":"","composite_shop_price_calc":"","composite_components":[],"composite_scenarios":[],"_links":{"self":[{"href":"https:\/\/www.lumen-care.com\/de\/wp-json\/wp\/v2\/product\/24334","targetHints":{"allow":["GET"]}}],"collection":[{"href":"https:\/\/www.lumen-care.com\/de\/wp-json\/wp\/v2\/product"}],"about":[{"href":"https:\/\/www.lumen-care.com\/de\/wp-json\/wp\/v2\/types\/product"}],"replies":[{"embeddable":true,"href":"https:\/\/www.lumen-care.com\/de\/wp-json\/wp\/v2\/comments?post=24334"}],"wp:featuredmedia":[{"embeddable":true,"href":"https:\/\/www.lumen-care.com\/de\/wp-json\/wp\/v2\/media\/24512"}],"wp:attachment":[{"href":"https:\/\/www.lumen-care.com\/de\/wp-json\/wp\/v2\/media?parent=24334"}],"wp:term":[{"taxonomy":"product_brand","embeddable":true,"href":"https:\/\/www.lumen-care.com\/de\/wp-json\/wp\/v2\/product_brand?post=24334"},{"taxonomy":"product_cat","embeddable":true,"href":"https:\/\/www.lumen-care.com\/de\/wp-json\/wp\/v2\/product_cat?post=24334"},{"taxonomy":"product_tag","embeddable":true,"href":"https:\/\/www.lumen-care.com\/de\/wp-json\/wp\/v2\/product_tag?post=24334"}],"curies":[{"name":"wp","href":"https:\/\/api.w.org\/{rel}","templated":true}]}}