{"id":24336,"date":"2024-10-22T17:48:51","date_gmt":"2024-10-22T15:48:51","guid":{"rendered":"https:\/\/www.lumen-care.com\/?post_type=product&#038;p=24336"},"modified":"2025-03-26T22:30:28","modified_gmt":"2025-03-26T21:30:28","slug":"selbstvertrauen-melange-5-effluences","status":"publish","type":"product","link":"https:\/\/www.lumen-care.com\/de\/sensibilitaten-intoleranzen\/selbstvertrauen-melange-5-effluences\/","title":{"rendered":"Selbstvertrauen - 5-Effluences-Mischung"},"content":{"rendered":"<div class=\"fusion-one-full fusion-layout-column fusion-column-last fusion-spacing-yes\">\n<div class=\"fusion-column-wrapper\">\n<h2 data-fontsize=\"40\" data-lineheight=\"48\"><em><b>Zusammensetzung der Mischung \"Selbstvertrauen<\/b><\/em><\/h2>\n<\/div>\n<\/div>\n<table style=\"border-collapse: collapse; width: 100%;\">\n<tbody>\n<tr>\n<td style=\"width: 50%;\">\n<ul>\n<li><span style=\"color: #00ccff;\"><strong>Selbstvertrauen<\/strong><\/span>Ich bin selbstbewusst. Ich bin selbstbewusst. Ich bin selbstbewusst. Ich bin stolz auf mich. Ich bin f\u00e4hig. Ich bin kompetent. Ich bin verdienstvoll. Ich sch\u00e4tze mich selbst. Ich bin perfekt.<\/li>\n<li><span style=\"color: #00ccff;\"><strong>Selbstakzeptanz<\/strong><\/span>Ich akzeptiere mich so, wie ich bin. Ich liebe und billige mich selbst. Ich akzeptiere meine Herkunft und meine Vergangenheit. Ich akzeptiere meine Gegenwart, so wie sie ist. Ich erkenne mein Talent an. Ich bin gl\u00fccklich, ich zu sein.<\/li>\n<\/ul>\n<\/td>\n<td style=\"width: 50%;\">\n<ul>\n<li><span style=\"color: #00ccff;\"><strong>Charme<\/strong><\/span>Ich bin charmant. Ich bin attraktiv. Ich bin attraktiv.<\/li>\n<li><span style=\"color: #00ccff;\"><strong>Rosenquarz<\/strong><\/span>\u00d6ffnet f\u00fcr die Sch\u00f6nheit, f\u00fcr eine neue und h\u00f6here Facette der Liebe. Unterst\u00fctzt den Prozess der \u00d6ffnung, des Teilens und des Vertrauens. K\u00fcnstlerische Inspiration und universelle Liebe.<\/li>\n<li><span style=\"color: #00ccff;\"><strong>Iris<\/strong><\/span>Hilft, sich von Selbstzweifeln zu befreien. St\u00e4rkt Ausdauer, Durchhalteverm\u00f6gen und Vertrauen. Festigt die Ergebnisse einer gr\u00f6\u00dferen inneren Transformation.<\/li>\n<\/ul>\n<\/td>\n<\/tr>\n<\/tbody>\n<\/table>\n<p>Halsband inbegriffen.<\/p>\n<h2>Eine Mischung aus <em>5 Ausfl\u00fcsse<\/em><\/h2>\n<p>Diese Mischung besteht aus 5 <em>Effluenzen <\/em>die aus Referenzen f\u00fcr Emotionen, Blumen und Kristalle ausgew\u00e4hlt wurden. 5 ist die maximale Anzahl von<em>Effluenzen<\/em> die man gleichzeitig tragen kann. Diese Mischung stellt somit das beste Potenzial dar, um die Absicht der Mischung umzusetzen.<\/p>","protected":false},"excerpt":{"rendered":"<h2>Mischung 'Selbstvertrauen'.<\/h2>\n<p><span data-sheets-root=\"1\">Zusammensetzung: Selbstvertrauen - Selbstakzeptanz - Hainbuche - Rosenquarz - Iris<\/span><\/p>","protected":false},"featured_media":24521,"comment_status":"open","ping_status":"closed","template":"","meta":{"inline_featured_image":false,"__cvm_playback_settings":[],"__cvm_video_id":""},"product_brand":[],"product_cat":[1177],"product_tag":[],"class_list":{"0":"post-24336","1":"product","2":"type-product","3":"status-publish","4":"has-post-thumbnail","6":"product_cat-melanges","7":"member-discount","8":"discount-restricted","10":"first","11":"instock","12":"taxable","13":"shipping-taxable","14":"purchasable","15":"product-type-simple"},"composite_virtual":false,"composite_layout":"","composite_add_to_cart_form_location":"","composite_editable_in_cart":false,"composite_sold_individually_context":"","composite_shop_price_calc":"","composite_components":[],"composite_scenarios":[],"_links":{"self":[{"href":"https:\/\/www.lumen-care.com\/de\/wp-json\/wp\/v2\/product\/24336","targetHints":{"allow":["GET"]}}],"collection":[{"href":"https:\/\/www.lumen-care.com\/de\/wp-json\/wp\/v2\/product"}],"about":[{"href":"https:\/\/www.lumen-care.com\/de\/wp-json\/wp\/v2\/types\/product"}],"replies":[{"embeddable":true,"href":"https:\/\/www.lumen-care.com\/de\/wp-json\/wp\/v2\/comments?post=24336"}],"wp:featuredmedia":[{"embeddable":true,"href":"https:\/\/www.lumen-care.com\/de\/wp-json\/wp\/v2\/media\/24521"}],"wp:attachment":[{"href":"https:\/\/www.lumen-care.com\/de\/wp-json\/wp\/v2\/media?parent=24336"}],"wp:term":[{"taxonomy":"product_brand","embeddable":true,"href":"https:\/\/www.lumen-care.com\/de\/wp-json\/wp\/v2\/product_brand?post=24336"},{"taxonomy":"product_cat","embeddable":true,"href":"https:\/\/www.lumen-care.com\/de\/wp-json\/wp\/v2\/product_cat?post=24336"},{"taxonomy":"product_tag","embeddable":true,"href":"https:\/\/www.lumen-care.com\/de\/wp-json\/wp\/v2\/product_tag?post=24336"}],"curies":[{"name":"wp","href":"https:\/\/api.w.org\/{rel}","templated":true}]}}