{"id":15303,"date":"2023-04-26T23:03:43","date_gmt":"2023-04-26T21:03:43","guid":{"rendered":"https:\/\/www.lumen-care.com\/?post_type=product&#038;p=15303"},"modified":"2025-03-26T22:27:45","modified_gmt":"2025-03-26T21:27:45","slug":"cosmetics-allergy-and-intolerance-natural-and-definitive-treatment-by-capsule-contact-homeopathy","status":"publish","type":"product","link":"https:\/\/www.lumen-care.com\/en\/sensitivities-intolerances\/cosmetics-allergy-and-intolerance-natural-and-definitive-treatment-by-capsule-contact-homeopathy\/","title":{"rendered":"Cosmetics - sensitivities and intolerances"},"content":{"rendered":"<p><strong>ENCODED ALLERGENS :<\/strong><br \/>\nContains the vibratory imprints associated with the Cosmetics family<\/p>\n<p>And more precisely : Alo\u00e9 vera, Alpha-isomethyl ionone, Amyl cinnamal, Amylcinnamyl alcohol, Anise alcohol, Benzyl alcohol, Benzyl benzoate, Benzyl cinnamate, Benzyl salicylate, Blush, Butylene glycol, Butylphenyl methylpropional, Butyrospermum parkii butter, Caprylic\/capric triglyceride, Caprylyl glycol, Cetearyl alcohol, Ci 19140, Ci 77491, Ci 77492, Ci 77499, Ci 77891, Cinnamal, Cinnamyl alcohol, Citral, Citronellol, Cocamidopropyl betaine, Coloration, Coumarin, Cr\u00e8me, D\u00e9coloration, demaquillant, D\u00e9odorant, diluant, Dimethicone, Disodium edta, Eugenol, Evernia furfuracea - tree moss, Evernia prunastri - oak moss, Eyeliner, Blush, Farnesol, Foundation, Shower gel, Geraniol, Glycerin, Glyceryl stearate, Helianthus annuus seed oil, henn\u00e9, Hexyl cinnamal, Essential oils, Hydroxycitronnellal, Hydroxyisohexyl 3-cyclohexene carboxaldehyde, Isoeugenol, Kh\u00f4l, Limonene, Linalool, Make-up, Mascara, Methyl 2-octynoate, Mica, Panthenol, Phenoxyethanol, Potassium sorbate, Powder, Propylene glycol, Lipstick, Soap, Shampoo, Silica, Sodium benzoate, Sodium chloride, Sodium hydroxide, Tincture, Tocopherol, Tocopheryl acetate, Nail varnish, Xanthan gum,<\/p>\n<p><strong>WHO IS IT FOR?<\/strong><br \/>\nTreat all forms of sensitivity or intolerance \/\/ Whatever the substance involved \/\/ Whatever the history \/\/ Whatever the intensity.<\/p>\n<p><strong>HOW IT WORKS :<\/strong><br \/>\nThe Lumen Care method is based on the memory of water and the homeopathic principle of isotherapy, which consists of treating a problem with the substance responsible for it, brought to a very high dilution. This energetic treatment takes the form of a capsule of informed water worn as a pendant on the skin.<\/p>\n<p><strong>TREATMENT PROTOCOL :<\/strong><br \/>\nEach capsule should be worn for 8 hours a day for 15 days spread over 1 month. Once a sensitivity has been successfully deprogrammed, the result should be long-lasting (see instructions for use).<\/p>\n<p><strong>A NON-INVASIVE METHOD:<\/strong><br \/>\nNo ingestion \/\/ No skin absorption \/\/ No dieting or avoidance \/\/ No side effects \/\/ No age limit \/\/ No drug interactions.<\/p>\n<p><strong>CONTRAINDICATIONS :<\/strong><br \/>\nNot suitable for people who are anaphylactic to the allergens listed.<\/p>","protected":false},"excerpt":{"rendered":"<p>Vibratory Reinformation Capsule to permanently deprogram any form of sensitivity or intolerance linked to the cosmetics family.<\/p>","protected":false},"featured_media":21730,"comment_status":"closed","ping_status":"closed","template":"","meta":{"inline_featured_image":false,"__cvm_playback_settings":[],"__cvm_video_id":""},"product_brand":[],"product_cat":[88],"product_tag":[],"class_list":{"0":"post-15303","1":"product","2":"type-product","3":"status-publish","4":"has-post-thumbnail","6":"product_cat-allergie-medicaments-et-vaccins","7":"member-discount","8":"discount-restricted","10":"first","11":"instock","12":"taxable","13":"shipping-taxable","14":"purchasable","15":"product-type-simple"},"composite_virtual":false,"composite_layout":"","composite_add_to_cart_form_location":"","composite_editable_in_cart":false,"composite_sold_individually_context":"","composite_shop_price_calc":"","composite_components":[],"composite_scenarios":[],"_links":{"self":[{"href":"https:\/\/www.lumen-care.com\/en\/wp-json\/wp\/v2\/product\/15303","targetHints":{"allow":["GET"]}}],"collection":[{"href":"https:\/\/www.lumen-care.com\/en\/wp-json\/wp\/v2\/product"}],"about":[{"href":"https:\/\/www.lumen-care.com\/en\/wp-json\/wp\/v2\/types\/product"}],"replies":[{"embeddable":true,"href":"https:\/\/www.lumen-care.com\/en\/wp-json\/wp\/v2\/comments?post=15303"}],"wp:featuredmedia":[{"embeddable":true,"href":"https:\/\/www.lumen-care.com\/en\/wp-json\/wp\/v2\/media\/21730"}],"wp:attachment":[{"href":"https:\/\/www.lumen-care.com\/en\/wp-json\/wp\/v2\/media?parent=15303"}],"wp:term":[{"taxonomy":"product_brand","embeddable":true,"href":"https:\/\/www.lumen-care.com\/en\/wp-json\/wp\/v2\/product_brand?post=15303"},{"taxonomy":"product_cat","embeddable":true,"href":"https:\/\/www.lumen-care.com\/en\/wp-json\/wp\/v2\/product_cat?post=15303"},{"taxonomy":"product_tag","embeddable":true,"href":"https:\/\/www.lumen-care.com\/en\/wp-json\/wp\/v2\/product_tag?post=15303"}],"curies":[{"name":"wp","href":"https:\/\/api.w.org\/{rel}","templated":true}]}}