{"id":15393,"date":"2023-04-26T23:04:00","date_gmt":"2023-04-26T21:04:00","guid":{"rendered":"https:\/\/www.lumen-care.com\/?post_type=product&#038;p=15393"},"modified":"2025-03-26T22:13:00","modified_gmt":"2025-03-26T21:13:00","slug":"cafe-the-cacao-sensitivities-and-intolerances-natural-and-definitive-capsule-treatment-for-contact-dermatopathy","status":"publish","type":"product","link":"https:\/\/www.lumen-care.com\/en\/sensitivities-intolerances\/cafe-the-cacao-sensitivities-and-intolerances-natural-and-definitive-capsule-treatment-for-contact-dermatopathy\/","title":{"rendered":"Coffee\/Tea\/Cocoa - sensitivities and intolerances"},"content":{"rendered":"<p><strong>ENCODED ALLERGENS :<\/strong><br \/>\nContains the vibratory imprints associated with the Coffee\/Tea\/Cocoa family<\/p>\n<p>And more precisely : Anise, Arabica , Badiane, Cocoa Butter , Cocoa, Dry Defatted Cocoa , Coffee, Instant Coffee , Soluble Coffee , Roasted Coffee , Green Coffee , Caffeine , Camomile, Cappuccino, Chocolate, Milk Chocolate, White Chocolate, Hot Chocolate, Dark Chocolate, Decaffeinated , Rosewater, Espresso , Cocoa Bean , Orange Blossom, Guarana, Guaranine, Ginko biloba, Hibiscus, Infusion, Mat\u00e9, Mat\u00e9ine, Matricaire, M\u00e9lisse, Menthe, P\u00e2te De Cacao , Robusta , Romarin, Rooibos, Tannins , Tcha\u00ef, Th\u00e9 , Th\u00e9 Blanc , Th\u00e9 Ferment\u00e9 , Th\u00e9 Noir, Th\u00e9 Oxyd\u00e9 , Th\u00e9 Rouge, Th\u00e9 Vert, Th\u00e9 Vert Matcha, Th\u00e9aflavine , Th\u00e9anine , Th\u00e9arubigine , Th\u00e9ine , Th\u00e9obromine , Th\u00e9ogalline , Th\u00e9ophylline , Thyme, Tilleul, Tisane, Verveine, Xanthine , Taurine,<\/p>\n<p><strong>WHO IS IT FOR?<\/strong><br \/>\nTreat all forms of sensitivity or intolerance \/\/ Whatever the substance involved \/\/ Whatever the history \/\/ Whatever the intensity.<\/p>\n<p><strong>HOW IT WORKS :<\/strong><br \/>\nThe Lumen Care method is based on the memory of water and the homeopathic principle of isotherapy, which consists of treating a problem with the substance responsible for it, brought to a very high dilution. This energetic treatment takes the form of a capsule of informed water worn as a pendant on the skin.<\/p>\n<p><strong>TREATMENT PROTOCOL :<\/strong><br \/>\nEach capsule should be worn for 8 hours a day for 15 days spread over 1 month. Once a sensitivity has been successfully deprogrammed, the result should be long-lasting (see instructions for use).<\/p>\n<p><strong>A NON-INVASIVE METHOD:<\/strong><br \/>\nNo ingestion \/\/ No skin absorption \/\/ No dieting or avoidance \/\/ No side effects \/\/ No age limit \/\/ No drug interactions.<\/p>\n<p><strong>CONTRAINDICATIONS :<\/strong><br \/>\nNot suitable for people who are anaphylactic to the allergens listed.<\/p>","protected":false},"excerpt":{"rendered":"<p>Vibratory Reinformation Capsule to permanently deprogram any form of sensitivity or intolerance linked to the Coffee\/Tea\/Cocoa family.<\/p>","protected":false},"featured_media":21404,"comment_status":"closed","ping_status":"closed","template":"","meta":{"inline_featured_image":false,"__cvm_playback_settings":[],"__cvm_video_id":""},"product_brand":[],"product_cat":[72],"product_tag":[],"class_list":{"0":"post-15393","1":"product","2":"type-product","3":"status-publish","4":"has-post-thumbnail","6":"product_cat-intolerances-et-allergies-alimentaires","7":"member-discount","8":"discount-restricted","10":"first","11":"instock","12":"taxable","13":"shipping-taxable","14":"purchasable","15":"product-type-simple"},"composite_virtual":false,"composite_layout":"","composite_add_to_cart_form_location":"","composite_editable_in_cart":false,"composite_sold_individually_context":"","composite_shop_price_calc":"","composite_components":[],"composite_scenarios":[],"_links":{"self":[{"href":"https:\/\/www.lumen-care.com\/en\/wp-json\/wp\/v2\/product\/15393","targetHints":{"allow":["GET"]}}],"collection":[{"href":"https:\/\/www.lumen-care.com\/en\/wp-json\/wp\/v2\/product"}],"about":[{"href":"https:\/\/www.lumen-care.com\/en\/wp-json\/wp\/v2\/types\/product"}],"replies":[{"embeddable":true,"href":"https:\/\/www.lumen-care.com\/en\/wp-json\/wp\/v2\/comments?post=15393"}],"wp:featuredmedia":[{"embeddable":true,"href":"https:\/\/www.lumen-care.com\/en\/wp-json\/wp\/v2\/media\/21404"}],"wp:attachment":[{"href":"https:\/\/www.lumen-care.com\/en\/wp-json\/wp\/v2\/media?parent=15393"}],"wp:term":[{"taxonomy":"product_brand","embeddable":true,"href":"https:\/\/www.lumen-care.com\/en\/wp-json\/wp\/v2\/product_brand?post=15393"},{"taxonomy":"product_cat","embeddable":true,"href":"https:\/\/www.lumen-care.com\/en\/wp-json\/wp\/v2\/product_cat?post=15393"},{"taxonomy":"product_tag","embeddable":true,"href":"https:\/\/www.lumen-care.com\/en\/wp-json\/wp\/v2\/product_tag?post=15393"}],"curies":[{"name":"wp","href":"https:\/\/api.w.org\/{rel}","templated":true}]}}