{"id":17191,"date":"2023-07-28T16:13:53","date_gmt":"2023-07-28T14:13:53","guid":{"rendered":"https:\/\/www.lumen-care.com\/?post_type=product&#038;p=17191"},"modified":"2025-03-26T22:13:03","modified_gmt":"2025-03-26T21:13:03","slug":"mix-vegetables-2","status":"publish","type":"product","link":"https:\/\/www.lumen-care.com\/en\/sensitivities-intolerances\/mix-vegetables-2\/","title":{"rendered":"Mixed vegetables 2 (asteraceae, umbellifers, root vegetables, mushrooms, seaweed)"},"content":{"rendered":"<div class=\"fusion-one-full fusion-layout-column fusion-column-last fusion-spacing-yes\">\n<div class=\"fusion-column-wrapper\">\n<p>For a balanced vibration linked to all forms of sensitivities and intolerances to ASTERACEAE, OMBELLIFERS, RACINE VEGETABLES (OTHER), COMESTIBLE MUSHROOMS, COMESTIBLE ALGAE.<\/p>\n<p><b>Number of mixes: 05<\/b><\/p>\n<table style=\"width: 100%;\">\n<tbody>\n<tr>\n<td style=\"width: 50%; height: 18px;\" valign=\"top\">\n<h3>ASTERACEES <span class=\"s6\">AL-24<\/span><\/h3>\n<p>Amaranth, Artichoke, Batavia, Beetroot, Beetroot (raw, cooked, red), Chard, Cardoon, Chicory (endive, curly endive, sugar loaf, wild chicory, escarole), Cress, Alen cress, Endive, Endive-chicon, Spinach, Oak leaf, Fris\u00e9e, Iceberg, Lettuce, Head lettuce, Romaine lettuce, Lettuce, Batavia lettuce, Head lettuce, Lamb's lettuce, Dandelion, Common dandelion, Potato pear, Pear, Head lettuce, Purslane, Romaine, Rocket, Chioggia red, Salad, Salad greens, Salicornia, Salsify, Scorzonera, Sucrine, Jerusalem artichoke, Chicon<\/p>\n<p>&nbsp;<\/p>\n<h3>OMBELLIFERS\u00a0<span class=\"s6\">AL-26<\/span><\/h3>\n<p>Parsnip, Fennel, Chervil, Parsley, Cumin, Coriander, Lovage, Angelica, Dill, Carrot, Celery, Anise, Umbelliferae<\/p>\n<p>&nbsp;<\/p>\n<h3>ROOT VEGETABLES (OTHER)\u00a0<span class=\"s6\">AL-31<\/span><\/h3>\n<p>Arrowroot, Taro, Ginseng, Yac\u00f3n, Salsify, Sweet potato, Chayote, Yam, Cassava, Liquorice, Japanese Crosne, Sacred Lotus, Cardamom, Caribbean cabbage, Helianthi, Scorsonera, Maca, Kudzu, Potato pea, Yellow Gen- tian, Peruvian Oca<\/td>\n<td style=\"width: 50%; height: 18px;\" valign=\"top\">\n<h3>EDIBLE MUSHROOMS\u00a0<span class=\"s6\">AL-27<\/span><\/h3>\n<p>Button mushroom, Amanita - Amanite, Auricularia - Judas ear, Black mushroom, Boletus - Cep, Chanterelle - Chanterelle, Lepiote, Meunier, Cortinaire, Trompette-des-morts, P\u00e9zize vein\u00e9e, Langue de b\u0153uf, Boletus, Sheep's-foot, Beech shimmy, Milkwort, Polypore, Boletus, Oak valentine - Shiitake, Blue foot, Spurge, Lycoperdon - Wolf's-speed, Cou- lemelle, Morchella - Morel, Oyster mushroom, Russula, Porcini mushroom, Tricholome mushroom, Small grey, Mousetail.<\/p>\n<p>&nbsp;<\/p>\n<h3>EDIBLE ALGAE\u00a0<span class=\"s6\">AL-28<\/span><\/h3>\n<p>Alaria, Spirulina, Caulerpa, Sea grapes, White wrack, Spiral wrack, Bladder wrack, Sea bean, Laminaria, False Irish moss, Sweet kelp, Sargassum, Sea lettuce, Sea fern, Green laver<\/td>\n<\/tr>\n<\/tbody>\n<\/table>\n<p><b>WHO IS IT FOR?<\/b><br \/>\nTreat all forms of sensitivity or intolerance \/\/ Whatever the substance involved \/\/ Whatever the history \/\/ Whatever the intensity.<\/p>\n<p><b>HOW IT WORKS :<\/b><br \/>\nThe Lumen Care method is based on <strong>memory of water<\/strong> and the homeopathic principle of<strong>isotherapy<\/strong> which consists of treating a problem with the substance responsible for it, brought to a very high dilution. This energetic protocol takes the form of a capsule of informed water worn as a pendant on the skin.<\/p>\n<p><b>TREATMENT PROTOCOL :<\/b><br \/>\nEach capsule should be worn for 8 hours a day for 15 days spread over 1 month. Once a sensitivity has been successfully deprogrammed, the result should be long-lasting (<a href=\"https:\/\/www.lumen-care.com\/en\/mode-emploi\/\" target=\"_blank\" rel=\"noopener\">see instructions for use<\/a>).<\/p>\n<p><b>A NON-INVASIVE METHOD:<\/b><br \/>\nNo ingestion \/\/ No skin absorption \/\/ No dieting or avoidance \/\/ No side effects \/\/ No age limit \/\/ No drug interactions.<\/p>\n<p><em><strong>NB: Not suitable for people who are anaphylactic to the allergens listed without follow-up by <a href=\"https:\/\/www.apsl-sante.org\/annuaire-therapeutes\/\">a Lumen Care practitioner<\/a>.<\/strong><\/em><\/p>\n<p>&nbsp;<\/p>\n<\/div>\n<\/div>","protected":false},"excerpt":{"rendered":"<p>For a balanced vibration linked to all forms of sensitivities and intolerances to ASTERACEAE, OMBELLIFERS, RACINE VEGETABLES (OTHER), COMESTIBLE MUSHROOMS, COMESTIBLE ALGAE.<\/p>\n<p>&nbsp;<\/p>","protected":false},"featured_media":17194,"comment_status":"closed","ping_status":"closed","template":"","meta":{"inline_featured_image":false,"__cvm_playback_settings":[],"__cvm_video_id":""},"product_brand":[],"product_cat":[72],"product_tag":[1157,1156,1155,19],"class_list":{"0":"post-17191","1":"product","2":"type-product","3":"status-publish","4":"has-post-thumbnail","6":"product_cat-intolerances-et-allergies-alimentaires","7":"product_tag-alimentaires","8":"product_tag-intolerances","9":"product_tag-sensibilites","10":"product_tag-sensibilites-et-intolerances-alimentaires","11":"member-discount","12":"discount-restricted","14":"first","15":"instock","16":"taxable","17":"shipping-taxable","18":"purchasable","19":"product-type-simple"},"composite_virtual":false,"composite_layout":"","composite_add_to_cart_form_location":"","composite_editable_in_cart":false,"composite_sold_individually_context":"","composite_shop_price_calc":"","composite_components":[],"composite_scenarios":[],"_links":{"self":[{"href":"https:\/\/www.lumen-care.com\/en\/wp-json\/wp\/v2\/product\/17191","targetHints":{"allow":["GET"]}}],"collection":[{"href":"https:\/\/www.lumen-care.com\/en\/wp-json\/wp\/v2\/product"}],"about":[{"href":"https:\/\/www.lumen-care.com\/en\/wp-json\/wp\/v2\/types\/product"}],"replies":[{"embeddable":true,"href":"https:\/\/www.lumen-care.com\/en\/wp-json\/wp\/v2\/comments?post=17191"}],"wp:featuredmedia":[{"embeddable":true,"href":"https:\/\/www.lumen-care.com\/en\/wp-json\/wp\/v2\/media\/17194"}],"wp:attachment":[{"href":"https:\/\/www.lumen-care.com\/en\/wp-json\/wp\/v2\/media?parent=17191"}],"wp:term":[{"taxonomy":"product_brand","embeddable":true,"href":"https:\/\/www.lumen-care.com\/en\/wp-json\/wp\/v2\/product_brand?post=17191"},{"taxonomy":"product_cat","embeddable":true,"href":"https:\/\/www.lumen-care.com\/en\/wp-json\/wp\/v2\/product_cat?post=17191"},{"taxonomy":"product_tag","embeddable":true,"href":"https:\/\/www.lumen-care.com\/en\/wp-json\/wp\/v2\/product_tag?post=17191"}],"curies":[{"name":"wp","href":"https:\/\/api.w.org\/{rel}","templated":true}]}}