{"id":17704,"date":"2023-08-28T16:32:30","date_gmt":"2023-08-28T14:32:30","guid":{"rendered":"https:\/\/www.lumen-care.com\/?page_id=17704"},"modified":"2024-02-20T12:26:53","modified_gmt":"2024-02-20T11:26:53","slug":"formacion-terapeuta-2","status":"publish","type":"page","link":"https:\/\/www.lumen-care.com\/es\/catalogo-de-formacion\/formacion-terapeuta-2\/","title":{"rendered":"Formaci\u00f3n en bienestar y reprogramaci\u00f3n emocional"},"content":{"rendered":"<div data-elementor-type=\"wp-page\" data-elementor-id=\"17704\" class=\"elementor elementor-17704\" data-elementor-post-type=\"page\">\n\t\t\t\t\t\t<section data-particle_enable=\"false\" data-particle-mobile-disabled=\"false\" class=\"elementor-section elementor-top-section elementor-element elementor-element-6e97a836 elementor-section-boxed elementor-section-height-default elementor-section-height-default\" data-id=\"6e97a836\" data-element_type=\"section\" data-e-type=\"section\">\n\t\t\t\t\t\t<div class=\"elementor-container elementor-column-gap-default\">\n\t\t\t\t\t<div class=\"elementor-column elementor-col-50 elementor-top-column elementor-element elementor-element-70793bf8\" data-id=\"70793bf8\" data-element_type=\"column\" data-e-type=\"column\">\n\t\t\t<div class=\"elementor-widget-wrap elementor-element-populated\">\n\t\t\t\t\t\t<section data-particle_enable=\"false\" data-particle-mobile-disabled=\"false\" class=\"elementor-section elementor-inner-section elementor-element elementor-element-d8552f4 elementor-section-boxed elementor-section-height-default elementor-section-height-default\" data-id=\"d8552f4\" data-element_type=\"section\" data-e-type=\"section\">\n\t\t\t\t\t\t<div class=\"elementor-container elementor-column-gap-default\">\n\t\t\t\t\t<div class=\"elementor-column elementor-col-100 elementor-inner-column elementor-element elementor-element-71289ec\" data-id=\"71289ec\" data-element_type=\"column\" data-e-type=\"column\">\n\t\t\t<div class=\"elementor-widget-wrap elementor-element-populated\">\n\t\t\t\t\t\t<div class=\"elementor-element elementor-element-a9ffbe1 elementor-widget elementor-widget-text-editor\" data-id=\"a9ffbe1\" data-element_type=\"widget\" data-e-type=\"widget\" data-widget_type=\"text-editor.default\">\n\t\t\t\t<div class=\"elementor-widget-container\">\n\t\t\t\t\t\t\t\t\t<p style=\"line-height: 1.38; margin-top: 12pt; margin-bottom: 12pt;\"><span style=\"font-size: 17pt; font-family: Arial; color: #00aae7; background-color: transparent; font-weight: bold; font-style: normal; font-variant: normal; text-decoration: none; vertical-align: baseline; white-space: pre-wrap;\">T\u00edtulo :<br \/><span style=\"color: #808080;\">Bienestar y reprogramaci\u00f3n emocional a trav\u00e9s de la Reinformaci\u00f3n Vibracional<\/span><\/span><\/p><p>Nota: esta formaci\u00f3n es independiente de la que incluye las sensibilidades f\u00edsicas, en la que ya se trata el aspecto emocional, pero con menor profundidad.<\/p><p>\u00a0<\/p>\t\t\t\t\t\t\t\t<\/div>\n\t\t\t\t<\/div>\n\t\t\t\t<div class=\"elementor-element elementor-element-f29782f elementor-widget elementor-widget-text-editor\" data-id=\"f29782f\" data-element_type=\"widget\" data-e-type=\"widget\" data-widget_type=\"text-editor.default\">\n\t\t\t\t<div class=\"elementor-widget-container\">\n\t\t\t\t\t\t\t\t\t<p id=\"docs-internal-guid-8bd0c803-7fff-4c42-1431-895e61e532c0\" dir=\"ltr\" style=\"line-height: 1.38; margin-top: 12pt; margin-bottom: 12pt;\"><span id=\"docs-internal-guid-7c5e4747-7fff-9e20-4779-adc310f41bfc\" style=\"font-size: 17pt; font-family: Arial; color: #00aae7; background-color: transparent; font-weight: bold; font-style: normal; font-variant: normal; text-decoration: none; vertical-align: baseline; white-space: pre-wrap;\">Por qu\u00e9 entrenar<\/span><\/p>\n<ul>\n<li dir=\"ltr\" style=\"line-height: 1.38;\" role=\"presentation\"><span style=\"font-size: 11pt; font-family: Arial; color: #808080; background-color: transparent; font-weight: 400; font-style: normal; font-variant: normal; text-decoration: none; vertical-align: baseline; white-space: pre-wrap;\">La gesti\u00f3n de las emociones es un tema delicado para la mayor\u00eda de las personas<\/span><\/li>\n<li dir=\"ltr\" style=\"line-height: 1.38;\" role=\"presentation\"><span style=\"font-size: 11pt; font-family: Arial; color: #808080; background-color: transparent; font-weight: 400; font-style: normal; font-variant: normal; text-decoration: none; vertical-align: baseline; white-space: pre-wrap;\">Lumen Care ha desarrollado un m\u00e9todo de reprogramaci\u00f3n profunda basado en el refuerzo de las emociones positivas.<\/span><\/li>\n<li dir=\"ltr\" style=\"line-height: 1.38;\" role=\"presentation\"><span style=\"font-size: 11pt; font-family: Arial; color: #808080; background-color: transparent; font-weight: 400; font-style: normal; font-variant: normal; text-decoration: none; vertical-align: baseline; white-space: pre-wrap;\">Es una herramienta que funciona del mismo modo que las esencias florales para el bienestar cotidiano, pero tambi\u00e9n y sobre todo para la transformaci\u00f3n emocional en profundidad y la rearmonizaci\u00f3n.<\/span><\/li>\n<\/ul>\t\t\t\t\t\t\t\t<\/div>\n\t\t\t\t<\/div>\n\t\t\t\t<div class=\"elementor-element elementor-element-b12d056 elementor-widget elementor-widget-text-editor\" data-id=\"b12d056\" data-element_type=\"widget\" data-e-type=\"widget\" data-widget_type=\"text-editor.default\">\n\t\t\t\t<div class=\"elementor-widget-container\">\n\t\t\t\t\t\t\t\t\t<p id=\"docs-internal-guid-8bd0c803-7fff-4c42-1431-895e61e532c0\" dir=\"ltr\" style=\"line-height: 1.38; margin-top: 12pt; margin-bottom: 12pt;\"><span id=\"docs-internal-guid-7c5e4747-7fff-9e20-4779-adc310f41bfc\" style=\"font-size: 17pt; font-family: Arial; color: #00aae7; background-color: transparent; font-weight: bold; font-style: normal; font-variant: normal; text-decoration: none; vertical-align: baseline; white-space: pre-wrap;\">Objetivos de la formaci\u00f3n<\/span><\/p><p dir=\"ltr\">Al finalizar el curso, los alumnos ser\u00e1n capaces de :<\/p><ul><li dir=\"ltr\" style=\"line-height: 1.38;\" role=\"presentation\"><span style=\"font-size: 11pt; font-family: Arial; color: #808080; background-color: transparent; font-weight: 400; font-style: normal; font-variant: normal; text-decoration: none; vertical-align: baseline; white-space: pre-wrap;\">Realizar una prueba de sensibilidad para determinar las debilidades emocionales que est\u00e1n en el origen de una perturbaci\u00f3n.<\/span><\/li><li dir=\"ltr\" style=\"line-height: 1.38;\" role=\"presentation\"><span style=\"font-size: 11pt; font-family: Arial; color: #808080; background-color: transparent; font-weight: 400; font-style: normal; font-variant: normal; text-decoration: none; vertical-align: baseline; white-space: pre-wrap;\">Definir un protocolo de tratamiento mediante homeopat\u00eda de contacto.<\/span><\/li><li dir=\"ltr\" style=\"line-height: 1.38;\" role=\"presentation\"><span style=\"font-size: 11pt; font-family: Arial; color: #808080; background-color: transparent; font-weight: 400; font-style: normal; font-variant: normal; text-decoration: none; vertical-align: baseline; white-space: pre-wrap;\">Seguimiento del tratamiento<\/span><\/li><\/ul>\t\t\t\t\t\t\t\t<\/div>\n\t\t\t\t<\/div>\n\t\t\t\t<div class=\"elementor-element elementor-element-0ad365f elementor-widget elementor-widget-text-editor\" data-id=\"0ad365f\" data-element_type=\"widget\" data-e-type=\"widget\" data-widget_type=\"text-editor.default\">\n\t\t\t\t<div class=\"elementor-widget-container\">\n\t\t\t\t\t\t\t\t\t<h2 dir=\"ltr\" style=\"line-height: 1.38; margin-top: 18pt; margin-bottom: 4pt;\"><span style=\"font-size: 17pt; font-family: Arial; color: #00aae7; background-color: transparent; font-weight: bold; font-style: normal; font-variant: normal; text-decoration: none; vertical-align: baseline; white-space: pre-wrap;\">Perfil del aprendiz<\/span><\/h2><ul><li><span style=\"font-size: 11pt; font-family: Arial; color: #808080; background-color: transparent; font-weight: 400; font-style: normal; font-variant: normal; text-decoration: none; vertical-align: baseline; white-space: pre-wrap;\">Terapeutas en ejercicio o aspirantes<\/span><\/li><li><span style=\"font-size: 11pt; font-family: Arial; color: #808080; background-color: transparent; font-weight: 400; font-style: normal; font-variant: normal; text-decoration: none; vertical-align: baseline; white-space: pre-wrap;\">Profesionales sanitarios<\/span><\/li><li><span style=\"font-size: 11pt; font-family: Arial; color: #808080; background-color: transparent; font-weight: 400; font-style: normal; font-variant: normal; text-decoration: none; vertical-align: baseline; white-space: pre-wrap;\">Cualquier persona que desee practicar la<\/span><\/li><\/ul><div>Requisitos previos: un ordenador con micr\u00f3fono y c\u00e1mara y una conexi\u00f3n a Internet de banda ancha.<\/div><div>\u00a0<\/div>\t\t\t\t\t\t\t\t<\/div>\n\t\t\t\t<\/div>\n\t\t\t\t<div class=\"elementor-element elementor-element-2ed8995 elementor-widget elementor-widget-text-editor\" data-id=\"2ed8995\" data-element_type=\"widget\" data-e-type=\"widget\" data-widget_type=\"text-editor.default\">\n\t\t\t\t<div class=\"elementor-widget-container\">\n\t\t\t\t\t\t\t\t\t<h2><span style=\"font-weight: 400; color: #00aae7;\"><b>Curso<\/b><\/span><\/h2><p><span style=\"font-weight: 400;\">El curso completo se desarrolla a lo largo de <\/span><b>un per\u00edodo de <\/b><b>3 <\/b><b>meses, hasta que se obtenga la certificaci\u00f3n<\/b><span style=\"font-weight: 400;\">. Se basa en el principio de <\/span><b>aprendizaje combinado <\/b><span style=\"font-weight: 400;\">(<\/span><span style=\"font-weight: 400;\">tipo de formaci\u00f3n mixta (presencial y a distancia) con\u00a0 <\/span><b>alternando entre varias fases<\/b><span style=\"font-weight: 400;\"> :\u00a0<\/span><\/p><p><span style=\"font-weight: 400;\">Cursos te\u00f3ricos y de conocimientos b\u00e1sicos y aprendizaje electr\u00f3nico en profundidad.\u00a0<\/span><\/p><p><span style=\"font-weight: 400;\">Aprender el m\u00e9todo y ponerlo en pr\u00e1ctica, en formaci\u00f3n directa con el formador (presencial o a distancia s\u00edncrona).<\/span><\/p><p><span style=\"font-weight: 400;\">Sesiones de seguimiento en grupo e individuales (que permiten abordar los problemas de forma personalizada). Son momentos para explicaciones, intercambios, res\u00famenes y medidas correctoras.<\/span><\/p><p><span style=\"font-weight: 400;\">Los terapeutas formados adquieren una serie de competencias que les permiten :<\/span><\/p><ul><li style=\"list-style-type: none;\"><ul><li style=\"font-weight: 400;\" aria-level=\"1\"><span style=\"font-weight: 400;\">realizar pruebas de forma aut\u00f3noma a sus clientes,\u00a0<\/span><\/li><li style=\"font-weight: 400;\" aria-level=\"1\"><span style=\"font-weight: 400;\">proponer protocolos adecuados\u00a0<\/span><\/li><li style=\"font-weight: 400;\" aria-level=\"1\"><span style=\"font-weight: 400;\">acceder a las herramientas, bases de conocimientos y asistencia t\u00e9cnica de Lumen Care.<\/span><\/li><\/ul><\/li><\/ul><p><span style=\"font-weight: 400;\">Los terapeutas obtienen su titulaci\u00f3n tras<\/span><span style=\"font-weight: 400;\"> tres meses <\/span><span style=\"font-weight: 400;\">y puede figurar en el directorio de profesionales de Lumen Care.<\/span><\/p><ul><li style=\"list-style-type: none;\"><ul><li style=\"font-weight: 400;\" aria-level=\"1\"><span style=\"font-weight: 400;\">La consulta con el terapeuta es gratuita,\u00a0<\/span><\/li><li style=\"font-weight: 400;\" aria-level=\"1\"><span style=\"font-weight: 400;\">El terapeuta comunica al cliente el resultado de la prueba<\/span><\/li><li style=\"font-weight: 400;\" aria-level=\"1\"><span style=\"font-weight: 400;\">Los pedidos de tratamiento se realizan directamente en el sitio web del laboratorio mediante la aplicaci\u00f3n de seguimiento de clientes \"Verbatim\".<\/span><\/li><li style=\"font-weight: 400;\" aria-level=\"1\"><span style=\"font-weight: 400;\">La c\u00e1psula se env\u00eda por correo al cliente en un plazo de 48 horas.<\/span><\/li><\/ul><\/li><\/ul>\t\t\t\t\t\t\t\t<\/div>\n\t\t\t\t<\/div>\n\t\t\t\t<div class=\"elementor-element elementor-element-db3350c elementor-widget elementor-widget-text-editor\" data-id=\"db3350c\" data-element_type=\"widget\" data-e-type=\"widget\" data-widget_type=\"text-editor.default\">\n\t\t\t\t<div class=\"elementor-widget-container\">\n\t\t\t\t\t\t\t\t\t<h2 dir=\"ltr\" style=\"line-height: 1.38; margin-top: 18pt; margin-bottom: 4pt;\"><span style=\"font-size: 17pt; font-family: Arial; color: #00aae7; background-color: transparent; font-weight: bold; font-style: normal; font-variant: normal; text-decoration: none; vertical-align: baseline; white-space: pre-wrap;\">Accesibilidad<\/span><\/h2><p><span class=\"text-with-new-lines\">Trabajaremos contigo para encontrar la mejor manera de que completes tu formaci\u00f3n. As\u00ed que ponte en contacto con nosotros para que juntos encontremos la soluci\u00f3n ideal.<\/span><\/p>\t\t\t\t\t\t\t\t<\/div>\n\t\t\t\t<\/div>\n\t\t\t\t<div class=\"elementor-element elementor-element-722512d elementor-widget elementor-widget-text-editor\" data-id=\"722512d\" data-element_type=\"widget\" data-e-type=\"widget\" data-widget_type=\"text-editor.default\">\n\t\t\t\t<div class=\"elementor-widget-container\">\n\t\t\t\t\t\t\t\t\t<p><strong style=\"color: #00aae7; font-family: Lato, sans-serif; font-size: 1.6em;\">Indicadores de resultados :<\/strong><\/p>\t\t\t\t\t\t\t\t<\/div>\n\t\t\t\t<\/div>\n\t\t\t\t<div class=\"elementor-element elementor-element-58c55b2 elementor-widget elementor-widget-text-editor\" data-id=\"58c55b2\" data-element_type=\"widget\" data-e-type=\"widget\" data-widget_type=\"text-editor.default\">\n\t\t\t\t<div class=\"elementor-widget-container\">\n\t\t\t\t\t\t\t\t\t<div data-id=\"a088c19\" data-element_type=\"widget\" data-widget_type=\"text-editor.default\"><div><div><ul><li>Indicador a\u00fan no disponible<\/li><\/ul><\/div><\/div><\/div>\t\t\t\t\t\t\t\t<\/div>\n\t\t\t\t<\/div>\n\t\t\t\t\t<\/div>\n\t\t<\/div>\n\t\t\t\t\t<\/div>\n\t\t<\/section>\n\t\t\t\t\t<\/div>\n\t\t<\/div>\n\t\t\t\t<div class=\"elementor-column elementor-col-50 elementor-top-column elementor-element elementor-element-33a903f\" data-id=\"33a903f\" data-element_type=\"column\" data-e-type=\"column\">\n\t\t\t<div class=\"elementor-widget-wrap elementor-element-populated\">\n\t\t\t\t\t\t<div class=\"elementor-element elementor-element-6f67286 elementor-widget elementor-widget-text-editor\" data-id=\"6f67286\" data-element_type=\"widget\" data-e-type=\"widget\" data-widget_type=\"text-editor.default\">\n\t\t\t\t<div class=\"elementor-widget-container\">\n\t\t\t\t\t\t\t\t\t<p style=\"text-align: right;\"><em>Actualizado: 28\/08\/2023<\/em><\/p>\t\t\t\t\t\t\t\t<\/div>\n\t\t\t\t<\/div>\n\t\t\t\t<div class=\"elementor-element elementor-element-13decee elementor-nav-menu__align-end elementor-nav-menu--dropdown-mobile elementor-nav-menu__text-align-aside elementor-nav-menu--toggle elementor-nav-menu--burger elementor-widget elementor-widget-nav-menu\" data-id=\"13decee\" data-element_type=\"widget\" data-e-type=\"widget\" data-settings=\"{&quot;layout&quot;:&quot;vertical&quot;,&quot;submenu_icon&quot;:{&quot;value&quot;:&quot;&lt;i class=\\&quot;fas fa-caret-down\\&quot; aria-hidden=\\&quot;true\\&quot;&gt;&lt;\\\/i&gt;&quot;,&quot;library&quot;:&quot;fa-solid&quot;},&quot;toggle&quot;:&quot;burger&quot;}\" data-widget_type=\"nav-menu.default\">\n\t\t\t\t<div class=\"elementor-widget-container\">\n\t\t\t\t\t\t\t\t<nav aria-label=\"Men\u00fa\" class=\"elementor-nav-menu--main elementor-nav-menu__container elementor-nav-menu--layout-vertical e--pointer-text e--animation-shrink\">\n\t\t\t\t<ul id=\"menu-1-13decee\" class=\"elementor-nav-menu sm-vertical\"><li class=\"menu-item menu-item-type-post_type menu-item-object-page menu-item-17856\"><a href=\"https:\/\/www.lumen-care.com\/es\/catalogo-de-formacion\/formacion-terapeuta-2\/\" class=\"elementor-item\">\u00bfPara qui\u00e9n, por qu\u00e9 y c\u00f3mo?<\/a><\/li>\n<li class=\"menu-item menu-item-type-post_type menu-item-object-page menu-item-17859\"><a href=\"https:\/\/www.lumen-care.com\/es\/catalogo-de-formacion\/programas-2\/\" class=\"elementor-item\">Programa<\/a><\/li>\n<li class=\"menu-item menu-item-type-post_type menu-item-object-page menu-item-17881\"><a href=\"https:\/\/www.lumen-care.com\/es\/servicios-de-sensibilizacion-emocional\/\" class=\"elementor-item\">Los servicios<\/a><\/li>\n<li class=\"menu-item menu-item-type-post_type menu-item-object-page menu-item-17858\"><a href=\"https:\/\/www.lumen-care.com\/es\/catalogo-de-formacion\/formacion-terapeuta\/calendario-tarifa-2\/\" class=\"elementor-item\">Calendario y precios<\/a><\/li>\n<\/ul>\t\t\t<\/nav>\n\t\t\t\t\t<div class=\"elementor-menu-toggle\" role=\"button\" tabindex=\"0\" aria-label=\"Men\u00fa alternativo\" aria-expanded=\"false\">\n\t\t\t<i aria-hidden=\"true\" role=\"presentation\" class=\"elementor-menu-toggle__icon--open eicon-menu-bar\"><\/i><i aria-hidden=\"true\" role=\"presentation\" class=\"elementor-menu-toggle__icon--close eicon-close\"><\/i>\t\t<\/div>\n\t\t\t\t\t<nav class=\"elementor-nav-menu--dropdown elementor-nav-menu__container\" aria-hidden=\"true\">\n\t\t\t\t<ul id=\"menu-2-13decee\" class=\"elementor-nav-menu sm-vertical\"><li class=\"menu-item menu-item-type-post_type menu-item-object-page menu-item-17856\"><a href=\"https:\/\/www.lumen-care.com\/es\/catalogo-de-formacion\/formacion-terapeuta-2\/\" class=\"elementor-item\" tabindex=\"-1\">\u00bfPara qui\u00e9n, por qu\u00e9 y c\u00f3mo?<\/a><\/li>\n<li class=\"menu-item menu-item-type-post_type menu-item-object-page menu-item-17859\"><a href=\"https:\/\/www.lumen-care.com\/es\/catalogo-de-formacion\/programas-2\/\" class=\"elementor-item\" tabindex=\"-1\">Programa<\/a><\/li>\n<li class=\"menu-item menu-item-type-post_type menu-item-object-page menu-item-17881\"><a href=\"https:\/\/www.lumen-care.com\/es\/servicios-de-sensibilizacion-emocional\/\" class=\"elementor-item\" tabindex=\"-1\">Los servicios<\/a><\/li>\n<li class=\"menu-item menu-item-type-post_type menu-item-object-page menu-item-17858\"><a href=\"https:\/\/www.lumen-care.com\/es\/catalogo-de-formacion\/formacion-terapeuta\/calendario-tarifa-2\/\" class=\"elementor-item\" tabindex=\"-1\">Calendario y precios<\/a><\/li>\n<\/ul>\t\t\t<\/nav>\n\t\t\t\t\t\t<\/div>\n\t\t\t\t<\/div>\n\t\t\t\t<div class=\"elementor-element elementor-element-5d308af elementor-button-info elementor-align-center elementor-widget elementor-widget-button\" data-id=\"5d308af\" data-element_type=\"widget\" data-e-type=\"widget\" data-widget_type=\"button.default\">\n\t\t\t\t<div class=\"elementor-widget-container\">\n\t\t\t\t\t\t\t\t\t<div class=\"elementor-button-wrapper\">\n\t\t\t\t\t<a class=\"elementor-button elementor-button-link elementor-size-sm\" href=\"https:\/\/www.lumen-care.com\/es\/formacion-terapeuta\/preinscripcion-2\/\">\n\t\t\t\t\t\t<span class=\"elementor-button-content-wrapper\">\n\t\t\t\t\t\t\t\t\t<span class=\"elementor-button-text\">PREINSCRIPCI\u00d3N PARA LA FORMACI\u00d3N<\/span>\n\t\t\t\t\t<\/span>\n\t\t\t\t\t<\/a>\n\t\t\t\t<\/div>\n\t\t\t\t\t\t\t\t<\/div>\n\t\t\t\t<\/div>\n\t\t\t\t<div class=\"elementor-element elementor-element-9febd05 elementor-widget elementor-widget-heading\" data-id=\"9febd05\" data-element_type=\"widget\" data-e-type=\"widget\" data-widget_type=\"heading.default\">\n\t\t\t\t<div class=\"elementor-widget-container\">\n\t\t\t\t\t<h2 class=\"elementor-heading-title elementor-size-default\">Inscr\u00edbase en la masterclass sobre refuerzo emocional positivo<\/h2>\t\t\t\t<\/div>\n\t\t\t\t<\/div>\n\t\t\t\t<div class=\"elementor-element elementor-element-2ce80ba elementor-align-center elementor-widget elementor-widget-button\" data-id=\"2ce80ba\" data-element_type=\"widget\" data-e-type=\"widget\" data-widget_type=\"button.default\">\n\t\t\t\t<div class=\"elementor-widget-container\">\n\t\t\t\t\t\t\t\t\t<div class=\"elementor-button-wrapper\">\n\t\t\t\t\t<a class=\"elementor-button elementor-button-link elementor-size-sm\" href=\"https:\/\/www.lumen-care.com\/es\/seminario-web-5\/\" target=\"_blank\">\n\t\t\t\t\t\t<span class=\"elementor-button-content-wrapper\">\n\t\t\t\t\t\t<span class=\"elementor-button-icon\">\n\t\t\t\t<i aria-hidden=\"true\" class=\"fas fa-angle-right\"><\/i>\t\t\t<\/span>\n\t\t\t\t\t\t\t\t\t<span class=\"elementor-button-text\">Descubra<\/span>\n\t\t\t\t\t<\/span>\n\t\t\t\t\t<\/a>\n\t\t\t\t<\/div>\n\t\t\t\t\t\t\t\t<\/div>\n\t\t\t\t<\/div>\n\t\t\t\t\t<\/div>\n\t\t<\/div>\n\t\t\t\t\t<\/div>\n\t\t<\/section>\n\t\t\t\t<section data-particle_enable=\"false\" data-particle-mobile-disabled=\"false\" class=\"elementor-section elementor-top-section elementor-element elementor-element-fae4fea elementor-section-boxed elementor-section-height-default elementor-section-height-default\" data-id=\"fae4fea\" data-element_type=\"section\" data-e-type=\"section\">\n\t\t\t\t\t\t<div class=\"elementor-container elementor-column-gap-default\">\n\t\t\t\t\t<div class=\"elementor-column elementor-col-100 elementor-top-column elementor-element elementor-element-931d603\" data-id=\"931d603\" data-element_type=\"column\" data-e-type=\"column\">\n\t\t\t<div class=\"elementor-widget-wrap elementor-element-populated\">\n\t\t\t\t\t\t<section data-particle_enable=\"false\" data-particle-mobile-disabled=\"false\" class=\"elementor-section elementor-inner-section elementor-element elementor-element-5caa15d elementor-section-boxed elementor-section-height-default elementor-section-height-default\" data-id=\"5caa15d\" data-element_type=\"section\" data-e-type=\"section\">\n\t\t\t\t\t\t<div class=\"elementor-container elementor-column-gap-default\">\n\t\t\t\t\t<div class=\"elementor-column elementor-col-50 elementor-inner-column elementor-element elementor-element-ecc0f9e\" data-id=\"ecc0f9e\" data-element_type=\"column\" data-e-type=\"column\">\n\t\t\t<div class=\"elementor-widget-wrap\">\n\t\t\t\t\t\t\t<\/div>\n\t\t<\/div>\n\t\t\t\t<div class=\"elementor-column elementor-col-50 elementor-inner-column elementor-element elementor-element-8067939\" data-id=\"8067939\" data-element_type=\"column\" data-e-type=\"column\">\n\t\t\t<div class=\"elementor-widget-wrap elementor-element-populated\">\n\t\t\t\t\t\t<div class=\"elementor-element elementor-element-96dd3a7 elementor-align-right elementor-widget elementor-widget-button\" data-id=\"96dd3a7\" data-element_type=\"widget\" data-e-type=\"widget\" data-widget_type=\"button.default\">\n\t\t\t\t<div class=\"elementor-widget-container\">\n\t\t\t\t\t\t\t\t\t<div class=\"elementor-button-wrapper\">\n\t\t\t\t\t<a class=\"elementor-button elementor-button-link elementor-size-sm\" href=\"https:\/\/www.lumen-care.com\/es\/formacion-terapeuta\/programas-2\/\">\n\t\t\t\t\t\t<span class=\"elementor-button-content-wrapper\">\n\t\t\t\t\t\t<span class=\"elementor-button-icon\">\n\t\t\t\t<i aria-hidden=\"true\" class=\"fas fa-arrow-right\"><\/i>\t\t\t<\/span>\n\t\t\t\t\t\t\t\t\t<span class=\"elementor-button-text\">Programa<\/span>\n\t\t\t\t\t<\/span>\n\t\t\t\t\t<\/a>\n\t\t\t\t<\/div>\n\t\t\t\t\t\t\t\t<\/div>\n\t\t\t\t<\/div>\n\t\t\t\t\t<\/div>\n\t\t<\/div>\n\t\t\t\t\t<\/div>\n\t\t<\/section>\n\t\t\t\t\t<\/div>\n\t\t<\/div>\n\t\t\t\t\t<\/div>\n\t\t<\/section>\n\t\t\t\t<\/div>","protected":false},"excerpt":{"rendered":"<p>T\u00edtulo :Bienestar y reprogramaci\u00f3n emocional a trav\u00e9s de la Reinformaci\u00f3n Vibracional Atenci\u00f3n: este curso es independiente del curso de sensibilidades f\u00edsicas, en el que ya se aborda el aspecto emocional, pero con menor profundidad.   Por qu\u00e9 hacer este curso La gesti\u00f3n de las emociones es un tema delicado para la mayor\u00eda de las personas Lumen Care ha desarrollado un [...].","protected":false},"author":1,"featured_media":0,"parent":17971,"menu_order":0,"comment_status":"closed","ping_status":"closed","template":"page-blank-title-center.php","meta":{"inline_featured_image":false,"__cvm_playback_settings":[],"__cvm_video_id":"","footnotes":""},"class_list":["post-17704","page","type-page","status-publish","hentry"],"_links":{"self":[{"href":"https:\/\/www.lumen-care.com\/es\/wp-json\/wp\/v2\/pages\/17704","targetHints":{"allow":["GET"]}}],"collection":[{"href":"https:\/\/www.lumen-care.com\/es\/wp-json\/wp\/v2\/pages"}],"about":[{"href":"https:\/\/www.lumen-care.com\/es\/wp-json\/wp\/v2\/types\/page"}],"author":[{"embeddable":true,"href":"https:\/\/www.lumen-care.com\/es\/wp-json\/wp\/v2\/users\/1"}],"replies":[{"embeddable":true,"href":"https:\/\/www.lumen-care.com\/es\/wp-json\/wp\/v2\/comments?post=17704"}],"version-history":[{"count":0,"href":"https:\/\/www.lumen-care.com\/es\/wp-json\/wp\/v2\/pages\/17704\/revisions"}],"up":[{"embeddable":true,"href":"https:\/\/www.lumen-care.com\/es\/wp-json\/wp\/v2\/pages\/17971"}],"wp:attachment":[{"href":"https:\/\/www.lumen-care.com\/es\/wp-json\/wp\/v2\/media?parent=17704"}],"curies":[{"name":"wp","href":"https:\/\/api.w.org\/{rel}","templated":true}]}}