{"id":2612,"date":"2019-01-25T20:30:03","date_gmt":"2019-01-25T19:30:03","guid":{"rendered":"https:\/\/www.lumen-care.com\/?page_id=2612"},"modified":"2021-03-16T10:10:45","modified_gmt":"2021-03-16T09:10:45","slug":"informacion-legal","status":"publish","type":"page","link":"https:\/\/www.lumen-care.com\/es\/informacion-legal\/","title":{"rendered":"Informaci\u00f3n jur\u00eddica"},"content":{"rendered":"<p style=\"text-align: justify;\"><strong>1. Presentaci\u00f3n del sitio :\n<\/strong>\nDe conformidad con lo dispuesto en los art\u00edculos 6-III y 19 de la Ley n\u00ba 2004-575 de 21 de junio de 2004 sobre la confianza en la econom\u00eda digital, conocida como L.C.E.N., llamamos la atenci\u00f3n de los usuarios y visitantes del sitio web : <a href=\"https:\/\/www.lumen-care.com\/es\/\" target=\"_blank\" rel=\"noopener\">lumen-care.com<\/a> la siguiente informaci\u00f3n:<\/p>\n<p style=\"text-align: justify;\"><strong>Informaci\u00f3n jur\u00eddica : <\/strong><\/p>\n<p style=\"text-align: justify;\">Forma jur\u00eddica : <strong>SAS<\/strong>\nNombre de la empresa :<strong> Laboratorio Lumen Care<\/strong>\nDirecci\u00f3n: <strong>812 B chemin du P\u00e9guier, 84170 Monteux, Francia<\/strong>\nTel: <strong>+33 (0)1 85 43 05 83<\/strong><\/p>\nCapital de :<strong> 1700 \u20ac<\/strong>\nSIRET : <strong>82461056200012<\/strong>\nC\u00f3digo APE : <strong>7211Z<\/strong>\nN\u00famero de IVA : <strong>FR55824610562<\/strong>\nN\u00famero de entrenador : <strong>11950629595<\/strong>\nDirecci\u00f3n de correo electr\u00f3nico: contact [at] lumen-care.com\n\nEl creador del sitio es : <strong>Laboratorio Lumen Care\n<\/strong>El responsable de la publicaci\u00f3n es : <strong>Olivier Coen<\/strong>\n\nEl alojamiento del sitio web es: OVH - RCS Roubaix-Tourcoing 424 761 419 00045 - 2 rue Kellermann, 59100 Roubaix - Francia\n<p style=\"text-align: justify;\">Los avisos legales fueron generados por <strong><a href=\"https:\/\/www.generer-mentions-legales.com\">avisos legales<\/a><\/strong><\/p>\n<p style=\"text-align: justify;\"><strong>2. Descripci\u00f3n de los servicios prestados :<\/strong><\/p>\nEl sitio web <a href=\"https:\/\/www.lumen-care.com\/es\/\" target=\"_blank\" rel=\"noopener\">lumen-care.com<\/a> es proporcionar informaci\u00f3n sobre todas las actividades de la empresa.\nEl propietario del sitio se esfuerza por ofrecer en \u00e9l <a href=\"https:\/\/www.lumen-care.com\/es\/\" target=\"_blank\" rel=\"noopener\">lumen-care.com<\/a> informaci\u00f3n lo m\u00e1s exacta posible. No obstante, no podr\u00e1 ser considerada responsable de las omisiones, inexactitudes o falta de actualizaci\u00f3n de la informaci\u00f3n, ya sean imputables a ella misma o a terceros que le proporcionen dicha informaci\u00f3n.\nToda la informaci\u00f3n facilitada en la <a href=\"https:\/\/www.lumen-care.com\/es\/\" target=\"_blank\" rel=\"noopener\">lumen-care.com<\/a> se facilitan a t\u00edtulo informativo, no son exhaustivos y pueden sufrir modificaciones. Est\u00e1n sujetas a las modificaciones que puedan haberse introducido desde su puesta en l\u00ednea.\n<p style=\"text-align: justify;\"><strong>3. Propiedad intelectual y falsificaci\u00f3n :<\/strong>\nEl propietario del sitio es titular de los derechos de propiedad intelectual o posee los derechos de uso sobre todos los elementos accesibles en el sitio, en particular los textos, im\u00e1genes, gr\u00e1ficos, logotipos, iconos, sonidos, software...\nCualquier reproducci\u00f3n, representaci\u00f3n, modificaci\u00f3n, publicaci\u00f3n, adaptaci\u00f3n total o parcial de los elementos del sitio, cualesquiera que sean los medios o el procedimiento utilizado, est\u00e1 prohibida, salvo autorizaci\u00f3n previa por escrito al correo electr\u00f3nico: contact [at] lumen-care.com.\nCualquier uso no autorizado del sitio o de cualquiera de los elementos que contiene se considerar\u00e1 constitutivo de infracci\u00f3n y ser\u00e1 perseguido de conformidad con lo dispuesto en los art\u00edculos L.335-2 y siguientes del C\u00f3digo franc\u00e9s de la Propiedad Intelectual.<\/p>\n<p style=\"text-align: justify;\"><strong>4. Hiperv\u00ednculos y cookies :<\/strong><\/p>\nEl sitio web <a href=\"https:\/\/www.lumen-care.com\/es\/\" target=\"_blank\" rel=\"noopener\">lumen-care.com<\/a> contiene una serie de enlaces de hipertexto hacia otros sitios (socios, informaci\u00f3n, etc.) creados con la autorizaci\u00f3n del propietario del sitio. Sin embargo, el propietario del sitio no tiene la posibilidad de comprobar el contenido de los sitios as\u00ed visitados y, por tanto, declina toda responsabilidad por los posibles riesgos de contenidos il\u00edcitos.\n\nSe informa a los usuarios de que durante sus visitas al sitio <a href=\"https:\/\/www.lumen-care.com\/es\/\" target=\"_blank\" rel=\"noopener\">lumen-care.com<\/a>Si visita nuestro sitio web, es posible que se instalen autom\u00e1ticamente una o varias cookies en su ordenador. Una cookie es un peque\u00f1o archivo que no permite identificar al usuario, pero que registra informaci\u00f3n relativa a la navegaci\u00f3n de un ordenador en un sitio. Los datos obtenidos de este modo est\u00e1n destinados a facilitar la navegaci\u00f3n posterior por el sitio y tambi\u00e9n se utilizan para medir el n\u00famero de visitantes.\n\nLos programas de navegaci\u00f3n pueden configurarse para informar a los usuarios de la presencia de cookies y, en caso necesario, rechazarlas, tal como se describe en la siguiente direcci\u00f3n: www.cnil.fr.\nRechazar la instalaci\u00f3n de una cookie puede imposibilitar el acceso a determinados servicios. No obstante, el usuario puede configurar su ordenador de la siguiente manera para rechazar la instalaci\u00f3n de cookies:\nEn Internet Explorer: pesta\u00f1a Herramientas \/ Opciones de Internet. Haga clic en Confidencialidad y seleccione Bloquear todas las cookies. Confirme con Ok.\nEn Firefox: pesta\u00f1a Edici\u00f3n \/ Preferencias. Haga clic en Avanzado y elija Desactivar las cookies. Validar con Ok.\n<p style=\"text-align: justify;\"><strong>5. Protecci\u00f3n de personas y bienes - gesti\u00f3n de datos personales :<\/strong><\/p>\nUsuario: usuario de Internet que se conecta y utiliza el sitio mencionado: <a href=\"https:\/\/www.lumen-care.com\/es\/\" target=\"_blank\" rel=\"noopener\">lumen-care.com<\/a>\nEn Francia, los datos personales est\u00e1n protegidos por la ley n\u00ba 78-87 de 6 de enero de 1978, la ley n\u00ba 2004-801 de 6 de agosto de 2004, el art\u00edculo L. 226-13 del C\u00f3digo Penal y la Directiva Europea de 24 de octubre de 1995.\n<p style=\"text-align: justify;\">En el sitio web <a href=\"https:\/\/www.lumen-care.com\/es\/\" target=\"_blank\" rel=\"noopener\">lumen-care.com<\/a>El propietario del sitio s\u00f3lo recoge informaci\u00f3n personal relativa al usuario a efectos de determinados servicios ofrecidos por el sitio. <a href=\"https:\/\/www.lumen-care.com\/es\/\" target=\"_blank\" rel=\"noopener\">lumen-care.com<\/a>. Los usuarios facilitan esta informaci\u00f3n con pleno conocimiento de causa, sobre todo cuando la introducen ellos mismos. El usuario del <a href=\"https:\/\/www.lumen-care.com\/es\/\" target=\"_blank\" rel=\"noopener\">lumen-care.com<\/a> la obligaci\u00f3n de facilitar esta informaci\u00f3n.\nDe conformidad con lo dispuesto en los art\u00edculos 38 y siguientes de la Ley francesa 78-17 de 6 de enero de 1978 relativa a la protecci\u00f3n de datos, todo usuario dispone de un derecho de acceso, rectificaci\u00f3n, supresi\u00f3n y oposici\u00f3n a los datos personales que le conciernan. Para ejercer este derecho, env\u00ede su solicitud a <a href=\"https:\/\/www.lumen-care.com\/es\/\" target=\"_blank\" rel=\"noopener\">lumen-care.com<\/a> por correo electr\u00f3nico o enviando una solicitud escrita y firmada, acompa\u00f1ada de una copia del documento de identidad con la firma del titular del documento, en la que se especifique la direcci\u00f3n a la que debe enviarse la respuesta.<\/p>\n<p style=\"text-align: justify;\">No hay informaci\u00f3n personal sobre el usuario del <a href=\"https:\/\/www.lumen-care.com\/es\/\" target=\"_blank\" rel=\"noopener\">lumen-care.com<\/a> se publique sin conocimiento del usuario, intercambie, transfiera, ceda o venda por cualquier medio a terceros. S\u00f3lo la asunci\u00f3n de la compra del sitio. <a href=\"https:\/\/www.lumen-care.com\/es\/\" target=\"_blank\" rel=\"noopener\">lumen-care.com<\/a> al propietario del sitio y sus derechos permitir\u00eda la transmisi\u00f3n de dicha informaci\u00f3n al eventual comprador que, a su vez, estar\u00eda sujeto a la misma obligaci\u00f3n de conservaci\u00f3n y modificaci\u00f3n de los datos con respecto al usuario del sitio. <a href=\"https:\/\/www.lumen-care.com\/es\/\" target=\"_blank\" rel=\"noopener\">lumen-care.com<\/a>.<\/p>\n<p style=\"text-align: justify;\">El sitio web lumen-care.com cumple el RGPD (consulte nuestra pol\u00edtica de RGPD).<\/p>\n<p style=\"text-align: justify;\">Las bases de datos est\u00e1n protegidas por las disposiciones de la Ley de 1 de julio de 1998 que transpone la Directiva 96\/9 de 11 de marzo de 1996 sobre la protecci\u00f3n jur\u00eddica de las bases de datos.<\/p>","protected":false},"excerpt":{"rendered":"<p>1. Presentaci\u00f3n del sitio: De conformidad con las disposiciones de los art\u00edculos 6-III y 19 de la Ley n\u00ba 2004-575 de 21 de junio de 2004 para la Confianza en la Econom\u00eda Digital, conocida como L.C.E.N., ponemos en conocimiento de los usuarios y visitantes del sitio: lumen-care.com la siguiente informaci\u00f3n: Informaci\u00f3n legal: Forma jur\u00eddica: SAS Denominaci\u00f3n social: [...]","protected":false},"author":1,"featured_media":0,"parent":0,"menu_order":0,"comment_status":"closed","ping_status":"closed","template":"","meta":{"inline_featured_image":false,"__cvm_playback_settings":[],"__cvm_video_id":"","footnotes":""},"class_list":["post-2612","page","type-page","status-publish","hentry"],"_links":{"self":[{"href":"https:\/\/www.lumen-care.com\/es\/wp-json\/wp\/v2\/pages\/2612","targetHints":{"allow":["GET"]}}],"collection":[{"href":"https:\/\/www.lumen-care.com\/es\/wp-json\/wp\/v2\/pages"}],"about":[{"href":"https:\/\/www.lumen-care.com\/es\/wp-json\/wp\/v2\/types\/page"}],"author":[{"embeddable":true,"href":"https:\/\/www.lumen-care.com\/es\/wp-json\/wp\/v2\/users\/1"}],"replies":[{"embeddable":true,"href":"https:\/\/www.lumen-care.com\/es\/wp-json\/wp\/v2\/comments?post=2612"}],"version-history":[{"count":0,"href":"https:\/\/www.lumen-care.com\/es\/wp-json\/wp\/v2\/pages\/2612\/revisions"}],"wp:attachment":[{"href":"https:\/\/www.lumen-care.com\/es\/wp-json\/wp\/v2\/media?parent=2612"}],"curies":[{"name":"wp","href":"https:\/\/api.w.org\/{rel}","templated":true}]}}