{"id":6514,"date":"2021-03-18T12:35:42","date_gmt":"2021-03-18T11:35:42","guid":{"rendered":"https:\/\/www.lumen-care.com\/?page_id=6514"},"modified":"2024-04-15T16:45:02","modified_gmt":"2024-04-15T14:45:02","slug":"formacion-terapeuta","status":"publish","type":"page","link":"https:\/\/www.lumen-care.com\/es\/catalogo-de-formacion\/formacion-terapeuta\/","title":{"rendered":"Formaci\u00f3n en desprogramaci\u00f3n de sensibilidades e intolerancias"},"content":{"rendered":"<div data-elementor-type=\"wp-page\" data-elementor-id=\"6514\" class=\"elementor elementor-6514\" data-elementor-post-type=\"page\">\n\t\t\t\t\t\t<section data-particle_enable=\"false\" data-particle-mobile-disabled=\"false\" class=\"elementor-section elementor-top-section elementor-element elementor-element-6e97a836 elementor-section-boxed elementor-section-height-default elementor-section-height-default\" data-id=\"6e97a836\" data-element_type=\"section\" data-e-type=\"section\">\n\t\t\t\t\t\t<div class=\"elementor-container elementor-column-gap-default\">\n\t\t\t\t\t<div class=\"elementor-column elementor-col-50 elementor-top-column elementor-element elementor-element-70793bf8\" data-id=\"70793bf8\" data-element_type=\"column\" data-e-type=\"column\">\n\t\t\t<div class=\"elementor-widget-wrap elementor-element-populated\">\n\t\t\t\t\t\t<section data-particle_enable=\"false\" data-particle-mobile-disabled=\"false\" class=\"elementor-section elementor-inner-section elementor-element elementor-element-d8552f4 elementor-section-boxed elementor-section-height-default elementor-section-height-default\" data-id=\"d8552f4\" data-element_type=\"section\" data-e-type=\"section\">\n\t\t\t\t\t\t<div class=\"elementor-container elementor-column-gap-default\">\n\t\t\t\t\t<div class=\"elementor-column elementor-col-100 elementor-inner-column elementor-element elementor-element-71289ec\" data-id=\"71289ec\" data-element_type=\"column\" data-e-type=\"column\">\n\t\t\t<div class=\"elementor-widget-wrap elementor-element-populated\">\n\t\t\t\t\t\t<div class=\"elementor-element elementor-element-2ed8995 elementor-widget elementor-widget-text-editor\" data-id=\"2ed8995\" data-element_type=\"widget\" data-e-type=\"widget\" data-widget_type=\"text-editor.default\">\n\t\t\t\t<div class=\"elementor-widget-container\">\n\t\t\t\t\t\t\t\t\t<h2><span style=\"font-weight: 400; color: #00aae7;\"><b>Curso<\/b><\/span><\/h2><p><span style=\"font-weight: 400;\">El curso completo se desarrolla a lo largo de <\/span><b>un per\u00edodo de <\/b><b>3 <\/b><b>meses, hasta que se obtenga la certificaci\u00f3n<\/b><span style=\"font-weight: 400;\">. Se basa en el principio de <\/span><b>aprendizaje combinado <\/b><span style=\"font-weight: 400;\">(<\/span><span style=\"font-weight: 400;\">tipo de formaci\u00f3n mixta (presencial y a distancia) con\u00a0 <\/span><b>alternando entre varias fases<\/b><span style=\"font-weight: 400;\"> :\u00a0<\/span><\/p><p><span style=\"font-weight: 400;\">Cursos te\u00f3ricos y de conocimientos b\u00e1sicos y aprendizaje electr\u00f3nico en profundidad.\u00a0<\/span><\/p><p><span style=\"font-weight: 400;\">Aprender el m\u00e9todo y ponerlo en pr\u00e1ctica, en formaci\u00f3n directa con el formador (presencial o a distancia s\u00edncrona).<\/span><\/p><p><span style=\"font-weight: 400;\">Sesiones de seguimiento en grupo e individuales (que permiten abordar los problemas de forma personalizada). Son momentos para explicaciones, intercambios, res\u00famenes y medidas correctoras.<\/span><\/p><p><span style=\"font-weight: 400;\">Los terapeutas formados adquieren una serie de competencias que les permiten :<\/span><\/p><ul><li style=\"list-style-type: none;\"><ul><li style=\"font-weight: 400;\" aria-level=\"1\"><span style=\"font-weight: 400;\">realizan auditor\u00edas energ\u00e9ticas independientes para sus clientes,\u00a0<\/span><\/li><li style=\"font-weight: 400;\" aria-level=\"1\"><span style=\"font-weight: 400;\">ofrecer las c\u00e1psulas adecuadas\u00a0<\/span><\/li><li style=\"font-weight: 400;\" aria-level=\"1\"><span style=\"font-weight: 400;\">acceder a las herramientas, bases de conocimientos y asistencia t\u00e9cnica de Lumen Care.<\/span><\/li><\/ul><\/li><\/ul><p><span style=\"font-weight: 400;\">Los terapeutas obtienen su titulaci\u00f3n tras<\/span><span style=\"font-weight: 400;\"> tres meses <\/span><span style=\"font-weight: 400;\">y puede figurar en el directorio de profesionales de Lumen Care.<\/span><\/p><ul><li style=\"list-style-type: none;\"><ul><li style=\"font-weight: 400;\" aria-level=\"1\"><span style=\"font-weight: 400;\">La consulta con el terapeuta es gratuita,\u00a0<\/span><\/li><li style=\"font-weight: 400;\" aria-level=\"1\"><span style=\"font-weight: 400;\">El terapeuta comunica al cliente el resultado de la prueba<\/span><\/li><li style=\"font-weight: 400;\" aria-level=\"1\"><span style=\"font-weight: 400;\">Las c\u00e1psulas se piden directamente en el sitio web del laboratorio mediante la aplicaci\u00f3n de seguimiento de clientes \"Verbatim\".<\/span><\/li><li style=\"font-weight: 400;\" aria-level=\"1\"><span style=\"font-weight: 400;\">Las c\u00e1psulas se env\u00edan por correo en un plazo de 48 horas a la direcci\u00f3n del cliente.<\/span><\/li><\/ul><\/li><\/ul>\t\t\t\t\t\t\t\t<\/div>\n\t\t\t\t<\/div>\n\t\t\t\t<div class=\"elementor-element elementor-element-0ad365f elementor-widget elementor-widget-text-editor\" data-id=\"0ad365f\" data-element_type=\"widget\" data-e-type=\"widget\" data-widget_type=\"text-editor.default\">\n\t\t\t\t<div class=\"elementor-widget-container\">\n\t\t\t\t\t\t\t\t\t<h2 dir=\"ltr\" style=\"line-height: 1.38; margin-top: 18pt; margin-bottom: 4pt;\"><span style=\"font-size: 17pt; font-family: Arial; color: #00aae7; background-color: transparent; font-weight: bold; font-style: normal; font-variant: normal; text-decoration: none; vertical-align: baseline; white-space: pre-wrap;\">Perfil del aprendiz<\/span><\/h2><ul style=\"margin-top: 0; margin-bottom: 0; padding-inline-start: 48px;\"><li dir=\"ltr\" style=\"list-style-type: circle; font-size: 11pt; font-family: Arial; color: #000000; background-color: transparent; font-weight: 400; font-style: normal; font-variant: normal; text-decoration: none; vertical-align: baseline; white-space: pre; margin-left: 36pt;\" aria-level=\"2\"><p dir=\"ltr\" style=\"line-height: 1.38; margin-top: 12pt; margin-bottom: 0pt;\" role=\"presentation\"><span style=\"font-size: 11pt; font-family: Arial; color: #808080; background-color: transparent; font-weight: 400; font-style: normal; font-variant: normal; text-decoration: none; vertical-align: baseline; white-space: pre-wrap;\">Terapeutas en ejercicio o aspirantes<\/span><\/p><\/li><li dir=\"ltr\" style=\"list-style-type: circle; font-size: 11pt; font-family: Arial; color: #000000; background-color: transparent; font-weight: 400; font-style: normal; font-variant: normal; text-decoration: none; vertical-align: baseline; white-space: pre; margin-left: 36pt;\" aria-level=\"2\"><p dir=\"ltr\" style=\"line-height: 1.38; margin-top: 12pt; margin-bottom: 12pt;\" role=\"presentation\"><span style=\"font-size: 11pt; font-family: Arial; color: #808080; background-color: transparent; font-weight: 400; font-style: normal; font-variant: normal; text-decoration: none; vertical-align: baseline; white-space: pre-wrap;\">Profesionales sanitarios<\/span><\/p><\/li><li dir=\"ltr\" style=\"list-style-type: circle; font-size: 11pt; font-family: Arial; color: #000000; background-color: transparent; font-weight: 400; font-style: normal; font-variant: normal; text-decoration: none; vertical-align: baseline; white-space: pre; margin-left: 36pt;\" aria-level=\"2\"><p dir=\"ltr\" style=\"line-height: 1.38; margin-top: 12pt; margin-bottom: 12pt;\" role=\"presentation\"><span style=\"font-size: 11pt; font-family: Arial; color: #808080; background-color: transparent; font-weight: 400; font-style: normal; font-variant: normal; text-decoration: none; vertical-align: baseline; white-space: pre-wrap;\">Cualquier persona que desee practicar la<\/span><\/p><\/li><\/ul><p>Acogemos a personas con discapacidad (contacte con nosotros).<\/p><p id=\"docs-internal-guid-8bd0c803-7fff-4c42-1431-895e61e532c0\" dir=\"ltr\" style=\"line-height: 1.38; margin-top: 12pt; margin-bottom: 12pt;\"><span id=\"docs-internal-guid-7c5e4747-7fff-9e20-4779-adc310f41bfc\" style=\"font-size: 17pt; font-family: Arial; color: #00aae7; background-color: transparent; font-weight: bold; font-style: normal; font-variant: normal; text-decoration: none; vertical-align: baseline; white-space: pre-wrap;\">Objetivos de la formaci\u00f3n<\/span><\/p><p dir=\"ltr\">Al finalizar el curso, los alumnos ser\u00e1n capaces de :<\/p><ul style=\"margin-top: 0; margin-bottom: 0; padding-inline-start: 48px;\"><li dir=\"ltr\" style=\"list-style-type: circle; font-size: 11pt; font-family: Arial; color: #000000; background-color: transparent; font-weight: 400; font-style: normal; font-variant: normal; text-decoration: none; vertical-align: baseline; white-space: pre; margin-left: 36pt;\" aria-level=\"2\"><p dir=\"ltr\" style=\"line-height: 1.38; margin-top: 12pt; margin-bottom: 0pt;\" role=\"presentation\"><span style=\"font-size: 11pt; font-family: Arial; color: #808080; background-color: transparent; font-weight: 400; font-style: normal; font-variant: normal; text-decoration: none; vertical-align: baseline; white-space: pre-wrap;\">Realizar un balance energ\u00e9tico de sensibilidad para determinar las principales sustancias reactivas.<\/span><\/p><\/li><li dir=\"ltr\" style=\"list-style-type: circle; font-size: 11pt; font-family: Arial; color: #000000; background-color: transparent; font-weight: 400; font-style: normal; font-variant: normal; text-decoration: none; vertical-align: baseline; white-space: pre; margin-left: 36pt;\" aria-level=\"2\"><p dir=\"ltr\" style=\"line-height: 1.38; margin-top: 0pt; margin-bottom: 0pt;\" role=\"presentation\"><span style=\"font-size: 11pt; font-family: Arial; color: #808080; background-color: transparent; font-weight: 400; font-style: normal; font-variant: normal; text-decoration: none; vertical-align: baseline; white-space: pre-wrap;\">Definici\u00f3n de un protocolo de homeopat\u00eda de contacto.<\/span><\/p><\/li><li dir=\"ltr\" style=\"list-style-type: circle; font-size: 11pt; font-family: Arial; color: #000000; background-color: transparent; font-weight: 400; font-style: normal; font-variant: normal; text-decoration: none; vertical-align: baseline; white-space: pre; margin-left: 36pt;\" aria-level=\"2\"><p dir=\"ltr\" style=\"line-height: 1.38; margin-top: 0pt; margin-bottom: 12pt;\" role=\"presentation\"><span style=\"font-size: 11pt; font-family: Arial; color: #808080; background-color: transparent; font-weight: 400; font-style: normal; font-variant: normal; text-decoration: none; vertical-align: baseline; white-space: pre-wrap;\">Supervisar la desprogramaci\u00f3n<\/span><\/p><\/li><\/ul>\t\t\t\t\t\t\t\t<\/div>\n\t\t\t\t<\/div>\n\t\t\t\t\t<\/div>\n\t\t<\/div>\n\t\t\t\t\t<\/div>\n\t\t<\/section>\n\t\t\t\t\t<\/div>\n\t\t<\/div>\n\t\t\t\t<div class=\"elementor-column elementor-col-50 elementor-top-column elementor-element elementor-element-33a903f\" data-id=\"33a903f\" data-element_type=\"column\" data-e-type=\"column\">\n\t\t\t<div class=\"elementor-widget-wrap elementor-element-populated\">\n\t\t\t\t\t\t<div class=\"elementor-element elementor-element-13decee elementor-nav-menu__align-end elementor-nav-menu--dropdown-mobile elementor-nav-menu__text-align-aside elementor-nav-menu--toggle elementor-nav-menu--burger elementor-widget elementor-widget-nav-menu\" data-id=\"13decee\" data-element_type=\"widget\" data-e-type=\"widget\" data-settings=\"{&quot;layout&quot;:&quot;vertical&quot;,&quot;submenu_icon&quot;:{&quot;value&quot;:&quot;&lt;i class=\\&quot;fas fa-caret-down\\&quot; aria-hidden=\\&quot;true\\&quot;&gt;&lt;\\\/i&gt;&quot;,&quot;library&quot;:&quot;fa-solid&quot;},&quot;toggle&quot;:&quot;burger&quot;}\" data-widget_type=\"nav-menu.default\">\n\t\t\t\t<div class=\"elementor-widget-container\">\n\t\t\t\t\t\t\t\t<nav aria-label=\"Men\u00fa\" class=\"elementor-nav-menu--main elementor-nav-menu__container elementor-nav-menu--layout-vertical e--pointer-text e--animation-shrink\">\n\t\t\t\t<ul id=\"menu-1-13decee\" class=\"elementor-nav-menu sm-vertical\"><li class=\"menu-item menu-item-type-custom menu-item-object-custom menu-item-9359\"><a href=\"https:\/\/www.lumen-care.com\/es\/deroulement-de-la-formation-de-la-methode-lumen-care\/\" class=\"elementor-item\">\u00bfPara qui\u00e9n, por qu\u00e9 y c\u00f3mo?<\/a><\/li>\n<li class=\"menu-item menu-item-type-post_type menu-item-object-page menu-item-6646\"><a href=\"https:\/\/www.lumen-care.com\/es\/catalogo-de-formacion\/programas\/\" class=\"elementor-item\">Programa<\/a><\/li>\n<li class=\"menu-item menu-item-type-custom menu-item-object-custom menu-item-9354\"><a href=\"https:\/\/www.lumen-care.com\/es\/training-lumen-care-les-services\/\" class=\"elementor-item\">Los servicios<\/a><\/li>\n<li class=\"menu-item menu-item-type-post_type menu-item-object-page menu-item-6645\"><a href=\"https:\/\/www.lumen-care.com\/es\/catalogo-de-formacion\/calendario-tarifa\/\" class=\"elementor-item\">Calendario y precios<\/a><\/li>\n<li class=\"menu-item menu-item-type-post_type menu-item-object-page menu-item-6644\"><a href=\"https:\/\/www.lumen-care.com\/es\/catalogo-de-formacion\/formacion-terapeuta\/testimonios-de-terapeutas\/\" class=\"elementor-item\">Testimonios<\/a><\/li>\n<\/ul>\t\t\t<\/nav>\n\t\t\t\t\t<div class=\"elementor-menu-toggle\" role=\"button\" tabindex=\"0\" aria-label=\"Men\u00fa alternativo\" aria-expanded=\"false\">\n\t\t\t<i aria-hidden=\"true\" role=\"presentation\" class=\"elementor-menu-toggle__icon--open eicon-menu-bar\"><\/i><i aria-hidden=\"true\" role=\"presentation\" class=\"elementor-menu-toggle__icon--close eicon-close\"><\/i>\t\t<\/div>\n\t\t\t\t\t<nav class=\"elementor-nav-menu--dropdown elementor-nav-menu__container\" aria-hidden=\"true\">\n\t\t\t\t<ul id=\"menu-2-13decee\" class=\"elementor-nav-menu sm-vertical\"><li class=\"menu-item menu-item-type-custom menu-item-object-custom menu-item-9359\"><a href=\"https:\/\/www.lumen-care.com\/es\/deroulement-de-la-formation-de-la-methode-lumen-care\/\" class=\"elementor-item\" tabindex=\"-1\">\u00bfPara qui\u00e9n, por qu\u00e9 y c\u00f3mo?<\/a><\/li>\n<li class=\"menu-item menu-item-type-post_type menu-item-object-page menu-item-6646\"><a href=\"https:\/\/www.lumen-care.com\/es\/catalogo-de-formacion\/programas\/\" class=\"elementor-item\" tabindex=\"-1\">Programa<\/a><\/li>\n<li class=\"menu-item menu-item-type-custom menu-item-object-custom menu-item-9354\"><a href=\"https:\/\/www.lumen-care.com\/es\/training-lumen-care-les-services\/\" class=\"elementor-item\" tabindex=\"-1\">Los servicios<\/a><\/li>\n<li class=\"menu-item menu-item-type-post_type menu-item-object-page menu-item-6645\"><a href=\"https:\/\/www.lumen-care.com\/es\/catalogo-de-formacion\/calendario-tarifa\/\" class=\"elementor-item\" tabindex=\"-1\">Calendario y precios<\/a><\/li>\n<li class=\"menu-item menu-item-type-post_type menu-item-object-page menu-item-6644\"><a href=\"https:\/\/www.lumen-care.com\/es\/catalogo-de-formacion\/formacion-terapeuta\/testimonios-de-terapeutas\/\" class=\"elementor-item\" tabindex=\"-1\">Testimonios<\/a><\/li>\n<\/ul>\t\t\t<\/nav>\n\t\t\t\t\t\t<\/div>\n\t\t\t\t<\/div>\n\t\t\t\t<div class=\"elementor-element elementor-element-5d308af elementor-button-info elementor-align-center elementor-widget elementor-widget-button\" data-id=\"5d308af\" data-element_type=\"widget\" data-e-type=\"widget\" data-widget_type=\"button.default\">\n\t\t\t\t<div class=\"elementor-widget-container\">\n\t\t\t\t\t\t\t\t\t<div class=\"elementor-button-wrapper\">\n\t\t\t\t\t<a class=\"elementor-button elementor-button-link elementor-size-sm\" href=\"https:\/\/www.lumen-care.com\/es\/formacion-terapeuta\/preinscripcion-2\/\">\n\t\t\t\t\t\t<span class=\"elementor-button-content-wrapper\">\n\t\t\t\t\t\t\t\t\t<span class=\"elementor-button-text\">PREINSCRIPCI\u00d3N PARA LA FORMACI\u00d3N<\/span>\n\t\t\t\t\t<\/span>\n\t\t\t\t\t<\/a>\n\t\t\t\t<\/div>\n\t\t\t\t\t\t\t\t<\/div>\n\t\t\t\t<\/div>\n\t\t\t\t<div class=\"elementor-element elementor-element-cae85c0 elementor-widget elementor-widget-heading\" data-id=\"cae85c0\" data-element_type=\"widget\" data-e-type=\"widget\" data-widget_type=\"heading.default\">\n\t\t\t\t<div class=\"elementor-widget-container\">\n\t\t\t\t\t<h2 class=\"elementor-heading-title elementor-size-default\">Reg\u00edstrese y acceda a la clase magistral sobre el\nM\u00e9todo Lumen Care<\/h2>\t\t\t\t<\/div>\n\t\t\t\t<\/div>\n\t\t\t\t<div class=\"elementor-element elementor-element-41a3583 elementor-align-center elementor-widget elementor-widget-button\" data-id=\"41a3583\" data-element_type=\"widget\" data-e-type=\"widget\" data-widget_type=\"button.default\">\n\t\t\t\t<div class=\"elementor-widget-container\">\n\t\t\t\t\t\t\t\t\t<div class=\"elementor-button-wrapper\">\n\t\t\t\t\t<a class=\"elementor-button elementor-button-link elementor-size-sm\" href=\"https:\/\/www.lumen-care.com\/es\/seminario-web\/\" target=\"_blank\">\n\t\t\t\t\t\t<span class=\"elementor-button-content-wrapper\">\n\t\t\t\t\t\t<span class=\"elementor-button-icon\">\n\t\t\t\t<i aria-hidden=\"true\" class=\"fas fa-angle-right\"><\/i>\t\t\t<\/span>\n\t\t\t\t\t\t\t\t\t<span class=\"elementor-button-text\">Descubra<\/span>\n\t\t\t\t\t<\/span>\n\t\t\t\t\t<\/a>\n\t\t\t\t<\/div>\n\t\t\t\t\t\t\t\t<\/div>\n\t\t\t\t<\/div>\n\t\t\t\t\t<\/div>\n\t\t<\/div>\n\t\t\t\t\t<\/div>\n\t\t<\/section>\n\t\t\t\t<section data-particle_enable=\"false\" data-particle-mobile-disabled=\"false\" class=\"elementor-section elementor-top-section elementor-element elementor-element-fae4fea elementor-section-boxed elementor-section-height-default elementor-section-height-default\" data-id=\"fae4fea\" data-element_type=\"section\" data-e-type=\"section\">\n\t\t\t\t\t\t<div class=\"elementor-container elementor-column-gap-default\">\n\t\t\t\t\t<div class=\"elementor-column elementor-col-100 elementor-top-column elementor-element elementor-element-931d603\" data-id=\"931d603\" data-element_type=\"column\" data-e-type=\"column\">\n\t\t\t<div class=\"elementor-widget-wrap elementor-element-populated\">\n\t\t\t\t\t\t<section data-particle_enable=\"false\" data-particle-mobile-disabled=\"false\" class=\"elementor-section elementor-inner-section elementor-element elementor-element-5caa15d elementor-section-boxed elementor-section-height-default elementor-section-height-default\" data-id=\"5caa15d\" data-element_type=\"section\" data-e-type=\"section\">\n\t\t\t\t\t\t<div class=\"elementor-container elementor-column-gap-default\">\n\t\t\t\t\t<div class=\"elementor-column elementor-col-50 elementor-inner-column elementor-element elementor-element-ecc0f9e\" data-id=\"ecc0f9e\" data-element_type=\"column\" data-e-type=\"column\">\n\t\t\t<div class=\"elementor-widget-wrap\">\n\t\t\t\t\t\t\t<\/div>\n\t\t<\/div>\n\t\t\t\t<div class=\"elementor-column elementor-col-50 elementor-inner-column elementor-element elementor-element-8067939\" data-id=\"8067939\" data-element_type=\"column\" data-e-type=\"column\">\n\t\t\t<div class=\"elementor-widget-wrap elementor-element-populated\">\n\t\t\t\t\t\t<div class=\"elementor-element elementor-element-96dd3a7 elementor-align-right elementor-widget elementor-widget-button\" data-id=\"96dd3a7\" data-element_type=\"widget\" data-e-type=\"widget\" data-widget_type=\"button.default\">\n\t\t\t\t<div class=\"elementor-widget-container\">\n\t\t\t\t\t\t\t\t\t<div class=\"elementor-button-wrapper\">\n\t\t\t\t\t<a class=\"elementor-button elementor-button-link elementor-size-sm\" href=\"https:\/\/www.lumen-care.com\/es\/deroulement-de-la-formation-de-la-methode-lumen-care\/\">\n\t\t\t\t\t\t<span class=\"elementor-button-content-wrapper\">\n\t\t\t\t\t\t<span class=\"elementor-button-icon\">\n\t\t\t\t<i aria-hidden=\"true\" class=\"fas fa-arrow-right\"><\/i>\t\t\t<\/span>\n\t\t\t\t\t\t\t\t\t<span class=\"elementor-button-text\">Los m\u00f3dulos<\/span>\n\t\t\t\t\t<\/span>\n\t\t\t\t\t<\/a>\n\t\t\t\t<\/div>\n\t\t\t\t\t\t\t\t<\/div>\n\t\t\t\t<\/div>\n\t\t\t\t\t<\/div>\n\t\t<\/div>\n\t\t\t\t\t<\/div>\n\t\t<\/section>\n\t\t\t\t\t<\/div>\n\t\t<\/div>\n\t\t\t\t\t<\/div>\n\t\t<\/section>\n\t\t\t\t<\/div>","protected":false},"excerpt":{"rendered":"<p>C\u00f3mo funciona El curso completo se desarrolla a lo largo de 3 meses, hasta la obtenci\u00f3n de la certificaci\u00f3n. Se basa en el principio del aprendizaje semipresencial (un tipo de formaci\u00f3n que combina la ense\u00f1anza presencial y a distancia), con varias fases que se alternan: cursos te\u00f3ricos y de conocimientos b\u00e1sicos y aprendizaje electr\u00f3nico en profundidad.  [...]","protected":false},"author":1,"featured_media":0,"parent":17971,"menu_order":0,"comment_status":"closed","ping_status":"closed","template":"page-blank-title-center.php","meta":{"inline_featured_image":false,"__cvm_playback_settings":[],"__cvm_video_id":"","footnotes":""},"class_list":["post-6514","page","type-page","status-publish","hentry"],"_links":{"self":[{"href":"https:\/\/www.lumen-care.com\/es\/wp-json\/wp\/v2\/pages\/6514","targetHints":{"allow":["GET"]}}],"collection":[{"href":"https:\/\/www.lumen-care.com\/es\/wp-json\/wp\/v2\/pages"}],"about":[{"href":"https:\/\/www.lumen-care.com\/es\/wp-json\/wp\/v2\/types\/page"}],"author":[{"embeddable":true,"href":"https:\/\/www.lumen-care.com\/es\/wp-json\/wp\/v2\/users\/1"}],"replies":[{"embeddable":true,"href":"https:\/\/www.lumen-care.com\/es\/wp-json\/wp\/v2\/comments?post=6514"}],"version-history":[{"count":0,"href":"https:\/\/www.lumen-care.com\/es\/wp-json\/wp\/v2\/pages\/6514\/revisions"}],"up":[{"embeddable":true,"href":"https:\/\/www.lumen-care.com\/es\/wp-json\/wp\/v2\/pages\/17971"}],"wp:attachment":[{"href":"https:\/\/www.lumen-care.com\/es\/wp-json\/wp\/v2\/media?parent=6514"}],"curies":[{"name":"wp","href":"https:\/\/api.w.org\/{rel}","templated":true}]}}