{"id":11826,"date":"2022-09-15T23:44:51","date_gmt":"2022-09-15T21:44:51","guid":{"rendered":"https:\/\/www.lumen-care.com\/?post_type=product&#038;p=11826"},"modified":"2024-11-07T18:27:08","modified_gmt":"2024-11-07T17:27:08","slug":"capsule-sur-mesure-dhomeopathie-de-contact-salon","status":"publish","type":"product","link":"https:\/\/www.lumen-care.com\/es\/sensibilidades-intolerancias\/capsule-sur-mesure-dhomeopathie-de-contact-salon\/","title":{"rendered":"C\u00e1psula a medida de<em>Homeopathic Contact\u2122 (Contacto homeop\u00e1tico)<\/em> - espect\u00e1culo especial"},"content":{"rendered":"<p>Codificaci\u00f3n Mezcla a medida tras una evaluaci\u00f3n de sensibilidad realizada por un profesional del m\u00e9todo Lumen Care.<\/p>","protected":false},"excerpt":{"rendered":"<p>Codificaci\u00f3n Mezcla a medida tras una evaluaci\u00f3n de sensibilidad realizada por un profesional del m\u00e9todo Lumen Care.<\/p>","protected":false},"featured_media":1172,"comment_status":"closed","ping_status":"closed","template":"","meta":{"inline_featured_image":false,"__cvm_playback_settings":[],"__cvm_video_id":""},"product_brand":[],"product_cat":[93],"product_tag":[],"class_list":{"0":"post-11826","1":"product","2":"type-product","3":"status-publish","4":"has-post-thumbnail","6":"product_cat-sur-mesure","8":"first","9":"instock","10":"taxable","11":"shipping-taxable","12":"purchasable","13":"product-type-simple"},"composite_virtual":false,"composite_layout":"","composite_add_to_cart_form_location":"","composite_editable_in_cart":false,"composite_sold_individually_context":"","composite_shop_price_calc":"","composite_components":[],"composite_scenarios":[],"_links":{"self":[{"href":"https:\/\/www.lumen-care.com\/es\/wp-json\/wp\/v2\/product\/11826","targetHints":{"allow":["GET"]}}],"collection":[{"href":"https:\/\/www.lumen-care.com\/es\/wp-json\/wp\/v2\/product"}],"about":[{"href":"https:\/\/www.lumen-care.com\/es\/wp-json\/wp\/v2\/types\/product"}],"replies":[{"embeddable":true,"href":"https:\/\/www.lumen-care.com\/es\/wp-json\/wp\/v2\/comments?post=11826"}],"wp:featuredmedia":[{"embeddable":true,"href":"https:\/\/www.lumen-care.com\/es\/wp-json\/wp\/v2\/media\/1172"}],"wp:attachment":[{"href":"https:\/\/www.lumen-care.com\/es\/wp-json\/wp\/v2\/media?parent=11826"}],"wp:term":[{"taxonomy":"product_brand","embeddable":true,"href":"https:\/\/www.lumen-care.com\/es\/wp-json\/wp\/v2\/product_brand?post=11826"},{"taxonomy":"product_cat","embeddable":true,"href":"https:\/\/www.lumen-care.com\/es\/wp-json\/wp\/v2\/product_cat?post=11826"},{"taxonomy":"product_tag","embeddable":true,"href":"https:\/\/www.lumen-care.com\/es\/wp-json\/wp\/v2\/product_tag?post=11826"}],"curies":[{"name":"wp","href":"https:\/\/api.w.org\/{rel}","templated":true}]}}