{"id":12099,"date":"2022-10-26T19:20:58","date_gmt":"2022-10-26T17:20:58","guid":{"rendered":"https:\/\/www.lumen-care.com\/?post_type=product&#038;p=12099"},"modified":"2024-11-13T11:31:16","modified_gmt":"2024-11-13T10:31:16","slug":"testsensibilitecatalogo45","status":"publish","type":"product","link":"https:\/\/www.lumen-care.com\/es\/sensibilidades-intolerancias\/testsensibilitecatalogo45\/","title":{"rendered":"C\u00e1psula personalizada basada en la evaluaci\u00f3n de un profesional - Cat\u00e1logo LCL"},"content":{"rendered":"<p>Mezcla hecha a medida tras una evaluaci\u00f3n de sensibilidad energ\u00e9tica realizada por un profesional de la Reinformaci\u00f3n Vibratoria, utilizando referencias de reactivos del cat\u00e1logo de LCL.<\/p>","protected":false},"excerpt":{"rendered":"<p>Codificaci\u00f3n de una c\u00e1psula de reinformaci\u00f3n vibratoria personalizada basada en una evaluaci\u00f3n de la sensibilidad energ\u00e9tica realizada por un profesional.<br \/>\nNosotros nos encargaremos de recuperar su balance, o puede copiarlo y pegarlo en el cuadro de comentarios o enviarlo como archivo adjunto.<\/p>","protected":false},"featured_media":1143,"comment_status":"closed","ping_status":"closed","template":"","meta":{"inline_featured_image":false,"__cvm_playback_settings":[],"__cvm_video_id":""},"product_brand":[],"product_cat":[93],"product_tag":[],"class_list":{"0":"post-12099","1":"product","2":"type-product","3":"status-publish","4":"has-post-thumbnail","6":"product_cat-sur-mesure","7":"member-discount","8":"discount-restricted","10":"first","11":"instock","12":"taxable","13":"shipping-taxable","14":"purchasable","15":"product-type-simple"},"composite_virtual":false,"composite_layout":"","composite_add_to_cart_form_location":"","composite_editable_in_cart":false,"composite_sold_individually_context":"","composite_shop_price_calc":"","composite_components":[],"composite_scenarios":[],"_links":{"self":[{"href":"https:\/\/www.lumen-care.com\/es\/wp-json\/wp\/v2\/product\/12099","targetHints":{"allow":["GET"]}}],"collection":[{"href":"https:\/\/www.lumen-care.com\/es\/wp-json\/wp\/v2\/product"}],"about":[{"href":"https:\/\/www.lumen-care.com\/es\/wp-json\/wp\/v2\/types\/product"}],"replies":[{"embeddable":true,"href":"https:\/\/www.lumen-care.com\/es\/wp-json\/wp\/v2\/comments?post=12099"}],"wp:featuredmedia":[{"embeddable":true,"href":"https:\/\/www.lumen-care.com\/es\/wp-json\/wp\/v2\/media\/1143"}],"wp:attachment":[{"href":"https:\/\/www.lumen-care.com\/es\/wp-json\/wp\/v2\/media?parent=12099"}],"wp:term":[{"taxonomy":"product_brand","embeddable":true,"href":"https:\/\/www.lumen-care.com\/es\/wp-json\/wp\/v2\/product_brand?post=12099"},{"taxonomy":"product_cat","embeddable":true,"href":"https:\/\/www.lumen-care.com\/es\/wp-json\/wp\/v2\/product_cat?post=12099"},{"taxonomy":"product_tag","embeddable":true,"href":"https:\/\/www.lumen-care.com\/es\/wp-json\/wp\/v2\/product_tag?post=12099"}],"curies":[{"name":"wp","href":"https:\/\/api.w.org\/{rel}","templated":true}]}}