{"id":13633,"date":"2023-01-26T17:27:25","date_gmt":"2023-01-26T16:27:25","guid":{"rendered":"https:\/\/www.lumen-care.com\/?post_type=product&#038;p=13633"},"modified":"2024-12-02T19:12:11","modified_gmt":"2024-12-02T18:12:11","slug":"caja-de-efluvios-cuidarse","status":"publish","type":"product","link":"https:\/\/www.lumen-care.com\/es\/sensibilidades-intolerancias\/caja-de-efluvios-cuidarse\/","title":{"rendered":"Cuidarse - Caja de 5 o 10 efluvios"},"content":{"rendered":"<div class=\"fusion-one-full fusion-layout-column fusion-column-last fusion-spacing-yes\">\n<div class=\"fusion-column-wrapper\">\n<h2 data-fontsize=\"40\" data-lineheight=\"48\"><em><b>Composici\u00f3n del set de regalo \"Cuidarse\".<\/b><\/em><\/h2>\n<\/div>\n<\/div>\n<table style=\"border-collapse: collapse;width: 100%\">\n<tbody>\n<tr>\n<td style=\"width: 50%\">\n<ul>\n<li>Benevolencia<\/li>\n<li>Cuidar de uno mismo*.<\/li>\n<li>Seguridad y protecci\u00f3n* (en franc\u00e9s)<\/li>\n<li>Autoaceptaci\u00f3n<\/li>\n<li>Amapola<\/li>\n<\/ul>\n<\/td>\n<td style=\"width: 50%\">\n<ul>\n<li>Herkimer diamante<\/li>\n<li>Escucharse a s\u00ed mismo<\/li>\n<li>Respetarse a s\u00ed mismo<\/li>\n<li>Relajante<\/li>\n<li>Loto<\/li>\n<\/ul>\n<\/td>\n<\/tr>\n<\/tbody>\n<\/table>\n<p>Cuello de aluminio y caja incluidos<br \/>* Selecci\u00f3n de 5 efluentes<\/p>\n<h2>Un viaje de desarrollo personal<\/h2>\n<p>Recorriendo una serie de<em>Efluentes<\/em> es una forma de ver un tema desde todos los \u00e1ngulos. Cada c\u00e1psula ser\u00e1 una oportunidad para descubrir c\u00f3mo un elemento espec\u00edfico encaja con nuestros sentimientos y nuestra evoluci\u00f3n en este viaje. A veces, si una Efluencia es demasiado dif\u00edcil de llevar, d\u00e9jala a un lado. Las otras <em>Efluentes<\/em> ayudar\u00e1 a preparar el terreno.<\/p>\n<p>&nbsp;<\/p>","protected":false},"excerpt":{"rendered":"<p><strong>Parcours set <em>Efluentes<\/em> con 5 o 10 c\u00e1psulas.<\/strong><br \/>\nIncluye: base colgante y caja de aluminio<\/p>","protected":false},"featured_media":19684,"comment_status":"closed","ping_status":"closed","template":"","meta":{"inline_featured_image":false,"__cvm_playback_settings":[],"__cvm_video_id":""},"product_brand":[],"product_cat":[1139],"product_tag":[],"class_list":{"0":"post-13633","1":"product","2":"type-product","3":"status-publish","4":"has-post-thumbnail","6":"product_cat-coffrets-effluences","7":"member-discount","8":"discount-restricted","10":"first","11":"instock","12":"taxable","13":"shipping-taxable","14":"purchasable","15":"product-type-variable"},"composite_virtual":false,"composite_layout":"","composite_add_to_cart_form_location":"","composite_editable_in_cart":false,"composite_sold_individually_context":"","composite_shop_price_calc":"","composite_components":[],"composite_scenarios":[],"_links":{"self":[{"href":"https:\/\/www.lumen-care.com\/es\/wp-json\/wp\/v2\/product\/13633","targetHints":{"allow":["GET"]}}],"collection":[{"href":"https:\/\/www.lumen-care.com\/es\/wp-json\/wp\/v2\/product"}],"about":[{"href":"https:\/\/www.lumen-care.com\/es\/wp-json\/wp\/v2\/types\/product"}],"replies":[{"embeddable":true,"href":"https:\/\/www.lumen-care.com\/es\/wp-json\/wp\/v2\/comments?post=13633"}],"wp:featuredmedia":[{"embeddable":true,"href":"https:\/\/www.lumen-care.com\/es\/wp-json\/wp\/v2\/media\/19684"}],"wp:attachment":[{"href":"https:\/\/www.lumen-care.com\/es\/wp-json\/wp\/v2\/media?parent=13633"}],"wp:term":[{"taxonomy":"product_brand","embeddable":true,"href":"https:\/\/www.lumen-care.com\/es\/wp-json\/wp\/v2\/product_brand?post=13633"},{"taxonomy":"product_cat","embeddable":true,"href":"https:\/\/www.lumen-care.com\/es\/wp-json\/wp\/v2\/product_cat?post=13633"},{"taxonomy":"product_tag","embeddable":true,"href":"https:\/\/www.lumen-care.com\/es\/wp-json\/wp\/v2\/product_tag?post=13633"}],"curies":[{"name":"wp","href":"https:\/\/api.w.org\/{rel}","templated":true}]}}