{"id":15303,"date":"2023-04-26T23:03:43","date_gmt":"2023-04-26T21:03:43","guid":{"rendered":"https:\/\/www.lumen-care.com\/?post_type=product&#038;p=15303"},"modified":"2025-03-26T22:27:45","modified_gmt":"2025-03-26T21:27:45","slug":"sensibilidad-e-intolerancia-a-los-cosmeticos-tratamiento-natural-y-definitivo-con-capsulas-para-la-dermatitis-de-contacto","status":"publish","type":"product","link":"https:\/\/www.lumen-care.com\/es\/sensibilidades-intolerancias\/sensibilidad-e-intolerancia-a-los-cosmeticos-tratamiento-natural-y-definitivo-con-capsulas-para-la-dermatitis-de-contacto\/","title":{"rendered":"Cosm\u00e9ticos: sensibilidades e intolerancias"},"content":{"rendered":"<p><strong>AL\u00c9RGENOS CODIFICADOS :<\/strong><br \/>\nContiene las huellas vibratorias asociadas a la familia Cosm\u00e9tica<\/p>\n<p>Y m\u00e1s concretamente : Alo\u00e9 vera, Alfa-isometil ionona, Amyl cinnamal, Amylcinnamyl alcohol, Anise alcohol, Benzyl alcohol, Benzyl benzoate, Benzyl cinnamate, Benzyl salicylate, Blush, Butylene glycol, Butylphenyl methylpropional, Butyrospermum parkii butter, Caprylic\/capric triglyceride, Caprylyl glycol, Cetearyl alcohol, Ci 19140, Ci 77491, Ci 77492, Ci 77499, Ci 77891, Cinnamal, Cinnamyl alcohol, Citral, Citronellol, Cocamidopropyl betaine, Coloration, Coumarin, Cr\u00e8me, D\u00e9coloration, demaquillant, D\u00e9odorant, diluant, Dimethicone, Disodium edta, Eugenol, Evernia furfuracea - tree moss, Evernia prunastri - musgo de roble, Delineador de ojos, Colorete, Farnesol, Base de maquillaje, Gel de ducha, Geraniol, Glicerina, Estearato de glicerilo, Aceite de semillas de Helianthus annuus, Henn\u00e9, Hexil cinamal, Aceites esenciales, Hydroxycitronnellal, Hydroxyisohexyl 3-cyclohexene carboxaldehyde, Isoeugenol, Kh\u00f4l, Limonene, Linalool, Maquillaje, M\u00e1scara de pesta\u00f1as, 2-octinoato de metilo, Mica, Pantenol, Fenoxietanol, Sorbato de potasio, Polvo, Propilenglicol, Barra de labios, Jab\u00f3n, Champ\u00fa, S\u00edlice, Benzoato de sodio, Cloruro de sodio, Hidr\u00f3xido de sodio, Tintura, Tocoferol, Acetato de tocoferol, Laca de u\u00f1as, Goma xantana,<\/p>\n<p><strong>\u00bfPARA QUI\u00c9N ES?<\/strong><br \/>\nTratar todas las formas de sensibilidad o intolerancia \/\/ Cualquiera que sea la sustancia implicada \/\/ Cualquiera que sea la historia \/\/ Cualquiera que sea la intensidad.<\/p>\n<p><strong>C\u00d3MO FUNCIONA :<\/strong><br \/>\nEl m\u00e9todo Lumen Care se basa en la memoria del agua y en el principio homeop\u00e1tico de la isoterapia, que consiste en tratar un problema con la sustancia responsable del mismo, llevada a una diluci\u00f3n muy elevada. Este tratamiento energ\u00e9tico adopta la forma de una c\u00e1psula de agua informada que se lleva como colgante sobre la piel.<\/p>\n<p><strong>PROTOCOLO DE TRATAMIENTO :<\/strong><br \/>\nCada c\u00e1psula debe llevarse 8 horas al d\u00eda durante 15 d\u00edas repartidos en 1 mes. Una vez desprogramada con \u00e9xito una sensibilidad, el resultado deber\u00eda ser duradero (v\u00e9anse las instrucciones de uso).<\/p>\n<p><strong>UN M\u00c9TODO NO INVASIVO:<\/strong><br \/>\nSin ingesti\u00f3n \/\/ Sin absorci\u00f3n cut\u00e1nea \/\/ Sin dietas ni evitaci\u00f3n \/\/ Sin efectos secundarios \/\/ Sin l\u00edmite de edad \/\/ Sin interacciones medicamentosas.<\/p>\n<p><strong>CONTRAINDICACIONES :<\/strong><br \/>\nNo apto para personas anafil\u00e1cticas a los al\u00e9rgenos mencionados.<\/p>","protected":false},"excerpt":{"rendered":"<p>C\u00e1psula de Reinformaci\u00f3n Vibratoria para desprogramar de forma permanente cualquier forma de sensibilidad o intolerancia vinculada a la familia de los cosm\u00e9ticos.<\/p>","protected":false},"featured_media":21730,"comment_status":"closed","ping_status":"closed","template":"","meta":{"inline_featured_image":false,"__cvm_playback_settings":[],"__cvm_video_id":""},"product_brand":[],"product_cat":[88],"product_tag":[],"class_list":{"0":"post-15303","1":"product","2":"type-product","3":"status-publish","4":"has-post-thumbnail","6":"product_cat-allergie-medicaments-et-vaccins","7":"member-discount","8":"discount-restricted","10":"first","11":"instock","12":"taxable","13":"shipping-taxable","14":"purchasable","15":"product-type-simple"},"composite_virtual":false,"composite_layout":"","composite_add_to_cart_form_location":"","composite_editable_in_cart":false,"composite_sold_individually_context":"","composite_shop_price_calc":"","composite_components":[],"composite_scenarios":[],"_links":{"self":[{"href":"https:\/\/www.lumen-care.com\/es\/wp-json\/wp\/v2\/product\/15303","targetHints":{"allow":["GET"]}}],"collection":[{"href":"https:\/\/www.lumen-care.com\/es\/wp-json\/wp\/v2\/product"}],"about":[{"href":"https:\/\/www.lumen-care.com\/es\/wp-json\/wp\/v2\/types\/product"}],"replies":[{"embeddable":true,"href":"https:\/\/www.lumen-care.com\/es\/wp-json\/wp\/v2\/comments?post=15303"}],"wp:featuredmedia":[{"embeddable":true,"href":"https:\/\/www.lumen-care.com\/es\/wp-json\/wp\/v2\/media\/21730"}],"wp:attachment":[{"href":"https:\/\/www.lumen-care.com\/es\/wp-json\/wp\/v2\/media?parent=15303"}],"wp:term":[{"taxonomy":"product_brand","embeddable":true,"href":"https:\/\/www.lumen-care.com\/es\/wp-json\/wp\/v2\/product_brand?post=15303"},{"taxonomy":"product_cat","embeddable":true,"href":"https:\/\/www.lumen-care.com\/es\/wp-json\/wp\/v2\/product_cat?post=15303"},{"taxonomy":"product_tag","embeddable":true,"href":"https:\/\/www.lumen-care.com\/es\/wp-json\/wp\/v2\/product_tag?post=15303"}],"curies":[{"name":"wp","href":"https:\/\/api.w.org\/{rel}","templated":true}]}}