{"id":15365,"date":"2023-04-26T23:03:55","date_gmt":"2023-04-26T21:03:55","guid":{"rendered":"https:\/\/www.lumen-care.com\/?post_type=product&#038;p=15365"},"modified":"2025-03-26T22:15:32","modified_gmt":"2025-03-26T21:15:32","slug":"pelo-y-plumas-de-animales-sensibilidades-e-intolerancias-dermopatia-de-contacto-natural-y-definitiva-tratamiento-con-capsulas","status":"publish","type":"product","link":"https:\/\/www.lumen-care.com\/es\/sensibilidades-intolerancias\/pelo-y-plumas-de-animales-sensibilidades-e-intolerancias-dermopatia-de-contacto-natural-y-definitiva-tratamiento-con-capsulas\/","title":{"rendered":"Pelo y plumas de animales: sensibilidades e intolerancias"},"content":{"rendered":"<p><strong>AL\u00c9RGENOS CODIFICADOS :<\/strong><br \/>\nContiene las huellas vibratorias asociadas a la familia de los pelos y plumas de animales<\/p>\n<p>Y m\u00e1s concretamente : Caballo, Cobayas, Crin de caballo, Epitelio animal, Epitelio de perro, Epitelio de gato, Epitelio de caballo, Epitelio de cobaya, Epitelio de rata, Excrementos animales, H\u00e1msters dorados, Lana de oveja, Conejos, Periquito, P\u00e1jaros, Orina animal, Plumas, Plumas de ganso, Plumas de pato, Plumas de pollo, Plumas de periquito, Pelo de animal, Pelo de gato, Pelo de cabra, Pelo de perro, Pelo de cobaya, Pelo de h\u00e1mster, Pelo de conejo, Pelo de rat\u00f3n, Pelo de caballo, Saliva de animal, Saliva de gato, Saliva de perro, Saliva de rat\u00f3n, Rat\u00f3n, Tejido epitelial y part\u00edculas animales, Plum\u00f3n<\/p>\n<p><strong>\u00bfPARA QUI\u00c9N ES?<\/strong><br \/>\nTratar todas las formas de sensibilidad o intolerancia \/\/ Cualquiera que sea la sustancia implicada \/\/ Cualquiera que sea la historia \/\/ Cualquiera que sea la intensidad.<\/p>\n<p><strong>C\u00d3MO FUNCIONA :<\/strong><br \/>\nEl m\u00e9todo Lumen Care se basa en la memoria del agua y en el principio homeop\u00e1tico de la isoterapia, que consiste en tratar un problema con la sustancia responsable del mismo, llevada a una diluci\u00f3n muy elevada. Este tratamiento energ\u00e9tico adopta la forma de una c\u00e1psula de agua informada que se lleva como colgante sobre la piel.<\/p>\n<p><strong>PROTOCOLO DE TRATAMIENTO :<\/strong><br \/>\nCada c\u00e1psula debe llevarse 8 horas al d\u00eda durante 15 d\u00edas repartidos en 1 mes. Una vez desprogramada con \u00e9xito una sensibilidad, el resultado deber\u00eda ser duradero (v\u00e9anse las instrucciones de uso).<\/p>\n<p><strong>UN M\u00c9TODO NO INVASIVO:<\/strong><br \/>\nSin ingesti\u00f3n \/\/ Sin absorci\u00f3n cut\u00e1nea \/\/ Sin dietas ni evitaci\u00f3n \/\/ Sin efectos secundarios \/\/ Sin l\u00edmite de edad \/\/ Sin interacciones medicamentosas.<\/p>\n<p><strong>CONTRAINDICACIONES :<\/strong><br \/>\nNo apto para personas anafil\u00e1cticas a los al\u00e9rgenos mencionados.<\/p>","protected":false},"excerpt":{"rendered":"<p>C\u00e1psula de Reinformaci\u00f3n Vibratoria para desprogramar permanentemente cualquier forma de sensibilidad o intolerancia relacionada con la familia del pelo y las plumas de animales.<\/p>","protected":false},"featured_media":21727,"comment_status":"closed","ping_status":"closed","template":"","meta":{"inline_featured_image":false,"__cvm_playback_settings":[],"__cvm_video_id":""},"product_brand":[],"product_cat":[73],"product_tag":[],"class_list":{"0":"post-15365","1":"product","2":"type-product","3":"status-publish","4":"has-post-thumbnail","6":"product_cat-allergies-environnementales","7":"member-discount","8":"discount-restricted","10":"first","11":"instock","12":"taxable","13":"shipping-taxable","14":"purchasable","15":"product-type-simple"},"composite_virtual":false,"composite_layout":"","composite_add_to_cart_form_location":"","composite_editable_in_cart":false,"composite_sold_individually_context":"","composite_shop_price_calc":"","composite_components":[],"composite_scenarios":[],"_links":{"self":[{"href":"https:\/\/www.lumen-care.com\/es\/wp-json\/wp\/v2\/product\/15365","targetHints":{"allow":["GET"]}}],"collection":[{"href":"https:\/\/www.lumen-care.com\/es\/wp-json\/wp\/v2\/product"}],"about":[{"href":"https:\/\/www.lumen-care.com\/es\/wp-json\/wp\/v2\/types\/product"}],"replies":[{"embeddable":true,"href":"https:\/\/www.lumen-care.com\/es\/wp-json\/wp\/v2\/comments?post=15365"}],"wp:featuredmedia":[{"embeddable":true,"href":"https:\/\/www.lumen-care.com\/es\/wp-json\/wp\/v2\/media\/21727"}],"wp:attachment":[{"href":"https:\/\/www.lumen-care.com\/es\/wp-json\/wp\/v2\/media?parent=15365"}],"wp:term":[{"taxonomy":"product_brand","embeddable":true,"href":"https:\/\/www.lumen-care.com\/es\/wp-json\/wp\/v2\/product_brand?post=15365"},{"taxonomy":"product_cat","embeddable":true,"href":"https:\/\/www.lumen-care.com\/es\/wp-json\/wp\/v2\/product_cat?post=15365"},{"taxonomy":"product_tag","embeddable":true,"href":"https:\/\/www.lumen-care.com\/es\/wp-json\/wp\/v2\/product_tag?post=15365"}],"curies":[{"name":"wp","href":"https:\/\/api.w.org\/{rel}","templated":true}]}}