{"id":15393,"date":"2023-04-26T23:04:00","date_gmt":"2023-04-26T21:04:00","guid":{"rendered":"https:\/\/www.lumen-care.com\/?post_type=product&#038;p=15393"},"modified":"2025-03-26T22:13:00","modified_gmt":"2025-03-26T21:13:00","slug":"cafe-el-cacao-sensibilidades-e-intolerancias-tratamiento-natural-y-definitivo-en-capsulas-para-la-dermatopatia-de-contacto","status":"publish","type":"product","link":"https:\/\/www.lumen-care.com\/es\/sensibilidades-intolerancias\/cafe-el-cacao-sensibilidades-e-intolerancias-tratamiento-natural-y-definitivo-en-capsulas-para-la-dermatopatia-de-contacto\/","title":{"rendered":"Caf\u00e9\/T\u00e9\/Cacao - sensibilidades e intolerancias"},"content":{"rendered":"<p><strong>AL\u00c9RGENOS CODIFICADOS :<\/strong><br \/>\nContiene las huellas vibratorias asociadas a la familia Caf\u00e9\/T\u00e9\/Cacao<\/p>\n<p>Y m\u00e1s concretamente : An\u00eds, Ar\u00e1bica , Badiane, Manteca de cacao , Cacao, Cacao seco desgrasado , Caf\u00e9, Caf\u00e9 instant\u00e1neo , Caf\u00e9 soluble , Caf\u00e9 tostado , Caf\u00e9 verde , Cafe\u00edna , Manzanilla, Capuchino, Chocolate, Chocolate con leche, Chocolate blanco, Chocolate caliente, Chocolate negro, Descafeinado , Agua de rosas, Espresso , Grano de cacao , Azahar, Guaran\u00e1, Guaranina, Ginko biloba, Hibisco, Infusi\u00f3n, Mat\u00e9, Mat\u00e9ine, Matricaire, M\u00e9lisse, Menthe, P\u00e2te De Cacao , Robusta , Romarin, Rooibos, Taninos , Tcha\u00ef, Th\u00e9 , Th\u00e9 Blanc , Th\u00e9 Ferment\u00e9 , Th\u00e9 Noir, Th\u00e9 Oxyd\u00e9 , Th\u00e9 Rouge, Th\u00e9 Vert, Th\u00e9 Vert Matcha, Th\u00e9aflavine , Th\u00e9anine , Th\u00e9arubigine , Th\u00e9ine , Th\u00e9obromine , Th\u00e9ogalline , Th\u00e9ophylline , Thyme, Tilleul, Tisane, Verveine, Xanthine , Taurine,<\/p>\n<p><strong>\u00bfPARA QUI\u00c9N ES?<\/strong><br \/>\nTratar todas las formas de sensibilidad o intolerancia \/\/ Cualquiera que sea la sustancia implicada \/\/ Cualquiera que sea la historia \/\/ Cualquiera que sea la intensidad.<\/p>\n<p><strong>C\u00d3MO FUNCIONA :<\/strong><br \/>\nEl m\u00e9todo Lumen Care se basa en la memoria del agua y en el principio homeop\u00e1tico de la isoterapia, que consiste en tratar un problema con la sustancia responsable del mismo, llevada a una diluci\u00f3n muy elevada. Este tratamiento energ\u00e9tico adopta la forma de una c\u00e1psula de agua informada que se lleva como colgante sobre la piel.<\/p>\n<p><strong>PROTOCOLO DE TRATAMIENTO :<\/strong><br \/>\nCada c\u00e1psula debe llevarse 8 horas al d\u00eda durante 15 d\u00edas repartidos en 1 mes. Una vez desprogramada con \u00e9xito una sensibilidad, el resultado deber\u00eda ser duradero (v\u00e9anse las instrucciones de uso).<\/p>\n<p><strong>UN M\u00c9TODO NO INVASIVO:<\/strong><br \/>\nSin ingesti\u00f3n \/\/ Sin absorci\u00f3n cut\u00e1nea \/\/ Sin dietas ni evitaci\u00f3n \/\/ Sin efectos secundarios \/\/ Sin l\u00edmite de edad \/\/ Sin interacciones medicamentosas.<\/p>\n<p><strong>CONTRAINDICACIONES :<\/strong><br \/>\nNo apto para personas anafil\u00e1cticas a los al\u00e9rgenos mencionados.<\/p>","protected":false},"excerpt":{"rendered":"<p>C\u00e1psula de Reinformaci\u00f3n Vibratoria para desprogramar permanentemente cualquier forma de sensibilidad o intolerancia vinculada a la familia Caf\u00e9\/T\u00e9\/Cacao.<\/p>","protected":false},"featured_media":21404,"comment_status":"closed","ping_status":"closed","template":"","meta":{"inline_featured_image":false,"__cvm_playback_settings":[],"__cvm_video_id":""},"product_brand":[],"product_cat":[72],"product_tag":[],"class_list":{"0":"post-15393","1":"product","2":"type-product","3":"status-publish","4":"has-post-thumbnail","6":"product_cat-intolerances-et-allergies-alimentaires","7":"member-discount","8":"discount-restricted","10":"first","11":"instock","12":"taxable","13":"shipping-taxable","14":"purchasable","15":"product-type-simple"},"composite_virtual":false,"composite_layout":"","composite_add_to_cart_form_location":"","composite_editable_in_cart":false,"composite_sold_individually_context":"","composite_shop_price_calc":"","composite_components":[],"composite_scenarios":[],"_links":{"self":[{"href":"https:\/\/www.lumen-care.com\/es\/wp-json\/wp\/v2\/product\/15393","targetHints":{"allow":["GET"]}}],"collection":[{"href":"https:\/\/www.lumen-care.com\/es\/wp-json\/wp\/v2\/product"}],"about":[{"href":"https:\/\/www.lumen-care.com\/es\/wp-json\/wp\/v2\/types\/product"}],"replies":[{"embeddable":true,"href":"https:\/\/www.lumen-care.com\/es\/wp-json\/wp\/v2\/comments?post=15393"}],"wp:featuredmedia":[{"embeddable":true,"href":"https:\/\/www.lumen-care.com\/es\/wp-json\/wp\/v2\/media\/21404"}],"wp:attachment":[{"href":"https:\/\/www.lumen-care.com\/es\/wp-json\/wp\/v2\/media?parent=15393"}],"wp:term":[{"taxonomy":"product_brand","embeddable":true,"href":"https:\/\/www.lumen-care.com\/es\/wp-json\/wp\/v2\/product_brand?post=15393"},{"taxonomy":"product_cat","embeddable":true,"href":"https:\/\/www.lumen-care.com\/es\/wp-json\/wp\/v2\/product_cat?post=15393"},{"taxonomy":"product_tag","embeddable":true,"href":"https:\/\/www.lumen-care.com\/es\/wp-json\/wp\/v2\/product_tag?post=15393"}],"curies":[{"name":"wp","href":"https:\/\/api.w.org\/{rel}","templated":true}]}}