{"id":17177,"date":"2023-07-28T14:41:10","date_gmt":"2023-07-28T12:41:10","guid":{"rendered":"https:\/\/www.lumen-care.com\/?post_type=product&#038;p=17177"},"modified":"2025-03-26T22:25:48","modified_gmt":"2025-03-26T21:25:48","slug":"mezcla-minerales","status":"publish","type":"product","link":"https:\/\/www.lumen-care.com\/es\/sensibilidades-intolerancias\/mezcla-minerales\/","title":{"rendered":"Mezcla mineral"},"content":{"rendered":"<div class=\"fusion-one-full fusion-layout-column fusion-column-last fusion-spacing-yes\">\n<div class=\"fusion-column-wrapper\">\n<p>Para un equilibrio vibratorio vinculado a todas las formas de sensibilidades e intolerancias minerales.<\/p>\n<p><b>N\u00famero de mezclas: 07<\/b><\/p>\n<table style=\"width: 100%;\">\n<tbody>\n<tr>\n<td style=\"width: 50%; height: 18px;\" valign=\"top\">\n<h3>CALCIO\u00a0<span class=\"s6\">CC-01<\/span><\/h3>\n<p>Calcio, aspartato de calcio, calcinaci\u00f3n, calcinas, calcitriol, calcio ionizado, superfosfato de calcio, quelatos de calcio, carbonato de calcio, cloruro de calcio, citrato de calcio, gluconato de calcio, Hidroxiapatita c\u00e1lcica, Hidr\u00f3xido c\u00e1lcico, Lactato c\u00e1lcico, Malato c\u00e1lcico, Orotato c\u00e1lcico, \u00d3xido c\u00e1lcico, Fosfato c\u00e1lcico, Propionato c\u00e1lcico, Estearato c\u00e1lcico, Sulfato c\u00e1lcico, Tartrato c\u00e1lcico.<\/p>\n<p>&nbsp;<\/p>\n<h3>HIERRO\u00a0<span class=\"s6\">CC-02<\/span><\/h3>\n<p>Ascorbato ferroso, Aspartato de hierro, Bisglicinato, Bromuro, Carbonato, Carboximaltosa f\u00e9rrica, Cati\u00f3n Fe II, Cloruro, Citrato, I\u00f3n Fe2+ hierro II, I\u00f3n Fe3+ hierro III, Hierro, Ferroso, F\u00e9rrico, Ferritina, Gluconato, Glicerofosfato, Hidr\u00f3xido, Hidr\u00f3xidos, Lactato, L-pidolato ferroso, Nitrato, Orotato, \u00d3xido, \u00d3xido ferroso, \u00d3xido magn\u00e9tico, \u00d3xidos, \u00d3xidos rojos y negros, Oxihidr\u00f3xidos f\u00e9rricos, Fosfato ferroso, Pidolato, Pirofosfato, Succinato ferroso, Sulfato, Sulfito, Sulfuro, I\u00f3n hierro.<\/p>\n<p>&nbsp;<\/p>\n<h3>SODIO \/ SALES\u00a0<span class=\"s6\">CC-03<\/span><\/h3>\n<p>Sal marina, sal de mesa, sal del Himalaya, sodio, glutamato monos\u00f3dico<\/p>\n<p>&nbsp;<\/p>\n<h3>MAGNESIO\u00a0<span class=\"s6\">CC-04<\/span><\/h3>\n<p>Magnesio, bisglicinato de magnesio, citrato, aspartato, lactato, glicerofosfato, cloruro, pidolato, gluconato, \u00f3xido, hidr\u00f3xido, carbonato, glicinato, malato, sulfato, taurato, orotato, treonato, estearato, taurina, vitamina B6, L-arginina HCI.<\/p>\n<p>&nbsp;<\/td>\n<td style=\"width: 50%; height: 18px;\" valign=\"top\">\n<h3>POTASIO\u00a0<span class=\"s6\">91 \/ CC-05<\/span><\/h3>\n<p>Potasio, Bisglicinato de potasio, Citrato de potasio, Aspartato de potasio, Lactato de potasio, Glicerofosfato de potasio, Cloruro de potasio, Pidolato de potasio, Gluconato, \u00d3xido, Hidr\u00f3xido, Carbonato, bicarbonato, glicinato, malato de potasio, sulfato de potasio, taurato de potasio, orotato de potasio, treonato de potasio, lactato de potasio, estearato de potasio, bromuro de potasio, bisulfito de potasio.<\/p>\n<p>&nbsp;<\/p>\n<h3>MINERALES (METALES PESADOS)\u00a0<span class=\"s6\">CC-06<\/span><\/h3>\n<p>Aluminio, antimonio, plata, ars\u00e9nico, cadmio, cromo, cobalto, cobre, fl\u00faor, manganeso, mercurio, molibdeno, n\u00edquel, oro, plomo, selenio, titanio, uranio, vanadio, zinc, hierro, ciste\u00edna y mercaptano.<\/p>\n<p>- Tioetilenglicol, Tio\u00e9ter, Mercaptano - tioalcohol, DMPS - Di- mercaptopropi\u00f3n \u00e1cido sulf\u00f3nico, Minerales, Metales pesados,<\/p>\n<p>&nbsp;<\/p>\n<h3>MINERALES (OTROS)\u00a0<span class=\"s6\">CC-07<\/span><\/h3>\n<p>Azufre, Yodo, Magnesio, Bromuro, Cloro, Silicio, Germanio, Potasio, Litio, Samario, Cerio, Esta\u00f1o, F\u00f3sforo, Bario, Berilio, Boro, Cesio, Europio, Galio, Paladio, Radio, Rubidio, Escandio, Estroncio, Talio, Torio, Tungsteno, Circonio, Minerales,<\/td>\n<\/tr>\n<\/tbody>\n<\/table>\n<p><b>\u00bfPARA QUI\u00c9N ES?<\/b><br \/>\nTratar todas las formas de sensibilidad o intolerancia \/\/ Cualquiera que sea la sustancia implicada \/\/ Cualquiera que sea la historia \/\/ Cualquiera que sea la intensidad.<\/p>\n<p><b>C\u00d3MO FUNCIONA :<\/b><br \/>\nEl m\u00e9todo Lumen Care se basa en <strong>memoria del agua<\/strong> y el principio homeop\u00e1tico de<strong>isoterapia<\/strong> que consiste en tratar un problema con la sustancia responsable del mismo, llevada a una diluci\u00f3n muy elevada. Este protocolo energ\u00e9tico adopta la forma de una c\u00e1psula de agua informada que se lleva como colgante sobre la piel.<\/p>\n<p><b>PROTOCOLO DE TRATAMIENTO :<\/b><br \/>\nCada c\u00e1psula debe llevarse 8 horas al d\u00eda durante 15 d\u00edas repartidos en 1 mes. Una vez desprogramada con \u00e9xito una sensibilidad, el resultado deber\u00eda ser duradero (<a href=\"https:\/\/www.lumen-care.com\/es\/mode-emploi\/\" target=\"_blank\" rel=\"noopener\">ver instrucciones de uso<\/a>).<\/p>\n<p><b>UN M\u00c9TODO NO INVASIVO:<\/b><br \/>\nSin ingesti\u00f3n \/\/ Sin absorci\u00f3n cut\u00e1nea \/\/ Sin dietas ni evitaci\u00f3n \/\/ Sin efectos secundarios \/\/ Sin l\u00edmite de edad \/\/ Sin interacciones medicamentosas.<\/p>\n<p><em><strong>NB: No apto para personas anafil\u00e1cticas a los al\u00e9rgenos enumerados sin seguimiento por parte de <a href=\"https:\/\/www.apsl-sante.org\/annuaire-therapeutes\/\">un profesional de Lumen Care<\/a>.<\/strong><\/em><\/p>\n<p>&nbsp;<\/p>\n<\/div>\n<\/div>","protected":false},"excerpt":{"rendered":"<p>Para un equilibrio vibratorio vinculado a todas las formas de sensibilidades e intolerancias minerales.<\/p>","protected":false},"featured_media":21724,"comment_status":"closed","ping_status":"closed","template":"","meta":{"inline_featured_image":false,"__cvm_playback_settings":[],"__cvm_video_id":""},"product_brand":[],"product_cat":[1143],"product_tag":[1157,1156,1155,19],"class_list":{"0":"post-17177","1":"product","2":"type-product","3":"status-publish","4":"has-post-thumbnail","6":"product_cat-micronutriments","7":"product_tag-alimentaires","8":"product_tag-intolerances","9":"product_tag-sensibilites","10":"product_tag-sensibilites-et-intolerances-alimentaires","11":"member-discount","12":"discount-restricted","14":"first","15":"instock","16":"taxable","17":"shipping-taxable","18":"purchasable","19":"product-type-simple"},"composite_virtual":false,"composite_layout":"","composite_add_to_cart_form_location":"","composite_editable_in_cart":false,"composite_sold_individually_context":"","composite_shop_price_calc":"","composite_components":[],"composite_scenarios":[],"_links":{"self":[{"href":"https:\/\/www.lumen-care.com\/es\/wp-json\/wp\/v2\/product\/17177","targetHints":{"allow":["GET"]}}],"collection":[{"href":"https:\/\/www.lumen-care.com\/es\/wp-json\/wp\/v2\/product"}],"about":[{"href":"https:\/\/www.lumen-care.com\/es\/wp-json\/wp\/v2\/types\/product"}],"replies":[{"embeddable":true,"href":"https:\/\/www.lumen-care.com\/es\/wp-json\/wp\/v2\/comments?post=17177"}],"wp:featuredmedia":[{"embeddable":true,"href":"https:\/\/www.lumen-care.com\/es\/wp-json\/wp\/v2\/media\/21724"}],"wp:attachment":[{"href":"https:\/\/www.lumen-care.com\/es\/wp-json\/wp\/v2\/media?parent=17177"}],"wp:term":[{"taxonomy":"product_brand","embeddable":true,"href":"https:\/\/www.lumen-care.com\/es\/wp-json\/wp\/v2\/product_brand?post=17177"},{"taxonomy":"product_cat","embeddable":true,"href":"https:\/\/www.lumen-care.com\/es\/wp-json\/wp\/v2\/product_cat?post=17177"},{"taxonomy":"product_tag","embeddable":true,"href":"https:\/\/www.lumen-care.com\/es\/wp-json\/wp\/v2\/product_tag?post=17177"}],"curies":[{"name":"wp","href":"https:\/\/api.w.org\/{rel}","templated":true}]}}