{"id":17182,"date":"2023-07-28T15:13:51","date_gmt":"2023-07-28T13:13:51","guid":{"rendered":"https:\/\/www.lumen-care.com\/?post_type=product&#038;p=17182"},"modified":"2025-03-26T22:25:32","modified_gmt":"2025-03-26T21:25:32","slug":"mezcla-de-vitaminas","status":"publish","type":"product","link":"https:\/\/www.lumen-care.com\/es\/sensibilidades-intolerancias\/mezcla-de-vitaminas\/","title":{"rendered":"Mezcla de vitaminas"},"content":{"rendered":"<div class=\"fusion-one-full fusion-layout-column fusion-column-last fusion-spacing-yes\">\n<div class=\"fusion-column-wrapper\">\n<p>Para un equilibrio vibratorio vinculado a todas las formas de sensibilidad e intolerancia a los productos l\u00e1cteos.<span class=\"WdYUQQ text-decoration-none text-strikethrough-none\">itaminas<\/span>.<\/p>\n<p><b>N\u00famero de mezclas: 04<\/b><\/p>\n<table style=\"width: 100%;\">\n<tbody>\n<tr>\n<td style=\"width: 50%; height: 18px;\" valign=\"top\">Vitamina C, Acerola, \u00c1cido asc\u00f3rbico, \u00c1cido L-asc\u00f3rbico, \u00c1cido ox\u00e1lico, 3-Oxo-Gulofuranolactona, Ascorbato de calcio, Ascorbato de sodio, Ascorbatos, Bioflavonoides<\/p>\n<p>&nbsp;<\/p>\n<h3>VITAMINA B\u00a0<span class=\"s6\">CC-09<\/span><\/h3>\n<p>\u00c1cido f\u00f3lico, \u00c1cido nicot\u00ednico, \u00c1cido pantot\u00e9nico, Aquacobala- mina, Biotina, Colina, Cobalaminas, Ciclohexano, Hidroxocobalamina, Inositol, Lactoflavina, Niacina, Nicotinamida, Paba, \u00c1cido 4-aminobenzoico, \u00c1cido para-aminobenzoico, Piridoxina, Riboflavina, Tiamina, B 1, B 10, \u00c1cido para-aminobenzoico, B 1, L-Carnitina, B 12,B 13, B<\/p>\n<p>17, B 2, B 3, B 4, B 5, B 6, B 8, B 9<\/td>\n<td style=\"width: 50%; height: 18px;\" valign=\"top\">\n<h3>VITAMINA A\u00a0<span class=\"s6\">CC-10<\/span><\/h3>\n<p>\u00c1cido retinoico, Betacaroteno, Carotenos, \u00c9steres de retinol, Fosfato de retinilo, Retinal, Retinol, Tretino\u00edna, Vitamina A, Vitamina A 1, Vitamina A 2<\/p>\n<p>&nbsp;<\/p>\n<h3>VITAMINAS E-D-F-K\u00a0<span class=\"s6\">CC-11<\/span><\/h3>\n<p>D1, D2, D3, D4, E, K1, K2, F<\/td>\n<\/tr>\n<\/tbody>\n<\/table>\n<p><b>\u00bfPARA QUI\u00c9N ES?<\/b><br \/>\nTratar todas las formas de sensibilidad o intolerancia \/\/ Cualquiera que sea la sustancia implicada \/\/ Cualquiera que sea la historia \/\/ Cualquiera que sea la intensidad.<\/p>\n<p><b>C\u00d3MO FUNCIONA :<\/b><br \/>\nEl m\u00e9todo Lumen Care se basa en <strong>memoria del agua<\/strong> y el principio homeop\u00e1tico de<strong>isoterapia<\/strong> que consiste en tratar un problema con la sustancia responsable del mismo, llevada a una diluci\u00f3n muy elevada. Este protocolo energ\u00e9tico adopta la forma de una c\u00e1psula de agua informada que se lleva como colgante sobre la piel.<\/p>\n<p><b>PROTOCOLO DE TRATAMIENTO :<\/b><br \/>\nCada c\u00e1psula debe llevarse 8 horas al d\u00eda durante 15 d\u00edas repartidos en 1 mes. Una vez desprogramada con \u00e9xito una sensibilidad, el resultado deber\u00eda ser duradero (<a href=\"https:\/\/www.lumen-care.com\/es\/mode-emploi\/\" target=\"_blank\" rel=\"noopener\">ver instrucciones de uso<\/a>).<\/p>\n<p><b>UN M\u00c9TODO NO INVASIVO:<\/b><br \/>\nSin ingesti\u00f3n \/\/ Sin absorci\u00f3n cut\u00e1nea \/\/ Sin dietas ni evitaci\u00f3n \/\/ Sin efectos secundarios \/\/ Sin l\u00edmite de edad \/\/ Sin interacciones medicamentosas.<\/p>\n<p><em><strong>NB: No apto para personas anafil\u00e1cticas a los al\u00e9rgenos enumerados sin seguimiento por parte de <a href=\"https:\/\/www.apsl-sante.org\/annuaire-therapeutes\/\">un profesional de Lumen Care<\/a>.<\/strong><\/em><\/p>\n<p>&nbsp;<\/p>\n<\/div>\n<\/div>","protected":false},"excerpt":{"rendered":"<p>Para un equilibrio vibratorio vinculado a todas las formas de sensibilidad e intolerancia a los productos l\u00e1cteos.<span class=\"WdYUQQ text-decoration-none text-strikethrough-none\">itaminas<\/span>.<\/p>","protected":false},"featured_media":21725,"comment_status":"closed","ping_status":"closed","template":"","meta":{"inline_featured_image":false,"__cvm_playback_settings":[],"__cvm_video_id":""},"product_brand":[],"product_cat":[1143],"product_tag":[1157,1156,1155,19],"class_list":{"0":"post-17182","1":"product","2":"type-product","3":"status-publish","4":"has-post-thumbnail","6":"product_cat-micronutriments","7":"product_tag-alimentaires","8":"product_tag-intolerances","9":"product_tag-sensibilites","10":"product_tag-sensibilites-et-intolerances-alimentaires","11":"member-discount","12":"discount-restricted","14":"first","15":"instock","16":"taxable","17":"shipping-taxable","18":"purchasable","19":"product-type-simple"},"composite_virtual":false,"composite_layout":"","composite_add_to_cart_form_location":"","composite_editable_in_cart":false,"composite_sold_individually_context":"","composite_shop_price_calc":"","composite_components":[],"composite_scenarios":[],"_links":{"self":[{"href":"https:\/\/www.lumen-care.com\/es\/wp-json\/wp\/v2\/product\/17182","targetHints":{"allow":["GET"]}}],"collection":[{"href":"https:\/\/www.lumen-care.com\/es\/wp-json\/wp\/v2\/product"}],"about":[{"href":"https:\/\/www.lumen-care.com\/es\/wp-json\/wp\/v2\/types\/product"}],"replies":[{"embeddable":true,"href":"https:\/\/www.lumen-care.com\/es\/wp-json\/wp\/v2\/comments?post=17182"}],"wp:featuredmedia":[{"embeddable":true,"href":"https:\/\/www.lumen-care.com\/es\/wp-json\/wp\/v2\/media\/21725"}],"wp:attachment":[{"href":"https:\/\/www.lumen-care.com\/es\/wp-json\/wp\/v2\/media?parent=17182"}],"wp:term":[{"taxonomy":"product_brand","embeddable":true,"href":"https:\/\/www.lumen-care.com\/es\/wp-json\/wp\/v2\/product_brand?post=17182"},{"taxonomy":"product_cat","embeddable":true,"href":"https:\/\/www.lumen-care.com\/es\/wp-json\/wp\/v2\/product_cat?post=17182"},{"taxonomy":"product_tag","embeddable":true,"href":"https:\/\/www.lumen-care.com\/es\/wp-json\/wp\/v2\/product_tag?post=17182"}],"curies":[{"name":"wp","href":"https:\/\/api.w.org\/{rel}","templated":true}]}}