{"id":17184,"date":"2023-07-28T15:27:00","date_gmt":"2023-07-28T13:27:00","guid":{"rendered":"https:\/\/www.lumen-care.com\/?post_type=product&#038;p=17184"},"modified":"2025-03-26T22:09:47","modified_gmt":"2025-03-26T21:09:47","slug":"mezcla-vegetales-1","status":"publish","type":"product","link":"https:\/\/www.lumen-care.com\/es\/sensibilidades-intolerancias\/mezcla-vegetales-1\/","title":{"rendered":"Hortalizas mixtas 1 (leguminosas, solan\u00e1ceas, ali\u00e1ceas, brasic\u00e1ceas, cucurbit\u00e1ceas)"},"content":{"rendered":"<div class=\"fusion-one-full fusion-layout-column fusion-column-last fusion-spacing-yes\">\n<div class=\"fusion-column-wrapper\">\n<p>Para una vibraci\u00f3n equilibrada vinculada a todas las formas de sensibilidades e intolerancias a la LEGUMINA, SOLANACEA, ALLIACEA, BRASSICACEA, CUCURBITACEA.<\/p>\n<p><b>N\u00famero de mezclas: 05<\/b><\/p>\n<table style=\"width: 100%;\">\n<tbody>\n<tr>\n<td style=\"width: 50%; height: 18px;\" valign=\"top\">\n<h3>LEGUMINOSAS\u00a0<span class=\"s6\">AL-08<\/span><\/h3>\n<p>Cocos, Habas, Garbanzos, Flageolet, Alubias azuki, Jud\u00edas verdes, Alubias blancas, Alubias blancas, Altramuces, Guisantes, Guisantes partidos, Guisantes, Soja, Jud\u00edas blancas, Alubias mungo,<\/p>\n<p>&nbsp;<\/p>\n<h3>SOLANACEES\u00a0<span class=\"s6\">AL-21<\/span><\/h3>\n<p>Berenjena, Capsaicina, Guindilla, Piment\u00f3n, Physalis, Pimientos (amarillo, rojo,<\/p>\n<p>verde), Patata, Solan\u00e1ceas, Solanina, Tomate<\/p>\n<p>&nbsp;<\/p>\n<h3>ALIANZAS\u00a0<span class=\"s6\">AL-22<\/span><\/h3>\n<p>Allium, Cebolla, Puerro, Ajo (com\u00fan, amarillo, dorado, blanco, rosa), Cebollino-.<\/p>\n<p>Lechuga, Ajo de oso, Chalota, Cebollino, Cebollino chino, Esp\u00e1rragos.<\/p>\n<p>&nbsp;<\/td>\n<td style=\"width: 50%; height: 18px;\" valign=\"top\">\n<h3>BRASSICACEAE\u00a0<span class=\"s6\">AL-23<\/span><\/h3>\n<p>Col cocida, R\u00e1banos, Col cruda, Nabos, R\u00e1bano rusticano, Mostaza, Coliflor (cruda, cocida), Colinabo, Berro, Capuchina, Coles de Bruselas, Colirr\u00e1bano, Colza, Col china, R\u00facula, Wasabi, Col blanca, Berza, Col lombarda, Hortalizas cruc\u00edferas.<\/p>\n<p>&nbsp;<\/p>\n<h3>CUCURBITACEES\u00a0<span class=\"s6\">AL-25<\/span><\/h3>\n<p>Mel\u00f3n Cantalupo, Calabaza, Calabac\u00edn, Calabaza, Pepino, Calabaza de Siam, Calabaza Butternut, Mel\u00f3n de Ogen, Mel\u00f3n (hami, inodoro, Piel de sapo, espa\u00f1ol, Sucrin, Gallia, bordado), Pas- t\u00e8ques, Chayottes<\/td>\n<\/tr>\n<\/tbody>\n<\/table>\n<p><b>\u00bfPARA QUI\u00c9N ES?<\/b><br \/>\nTratar todas las formas de sensibilidad o intolerancia \/\/ Cualquiera que sea la sustancia implicada \/\/ Cualquiera que sea la historia \/\/ Cualquiera que sea la intensidad.<\/p>\n<p><b>C\u00d3MO FUNCIONA :<\/b><br \/>\nEl m\u00e9todo Lumen Care se basa en <strong>memoria del agua<\/strong> y el principio homeop\u00e1tico de<strong>isoterapia<\/strong> que consiste en tratar un problema con la sustancia responsable del mismo, llevada a una diluci\u00f3n muy elevada. Este protocolo energ\u00e9tico adopta la forma de una c\u00e1psula de agua informada que se lleva como colgante sobre la piel.<\/p>\n<p><b>PROTOCOLO DE TRATAMIENTO :<\/b><br \/>\nCada c\u00e1psula debe llevarse 8 horas al d\u00eda durante 15 d\u00edas repartidos en 1 mes. Una vez desprogramada con \u00e9xito una sensibilidad, el resultado deber\u00eda ser duradero (<a href=\"https:\/\/www.lumen-care.com\/es\/mode-emploi\/\" target=\"_blank\" rel=\"noopener\">ver instrucciones de uso<\/a>).<\/p>\n<p><b>UN M\u00c9TODO NO INVASIVO:<\/b><br \/>\nSin ingesti\u00f3n \/\/ Sin absorci\u00f3n cut\u00e1nea \/\/ Sin dietas ni evitaci\u00f3n \/\/ Sin efectos secundarios \/\/ Sin l\u00edmite de edad \/\/ Sin interacciones medicamentosas.<\/p>\n<p><em><strong>NB: No apto para personas anafil\u00e1cticas a los al\u00e9rgenos enumerados sin seguimiento por parte de <a href=\"https:\/\/www.apsl-sante.org\/annuaire-therapeutes\/\">un profesional de Lumen Care<\/a>.<\/strong><\/em><\/p>\n<p>&nbsp;<\/p>\n<\/div>\n<\/div>","protected":false},"excerpt":{"rendered":"<p>Para una vibraci\u00f3n equilibrada vinculada a todas las formas de sensibilidades e intolerancias a la LEGUMINA, SOLANACEA, ALLIACEA, BRASSICACEA, CUCURBITACEA.<\/p>","protected":false},"featured_media":17193,"comment_status":"closed","ping_status":"closed","template":"","meta":{"inline_featured_image":false,"__cvm_playback_settings":[],"__cvm_video_id":""},"product_brand":[],"product_cat":[72],"product_tag":[1157,1156,1155,19],"class_list":{"0":"post-17184","1":"product","2":"type-product","3":"status-publish","4":"has-post-thumbnail","6":"product_cat-intolerances-et-allergies-alimentaires","7":"product_tag-alimentaires","8":"product_tag-intolerances","9":"product_tag-sensibilites","10":"product_tag-sensibilites-et-intolerances-alimentaires","11":"member-discount","12":"discount-restricted","14":"first","15":"instock","16":"taxable","17":"shipping-taxable","18":"purchasable","19":"product-type-simple"},"composite_virtual":false,"composite_layout":"","composite_add_to_cart_form_location":"","composite_editable_in_cart":false,"composite_sold_individually_context":"","composite_shop_price_calc":"","composite_components":[],"composite_scenarios":[],"_links":{"self":[{"href":"https:\/\/www.lumen-care.com\/es\/wp-json\/wp\/v2\/product\/17184","targetHints":{"allow":["GET"]}}],"collection":[{"href":"https:\/\/www.lumen-care.com\/es\/wp-json\/wp\/v2\/product"}],"about":[{"href":"https:\/\/www.lumen-care.com\/es\/wp-json\/wp\/v2\/types\/product"}],"replies":[{"embeddable":true,"href":"https:\/\/www.lumen-care.com\/es\/wp-json\/wp\/v2\/comments?post=17184"}],"wp:featuredmedia":[{"embeddable":true,"href":"https:\/\/www.lumen-care.com\/es\/wp-json\/wp\/v2\/media\/17193"}],"wp:attachment":[{"href":"https:\/\/www.lumen-care.com\/es\/wp-json\/wp\/v2\/media?parent=17184"}],"wp:term":[{"taxonomy":"product_brand","embeddable":true,"href":"https:\/\/www.lumen-care.com\/es\/wp-json\/wp\/v2\/product_brand?post=17184"},{"taxonomy":"product_cat","embeddable":true,"href":"https:\/\/www.lumen-care.com\/es\/wp-json\/wp\/v2\/product_cat?post=17184"},{"taxonomy":"product_tag","embeddable":true,"href":"https:\/\/www.lumen-care.com\/es\/wp-json\/wp\/v2\/product_tag?post=17184"}],"curies":[{"name":"wp","href":"https:\/\/api.w.org\/{rel}","templated":true}]}}