{"id":17198,"date":"2023-07-28T16:55:09","date_gmt":"2023-07-28T14:55:09","guid":{"rendered":"https:\/\/www.lumen-care.com\/?post_type=product&#038;p=17198"},"modified":"2025-03-26T22:14:27","modified_gmt":"2025-03-26T21:14:27","slug":"mezcla-radiacion-electro-sensibilidad","status":"publish","type":"product","link":"https:\/\/www.lumen-care.com\/es\/sensibilidades-intolerancias\/mezcla-radiacion-electro-sensibilidad\/","title":{"rendered":"Mezcla de radiaci\u00f3n y electrosensibilidad"},"content":{"rendered":"<div class=\"fusion-one-full fusion-layout-column fusion-column-last fusion-spacing-yes\">\n<div class=\"fusion-column-wrapper\">\n<p>Para un equilibrio vibratorio vinculado a todas las formas de sensibilidad e intolerancia a los productos l\u00e1cteos. <span class=\"WdYUQQ text-decoration-none text-strikethrough-none\">Radiaci\u00f3n\/Electro-sensibilidad<\/span><\/p>\n<p><b>N\u00famero de mezclas: 04<\/b><\/p>\n<table style=\"width: 100%;\">\n<tbody>\n<tr>\n<td style=\"width: 50%; height: 18px;\" valign=\"top\">\n<h3>CANCELACIONES<\/h3>\n<p>Campo electromagn\u00e9tico, Corriente alterna, Constante, Campos electrost\u00e1ticos, Corriente alterna, Corriente<br \/>\n50Hz, Corriente 60Hz, Pantalla, EDGE - 2.75G, GPRS - 2.5G,HSDPA - 3.5G, Infrarrojos, L\u00e1ser, Linky, LTE - 4G, LTE, Advanced - 4G+, LTE Advanced B - 5G, Luna, Microondas, Ondas EHF - de 30 GHz a 300 GHz, Ondas ELF - de 3 Hz a 30 Hz, Ondas HF - de 3 MHz a 30 MHz, Ondas LF - de 30 kH, a 300 kHz, Ondas MF - de 300 kHz a 3 MHz, Ondas de radio, Ondas SHF - de 3 GHz a 30 GHz, Ondas SLF - de 30 Hz a 300 Hz, ondas THF - de 30 MHz a 300 MHz, ondas TLF - de 0 Hz a 3 Hz, ondas UHF - de 300 Mhz a 3000 MHz, ondas ULF - de 300 a 3 000 Hz, ondas VHF - de 30 Mhz a 300 MHz, ondas VLF - de 3 kHz a 30 kHz, Radiaci\u00f3n electromagn\u00e9tica, Radiofrecuencias, Radiaci\u00f3n ionizante, Rayos gamma, Rayos X, Tel\u00e9fono GSM - 1.8 GHz, Tel\u00e9fono GSM - 0,9 GHz, UMTS, WCDMA - 3G, Wi-Fi - 802.11 g, Wi-Fi - 802.11ac,<br \/>\nWi-Fi - 802.11b, Wi-Fi 5 - 802.11a, WiSE - 802.11n, Bluetooth...<\/td>\n<td style=\"width: 50%; height: 18px;\" valign=\"top\">\n<h3>GEOBIOLOG\u00cdA<\/h3>\n<p>Campos magn\u00e9ticos terrestres, corrientes de agua, energ\u00edas y corrientes tel\u00faricas, cruces de redes horizontales, fallas geol\u00f3gicas, l\u00edneas ley, capas fre\u00e1ticas subterr\u00e1neas, niveles fre\u00e1ticos, radiactividad, rad\u00f3n, redes de Curry, redes de Hartmann...<\/td>\n<\/tr>\n<\/tbody>\n<\/table>\n<p><b>\u00bfPARA QUI\u00c9N ES?<\/b><br \/>\nTratar todas las formas de sensibilidad o intolerancia \/\/ Cualquiera que sea la sustancia implicada \/\/ Cualquiera que sea la historia \/\/ Cualquiera que sea la intensidad.<\/p>\n<p><b>C\u00d3MO FUNCIONA :<\/b><br \/>\nEl m\u00e9todo Lumen Care se basa en <strong>memoria del agua<\/strong> y el principio homeop\u00e1tico de<strong>isoterapia<\/strong> que consiste en tratar un problema con la sustancia responsable del mismo, llevada a una diluci\u00f3n muy elevada. Este protocolo energ\u00e9tico adopta la forma de una c\u00e1psula de agua informada que se lleva como colgante sobre la piel.<\/p>\n<p><b>PROTOCOLO DE TRATAMIENTO :<\/b><br \/>\nCada c\u00e1psula debe llevarse 8 horas al d\u00eda durante 15 d\u00edas repartidos en 1 mes. Una vez desprogramada con \u00e9xito una sensibilidad, el resultado deber\u00eda ser duradero (<a href=\"https:\/\/www.lumen-care.com\/es\/mode-emploi\/\" target=\"_blank\" rel=\"noopener\">ver instrucciones de uso<\/a>).<\/p>\n<p><b>UN M\u00c9TODO NO INVASIVO:<\/b><br \/>\nSin ingesti\u00f3n \/\/ Sin absorci\u00f3n cut\u00e1nea \/\/ Sin dietas ni evitaci\u00f3n \/\/ Sin efectos secundarios \/\/ Sin l\u00edmite de edad \/\/ Sin interacciones medicamentosas.<\/p>\n<p><em><strong>NB: No apto para personas anafil\u00e1cticas a los al\u00e9rgenos enumerados sin seguimiento por parte de <a href=\"https:\/\/www.apsl-sante.org\/annuaire-therapeutes\/\">un profesional de Lumen Care<\/a>.<\/strong><\/em><\/p>\n<p>&nbsp;<\/p>\n<\/div>\n<\/div>","protected":false},"excerpt":{"rendered":"<p>Para un equilibrio vibratorio vinculado a todas las formas de sensibilidad e intolerancia a los productos l\u00e1cteos. <span class=\"WdYUQQ text-decoration-none text-strikethrough-none\">Radiaci\u00f3n\/Electro-sensibilidad<\/span>.<\/p>","protected":false},"featured_media":24810,"comment_status":"closed","ping_status":"closed","template":"","meta":{"inline_featured_image":false,"__cvm_playback_settings":[],"__cvm_video_id":""},"product_brand":[],"product_cat":[73],"product_tag":[1157,1156,1155,19],"class_list":{"0":"post-17198","1":"product","2":"type-product","3":"status-publish","4":"has-post-thumbnail","6":"product_cat-allergies-environnementales","7":"product_tag-alimentaires","8":"product_tag-intolerances","9":"product_tag-sensibilites","10":"product_tag-sensibilites-et-intolerances-alimentaires","11":"member-discount","12":"discount-restricted","14":"first","15":"instock","16":"taxable","17":"shipping-taxable","18":"purchasable","19":"product-type-simple"},"composite_virtual":false,"composite_layout":"","composite_add_to_cart_form_location":"","composite_editable_in_cart":false,"composite_sold_individually_context":"","composite_shop_price_calc":"","composite_components":[],"composite_scenarios":[],"_links":{"self":[{"href":"https:\/\/www.lumen-care.com\/es\/wp-json\/wp\/v2\/product\/17198","targetHints":{"allow":["GET"]}}],"collection":[{"href":"https:\/\/www.lumen-care.com\/es\/wp-json\/wp\/v2\/product"}],"about":[{"href":"https:\/\/www.lumen-care.com\/es\/wp-json\/wp\/v2\/types\/product"}],"replies":[{"embeddable":true,"href":"https:\/\/www.lumen-care.com\/es\/wp-json\/wp\/v2\/comments?post=17198"}],"wp:featuredmedia":[{"embeddable":true,"href":"https:\/\/www.lumen-care.com\/es\/wp-json\/wp\/v2\/media\/24810"}],"wp:attachment":[{"href":"https:\/\/www.lumen-care.com\/es\/wp-json\/wp\/v2\/media?parent=17198"}],"wp:term":[{"taxonomy":"product_brand","embeddable":true,"href":"https:\/\/www.lumen-care.com\/es\/wp-json\/wp\/v2\/product_brand?post=17198"},{"taxonomy":"product_cat","embeddable":true,"href":"https:\/\/www.lumen-care.com\/es\/wp-json\/wp\/v2\/product_cat?post=17198"},{"taxonomy":"product_tag","embeddable":true,"href":"https:\/\/www.lumen-care.com\/es\/wp-json\/wp\/v2\/product_tag?post=17198"}],"curies":[{"name":"wp","href":"https:\/\/api.w.org\/{rel}","templated":true}]}}