{"id":18544,"date":"2023-09-22T11:26:31","date_gmt":"2023-09-22T09:26:31","guid":{"rendered":"https:\/\/www.lumen-care.com\/?post_type=product&#038;p=18544"},"modified":"2025-03-26T22:19:47","modified_gmt":"2025-03-26T21:19:47","slug":"mezcla-alergenos-respiracion-3","status":"publish","type":"product","link":"https:\/\/www.lumen-care.com\/es\/sensibilidades-intolerancias\/mezcla-alergenos-respiracion-3\/","title":{"rendered":"Mezcla de productos qu\u00edmicos"},"content":{"rendered":"<div class=\"fusion-one-full fusion-layout-column fusion-column-last fusion-spacing-yes\">\n<div class=\"fusion-column-wrapper\">\n<p>Para un equilibrio vibratorio ligado a todas las formas de sensibilidad e intolerancia a los productos qu\u00edmicos.<\/p>\n<p><b>N\u00famero de mezclas: 04<\/b><\/p>\n<table style=\"width: 100%;\">\n<tbody>\n<tr>\n<td style=\"width: 50%; height: 18px;\" valign=\"top\">\n<h3>PRODUCTOS QU\u00cdMICOS A\u00a0<span class=\"s6\">ES-15<\/span><\/h3>\n<p>Acetona, \u00c1cido clorh\u00eddrico, \u00c1cido dicloroisocian\u00farico, \u00c1cido for- mic, \u00c1cido maleico, \u00c1cido fosf\u00f3rico, \u00c1cido fosf\u00f3rico, \u00c1cido sulf\u00farico, Agentes clorados, Espirituosos, Amon\u00edaco, Bicarbonato<\/p>\n<p>de sodio, Carbonato de sodio, Cloro, Cloruro de polivinilo - pvc, Cloruro de hidr\u00f3geno, Canela, Alcohol de canela, D-limoneno, Agua de jab\u00f3n, Esencia de terbentina, Etanol, \u00c9teres de glicol, Hule de lino, Hidr\u00f3xido de sodio, Jab\u00f3n, Lanolina, Linalol, Neopreno, Parafina, Percarbonato s\u00f3dico, Per\u00f3xido de hidr\u00f3geno, Fenoles, Fosfatos, Ftalatos, Propanol, Ceniza de sosa, Sosa c\u00e1ustica, Sulfato, Tensioactivos, Te- rebentina, Tetracloruro de carbono, Tricloroetileno, Triclos\u00e1n, White spirit, Xileno.<\/p>\n<p>&nbsp;<\/p>\n<h3>FOSFATOS\/PARABENOS\u00a0<span class=\"s6\">ES-17<\/span><\/h3>\n<p>Caja timp\u00e1nica, creatinina, receptor de serotonina, parabenos, fosfatos, \u00e9steres de PHB, resorcinol, tricloroetileno.<\/td>\n<td style=\"width: 50%; height: 18px;\" valign=\"top\">\n<h3>PRODUCTOS QU\u00cdMICOS B\u00a0<span class=\"s6\">ES-16<\/span><\/h3>\n<p>Aminoetanol, benzotiazolinona, benzotriazol, bifenil-2-ol, bronopol, butil, cloruro de benzalconio, cloruro de didecildimetilamonio, citral, citrato de sodio, colofonia, creosota, benzoato de denatonio, diclorobenceno, diclorofeno, Ftalato de dietilo, Etanolamina, Alcohol dec\u00edlico etoxilado, Eugenol, Evernia prunastri, Farnesol, Geraniol, Hexil cinamal, Hidroxicitronelal, Isoeugenol, Metilcloroisotiazolinona, Poliglicol\u00e9ter de alcohol graso modificado, Ndecyldimetilaminoxido, nonilfenoles, octilisotiazolinona, fenoxietanol, fosfato de trifenilo, poliacrilato de sodio, polibutileno, polietilenglicol, pol\u00edmero con diisobuteno, poliuretano, alcohol polivin\u00edlico, Ppg-10-buteth-9, silicato de sodio, Silicato de sodio, Emulsi\u00f3n de silicona, \u00c1cido acr\u00edlico s\u00f3dico, Celulosa s\u00f3dica, Almid\u00f3n, Subtilisina, Sulfato de sodio, Tetraacetiletilendiamina, Tetrametilacetilacetloctahidronaftalenos, Di\u00f3xido de titanio, Tolueno, Dicarboximetilalaninato tris\u00f3dico.<\/p>\n<p>&nbsp;<\/p>\n<h3>FORMALDEHYDES\u00a0<span class=\"s6\">ES-18<\/span><\/h3>\n<p>Metanal, Formaldeh\u00eddo, Formaldeh\u00eddo, Aldeh\u00eddos<\/td>\n<\/tr>\n<\/tbody>\n<\/table>\n<p><b>\u00bfPARA QUI\u00c9N ES?<\/b><br \/>\nTratar todas las formas de sensibilidad o intolerancia \/\/ Cualquiera que sea la sustancia implicada \/\/ Cualquiera que sea la historia \/\/ Cualquiera que sea la intensidad.<\/p>\n<p><b>C\u00d3MO FUNCIONA :<\/b><br \/>\nEl m\u00e9todo Lumen Care se basa en <strong>memoria del agua<\/strong> y el principio homeop\u00e1tico de<strong>isoterapia<\/strong> que consiste en tratar un problema con la sustancia responsable del mismo, llevada a una diluci\u00f3n muy elevada. Este protocolo energ\u00e9tico adopta la forma de una c\u00e1psula de agua informada que se lleva como colgante sobre la piel.<\/p>\n<p><b>PROTOCOLO DE TRATAMIENTO :<\/b><br \/>\nCada c\u00e1psula debe llevarse 8 horas al d\u00eda durante 15 d\u00edas repartidos en 1 mes. Una vez desprogramada con \u00e9xito una sensibilidad, el resultado deber\u00eda ser duradero (<a href=\"https:\/\/www.lumen-care.com\/es\/mode-emploi\/\" target=\"_blank\" rel=\"noopener\">ver instrucciones de uso<\/a>).<\/p>\n<p><b>UN M\u00c9TODO NO INVASIVO:<\/b><br \/>\nSin ingesti\u00f3n \/\/ Sin absorci\u00f3n cut\u00e1nea \/\/ Sin dietas ni evitaci\u00f3n \/\/ Sin efectos secundarios \/\/ Sin l\u00edmite de edad \/\/ Sin interacciones medicamentosas.<\/p>\n<p><em><strong>NB: No apto para personas anafil\u00e1cticas a los al\u00e9rgenos enumerados sin seguimiento por parte de <a href=\"https:\/\/www.apsl-sante.org\/annuaire-therapeutes\/\">un profesional de Lumen Care<\/a>.<\/strong><\/em><\/p>\n<p>&nbsp;<\/p>\n<\/div>\n<\/div>","protected":false},"excerpt":{"rendered":"<p>Para un equilibrio vibratorio ligado a todas las formas de sensibilidad e intolerancia a los productos qu\u00edmicos.<\/p>","protected":false},"featured_media":18545,"comment_status":"closed","ping_status":"closed","template":"","meta":{"inline_featured_image":false,"__cvm_playback_settings":[],"__cvm_video_id":""},"product_brand":[],"product_cat":[73],"product_tag":[1157,1156,1155,19],"class_list":{"0":"post-18544","1":"product","2":"type-product","3":"status-publish","4":"has-post-thumbnail","6":"product_cat-allergies-environnementales","7":"product_tag-alimentaires","8":"product_tag-intolerances","9":"product_tag-sensibilites","10":"product_tag-sensibilites-et-intolerances-alimentaires","11":"member-discount","12":"discount-restricted","14":"first","15":"instock","16":"taxable","17":"shipping-taxable","18":"purchasable","19":"product-type-simple"},"composite_virtual":false,"composite_layout":"","composite_add_to_cart_form_location":"","composite_editable_in_cart":false,"composite_sold_individually_context":"","composite_shop_price_calc":"","composite_components":[],"composite_scenarios":[],"_links":{"self":[{"href":"https:\/\/www.lumen-care.com\/es\/wp-json\/wp\/v2\/product\/18544","targetHints":{"allow":["GET"]}}],"collection":[{"href":"https:\/\/www.lumen-care.com\/es\/wp-json\/wp\/v2\/product"}],"about":[{"href":"https:\/\/www.lumen-care.com\/es\/wp-json\/wp\/v2\/types\/product"}],"replies":[{"embeddable":true,"href":"https:\/\/www.lumen-care.com\/es\/wp-json\/wp\/v2\/comments?post=18544"}],"wp:featuredmedia":[{"embeddable":true,"href":"https:\/\/www.lumen-care.com\/es\/wp-json\/wp\/v2\/media\/18545"}],"wp:attachment":[{"href":"https:\/\/www.lumen-care.com\/es\/wp-json\/wp\/v2\/media?parent=18544"}],"wp:term":[{"taxonomy":"product_brand","embeddable":true,"href":"https:\/\/www.lumen-care.com\/es\/wp-json\/wp\/v2\/product_brand?post=18544"},{"taxonomy":"product_cat","embeddable":true,"href":"https:\/\/www.lumen-care.com\/es\/wp-json\/wp\/v2\/product_cat?post=18544"},{"taxonomy":"product_tag","embeddable":true,"href":"https:\/\/www.lumen-care.com\/es\/wp-json\/wp\/v2\/product_tag?post=18544"}],"curies":[{"name":"wp","href":"https:\/\/api.w.org\/{rel}","templated":true}]}}