{"id":19349,"date":"2023-11-08T22:53:04","date_gmt":"2023-11-08T21:53:04","guid":{"rendered":"https:\/\/www.lumen-care.com\/?post_type=product&#038;p=19349"},"modified":"2025-01-15T21:53:07","modified_gmt":"2025-01-15T20:53:07","slug":"autorrealizacion","status":"publish","type":"product","link":"https:\/\/www.lumen-care.com\/es\/sensibilidades-intolerancias\/autorrealizacion\/","title":{"rendered":"Autorrealizaci\u00f3n"},"content":{"rendered":"<p><span style=\"font-size: 90%\"><em>Basado en \"Los mensajes de Maitreya\" de B. Creme<br \/>\n<\/em><\/span><\/p>\n<p>Expreso mi verdadera naturaleza de dios luminoso.<br \/>Estoy expresando mi verdadera naturaleza, que es Amor.<br \/>Que la Luz Divina, el Amor y el Poder del<br \/>El Dios \u00fanico y sant\u00edsimo se manifiesta ahora<br \/>en m\u00ed, en mi coraz\u00f3n y en mi mente.<\/p>\n<p>&nbsp;<\/p>","protected":false},"excerpt":{"rendered":"<p>Basado en \"Los mensajes de Maitreya\" de B. Creme<\/p>\n<p>Que la Luz Divina, el Amor y el Poder del \u00danico Dios Sant\u00edsimo se manifiesten ahora en m\u00ed, en mi coraz\u00f3n y en mi mente.&nbsp;<\/p>","protected":false},"featured_media":19649,"comment_status":"closed","ping_status":"closed","template":"","meta":{"inline_featured_image":false,"__cvm_playback_settings":[],"__cvm_video_id":""},"product_brand":[],"product_cat":[1163],"product_tag":[],"class_list":{"0":"post-19349","1":"product","2":"type-product","3":"status-publish","4":"has-post-thumbnail","6":"product_cat-prieres-mantras-mandalas","7":"member-discount","8":"discount-restricted","10":"first","11":"instock","12":"taxable","13":"shipping-taxable","14":"purchasable","15":"product-type-variable"},"composite_virtual":false,"composite_layout":"","composite_add_to_cart_form_location":"","composite_editable_in_cart":false,"composite_sold_individually_context":"","composite_shop_price_calc":"","composite_components":[],"composite_scenarios":[],"_links":{"self":[{"href":"https:\/\/www.lumen-care.com\/es\/wp-json\/wp\/v2\/product\/19349","targetHints":{"allow":["GET"]}}],"collection":[{"href":"https:\/\/www.lumen-care.com\/es\/wp-json\/wp\/v2\/product"}],"about":[{"href":"https:\/\/www.lumen-care.com\/es\/wp-json\/wp\/v2\/types\/product"}],"replies":[{"embeddable":true,"href":"https:\/\/www.lumen-care.com\/es\/wp-json\/wp\/v2\/comments?post=19349"}],"wp:featuredmedia":[{"embeddable":true,"href":"https:\/\/www.lumen-care.com\/es\/wp-json\/wp\/v2\/media\/19649"}],"wp:attachment":[{"href":"https:\/\/www.lumen-care.com\/es\/wp-json\/wp\/v2\/media?parent=19349"}],"wp:term":[{"taxonomy":"product_brand","embeddable":true,"href":"https:\/\/www.lumen-care.com\/es\/wp-json\/wp\/v2\/product_brand?post=19349"},{"taxonomy":"product_cat","embeddable":true,"href":"https:\/\/www.lumen-care.com\/es\/wp-json\/wp\/v2\/product_cat?post=19349"},{"taxonomy":"product_tag","embeddable":true,"href":"https:\/\/www.lumen-care.com\/es\/wp-json\/wp\/v2\/product_tag?post=19349"}],"curies":[{"name":"wp","href":"https:\/\/api.w.org\/{rel}","templated":true}]}}