{"id":19363,"date":"2023-11-08T23:06:53","date_gmt":"2023-11-08T22:06:53","guid":{"rendered":"https:\/\/www.lumen-care.com\/?post_type=product&#038;p=19363"},"modified":"2025-01-15T21:53:14","modified_gmt":"2025-01-15T20:53:14","slug":"mercaba","status":"publish","type":"product","link":"https:\/\/www.lumen-care.com\/es\/sensibilidades-intolerancias\/mercaba\/","title":{"rendered":"Mercaba"},"content":{"rendered":"<p><span style=\"font-size: 90%\"><em>Procedimiento de alineaci\u00f3n<\/em><\/span><br \/>\nConecto con mi Fuente. Hago resonar el sonido \u00d4m. Conecto con las energ\u00edas de la Gratitud.<br \/>Estoy conectando con las energ\u00edas de la Sabidur\u00eda. Me conecto con las energ\u00edas del Amor. Me conecto con la Tierra. Estoy conectado con el Cielo.<\/p>","protected":false},"excerpt":{"rendered":"<p>Procedimiento de alineaci\u00f3n :<\/p>\n<p>Conecto con mi Fuente. Hago resonar el sonido \u00d4m. Conecto con las energ\u00edas de la Gratitud. Conecto con las energ\u00edas de la Sabidur\u00eda. Me conecto a las energ\u00edas del Amor. Conecto con la Tierra. Conecto con el Cielo.<\/p>","protected":false},"featured_media":19651,"comment_status":"closed","ping_status":"closed","template":"","meta":{"inline_featured_image":false,"__cvm_playback_settings":[],"__cvm_video_id":""},"product_brand":[],"product_cat":[1163],"product_tag":[],"class_list":{"0":"post-19363","1":"product","2":"type-product","3":"status-publish","4":"has-post-thumbnail","6":"product_cat-prieres-mantras-mandalas","7":"member-discount","8":"discount-restricted","10":"first","11":"instock","12":"taxable","13":"shipping-taxable","14":"purchasable","15":"product-type-variable"},"composite_virtual":false,"composite_layout":"","composite_add_to_cart_form_location":"","composite_editable_in_cart":false,"composite_sold_individually_context":"","composite_shop_price_calc":"","composite_components":[],"composite_scenarios":[],"_links":{"self":[{"href":"https:\/\/www.lumen-care.com\/es\/wp-json\/wp\/v2\/product\/19363","targetHints":{"allow":["GET"]}}],"collection":[{"href":"https:\/\/www.lumen-care.com\/es\/wp-json\/wp\/v2\/product"}],"about":[{"href":"https:\/\/www.lumen-care.com\/es\/wp-json\/wp\/v2\/types\/product"}],"replies":[{"embeddable":true,"href":"https:\/\/www.lumen-care.com\/es\/wp-json\/wp\/v2\/comments?post=19363"}],"wp:featuredmedia":[{"embeddable":true,"href":"https:\/\/www.lumen-care.com\/es\/wp-json\/wp\/v2\/media\/19651"}],"wp:attachment":[{"href":"https:\/\/www.lumen-care.com\/es\/wp-json\/wp\/v2\/media?parent=19363"}],"wp:term":[{"taxonomy":"product_brand","embeddable":true,"href":"https:\/\/www.lumen-care.com\/es\/wp-json\/wp\/v2\/product_brand?post=19363"},{"taxonomy":"product_cat","embeddable":true,"href":"https:\/\/www.lumen-care.com\/es\/wp-json\/wp\/v2\/product_cat?post=19363"},{"taxonomy":"product_tag","embeddable":true,"href":"https:\/\/www.lumen-care.com\/es\/wp-json\/wp\/v2\/product_tag?post=19363"}],"curies":[{"name":"wp","href":"https:\/\/api.w.org\/{rel}","templated":true}]}}