{"id":22797,"date":"2024-06-05T14:16:51","date_gmt":"2024-06-05T12:16:51","guid":{"rendered":"https:\/\/www.lumen-care.com\/?post_type=product&#038;p=22797"},"modified":"2024-11-07T18:17:43","modified_gmt":"2024-11-07T17:17:43","slug":"5-codificaciones-literales-2","status":"publish","type":"product","link":"https:\/\/www.lumen-care.com\/es\/sensibilidades-intolerancias\/5-codificaciones-literales-2\/","title":{"rendered":"Pedido anticipado de solidaridad - Packs de 5 codificaciones Verbatim"},"content":{"rendered":"","protected":false},"excerpt":{"rendered":"<p>Pedido anticipado de Solidaire para impulsar la producci\u00f3n de la versi\u00f3n automatizada de la m\u00e1quina Lumedy V2.<br \/>\nImprescindible para aumentar el volumen de producci\u00f3n y poner en marcha el proyecto de ensayos cl\u00ednicos.<\/p>\n<p>El trato: Usted hace un pedido anticipado de c\u00e1psulas. Te abonamos las c\u00e1psulas en tu cuenta en 5 meses.<br \/>\nEl efectivo generado se utilizar\u00e1 para ejecutar el proyecto.<br \/>\nPedir en m\u00faltiplos de 5 c\u00e1psulas.<\/p>\n<p>Pedidos recibidos hasta el 30 de junio de 2024.<br \/>\nLanzamiento de la c\u00e1psula: 1\u1d49\u02b3 de diciembre<\/p>\n<p>&nbsp;<\/p>","protected":false},"featured_media":13952,"comment_status":"closed","ping_status":"closed","template":"","meta":{"inline_featured_image":false,"__cvm_playback_settings":[],"__cvm_video_id":""},"product_brand":[],"product_cat":[1132],"product_tag":[],"class_list":{"0":"post-22797","1":"product","2":"type-product","3":"status-publish","4":"has-post-thumbnail","6":"product_cat-verbatim","8":"first","9":"instock","10":"virtual","11":"taxable","12":"purchasable","13":"product-type-simple"},"composite_virtual":false,"composite_layout":"","composite_add_to_cart_form_location":"","composite_editable_in_cart":false,"composite_sold_individually_context":"","composite_shop_price_calc":"","composite_components":[],"composite_scenarios":[],"_links":{"self":[{"href":"https:\/\/www.lumen-care.com\/es\/wp-json\/wp\/v2\/product\/22797","targetHints":{"allow":["GET"]}}],"collection":[{"href":"https:\/\/www.lumen-care.com\/es\/wp-json\/wp\/v2\/product"}],"about":[{"href":"https:\/\/www.lumen-care.com\/es\/wp-json\/wp\/v2\/types\/product"}],"replies":[{"embeddable":true,"href":"https:\/\/www.lumen-care.com\/es\/wp-json\/wp\/v2\/comments?post=22797"}],"wp:featuredmedia":[{"embeddable":true,"href":"https:\/\/www.lumen-care.com\/es\/wp-json\/wp\/v2\/media\/13952"}],"wp:attachment":[{"href":"https:\/\/www.lumen-care.com\/es\/wp-json\/wp\/v2\/media?parent=22797"}],"wp:term":[{"taxonomy":"product_brand","embeddable":true,"href":"https:\/\/www.lumen-care.com\/es\/wp-json\/wp\/v2\/product_brand?post=22797"},{"taxonomy":"product_cat","embeddable":true,"href":"https:\/\/www.lumen-care.com\/es\/wp-json\/wp\/v2\/product_cat?post=22797"},{"taxonomy":"product_tag","embeddable":true,"href":"https:\/\/www.lumen-care.com\/es\/wp-json\/wp\/v2\/product_tag?post=22797"}],"curies":[{"name":"wp","href":"https:\/\/api.w.org\/{rel}","templated":true}]}}