{"id":24315,"date":"2024-10-22T19:30:10","date_gmt":"2024-10-22T17:30:10","guid":{"rendered":"https:\/\/www.lumen-care.com\/?post_type=product&#038;p=24315"},"modified":"2025-03-26T22:33:05","modified_gmt":"2025-03-26T21:33:05","slug":"mezcla-de-fragancias-joie-de-vivre-5","status":"publish","type":"product","link":"https:\/\/www.lumen-care.com\/es\/sensibilidades-intolerancias\/mezcla-de-fragancias-joie-de-vivre-5\/","title":{"rendered":"Joie de vivre - M\u00e9lange 5 Effluences"},"content":{"rendered":"<div class=\"fusion-one-full fusion-layout-column fusion-column-last fusion-spacing-yes\">\n<div class=\"fusion-column-wrapper\">\n<h2 data-fontsize=\"40\" data-lineheight=\"48\"><em><b>Composici\u00f3n de la mezcla '*<span data-sheets-root=\"1\">Alegr\u00eda de vivir<\/span>'<\/b><\/em><\/h2>\n<\/div>\n<\/div>\n<table style=\"border-collapse: collapse; width: 100%;\">\n<tbody>\n<tr>\n<td style=\"width: 50%;\">\n<ul>\n<li><span style=\"color: #00ccff;\"><strong>Alegr\u00eda<\/strong><\/span>Soy feliz. Soy feliz. Me siento realizado. Dejo que la alegr\u00eda me inunde. Conecto con la ligereza y la serenidad.<\/li>\n<li><span style=\"color: #00ccff;\"><strong>Lo siento<\/strong><\/span>Me perdono a m\u00ed mismo. Me perdono a m\u00ed mismo. Me perdono. Pido perd\u00f3n. Me disculpo.<\/li>\n<li><span style=\"color: #00ccff;\"><strong>Recepci\u00f3n y agradecimiento<\/strong><\/span>Recibo. Doy la bienvenida. Acepto lo que se me da con alegr\u00eda. Dejo que la gratitud me inunde. Doy gracias.<\/li>\n<\/ul>\n<\/td>\n<td style=\"width: 50%;\">\n<ul>\n<li><span style=\"color: #00ccff;\"><strong>Contenido<\/strong><\/span>Me libero de toda necesidad de adquirir y poseer. Estoy plenamente satisfecho con lo que tengo. Tengo todo lo que necesito. Me siento realizado. Estoy seguro y en paz. Gracias por esto.<\/li>\n<li><span style=\"color: #00ccff;\"><strong>Azalea<\/strong><\/span>Proporciona energ\u00eda de anclaje y fuerza interior. Favorece la reconciliaci\u00f3n<\/li>\n<\/ul>\n<\/td>\n<\/tr>\n<\/tbody>\n<\/table>\n<p>Cuello incluido.<\/p>\n<h2>Una mezcla de <em>5 Influencias<\/em><\/h2>\n<p>Esta mezcla se compone de 5 <em>Efluentes <\/em>tomados de referencias en emociones, flores y cristales. 5 es el n\u00famero m\u00e1ximo de<em>Efluentes<\/em> que pueden llevarse al mismo tiempo. Por lo tanto, esta mezcla representa el mejor potencial para poner en pr\u00e1ctica la intenci\u00f3n de la mezcla.<\/p>","protected":false},"excerpt":{"rendered":"<h2>Mix '*<span data-sheets-root=\"1\">Alegr\u00eda de vivir<\/span>'<\/h2>\n<p><span data-sheets-root=\"1\">Composici\u00f3n : Alegr\u00eda - Contentamiento - Perd\u00f3n - Aceptaci\u00f3n y gratitud - Azalea<\/span><\/p>","protected":false},"featured_media":24514,"comment_status":"open","ping_status":"closed","template":"","meta":{"inline_featured_image":false,"__cvm_playback_settings":[],"__cvm_video_id":""},"product_brand":[],"product_cat":[1177],"product_tag":[],"class_list":{"0":"post-24315","1":"product","2":"type-product","3":"status-publish","4":"has-post-thumbnail","6":"product_cat-melanges","7":"member-discount","8":"discount-restricted","10":"first","11":"instock","12":"taxable","13":"shipping-taxable","14":"purchasable","15":"product-type-simple"},"composite_virtual":false,"composite_layout":"","composite_add_to_cart_form_location":"","composite_editable_in_cart":false,"composite_sold_individually_context":"","composite_shop_price_calc":"","composite_components":[],"composite_scenarios":[],"_links":{"self":[{"href":"https:\/\/www.lumen-care.com\/es\/wp-json\/wp\/v2\/product\/24315","targetHints":{"allow":["GET"]}}],"collection":[{"href":"https:\/\/www.lumen-care.com\/es\/wp-json\/wp\/v2\/product"}],"about":[{"href":"https:\/\/www.lumen-care.com\/es\/wp-json\/wp\/v2\/types\/product"}],"replies":[{"embeddable":true,"href":"https:\/\/www.lumen-care.com\/es\/wp-json\/wp\/v2\/comments?post=24315"}],"wp:featuredmedia":[{"embeddable":true,"href":"https:\/\/www.lumen-care.com\/es\/wp-json\/wp\/v2\/media\/24514"}],"wp:attachment":[{"href":"https:\/\/www.lumen-care.com\/es\/wp-json\/wp\/v2\/media?parent=24315"}],"wp:term":[{"taxonomy":"product_brand","embeddable":true,"href":"https:\/\/www.lumen-care.com\/es\/wp-json\/wp\/v2\/product_brand?post=24315"},{"taxonomy":"product_cat","embeddable":true,"href":"https:\/\/www.lumen-care.com\/es\/wp-json\/wp\/v2\/product_cat?post=24315"},{"taxonomy":"product_tag","embeddable":true,"href":"https:\/\/www.lumen-care.com\/es\/wp-json\/wp\/v2\/product_tag?post=24315"}],"curies":[{"name":"wp","href":"https:\/\/api.w.org\/{rel}","templated":true}]}}