{"id":24316,"date":"2024-10-22T19:27:42","date_gmt":"2024-10-22T17:27:42","guid":{"rendered":"https:\/\/www.lumen-care.com\/?post_type=product&#038;p=24316"},"modified":"2025-03-26T22:29:13","modified_gmt":"2025-03-26T21:29:13","slug":"mezcla-de-fragancias-new-start-5","status":"publish","type":"product","link":"https:\/\/www.lumen-care.com\/es\/sensibilidades-intolerancias\/mezcla-de-fragancias-new-start-5\/","title":{"rendered":"Nuevo comienzo - M\u00e9lange 5 Effluences"},"content":{"rendered":"<div class=\"fusion-one-full fusion-layout-column fusion-column-last fusion-spacing-yes\">\n<div class=\"fusion-column-wrapper\">\n<h2 data-fontsize=\"40\" data-lineheight=\"48\"><em><b>Composici\u00f3n de la mezcla '*<span data-sheets-root=\"1\">Un nuevo comienzo<\/span>'<\/b><\/em><\/h2>\n<\/div>\n<\/div>\n<table style=\"border-collapse: collapse; width: 100%;\">\n<tbody>\n<tr>\n<td style=\"width: 50%;\">\n<ul>\n<li><span style=\"color: #00ccff;\"><strong>Aceptar el cambio<\/strong><\/span>Acepto y doy la bienvenida al cambio. Yo cambio. Soy resistente. Todo lo que me ocurre me hace crecer. Cada d\u00eda es un nuevo comienzo. Soy flexible y m\u00f3vil.<\/li>\n<li><span style=\"color: #00ccff;\"><strong>Optimismo<\/strong><\/span>Tengo una fe absoluta e inquebrantable en el futuro, en la vida. Soy positivo. Todo lo que me ocurre es por un bien mayor. Dejo que la fe y la esperanza me inunden. Todo es posible.<\/li>\n<li><span style=\"color: #00ccff;\"><strong>Libertad e independencia<\/strong><\/span>Soy libre. Yo decido. Reconozco mi diferencia. Soy el autor de mi vida. Soy real. Recupero mi poder.<\/li>\n<\/ul>\n<\/td>\n<td style=\"width: 50%;\">\n<ul>\n<li><span style=\"color: #00ccff;\"><strong>Ruby<\/strong><\/span>Te conecta con la Madre Tierra y te devuelve el equilibrio. Inspiraci\u00f3n y percepci\u00f3n del amor divino. Proporciona una verdadera transformaci\u00f3n.<\/li>\n<li><span style=\"color: #00ccff;\"><strong>Peon\u00eda<\/strong><\/span>Le ayuda a reconstruir su vida tras un rev\u00e9s o una p\u00e9rdida de concentraci\u00f3n. Te permite cambiar de rumbo y mirar al futuro con serenidad.<\/li>\n<\/ul>\n<\/td>\n<\/tr>\n<\/tbody>\n<\/table>\n<p>Cuello incluido.<\/p>\n<h2>Una mezcla de <em>5 Influencias<\/em><\/h2>\n<p>Esta mezcla se compone de 5 <em>Efluentes <\/em>tomados de referencias en emociones, flores y cristales. 5 es el n\u00famero m\u00e1ximo de<em>Efluentes<\/em> que pueden llevarse al mismo tiempo. Por lo tanto, esta mezcla representa el mejor potencial para poner en pr\u00e1ctica la intenci\u00f3n de la mezcla.<\/p>","protected":false},"excerpt":{"rendered":"<h2>Mix '*<span data-sheets-root=\"1\">Un nuevo comienzo<\/span>'<\/h2>\n<p><span data-sheets-root=\"1\">Composici\u00f3n: Aceptar el cambio - Optimismo - Libertad e independencia - Rub\u00ed - Peon\u00eda<\/span><\/p>","protected":false},"featured_media":24516,"comment_status":"open","ping_status":"closed","template":"","meta":{"inline_featured_image":false,"__cvm_playback_settings":[],"__cvm_video_id":""},"product_brand":[],"product_cat":[1177],"product_tag":[],"class_list":{"0":"post-24316","1":"product","2":"type-product","3":"status-publish","4":"has-post-thumbnail","6":"product_cat-melanges","7":"member-discount","8":"discount-restricted","10":"first","11":"instock","12":"taxable","13":"shipping-taxable","14":"purchasable","15":"product-type-simple"},"composite_virtual":false,"composite_layout":"","composite_add_to_cart_form_location":"","composite_editable_in_cart":false,"composite_sold_individually_context":"","composite_shop_price_calc":"","composite_components":[],"composite_scenarios":[],"_links":{"self":[{"href":"https:\/\/www.lumen-care.com\/es\/wp-json\/wp\/v2\/product\/24316","targetHints":{"allow":["GET"]}}],"collection":[{"href":"https:\/\/www.lumen-care.com\/es\/wp-json\/wp\/v2\/product"}],"about":[{"href":"https:\/\/www.lumen-care.com\/es\/wp-json\/wp\/v2\/types\/product"}],"replies":[{"embeddable":true,"href":"https:\/\/www.lumen-care.com\/es\/wp-json\/wp\/v2\/comments?post=24316"}],"wp:featuredmedia":[{"embeddable":true,"href":"https:\/\/www.lumen-care.com\/es\/wp-json\/wp\/v2\/media\/24516"}],"wp:attachment":[{"href":"https:\/\/www.lumen-care.com\/es\/wp-json\/wp\/v2\/media?parent=24316"}],"wp:term":[{"taxonomy":"product_brand","embeddable":true,"href":"https:\/\/www.lumen-care.com\/es\/wp-json\/wp\/v2\/product_brand?post=24316"},{"taxonomy":"product_cat","embeddable":true,"href":"https:\/\/www.lumen-care.com\/es\/wp-json\/wp\/v2\/product_cat?post=24316"},{"taxonomy":"product_tag","embeddable":true,"href":"https:\/\/www.lumen-care.com\/es\/wp-json\/wp\/v2\/product_tag?post=24316"}],"curies":[{"name":"wp","href":"https:\/\/api.w.org\/{rel}","templated":true}]}}