{"id":24317,"date":"2024-10-22T19:23:51","date_gmt":"2024-10-22T17:23:51","guid":{"rendered":"https:\/\/www.lumen-care.com\/?post_type=product&#038;p=24317"},"modified":"2025-03-26T22:32:46","modified_gmt":"2025-03-26T21:32:46","slug":"volonte-mix-5-fragancias","status":"publish","type":"product","link":"https:\/\/www.lumen-care.com\/es\/sensibilidades-intolerancias\/volonte-mix-5-fragancias\/","title":{"rendered":"Volont\u00e9 - Mezcla 5 Effluences"},"content":{"rendered":"<div class=\"fusion-one-full fusion-layout-column fusion-column-last fusion-spacing-yes\">\n<div class=\"fusion-column-wrapper\">\n<h2 data-fontsize=\"40\" data-lineheight=\"48\"><em><b>Composici\u00f3n de la mezcla '*<span data-sheets-root=\"1\">Will<\/span>'<\/b><\/em><\/h2>\n<\/div>\n<\/div>\n<table style=\"border-collapse: collapse; width: 100%;\">\n<tbody>\n<tr>\n<td style=\"width: 50%;\">\n<ul>\n<li><span style=\"color: #00ccff;\"><strong>Will<\/strong><\/span>Tengo valor. Tengo \u00e9xito. Estoy motivado. Soy perseverante.<\/li>\n<li><span style=\"color: #00ccff;\"><strong>Autoconfianza<\/strong><\/span>Tengo confianza. Tengo confianza. Soy firme. Estoy orgulloso de m\u00ed mismo. Soy capaz. Soy competente. Me lo merezco. Me gusto. Soy perfecto.<\/li>\n<li><span style=\"color: #00ccff;\"><strong>Aceptar el fracaso<\/strong><\/span>Me permito pedir ayuda. Hago lo que puedo. Soy indulgente conmigo mismo. Me cuestiono. Tengo derecho a equivocarme.<\/li>\n<\/ul>\n<\/td>\n<td style=\"width: 50%;\">\n<ul>\n<li><span style=\"color: #00ccff;\"><strong>Responsabilidad<\/strong><\/span>Soy responsable. Tomo decisiones claras y responsables y acepto y asumo todas las consecuencias. Me hago cargo. Tomo las riendas de mi vida.<\/li>\n<li><span style=\"color: #00ccff;\"><strong>Amapola<\/strong><\/span>Promueve el despertar y el reconocimiento de nuestras cualidades y capacidades personales, y nos ayuda a encontrar la fuerza y la determinaci\u00f3n para vivirlas.<\/li>\n<\/ul>\n<\/td>\n<\/tr>\n<\/tbody>\n<\/table>\n<p>Cuello incluido.<\/p>\n<h2>Una mezcla de <em>5 Influencias<\/em><\/h2>\n<p>Esta mezcla se compone de 5 <em>Efluentes <\/em>tomados de referencias en emociones, flores y cristales. 5 es el n\u00famero m\u00e1ximo de<em>Efluentes<\/em> que pueden llevarse al mismo tiempo. Por lo tanto, esta mezcla representa el mejor potencial para poner en pr\u00e1ctica la intenci\u00f3n de la mezcla.<\/p>","protected":false},"excerpt":{"rendered":"<h2>Mix '*<span data-sheets-root=\"1\">Will<\/span>'<\/h2>\n<p><span data-sheets-root=\"1\">Composici\u00f3n : Fuerza de voluntad - Confianza en s\u00ed mismo - Aceptaci\u00f3n del fracaso - Responsabilidad - Amapola<\/span><\/p>","protected":false},"featured_media":24522,"comment_status":"open","ping_status":"closed","template":"","meta":{"inline_featured_image":false,"__cvm_playback_settings":[],"__cvm_video_id":""},"product_brand":[],"product_cat":[1177],"product_tag":[],"class_list":{"0":"post-24317","1":"product","2":"type-product","3":"status-publish","4":"has-post-thumbnail","6":"product_cat-melanges","7":"member-discount","8":"discount-restricted","10":"first","11":"instock","12":"taxable","13":"shipping-taxable","14":"purchasable","15":"product-type-simple"},"composite_virtual":false,"composite_layout":"","composite_add_to_cart_form_location":"","composite_editable_in_cart":false,"composite_sold_individually_context":"","composite_shop_price_calc":"","composite_components":[],"composite_scenarios":[],"_links":{"self":[{"href":"https:\/\/www.lumen-care.com\/es\/wp-json\/wp\/v2\/product\/24317","targetHints":{"allow":["GET"]}}],"collection":[{"href":"https:\/\/www.lumen-care.com\/es\/wp-json\/wp\/v2\/product"}],"about":[{"href":"https:\/\/www.lumen-care.com\/es\/wp-json\/wp\/v2\/types\/product"}],"replies":[{"embeddable":true,"href":"https:\/\/www.lumen-care.com\/es\/wp-json\/wp\/v2\/comments?post=24317"}],"wp:featuredmedia":[{"embeddable":true,"href":"https:\/\/www.lumen-care.com\/es\/wp-json\/wp\/v2\/media\/24522"}],"wp:attachment":[{"href":"https:\/\/www.lumen-care.com\/es\/wp-json\/wp\/v2\/media?parent=24317"}],"wp:term":[{"taxonomy":"product_brand","embeddable":true,"href":"https:\/\/www.lumen-care.com\/es\/wp-json\/wp\/v2\/product_brand?post=24317"},{"taxonomy":"product_cat","embeddable":true,"href":"https:\/\/www.lumen-care.com\/es\/wp-json\/wp\/v2\/product_cat?post=24317"},{"taxonomy":"product_tag","embeddable":true,"href":"https:\/\/www.lumen-care.com\/es\/wp-json\/wp\/v2\/product_tag?post=24317"}],"curies":[{"name":"wp","href":"https:\/\/api.w.org\/{rel}","templated":true}]}}