{"id":24333,"date":"2024-10-22T19:01:55","date_gmt":"2024-10-22T17:01:55","guid":{"rendered":"https:\/\/www.lumen-care.com\/?post_type=product&#038;p=24333"},"modified":"2025-03-26T22:31:26","modified_gmt":"2025-03-26T21:31:26","slug":"hipersensibilidad-mixta-5-fragancias","status":"publish","type":"product","link":"https:\/\/www.lumen-care.com\/es\/sensibilidades-intolerancias\/hipersensibilidad-mixta-5-fragancias\/","title":{"rendered":"Hipersensibilidad - Mix 5 Effluences"},"content":{"rendered":"<div class=\"fusion-one-full fusion-layout-column fusion-column-last fusion-spacing-yes\">\n<div class=\"fusion-column-wrapper\">\n<h2 data-fontsize=\"40\" data-lineheight=\"48\"><em><b>Composici\u00f3n de la mezcla '*<span data-sheets-root=\"1\">Hipersensibilidad<\/span>'<\/b><\/em><\/h2>\n<\/div>\n<\/div>\n<table style=\"border-collapse: collapse; width: 100%;\">\n<tbody>\n<tr>\n<td style=\"width: 50%;\">\n<ul>\n<li><span style=\"color: #00ccff;\"><strong>Autoconfianza<\/strong><\/span>Tengo confianza. Tengo confianza. Soy firme. Estoy orgulloso de m\u00ed mismo. Soy capaz. Soy competente. Me lo merezco. Me gusto. Soy perfecto.<\/li>\n<li><span style=\"color: #00ccff;\"><strong>Amabilidad<\/strong><\/span>Soy amable e indulgente con los dem\u00e1s y conmigo mismo. Tengo un coraz\u00f3n tierno. Siento empat\u00eda. Conecto con compasi\u00f3n y dulzura.<\/li>\n<li><span style=\"color: #00ccff;\"><strong>Cuidarse<\/strong><\/span>Me quiero. Descanso. Me cuido. Pienso en m\u00ed. Me cuido. Me divierto.<\/li>\n<\/ul>\n<\/td>\n<td style=\"width: 50%;\">\n<ul>\n<li><span style=\"color: #00ccff;\"><strong>Masculinidad<\/strong><\/span>Me doy permiso para ser mi yo masculino. Conecto con el valor y la fuerza. Soy poderoso y viril. Expreso mi Yang. Me protejo.<\/li>\n<li><span style=\"color: #00ccff;\"><strong>Respetarse a s\u00ed mismo<\/strong><\/span>Tengo derecho a decir \"no\". Tengo derecho a decir \"s\u00ed\". Me defiendo. Me respeto. Vivo seg\u00fan mis valores. Cuando digo \"no\" es \"no\". Respeto mi verdad.<\/li>\n<\/ul>\n<\/td>\n<\/tr>\n<\/tbody>\n<\/table>\n<p>Cuello incluido.<\/p>\n<h2>Una mezcla de <em>5 Influencias<\/em><\/h2>\n<p>Esta mezcla se compone de 5 <em>Efluentes <\/em>tomados de referencias en emociones, flores y cristales. 5 es el n\u00famero m\u00e1ximo de<em>Efluentes<\/em> que pueden llevarse al mismo tiempo. Por lo tanto, esta mezcla representa el mejor potencial para poner en pr\u00e1ctica la intenci\u00f3n de la mezcla.<\/p>","protected":false},"excerpt":{"rendered":"<h2>Mix '*<span data-sheets-root=\"1\">Hipersensibilidad<\/span>'<\/h2>\n<p><span data-sheets-root=\"1\">Composici\u00f3n : Confianza en s\u00ed mismo - Cuidado - Masculinidad - Respeto de s\u00ed mismo<\/span><\/p>","protected":false},"featured_media":24513,"comment_status":"open","ping_status":"closed","template":"","meta":{"inline_featured_image":false,"__cvm_playback_settings":[],"__cvm_video_id":""},"product_brand":[],"product_cat":[1177],"product_tag":[],"class_list":{"0":"post-24333","1":"product","2":"type-product","3":"status-publish","4":"has-post-thumbnail","6":"product_cat-melanges","7":"member-discount","8":"discount-restricted","10":"first","11":"instock","12":"taxable","13":"shipping-taxable","14":"purchasable","15":"product-type-simple"},"composite_virtual":false,"composite_layout":"","composite_add_to_cart_form_location":"","composite_editable_in_cart":false,"composite_sold_individually_context":"","composite_shop_price_calc":"","composite_components":[],"composite_scenarios":[],"_links":{"self":[{"href":"https:\/\/www.lumen-care.com\/es\/wp-json\/wp\/v2\/product\/24333","targetHints":{"allow":["GET"]}}],"collection":[{"href":"https:\/\/www.lumen-care.com\/es\/wp-json\/wp\/v2\/product"}],"about":[{"href":"https:\/\/www.lumen-care.com\/es\/wp-json\/wp\/v2\/types\/product"}],"replies":[{"embeddable":true,"href":"https:\/\/www.lumen-care.com\/es\/wp-json\/wp\/v2\/comments?post=24333"}],"wp:featuredmedia":[{"embeddable":true,"href":"https:\/\/www.lumen-care.com\/es\/wp-json\/wp\/v2\/media\/24513"}],"wp:attachment":[{"href":"https:\/\/www.lumen-care.com\/es\/wp-json\/wp\/v2\/media?parent=24333"}],"wp:term":[{"taxonomy":"product_brand","embeddable":true,"href":"https:\/\/www.lumen-care.com\/es\/wp-json\/wp\/v2\/product_brand?post=24333"},{"taxonomy":"product_cat","embeddable":true,"href":"https:\/\/www.lumen-care.com\/es\/wp-json\/wp\/v2\/product_cat?post=24333"},{"taxonomy":"product_tag","embeddable":true,"href":"https:\/\/www.lumen-care.com\/es\/wp-json\/wp\/v2\/product_tag?post=24333"}],"curies":[{"name":"wp","href":"https:\/\/api.w.org\/{rel}","templated":true}]}}