{"id":24335,"date":"2024-10-22T18:54:14","date_gmt":"2024-10-22T16:54:14","guid":{"rendered":"https:\/\/www.lumen-care.com\/?post_type=product&#038;p=24335"},"modified":"2025-03-26T22:31:02","modified_gmt":"2025-03-26T21:31:02","slug":"confianza-en-el-universo-mezcla-de-5-aromas","status":"publish","type":"product","link":"https:\/\/www.lumen-care.com\/es\/sensibilidades-intolerancias\/confianza-en-el-universo-mezcla-de-5-aromas\/","title":{"rendered":"Confianza en el universo - Mezcla de 5 efluvios"},"content":{"rendered":"<div class=\"fusion-one-full fusion-layout-column fusion-column-last fusion-spacing-yes\">\n<div class=\"fusion-column-wrapper\">\n<h2 data-fontsize=\"40\" data-lineheight=\"48\"><em><b>Composici\u00f3n de la mezcla '*<span data-sheets-root=\"1\">Confianza en el universo<\/span>'<\/b><\/em><\/h2>\n<\/div>\n<\/div>\n<table style=\"border-collapse: collapse; width: 100%;\">\n<tbody>\n<tr>\n<td style=\"width: 50%;\">\n<ul>\n<li><strong><span style=\"color: #00ccff;\">Confianza en el Universo<\/span><\/strong>Tengo una fe absoluta e inquebrantable en el universo. Conf\u00edo en la vida. Conecto con la abundancia. La abundancia. La vida me apoya.<\/li>\n<li><span style=\"color: #00ccff;\"><strong>Amor<\/strong><\/span>Te quiero a ti. Me quiero a m\u00ed mismo. Soy digno de amor. Soy una persona amorosa y amada. Estoy conectado al amor.<\/li>\n<li><span style=\"color: #00ccff;\"><strong>Armon\u00eda<\/strong><\/span>Estoy en equilibrio. Equilibrio. Estoy en armon\u00eda con el flujo de la vida. Estoy conectado, estoy vinculado. Todo es correcto, todo es bueno.<\/li>\n<\/ul>\n<\/td>\n<td style=\"width: 50%;\">\n<ul>\n<li><span style=\"color: #00ccff;\"><strong>Cuarzo rosa<\/strong><\/span>Abre la puerta a la belleza, a una faceta nueva y m\u00e1s elevada del amor. Favorece el proceso de abrirse, compartir y confiar. Inspiraci\u00f3n art\u00edstica y amor universal.<\/li>\n<li><span style=\"color: #00ccff;\"><strong>Aguamarina<\/strong><\/span>Contacto con el yo superior. Refuerza la intuici\u00f3n. Permite una regeneraci\u00f3n uniforme, alinea los chakras y el aura. En meditaci\u00f3n, abre la comunicaci\u00f3n con el alma y los planos superiores.<\/li>\n<\/ul>\n<\/td>\n<\/tr>\n<\/tbody>\n<\/table>\n<p>Cuello incluido.<\/p>\n<h2>Una mezcla de <em>5 Influencias<\/em><\/h2>\n<p>Esta mezcla se compone de 5 <em>Efluentes <\/em>tomados de referencias en emociones, flores y cristales. 5 es el n\u00famero m\u00e1ximo de<em>Efluentes<\/em> que pueden llevarse al mismo tiempo. Esta f\u00f3rmula ofrece el mejor potencial para poner en pr\u00e1ctica la intenci\u00f3n de la mezcla.<\/p>","protected":false},"excerpt":{"rendered":"<h2>Mix '*<em><b><span data-sheets-root=\"1\">Confianza en el universo<\/span><\/b><\/em>'<\/h2>\n<p><span data-sheets-root=\"1\">Composici\u00f3n: Confianza en el Universo - Amor - Armon\u00eda - Cuarzo Rosa - Aguamarina<\/span><\/p>","protected":false},"featured_media":24511,"comment_status":"open","ping_status":"closed","template":"","meta":{"inline_featured_image":false,"__cvm_playback_settings":[],"__cvm_video_id":""},"product_brand":[],"product_cat":[1177],"product_tag":[],"class_list":{"0":"post-24335","1":"product","2":"type-product","3":"status-publish","4":"has-post-thumbnail","6":"product_cat-melanges","7":"member-discount","8":"discount-restricted","10":"first","11":"instock","12":"taxable","13":"shipping-taxable","14":"purchasable","15":"product-type-simple"},"composite_virtual":false,"composite_layout":"","composite_add_to_cart_form_location":"","composite_editable_in_cart":false,"composite_sold_individually_context":"","composite_shop_price_calc":"","composite_components":[],"composite_scenarios":[],"_links":{"self":[{"href":"https:\/\/www.lumen-care.com\/es\/wp-json\/wp\/v2\/product\/24335","targetHints":{"allow":["GET"]}}],"collection":[{"href":"https:\/\/www.lumen-care.com\/es\/wp-json\/wp\/v2\/product"}],"about":[{"href":"https:\/\/www.lumen-care.com\/es\/wp-json\/wp\/v2\/types\/product"}],"replies":[{"embeddable":true,"href":"https:\/\/www.lumen-care.com\/es\/wp-json\/wp\/v2\/comments?post=24335"}],"wp:featuredmedia":[{"embeddable":true,"href":"https:\/\/www.lumen-care.com\/es\/wp-json\/wp\/v2\/media\/24511"}],"wp:attachment":[{"href":"https:\/\/www.lumen-care.com\/es\/wp-json\/wp\/v2\/media?parent=24335"}],"wp:term":[{"taxonomy":"product_brand","embeddable":true,"href":"https:\/\/www.lumen-care.com\/es\/wp-json\/wp\/v2\/product_brand?post=24335"},{"taxonomy":"product_cat","embeddable":true,"href":"https:\/\/www.lumen-care.com\/es\/wp-json\/wp\/v2\/product_cat?post=24335"},{"taxonomy":"product_tag","embeddable":true,"href":"https:\/\/www.lumen-care.com\/es\/wp-json\/wp\/v2\/product_tag?post=24335"}],"curies":[{"name":"wp","href":"https:\/\/api.w.org\/{rel}","templated":true}]}}