{"id":24817,"date":"2024-12-03T17:56:02","date_gmt":"2024-12-03T16:56:02","guid":{"rendered":"https:\/\/www.lumen-care.com\/?post_type=product&#038;p=24817"},"modified":"2025-03-26T22:16:05","modified_gmt":"2025-03-26T21:16:05","slug":"mezcla-de-luz-y-sol","status":"publish","type":"product","link":"https:\/\/www.lumen-care.com\/es\/sensibilidades-intolerancias\/mezcla-de-luz-y-sol\/","title":{"rendered":"Mezcla de luz y sol"},"content":{"rendered":"<div class=\"fusion-one-full fusion-layout-column fusion-column-last fusion-spacing-yes\">\n<div class=\"fusion-column-wrapper\">\n<p>Para un equilibrio vibratorio ligado a todas las formas de intolerancia a la Luz y al Sol.<\/p>\n<p>&nbsp;<\/p>\n<table style=\"width: 100%;\">\n<tbody>\n<tr>\n<td style=\"width: 50%; height: 18px;\" valign=\"top\">\n<h3>LUCES<\/h3>\n<p>1800\u00b0K a 2700\u00b0K, 2800\u00b0K a 3000\u00b0K, 3100\u00b0K a 4000\u00b0K, 4100\u00b0K a 6500\u00b0K, bombilla, luz de luna, luna, luz,<br \/>\nparpadeo, destello, iluminaci\u00f3n, efecto estrobosc\u00f3pico, fluorescencia, flujo luminoso, \u00edndice de rendimiento luminoso, etc.<br \/>\ncolores - irc, intensidad infrarroja, l\u00e1mpara, l\u00e1mpara el\u00e9ctrica, l\u00e1mpara fluorescente, l\u00e1mpara hal\u00f3gena, led,<br \/>\nl\u00famenes, luz, luz artificial, luz diurna, luminiscencia, luminosidad, negro, noche, d\u00eda, penumbra,<br \/>\noscuridad, fot\u00f3n, rayo de luz, radiaci\u00f3n, parpadeo, sol, tubo de ne\u00f3n, luz de tungsteno,<br \/>\nultravioleta, ultravioleta extremo - 120-10 nm, UV cercano - 380-200 nm, UV-A1 - 340-400 nm UV-A2 -.<br \/>\n315-340 nm, UV-B - 280-315 nm UV-C - 100-280 nm, VUV - Ultravioleta de vac\u00edo - 200-120 nm...<\/td>\n<td style=\"width: 50%; height: 18px;\" valign=\"top\">\n<h3>COLORES<\/h3>\n<p>Rojo, naranja, amarillo, verde, azul, a\u00f1il, violeta, blanco, gris claro, gris oscuro, negro, morado, marr\u00f3n y rosa,<br \/>\nfucsia, granate, turquesa, arena, cobre, oro, plata, irisado, lila, n\u00e1car, ocre, azafr\u00e1n, caramelo, cacao, caf\u00e9,<br \/>\nazur, cian, magenta, malva, topo, bermell\u00f3n, claro, oscuro, pastel...<\/td>\n<\/tr>\n<\/tbody>\n<\/table>\n<p><b>\u00bfPARA QUI\u00c9N ES?<\/b><br \/>\nTratar todas las formas de sensibilidad o intolerancia \/\/ Cualquiera que sea la sustancia implicada \/\/ Cualquiera que sea la historia \/\/ Cualquiera que sea la intensidad.<\/p>\n<p><b>C\u00d3MO FUNCIONA :<\/b><br \/>\nEl m\u00e9todo Lumen Care se basa en <strong>memoria del agua<\/strong> y el principio homeop\u00e1tico de<strong>isoterapia<\/strong> que consiste en tratar un problema con la sustancia responsable del mismo, llevada a una diluci\u00f3n muy elevada. Este protocolo energ\u00e9tico adopta la forma de una c\u00e1psula de agua informada que se lleva como colgante sobre la piel.<\/p>\n<p><b>PROTOCOLO DE TRATAMIENTO :<\/b><br \/>\nCada c\u00e1psula debe llevarse 8 horas al d\u00eda durante 15 d\u00edas repartidos en 1 mes. Una vez desprogramada con \u00e9xito una sensibilidad, el resultado deber\u00eda ser duradero (<a href=\"https:\/\/www.lumen-care.com\/es\/mode-emploi\/\" target=\"_blank\" rel=\"noopener\">ver instrucciones de uso<\/a>).<\/p>\n<p><b>UN M\u00c9TODO NO INVASIVO:<\/b><br \/>\nSin ingesti\u00f3n \/\/ Sin absorci\u00f3n cut\u00e1nea \/\/ Sin dietas ni evitaci\u00f3n \/\/ Sin efectos secundarios \/\/ Sin l\u00edmite de edad \/\/ Sin interacciones medicamentosas.<\/p>\n<p><em><strong>NB: No apto para personas anafil\u00e1cticas a los al\u00e9rgenos enumerados sin seguimiento por parte de <a href=\"https:\/\/www.apsl-sante.org\/annuaire-therapeutes\/\">un profesional de Lumen Care<\/a>.<\/strong><\/em><\/p>\n<p>&nbsp;<\/p>\n<\/div>\n<\/div>","protected":false},"excerpt":{"rendered":"<p>Para un equilibrio vibratorio ligado a todas las formas de intolerancia a la Luz y al Sol.<\/p>\n<p>&nbsp;<\/p>","protected":false},"featured_media":24818,"comment_status":"closed","ping_status":"closed","template":"","meta":{"inline_featured_image":false,"__cvm_playback_settings":[],"__cvm_video_id":""},"product_brand":[],"product_cat":[73],"product_tag":[1157,1156,1155,19],"class_list":{"0":"post-24817","1":"product","2":"type-product","3":"status-publish","4":"has-post-thumbnail","6":"product_cat-allergies-environnementales","7":"product_tag-alimentaires","8":"product_tag-intolerances","9":"product_tag-sensibilites","10":"product_tag-sensibilites-et-intolerances-alimentaires","11":"member-discount","12":"discount-restricted","14":"first","15":"instock","16":"taxable","17":"shipping-taxable","18":"purchasable","19":"product-type-simple"},"composite_virtual":false,"composite_layout":"","composite_add_to_cart_form_location":"","composite_editable_in_cart":false,"composite_sold_individually_context":"","composite_shop_price_calc":"","composite_components":[],"composite_scenarios":[],"_links":{"self":[{"href":"https:\/\/www.lumen-care.com\/es\/wp-json\/wp\/v2\/product\/24817","targetHints":{"allow":["GET"]}}],"collection":[{"href":"https:\/\/www.lumen-care.com\/es\/wp-json\/wp\/v2\/product"}],"about":[{"href":"https:\/\/www.lumen-care.com\/es\/wp-json\/wp\/v2\/types\/product"}],"replies":[{"embeddable":true,"href":"https:\/\/www.lumen-care.com\/es\/wp-json\/wp\/v2\/comments?post=24817"}],"wp:featuredmedia":[{"embeddable":true,"href":"https:\/\/www.lumen-care.com\/es\/wp-json\/wp\/v2\/media\/24818"}],"wp:attachment":[{"href":"https:\/\/www.lumen-care.com\/es\/wp-json\/wp\/v2\/media?parent=24817"}],"wp:term":[{"taxonomy":"product_brand","embeddable":true,"href":"https:\/\/www.lumen-care.com\/es\/wp-json\/wp\/v2\/product_brand?post=24817"},{"taxonomy":"product_cat","embeddable":true,"href":"https:\/\/www.lumen-care.com\/es\/wp-json\/wp\/v2\/product_cat?post=24817"},{"taxonomy":"product_tag","embeddable":true,"href":"https:\/\/www.lumen-care.com\/es\/wp-json\/wp\/v2\/product_tag?post=24817"}],"curies":[{"name":"wp","href":"https:\/\/api.w.org\/{rel}","templated":true}]}}