{"id":28128,"date":"2026-01-06T20:57:08","date_gmt":"2026-01-06T19:57:08","guid":{"rendered":"https:\/\/www.lumen-care.com\/?post_type=product&#038;p=28128"},"modified":"2026-01-12T13:13:03","modified_gmt":"2026-01-12T12:13:03","slug":"capsula-a-medida-segun-la-evaluacion-del-profesional-de-ghl","status":"publish","type":"product","link":"https:\/\/www.lumen-care.com\/es\/sensibilidades-intolerancias\/capsula-a-medida-segun-la-evaluacion-del-profesional-de-ghl\/","title":{"rendered":"C\u00e1psula a medida - GHL"},"content":{"rendered":"<p>Mezcla a medida tras una evaluaci\u00f3n de la sensibilidad energ\u00e9tica realizada por un profesional de la Reinformaci\u00f3n Vibratoria.<\/p>","protected":false},"excerpt":{"rendered":"<p>Codificaci\u00f3n de una c\u00e1psula de reinformaci\u00f3n vibratoria personalizada basada en una evaluaci\u00f3n de la sensibilidad energ\u00e9tica realizada por un profesional.<\/p>","protected":false},"featured_media":1143,"comment_status":"closed","ping_status":"closed","template":"","meta":{"inline_featured_image":false,"__cvm_playback_settings":[],"__cvm_video_id":""},"product_brand":[],"product_cat":[93],"product_tag":[],"class_list":{"0":"post-28128","1":"product","2":"type-product","3":"status-publish","4":"has-post-thumbnail","6":"product_cat-sur-mesure","7":"member-discount","8":"discount-restricted","10":"first","11":"instock","12":"taxable","13":"shipping-taxable","14":"purchasable","15":"product-type-simple"},"composite_virtual":false,"composite_layout":"","composite_add_to_cart_form_location":"","composite_editable_in_cart":false,"composite_sold_individually_context":"","composite_shop_price_calc":"","composite_components":[],"composite_scenarios":[],"_links":{"self":[{"href":"https:\/\/www.lumen-care.com\/es\/wp-json\/wp\/v2\/product\/28128","targetHints":{"allow":["GET"]}}],"collection":[{"href":"https:\/\/www.lumen-care.com\/es\/wp-json\/wp\/v2\/product"}],"about":[{"href":"https:\/\/www.lumen-care.com\/es\/wp-json\/wp\/v2\/types\/product"}],"replies":[{"embeddable":true,"href":"https:\/\/www.lumen-care.com\/es\/wp-json\/wp\/v2\/comments?post=28128"}],"wp:featuredmedia":[{"embeddable":true,"href":"https:\/\/www.lumen-care.com\/es\/wp-json\/wp\/v2\/media\/1143"}],"wp:attachment":[{"href":"https:\/\/www.lumen-care.com\/es\/wp-json\/wp\/v2\/media?parent=28128"}],"wp:term":[{"taxonomy":"product_brand","embeddable":true,"href":"https:\/\/www.lumen-care.com\/es\/wp-json\/wp\/v2\/product_brand?post=28128"},{"taxonomy":"product_cat","embeddable":true,"href":"https:\/\/www.lumen-care.com\/es\/wp-json\/wp\/v2\/product_cat?post=28128"},{"taxonomy":"product_tag","embeddable":true,"href":"https:\/\/www.lumen-care.com\/es\/wp-json\/wp\/v2\/product_tag?post=28128"}],"curies":[{"name":"wp","href":"https:\/\/api.w.org\/{rel}","templated":true}]}}