{"id":761,"date":"2016-12-04T13:15:07","date_gmt":"2016-12-04T12:15:07","guid":{"rendered":"http:\/\/www.lumen-care.com\/?post_type=product&#038;p=761"},"modified":"2025-03-26T22:01:44","modified_gmt":"2025-03-26T21:01:44","slug":"complejo-de-gluten","status":"publish","type":"product","link":"https:\/\/www.lumen-care.com\/es\/sensibilidades-intolerancias\/complejo-de-gluten\/","title":{"rendered":"Complejo de gluten y cereales"},"content":{"rendered":"<div class=\"fusion-one-full fusion-layout-column fusion-column-last fusion-spacing-yes\">\n<div class=\"fusion-column-wrapper\">\n<p>Para un equilibrio vibratorio vinculado a todas las formas de intolerancia al gluten y a los cereales en general. Se presta especial atenci\u00f3n al refuerzo de la pared intestinal, demasiado a menudo porosa e irritable en este tipo de afecciones.<\/p>\n<p><b>N\u00famero de mezclas: 06\u00a0<\/b><\/p>\n<\/div>\n<\/div>\n<table style=\"width: 100%;\">\n<tbody>\n<tr>\n<td style=\"width: 50%; height: 18px;\" valign=\"top\">\n<h3>CEREALES<\/h3>\n<p class=\"s7\">Trigo, avena, espelta, kamut, ma\u00edz, mijo, cebada, espelta peque\u00f1a, einkorn, quinoa, arroz, trigo sarraceno, centeno, teff,<br \/>\nmalta, almid\u00f3n,<\/p>\n<h3>GLUTENAS<\/h3>\n<p class=\"s7\">Prolamina, glutenina, gliadina, alb\u00famina, globulina,<br \/>\navenina, ze\u00edna, panicina, horde\u00edna, orze\u00edna, secalina,<br \/>\nkafirin.<\/p>\n<h3>LEVURES<\/h3>\n<p class=\"s7\">Masa madre, levadura de cerveza, levadura de panader\u00eda,<br \/>\nMohos, Mucor miehei, Hongos, Micetozoos,<br \/>\nPenicilinas, Penicillium, Presi\u00f3n...<\/p>\n<\/td>\n<td style=\"width: 50%; height: 18px;\" valign=\"top\">\n<h3>APARATO DIGESTIVO<\/h3>\n<p class=\"s7\">Todos los \u00f3rganos y partes constituyentes de<br \/>\nfunciones digestivas.<\/p>\n<h3>ENZIMAS DIGESTIVAS<\/h3>\n<p class=\"s7\">Todas las enzimas digestivas<\/p>\n<h3>MICROBIOTE<\/h3>\n<p class=\"s7\">Todas las bacterias conocidas que componen el<br \/>\nmicrobiota intestinal.<\/p>\n<\/td>\n<\/tr>\n<\/tbody>\n<\/table>\n<p><b>\u00bfPARA QUI\u00c9N ES?<\/b><br \/>\nTratar todas las formas de sensibilidad o intolerancia \/\/ Cualquiera que sea la sustancia implicada \/\/ Cualquiera que sea la historia \/\/ Cualquiera que sea la intensidad.<\/p>\n<p><b>C\u00d3MO FUNCIONA :<\/b><br \/>\nEl m\u00e9todo Lumen Care se basa en <strong>memoria del agua<\/strong> y el principio homeop\u00e1tico de<strong>isoterapia<\/strong> que consiste en tratar un problema con la sustancia responsable del mismo, llevada a una diluci\u00f3n muy elevada. Este protocolo energ\u00e9tico adopta la forma de una c\u00e1psula de agua informada que se lleva como colgante sobre la piel.<\/p>\n<p><b>PROTOCOLO DE TRATAMIENTO :<\/b><br \/>\nCada c\u00e1psula debe llevarse 8 horas al d\u00eda durante 15 d\u00edas repartidos en 1 mes. Una vez desprogramada con \u00e9xito una sensibilidad, el resultado deber\u00eda ser duradero (<a href=\"https:\/\/www.lumen-care.com\/es\/mode-emploi\/\" target=\"_blank\" rel=\"noopener\">ver instrucciones de uso<\/a>).<\/p>\n<p><b>UN M\u00c9TODO NO INVASIVO:<\/b><br \/>\nSin ingesti\u00f3n \/\/ Sin absorci\u00f3n cut\u00e1nea \/\/ Sin dietas ni evitaci\u00f3n \/\/ Sin efectos secundarios \/\/ Sin l\u00edmite de edad \/\/ Sin interacciones medicamentosas.<\/p>\n<p><em><strong>NB: No apto para personas anafil\u00e1cticas a los al\u00e9rgenos enumerados sin seguimiento por parte de <a href=\"https:\/\/www.apsl-sante.org\/annuaire-therapeutes\/\">un profesional de Lumen Care<\/a>.<\/strong><\/em><\/p>","protected":false},"excerpt":{"rendered":"<p>Para un equilibrio vibratorio vinculado a todas las formas de sensibilidad e intolerancia al gluten y a los cereales en general. Se presta especial atenci\u00f3n al refuerzo de la pared intestinal, demasiado a menudo porosa e irritable en este tipo de afecciones.<\/p>","protected":false},"featured_media":24784,"comment_status":"closed","ping_status":"closed","template":"","meta":{"inline_featured_image":false,"__cvm_playback_settings":[],"__cvm_video_id":""},"product_brand":[],"product_cat":[72],"product_tag":[19],"class_list":{"0":"post-761","1":"product","2":"type-product","3":"status-publish","4":"has-post-thumbnail","6":"product_cat-intolerances-et-allergies-alimentaires","7":"product_tag-sensibilites-et-intolerances-alimentaires","8":"member-discount","9":"discount-restricted","11":"first","12":"instock","13":"taxable","14":"shipping-taxable","15":"purchasable","16":"product-type-simple"},"composite_virtual":false,"composite_layout":"","composite_add_to_cart_form_location":"","composite_editable_in_cart":false,"composite_sold_individually_context":"","composite_shop_price_calc":"","composite_components":[],"composite_scenarios":[],"_links":{"self":[{"href":"https:\/\/www.lumen-care.com\/es\/wp-json\/wp\/v2\/product\/761","targetHints":{"allow":["GET"]}}],"collection":[{"href":"https:\/\/www.lumen-care.com\/es\/wp-json\/wp\/v2\/product"}],"about":[{"href":"https:\/\/www.lumen-care.com\/es\/wp-json\/wp\/v2\/types\/product"}],"replies":[{"embeddable":true,"href":"https:\/\/www.lumen-care.com\/es\/wp-json\/wp\/v2\/comments?post=761"}],"wp:featuredmedia":[{"embeddable":true,"href":"https:\/\/www.lumen-care.com\/es\/wp-json\/wp\/v2\/media\/24784"}],"wp:attachment":[{"href":"https:\/\/www.lumen-care.com\/es\/wp-json\/wp\/v2\/media?parent=761"}],"wp:term":[{"taxonomy":"product_brand","embeddable":true,"href":"https:\/\/www.lumen-care.com\/es\/wp-json\/wp\/v2\/product_brand?post=761"},{"taxonomy":"product_cat","embeddable":true,"href":"https:\/\/www.lumen-care.com\/es\/wp-json\/wp\/v2\/product_cat?post=761"},{"taxonomy":"product_tag","embeddable":true,"href":"https:\/\/www.lumen-care.com\/es\/wp-json\/wp\/v2\/product_tag?post=761"}],"curies":[{"name":"wp","href":"https:\/\/api.w.org\/{rel}","templated":true}]}}