{"id":2612,"date":"2019-01-25T20:30:03","date_gmt":"2019-01-25T19:30:03","guid":{"rendered":"https:\/\/www.lumen-care.com\/?page_id=2612"},"modified":"2021-03-16T10:10:45","modified_gmt":"2021-03-16T09:10:45","slug":"informazioni-legali","status":"publish","type":"page","link":"https:\/\/www.lumen-care.com\/it\/informazioni-legali\/","title":{"rendered":"Informazioni legali"},"content":{"rendered":"<p style=\"text-align: justify;\"><strong>1. Presentazione del sito :\n<\/strong>\nIn conformit\u00e0 alle disposizioni degli articoli 6-III e 19 della legge n. 2004-575 del 21 giugno 2004 sulla fiducia nell'economia digitale, nota come L.C.E.N., richiamiamo l'attenzione degli utenti e dei visitatori del sito : <a href=\"https:\/\/www.lumen-care.com\/it\/\" target=\"_blank\" rel=\"noopener\">lumen-care.com<\/a> le seguenti informazioni:<\/p>\n<p style=\"text-align: justify;\"><strong>Informazioni legali : <\/strong><\/p>\n<p style=\"text-align: justify;\">Forma giuridica : <strong>SAS<\/strong>\nNome della societ\u00e0 :<strong> Laboratorio Lumen Care<\/strong>\nIndirizzo: <strong>812 B chemin du P\u00e9guier, 84170 Monteux, Francia<\/strong>\nTel: <strong>+33 (0)1 85 43 05 83<\/strong><\/p>\nCapitale di :<strong> 1700 \u20ac<\/strong>\nSIRET : <strong>82461056200012<\/strong>\nCodice APE : <strong>7211Z<\/strong>\nPartita IVA : <strong>FR55824610562<\/strong>\nNumero del formatore : <strong>11950629595<\/strong>\nIndirizzo e-mail: contact [at] lumen-care.com\n\nIl creatore del sito \u00e8 : <strong>Laboratorio Lumen Care\n<\/strong>Il responsabile della pubblicazione \u00e8 : <strong>Olivier Coen<\/strong>\n\nL'host del sito web \u00e8: OVH - RCS Roubaix-Tourcoing 424 761 419 00045 - 2 rue Kellermann, 59100 Roubaix - France\n<p style=\"text-align: justify;\">Gli avvisi legali sono stati generati da <strong><a href=\"https:\/\/www.generer-mentions-legales.com\">avvisi legali<\/a><\/strong><\/p>\n<p style=\"text-align: justify;\"><strong>2. Descrizione dei servizi forniti :<\/strong><\/p>\nIl sito web <a href=\"https:\/\/www.lumen-care.com\/it\/\" target=\"_blank\" rel=\"noopener\">lumen-care.com<\/a> \u00e8 quello di fornire informazioni su tutte le attivit\u00e0 dell'azienda.\nIl proprietario del sito si impegna a fornire sul sito <a href=\"https:\/\/www.lumen-care.com\/it\/\" target=\"_blank\" rel=\"noopener\">lumen-care.com<\/a> informazioni il pi\u00f9 possibile accurate. Tuttavia, non pu\u00f2 essere ritenuta responsabile di eventuali omissioni, imprecisioni o mancati aggiornamenti delle informazioni, sia per colpa sua sia per colpa di partner terzi che le forniscono tali informazioni.\nTutte le informazioni fornite sul sito <a href=\"https:\/\/www.lumen-care.com\/it\/\" target=\"_blank\" rel=\"noopener\">lumen-care.com<\/a> sono forniti a titolo puramente informativo, non sono esaustivi e sono soggetti a modifiche. Sono soggetti a eventuali modifiche apportate dopo la loro messa online.\n<p style=\"text-align: justify;\"><strong>3. Propriet\u00e0 intellettuale e contraffazione :<\/strong>\nIl proprietario del sito \u00e8 titolare dei diritti di propriet\u00e0 intellettuale o detiene i diritti d'uso su tutti gli elementi accessibili sul sito, in particolare i testi, le immagini, la grafica, i loghi, le icone, i suoni, il software, ecc.\n\u00c8 vietata qualsiasi riproduzione, rappresentazione, modifica, pubblicazione, adattamento totale o parziale degli elementi del sito, qualunque sia il mezzo o il processo utilizzato, salvo previa autorizzazione scritta all'indirizzo e-mail: contact [at] lumen-care.com.\nQualsiasi utilizzo non autorizzato del sito o di uno qualsiasi degli elementi in esso contenuti sar\u00e0 considerato come una violazione e sar\u00e0 perseguito secondo le disposizioni degli articoli L.335-2 e seguenti del Codice della Propriet\u00e0 Intellettuale francese.<\/p>\n<p style=\"text-align: justify;\"><strong>4. Collegamenti ipertestuali e cookie :<\/strong><\/p>\nIl sito web <a href=\"https:\/\/www.lumen-care.com\/it\/\" target=\"_blank\" rel=\"noopener\">lumen-care.com<\/a> contiene una serie di collegamenti ipertestuali ad altri siti (partner, informazioni, ecc.) creati con l'autorizzazione del proprietario del sito. Tuttavia, il proprietario del sito non ha la possibilit\u00e0 di controllare i contenuti dei siti cos\u00ec visitati e declina quindi ogni responsabilit\u00e0 per gli eventuali rischi di contenuti illeciti.\n\nGli utenti sono informati che durante la loro visita al sito <a href=\"https:\/\/www.lumen-care.com\/it\/\" target=\"_blank\" rel=\"noopener\">lumen-care.com<\/a>Se visitate il nostro sito web, uno o pi\u00f9 cookie potrebbero essere installati automaticamente sul vostro computer. Un cookie \u00e8 un piccolo file che non consente di identificare l'utente, ma che registra informazioni relative alla navigazione di un computer su un sito. I dati ottenuti in questo modo hanno lo scopo di facilitare la successiva navigazione del sito e vengono utilizzati anche per misurare il numero di visitatori.\n\nIl software del browser pu\u00f2 essere configurato in modo da informare gli utenti della presenza dei cookie e, se necessario, di rifiutarli, come descritto al seguente indirizzo: www.cnil.fr.\nIl rifiuto di installare un cookie pu\u00f2 rendere impossibile l'accesso ad alcuni servizi. Tuttavia, gli utenti possono configurare il proprio computer come segue per rifiutare l'installazione dei cookie:\nIn Internet Explorer: scheda Strumenti \/ Opzioni Internet. Cliccare su Riservatezza e scegliere Blocca tutti i cookie. Confermare con Ok.\nFirefox: scheda Modifica \/ Preferenze. Fare clic su Avanzate e scegliere Disattiva i cookie. Confermare facendo clic su Ok.\n<p style=\"text-align: justify;\"><strong>5. Protezione delle persone e dei beni - gestione dei dati personali :<\/strong><\/p>\nUtente: l'utente di Internet che accede e utilizza il sito di cui sopra: <a href=\"https:\/\/www.lumen-care.com\/it\/\" target=\"_blank\" rel=\"noopener\">lumen-care.com<\/a>\nIn Francia, i dati personali sono protetti dalla legge n. 78-87 del 6 gennaio 1978, dalla legge n. 2004-801 del 6 agosto 2004, dall'articolo L. 226-13 del Codice penale e dalla Direttiva europea del 24 ottobre 1995.\n<p style=\"text-align: justify;\">Sul sito web <a href=\"https:\/\/www.lumen-care.com\/it\/\" target=\"_blank\" rel=\"noopener\">lumen-care.com<\/a>Il titolare del sito raccoglie informazioni personali relative all'utente solo ai fini di alcuni servizi offerti dal sito. <a href=\"https:\/\/www.lumen-care.com\/it\/\" target=\"_blank\" rel=\"noopener\">lumen-care.com<\/a>. Gli utenti forniscono queste informazioni con cognizione di causa, in particolare quando le inseriscono loro stessi. L'utente del <a href=\"https:\/\/www.lumen-care.com\/it\/\" target=\"_blank\" rel=\"noopener\">lumen-care.com<\/a> l'obbligo di fornire tali informazioni.\nConformemente alle disposizioni degli articoli 38 e seguenti della legge francese sulla protezione dei dati personali 78-17 del 6 gennaio 1978, tutti gli utenti hanno il diritto di accedere, rettificare, cancellare e opporsi ai dati personali che li riguardano. Per esercitare tale diritto, inviare la richiesta a <a href=\"https:\/\/www.lumen-care.com\/it\/\" target=\"_blank\" rel=\"noopener\">lumen-care.com<\/a> via e-mail o inviando una richiesta scritta e firmata, accompagnata da una copia del documento d'identit\u00e0 con la firma del titolare del documento, specificando l'indirizzo a cui inviare la risposta.<\/p>\n<p style=\"text-align: justify;\">Non ci sono informazioni personali sull'utente del <a href=\"https:\/\/www.lumen-care.com\/it\/\" target=\"_blank\" rel=\"noopener\">lumen-care.com<\/a> \u00e8 pubblicato all'insaputa dell'utente, scambiato, trasferito, assegnato o venduto su qualsiasi supporto a terzi. Solo l'ipotesi dell'acquisto del sito <a href=\"https:\/\/www.lumen-care.com\/it\/\" target=\"_blank\" rel=\"noopener\">lumen-care.com<\/a> al proprietario del sito e i suoi diritti consentirebbero la trasmissione di tali informazioni all'eventuale acquirente, il quale sarebbe a sua volta tenuto al medesimo obbligo di conservazione e modifica dei dati nei confronti dell'utente del sito. <a href=\"https:\/\/www.lumen-care.com\/it\/\" target=\"_blank\" rel=\"noopener\">lumen-care.com<\/a>.<\/p>\n<p style=\"text-align: justify;\">Il sito web lumen-care.com \u00e8 conforme al RGPD (vedi la nostra politica RGPD).<\/p>\n<p style=\"text-align: justify;\">Le banche dati sono protette dalle disposizioni della legge del 1\u00b0 luglio 1998 che recepisce la direttiva 96\/9 dell'11 marzo 1996 sulla tutela giuridica delle banche dati.<\/p>","protected":false},"excerpt":{"rendered":"<p>1. Presentazione del sito: In conformit\u00e0 alle disposizioni degli articoli 6-III e 19 della legge n. 2004-575 del 21 giugno 2004 per la fiducia nell'economia digitale, nota come L.C.E.N., portiamo a conoscenza degli utenti e dei visitatori del sito: lumen-care.com le seguenti informazioni: Informazioni legali: Forma giuridica: SAS Nome della societ\u00e0: [...]","protected":false},"author":1,"featured_media":0,"parent":0,"menu_order":0,"comment_status":"closed","ping_status":"closed","template":"","meta":{"inline_featured_image":false,"__cvm_playback_settings":[],"__cvm_video_id":"","footnotes":""},"class_list":["post-2612","page","type-page","status-publish","hentry"],"_links":{"self":[{"href":"https:\/\/www.lumen-care.com\/it\/wp-json\/wp\/v2\/pages\/2612","targetHints":{"allow":["GET"]}}],"collection":[{"href":"https:\/\/www.lumen-care.com\/it\/wp-json\/wp\/v2\/pages"}],"about":[{"href":"https:\/\/www.lumen-care.com\/it\/wp-json\/wp\/v2\/types\/page"}],"author":[{"embeddable":true,"href":"https:\/\/www.lumen-care.com\/it\/wp-json\/wp\/v2\/users\/1"}],"replies":[{"embeddable":true,"href":"https:\/\/www.lumen-care.com\/it\/wp-json\/wp\/v2\/comments?post=2612"}],"version-history":[{"count":0,"href":"https:\/\/www.lumen-care.com\/it\/wp-json\/wp\/v2\/pages\/2612\/revisions"}],"wp:attachment":[{"href":"https:\/\/www.lumen-care.com\/it\/wp-json\/wp\/v2\/media?parent=2612"}],"curies":[{"name":"wp","href":"https:\/\/api.w.org\/{rel}","templated":true}]}}