{"id":1109,"date":"2017-01-20T16:08:10","date_gmt":"2017-01-20T15:08:10","guid":{"rendered":"https:\/\/www.lumen-care.com\/reinformation\/complexe-sucres\/"},"modified":"2025-03-26T22:08:53","modified_gmt":"2025-03-26T21:08:53","slug":"complesso-zuccherino","status":"publish","type":"product","link":"https:\/\/www.lumen-care.com\/it\/sensibilita-intolleranze\/complesso-zuccherino\/","title":{"rendered":"Complesso zuccherino"},"content":{"rendered":"<div class=\"fusion-one-full fusion-layout-column fusion-column-last fusion-spacing-yes\">\n<div class=\"fusion-column-wrapper\">Per l'equilibrio vibrazionale legato agli zuccheri e ai livelli di zucchero nel sangue.<\/div>\n<div class=\"fusion-column-wrapper\"><\/div>\n<div class=\"fusion-column-wrapper\">\n<p>\u00c8 ampiamente riconosciuto che lo zucchero \u00e8 un veleno e va consumato con moderazione. Privilegiare assolutamente lo zucchero pi\u00f9 pieno e scuro possibile.<\/p>\n<p><b>Numero di miscele: 04\u00a0<\/b><\/p>\n<\/div>\n<\/div>\n<table style=\"width: 100%;\">\n<tbody>\n<tr>\n<td style=\"width: 50%; height: 18px;\" valign=\"top\">\n<h3>SUGARI <span class=\"s6\">AL-02<\/span><\/h3>\n<p>Zucchero di barbabietola, Zucchero di canna, Sciroppo di mais, Sciroppo di datteri, Destrosio, Fruttosio, Glucosio, Miele, Lattosio, Maltosio, Sciroppo d'acero, Melassa, Saccarosio, Zucchero di riso, Zucchero bianco, Zucchero integrale, Zuccheri lenti, Zuccheri veloci, Zuccheri, Sciroppi, D-glucopiranosio, Amilosio, Carboidrato<\/p>\n<h3>EDULCORANTI <span class=\"s6\">AL-30<\/span><\/h3>\n<p>Eritritolo, Isomalto, Lattitolo, Maltitolo, Mannitolo, Sorbitolo, Xilitolo, Aspar- tame, Sucralosio, Acesulfame-potassio, Ciclammati, Saccarina, Stevia - glicosidi steviolici, Neotame, Taumatina, Alitame, Acido Sucrononico, Acidi Guanilici<\/p>\n<p style=\"text-indent: 0pt; text-align: left;\">\n<\/td>\n<td style=\"width: 50%; height: 18px;\" valign=\"top\">\n<h3>FEGATO \/ CISTIFELLEA <span class=\"s6\">OR-22<\/span><\/h3>\n<p>Cistifellea, dotti biliari, dotto biliare principale, dotto cistico, bile, fondo della cistifellea, corpo della cistifellea, collo della cistifellea, arteria cistica, vene cistiche, dotti biliari, dotto biliare, epatociti, dotti di Herring, dotto epatico, ampolla di Vater, dotto epatico comune, sfintere di Oddi, dotto biliare accessorio, dotto cistico, fegato, fessura sagittale, solco trasversale, arterie epatiche, vene epatiche, legamento falciforme, ilo del fegato, epatociti, cellule del dotto biliare, colangiociti, cellule endoteliali, cellule di K\u00fcppfer, cellule stellate, linfociti epatociti, cellule ovali, vena intralobulare, spazio portale, vene sinusoidi, duttulo biliare, dotto biliare.<\/p>\n<h3>CANDIDA <span class=\"s6\">PA-01<\/span><\/h3>\n<p>Ascomycota, Candida, Candida albicans, Candida crusei, Candida guil- liermondi, Candida Krusei, Candida lusitaniae, Candida parakrusei, Can- dida parapsilosis, Candida Pseudotropicalis, Candida rugosa, Candida sitophilia, Candida stellatoida, Fungi, Saccharomycetaceae, Saccha-romycetales, Saccharomycetes<\/td>\n<\/tr>\n<\/tbody>\n<\/table>\n<p><b>A CHI \u00c8 RIVOLTO?<\/b><br \/>\nTrattare tutte le forme di sensibilit\u00e0 o intolleranza \/\/ Qualunque sia la sostanza coinvolta \/\/ Qualunque sia la storia \/\/ Qualunque sia l'intensit\u00e0.<\/p>\n<p><b>COME FUNZIONA :<\/b><br \/>\nIl metodo Lumen Care si basa su <strong>memoria dell'acqua<\/strong> e il principio omeopatico di<strong>isoterapia<\/strong> che consiste nel trattare un problema con la sostanza che ne \u00e8 responsabile, portata a una diluizione molto elevata. Questo protocollo energetico prende la forma di una capsula di acqua informata indossata come ciondolo sulla pelle.<\/p>\n<p><b>PROTOCOLLO DI TRATTAMENTO :<\/b><br \/>\nOgni capsula deve essere indossata per 8 ore al giorno per 15 giorni distribuiti nell'arco di un mese. Una volta che la sensibilit\u00e0 \u00e8 stata deprogrammata con successo, il risultato dovrebbe essere duraturo (<a href=\"https:\/\/www.lumen-care.com\/it\/modalita-emploi\/\" target=\"_blank\" rel=\"noopener\">vedere le istruzioni per l'uso<\/a>).<\/p>\n<p><b>UN METODO NON INVASIVO:<\/b><br \/>\nNessuna ingestione \/\/ Nessun assorbimento cutaneo \/\/ Nessuna dieta o evitamento \/\/ Nessun effetto collaterale \/\/ Nessun limite di et\u00e0 \/\/ Nessuna interazione con i farmaci.<\/p>\n<p>&nbsp;<\/p>\n<p><strong>Altre indicazioni<\/strong> Non adatto a persone con <strong>reazioni anafilattiche<\/strong> ad uno dei reagenti (angioedema) senza trattamento con <em><strong><a href=\"https:\/\/www.apsl-sante.org\/annuaire-therapeutes\/\">un operatore Lumen Care<\/a>.<\/strong><\/em>.<\/p>\n<div class=\"c-message_kit__blocks c-message_kit__blocks--rich_text\">\n<div class=\"c-message__message_blocks c-message__message_blocks--rich_text\" data-qa=\"message-text\">\n<div class=\"p-block_kit_renderer\" data-qa=\"block-kit-renderer\">\n<div class=\"p-block_kit_renderer__block_wrapper p-block_kit_renderer__block_wrapper--first\">\n<div class=\"p-rich_text_block\" dir=\"auto\">\n<div class=\"p-rich_text_section\">Composizione della capsula: vetro, acqua distillata, metallo e cavo di poliestere.<\/div>\n<\/div>\n<\/div>\n<\/div>\n<\/div>\n<\/div>\n<div class=\"c-message_kit__reaction_bar c-reaction_bar c-reaction_bar--light c-reaction_bar--collapsed\" role=\"group\" data-qa=\"reaction_bar\" aria-label=\"Reazioni\" data-stringify-ignore=\"true\"><\/div>","protected":false},"excerpt":{"rendered":"<p>Per un equilibrio vibratorio legato agli zuccheri e alla glicemia<\/p>","protected":false},"featured_media":16721,"comment_status":"closed","ping_status":"closed","template":"","meta":{"inline_featured_image":false,"__cvm_playback_settings":[],"__cvm_video_id":""},"product_brand":[],"product_cat":[72],"product_tag":[19],"class_list":{"0":"post-1109","1":"product","2":"type-product","3":"status-publish","4":"has-post-thumbnail","6":"product_cat-intolerances-et-allergies-alimentaires","7":"product_tag-sensibilites-et-intolerances-alimentaires","8":"member-discount","9":"discount-restricted","11":"first","12":"instock","13":"taxable","14":"shipping-taxable","15":"purchasable","16":"product-type-simple"},"composite_virtual":false,"composite_layout":"","composite_add_to_cart_form_location":"","composite_editable_in_cart":false,"composite_sold_individually_context":"","composite_shop_price_calc":"","composite_components":[],"composite_scenarios":[],"_links":{"self":[{"href":"https:\/\/www.lumen-care.com\/it\/wp-json\/wp\/v2\/product\/1109","targetHints":{"allow":["GET"]}}],"collection":[{"href":"https:\/\/www.lumen-care.com\/it\/wp-json\/wp\/v2\/product"}],"about":[{"href":"https:\/\/www.lumen-care.com\/it\/wp-json\/wp\/v2\/types\/product"}],"replies":[{"embeddable":true,"href":"https:\/\/www.lumen-care.com\/it\/wp-json\/wp\/v2\/comments?post=1109"}],"wp:featuredmedia":[{"embeddable":true,"href":"https:\/\/www.lumen-care.com\/it\/wp-json\/wp\/v2\/media\/16721"}],"wp:attachment":[{"href":"https:\/\/www.lumen-care.com\/it\/wp-json\/wp\/v2\/media?parent=1109"}],"wp:term":[{"taxonomy":"product_brand","embeddable":true,"href":"https:\/\/www.lumen-care.com\/it\/wp-json\/wp\/v2\/product_brand?post=1109"},{"taxonomy":"product_cat","embeddable":true,"href":"https:\/\/www.lumen-care.com\/it\/wp-json\/wp\/v2\/product_cat?post=1109"},{"taxonomy":"product_tag","embeddable":true,"href":"https:\/\/www.lumen-care.com\/it\/wp-json\/wp\/v2\/product_tag?post=1109"}],"curies":[{"name":"wp","href":"https:\/\/api.w.org\/{rel}","templated":true}]}}