{"id":15303,"date":"2023-04-26T23:03:43","date_gmt":"2023-04-26T21:03:43","guid":{"rendered":"https:\/\/www.lumen-care.com\/?post_type=product&#038;p=15303"},"modified":"2025-03-26T22:27:45","modified_gmt":"2025-03-26T21:27:45","slug":"sensibilita-e-intolleranza-ai-cosmetici-trattamento-in-capsule-naturale-e-definitivo-per-la-dermatite-da-contatto","status":"publish","type":"product","link":"https:\/\/www.lumen-care.com\/it\/sensibilita-intolleranze\/sensibilita-e-intolleranza-ai-cosmetici-trattamento-in-capsule-naturale-e-definitivo-per-la-dermatite-da-contatto\/","title":{"rendered":"Cosmetici - sensibilit\u00e0 e intolleranze"},"content":{"rendered":"<p><strong>ALLERGENI CODIFICATI :<\/strong><br \/>\nContiene le impronte vibratorie associate alla famiglia dei Cosmetici<\/p>\n<p>E pi\u00f9 precisamente : Alo\u00e9 vera, Alfa-isometil ionone, Amyl cinnamal, Amylcinnamyl alcohol, Anise alcohol, Benzyl alcohol, Benzyl benzoate, Benzyl cinnamate, Benzyl salicylate, Blush, Butylene glycol, Butylphenyl methylpropional, Butyrospermum parkii butter, Caprylic\/capric triglyceride, Caprylyl glycol, Cetearyl alcohol, Ci 19140, Ci 77491, Ci 77492, Ci 77499, Ci 77891, Cinnamal, Cinnamyl alcohol, Citral, Citronellol, Cocamidopropyl betaine, Coloration, Coumarin, Cr\u00e8me, D\u00e9coloration, demaquillant, D\u00e9odorant, diluant, Dimethicone, Disodium edta, Eugenol, Evernia furfuracea - tree moss, Evernia prunastri - muschio di quercia, Eyeliner, Blush, Farnesol, Fondotinta, Gel doccia, Geraniol, Glycerin, Glyceryl stearate, Helianthus annuus seed oil, henn\u00e9, Hexyl cinnamal, Oli essenziali, Hydroxycitronnellal, Hydroxyisohexyl 3-cyclohexene carboxaldehyde, Isoeugenol, Kh\u00f4l, Limonene, Linalool, Make-up, Mascara, Metile 2-ottantonio, Mica, Pantenolo, Fenossietanolo, Potassio sorbato, Polvere, Glicole propilenico, Rossetto, Sapone, Shampoo, Silice, Benzoato di sodio, Cloruro di sodio, Idrossido di sodio, Tintura, Tocoferolo, Acetato di tocoferile, Smalto per unghie, Gomma xantana,<\/p>\n<p><strong>A CHI \u00c8 RIVOLTO?<\/strong><br \/>\nTrattare tutte le forme di sensibilit\u00e0 o intolleranza \/\/ Qualunque sia la sostanza coinvolta \/\/ Qualunque sia la storia \/\/ Qualunque sia l'intensit\u00e0.<\/p>\n<p><strong>COME FUNZIONA :<\/strong><br \/>\nIl metodo Lumen Care si basa sulla memoria dell'acqua e sul principio omeopatico dell'isoterapia, che consiste nel trattare un problema con la sostanza che ne \u00e8 responsabile, portata a una diluizione molto elevata. Questo trattamento energetico prende la forma di una capsula di acqua informata indossata come ciondolo sulla pelle.<\/p>\n<p><strong>PROTOCOLLO DI TRATTAMENTO :<\/strong><br \/>\nOgni capsula deve essere indossata per 8 ore al giorno per 15 giorni distribuiti nell'arco di un mese. Una volta che la sensibilit\u00e0 \u00e8 stata deprogrammata con successo, il risultato dovrebbe essere duraturo (vedere le istruzioni per l'uso).<\/p>\n<p><strong>UN METODO NON INVASIVO:<\/strong><br \/>\nNessuna ingestione \/\/ Nessun assorbimento cutaneo \/\/ Nessuna dieta o evitamento \/\/ Nessun effetto collaterale \/\/ Nessun limite di et\u00e0 \/\/ Nessuna interazione con i farmaci.<\/p>\n<p><strong>CONTROINDICAZIONI :<\/strong><br \/>\nNon adatto alle persone anafilattiche agli allergeni elencati.<\/p>","protected":false},"excerpt":{"rendered":"<p>Capsula di reintegrazione vibrazionale per deprogrammare in modo permanente qualsiasi forma di sensibilit\u00e0 o intolleranza legata alla famiglia dei cosmetici.<\/p>","protected":false},"featured_media":21730,"comment_status":"closed","ping_status":"closed","template":"","meta":{"inline_featured_image":false,"__cvm_playback_settings":[],"__cvm_video_id":""},"product_brand":[],"product_cat":[88],"product_tag":[],"class_list":{"0":"post-15303","1":"product","2":"type-product","3":"status-publish","4":"has-post-thumbnail","6":"product_cat-allergie-medicaments-et-vaccins","7":"member-discount","8":"discount-restricted","10":"first","11":"instock","12":"taxable","13":"shipping-taxable","14":"purchasable","15":"product-type-simple"},"composite_virtual":false,"composite_layout":"","composite_add_to_cart_form_location":"","composite_editable_in_cart":false,"composite_sold_individually_context":"","composite_shop_price_calc":"","composite_components":[],"composite_scenarios":[],"_links":{"self":[{"href":"https:\/\/www.lumen-care.com\/it\/wp-json\/wp\/v2\/product\/15303","targetHints":{"allow":["GET"]}}],"collection":[{"href":"https:\/\/www.lumen-care.com\/it\/wp-json\/wp\/v2\/product"}],"about":[{"href":"https:\/\/www.lumen-care.com\/it\/wp-json\/wp\/v2\/types\/product"}],"replies":[{"embeddable":true,"href":"https:\/\/www.lumen-care.com\/it\/wp-json\/wp\/v2\/comments?post=15303"}],"wp:featuredmedia":[{"embeddable":true,"href":"https:\/\/www.lumen-care.com\/it\/wp-json\/wp\/v2\/media\/21730"}],"wp:attachment":[{"href":"https:\/\/www.lumen-care.com\/it\/wp-json\/wp\/v2\/media?parent=15303"}],"wp:term":[{"taxonomy":"product_brand","embeddable":true,"href":"https:\/\/www.lumen-care.com\/it\/wp-json\/wp\/v2\/product_brand?post=15303"},{"taxonomy":"product_cat","embeddable":true,"href":"https:\/\/www.lumen-care.com\/it\/wp-json\/wp\/v2\/product_cat?post=15303"},{"taxonomy":"product_tag","embeddable":true,"href":"https:\/\/www.lumen-care.com\/it\/wp-json\/wp\/v2\/product_tag?post=15303"}],"curies":[{"name":"wp","href":"https:\/\/api.w.org\/{rel}","templated":true}]}}