{"id":15393,"date":"2023-04-26T23:04:00","date_gmt":"2023-04-26T21:04:00","guid":{"rendered":"https:\/\/www.lumen-care.com\/?post_type=product&#038;p=15393"},"modified":"2025-03-26T22:13:00","modified_gmt":"2025-03-26T21:13:00","slug":"cafe-le-sensibilita-e-le-intolleranze-al-cacao-trattamento-in-capsule-naturale-e-definitivo-per-la-dermatopatia-da-contatto","status":"publish","type":"product","link":"https:\/\/www.lumen-care.com\/it\/sensibilita-intolleranze\/cafe-le-sensibilita-e-le-intolleranze-al-cacao-trattamento-in-capsule-naturale-e-definitivo-per-la-dermatopatia-da-contatto\/","title":{"rendered":"Caff\u00e8\/T\u00e8\/Cacao - sensibilit\u00e0 e intolleranze"},"content":{"rendered":"<p><strong>ALLERGENI CODIFICATI :<\/strong><br \/>\nContiene le impronte vibratorie associate alla famiglia del caff\u00e8\/t\u00e8\/cacao.<\/p>\n<p>E pi\u00f9 precisamente : Anice, Arabica, Badiane, Burro di Cacao, Cacao, Cacao sgrassato a secco, Caff\u00e8, Caff\u00e8 istantaneo, Caff\u00e8 solubile, Caff\u00e8 tostato, Caff\u00e8 verde, Caffeina, Camomilla, Cappuccino, Cioccolato, Cioccolato al latte, Cioccolato bianco, Cioccolato caldo, Cioccolato fondente, Decaffeinato, Acqua di rose, Espresso, Fava di cacao, Fiori d'arancio, Guaran\u00e0, Guaranina, Ginko biloba, Ibisco, Infuso, Mat\u00e9, Mat\u00e9ine, Matricaire, M\u00e9lisse, Menthe, P\u00e2te De Cacao, Robusta, Romarin, Rooibos, Tannini, Tcha\u00ef, Th\u00e9, Th\u00e9 Blanc, Th\u00e9 Ferment\u00e9, Th\u00e9 Noir, Th\u00e9 Oxyd\u00e9, Th\u00e9 Rouge, Th\u00e9 Vert, Th\u00e9 Vert Matcha, Th\u00e9aflavine, Th\u00e9anine, Th\u00e9arubigine, Th\u00e9ine, Th\u00e9obromine, Th\u00e9ogalline, Th\u00e9ophylline, Thyme, Tilleul, Tisane, Verveine, Xanthine, Taurine,<\/p>\n<p><strong>A CHI \u00c8 RIVOLTO?<\/strong><br \/>\nTrattare tutte le forme di sensibilit\u00e0 o intolleranza \/\/ Qualunque sia la sostanza coinvolta \/\/ Qualunque sia la storia \/\/ Qualunque sia l'intensit\u00e0.<\/p>\n<p><strong>COME FUNZIONA :<\/strong><br \/>\nIl metodo Lumen Care si basa sulla memoria dell'acqua e sul principio omeopatico dell'isoterapia, che consiste nel trattare un problema con la sostanza che ne \u00e8 responsabile, portata a una diluizione molto elevata. Questo trattamento energetico prende la forma di una capsula di acqua informata indossata come ciondolo sulla pelle.<\/p>\n<p><strong>PROTOCOLLO DI TRATTAMENTO :<\/strong><br \/>\nOgni capsula deve essere indossata per 8 ore al giorno per 15 giorni distribuiti nell'arco di un mese. Una volta che la sensibilit\u00e0 \u00e8 stata deprogrammata con successo, il risultato dovrebbe essere duraturo (vedere le istruzioni per l'uso).<\/p>\n<p><strong>UN METODO NON INVASIVO:<\/strong><br \/>\nNessuna ingestione \/\/ Nessun assorbimento cutaneo \/\/ Nessuna dieta o evitamento \/\/ Nessun effetto collaterale \/\/ Nessun limite di et\u00e0 \/\/ Nessuna interazione con i farmaci.<\/p>\n<p><strong>CONTROINDICAZIONI :<\/strong><br \/>\nNon adatto alle persone anafilattiche agli allergeni elencati.<\/p>","protected":false},"excerpt":{"rendered":"<p>Capsula di reintegrazione vibrazionale per deprogrammare in modo permanente qualsiasi forma di sensibilit\u00e0 o intolleranza legata alla famiglia del caff\u00e8\/t\u00e8\/cacao.<\/p>","protected":false},"featured_media":21404,"comment_status":"closed","ping_status":"closed","template":"","meta":{"inline_featured_image":false,"__cvm_playback_settings":[],"__cvm_video_id":""},"product_brand":[],"product_cat":[72],"product_tag":[],"class_list":{"0":"post-15393","1":"product","2":"type-product","3":"status-publish","4":"has-post-thumbnail","6":"product_cat-intolerances-et-allergies-alimentaires","7":"member-discount","8":"discount-restricted","10":"first","11":"instock","12":"taxable","13":"shipping-taxable","14":"purchasable","15":"product-type-simple"},"composite_virtual":false,"composite_layout":"","composite_add_to_cart_form_location":"","composite_editable_in_cart":false,"composite_sold_individually_context":"","composite_shop_price_calc":"","composite_components":[],"composite_scenarios":[],"_links":{"self":[{"href":"https:\/\/www.lumen-care.com\/it\/wp-json\/wp\/v2\/product\/15393","targetHints":{"allow":["GET"]}}],"collection":[{"href":"https:\/\/www.lumen-care.com\/it\/wp-json\/wp\/v2\/product"}],"about":[{"href":"https:\/\/www.lumen-care.com\/it\/wp-json\/wp\/v2\/types\/product"}],"replies":[{"embeddable":true,"href":"https:\/\/www.lumen-care.com\/it\/wp-json\/wp\/v2\/comments?post=15393"}],"wp:featuredmedia":[{"embeddable":true,"href":"https:\/\/www.lumen-care.com\/it\/wp-json\/wp\/v2\/media\/21404"}],"wp:attachment":[{"href":"https:\/\/www.lumen-care.com\/it\/wp-json\/wp\/v2\/media?parent=15393"}],"wp:term":[{"taxonomy":"product_brand","embeddable":true,"href":"https:\/\/www.lumen-care.com\/it\/wp-json\/wp\/v2\/product_brand?post=15393"},{"taxonomy":"product_cat","embeddable":true,"href":"https:\/\/www.lumen-care.com\/it\/wp-json\/wp\/v2\/product_cat?post=15393"},{"taxonomy":"product_tag","embeddable":true,"href":"https:\/\/www.lumen-care.com\/it\/wp-json\/wp\/v2\/product_tag?post=15393"}],"curies":[{"name":"wp","href":"https:\/\/api.w.org\/{rel}","templated":true}]}}