{"id":17191,"date":"2023-07-28T16:13:53","date_gmt":"2023-07-28T14:13:53","guid":{"rendered":"https:\/\/www.lumen-care.com\/?post_type=product&#038;p=17191"},"modified":"2025-03-26T22:13:03","modified_gmt":"2025-03-26T21:13:03","slug":"mix-verdure-2","status":"publish","type":"product","link":"https:\/\/www.lumen-care.com\/it\/sensibilita-intolleranze\/mix-verdure-2\/","title":{"rendered":"Ortaggi misti 2 (asteracee, ombrellifere, ortaggi a radice, funghi, alghe)"},"content":{"rendered":"<div class=\"fusion-one-full fusion-layout-column fusion-column-last fusion-spacing-yes\">\n<div class=\"fusion-column-wrapper\">\n<p>Per una vibrazione equilibrata legata a tutte le forme di sensibilit\u00e0 e intolleranze a ASTERACEE, OMBELLIFERI, ORTAGGI RACINE (ALTRI), FUNGHI COMESTIBILI, ALGHE COMESTIBILI.<\/p>\n<p><b>Numero di miscele: 05<\/b><\/p>\n<table style=\"width: 100%;\">\n<tbody>\n<tr>\n<td style=\"width: 50%; height: 18px;\" valign=\"top\">\n<h3>ASTERACEI <span class=\"s6\">AL-24<\/span><\/h3>\n<p>Amaranto, Carciofo, Batavia, Barbabietola, Barbabietola (cruda, cotta, rossa), Bietola, Cardi, Cicoria, Indivia, Indivia riccia, Cicoria pan di zucchero, Cicoria (Treviso, Verona), Crescione, Crescione di Alen, Indivia, Spinaci, Foglia di quercia, Fris\u00e9e, Iceberg, Lattuga, Lattuga a cappuccio, Lattuga romana, Lattuga batavia, Lattuga a cappuccio, Lattuga d'agnello, Tarassaco, Tarassaco comune, Pero, Lattuga a cappuccio, Portulaca, Romaine, Rucola, Chioggia rossa, Insalata, Insalata verde, Salicornia, Salsefrica, Scorzonera, Sucrine, Topinambour, Chicon<\/p>\n<p>&nbsp;<\/p>\n<h3>OMBELLIFERI\u00a0<span class=\"s6\">AL-26<\/span><\/h3>\n<p>Pastinaca, Finocchio, Cerfoglio, Prezzemolo, Cumino, Coriandolo, Levistico, Angelica, Aneto, Carota, Sedano, Anice, Ombrellifere<\/p>\n<p>&nbsp;<\/p>\n<h3>ORTAGGI A RADICE (ALTRI)\u00a0<span class=\"s6\">AL-31<\/span><\/h3>\n<p>Arrowroot, Taro, Ginseng, Yac\u00f3n, Salsefrica, Patata dolce, Chayote, Igname, Cassava, Liquirizia, Crosne giapponese, Loto sacro, Cardamomo, Cavolo caraibico, Helianthi, Scorsonera, Maca, Kudzu, Patata pisello, Genio giallo, Oca peruviana.<\/td>\n<td style=\"width: 50%; height: 18px;\" valign=\"top\">\n<h3>FUNGHI COMMESTIBILI\u00a0<span class=\"s6\">AL-27<\/span><\/h3>\n<p>Fungo bottone, Amanita - Amanite, Auricularia - Orecchio di Giuda, Fungo nero, Boletus - Porcino, Chanterelle - Galletto, Lepiote, Meunier, Cortinaire, Trompette-des-morts, P\u00e9zize vein\u00e9e, Langue de b\u0153uf, Boletus, Piede di pecora, Fagiano, Lattaia, Poliporo, Boletus, Quercia valentina - Shiitake, Piede blu, Euforbia, Lycoperdon - Velocit\u00e0 del lupo, Cou- lemelle, Morchella - Spugnola, Fungo ostrica, Russula, Fungo porcino, Fungo tricolore, Piccolo grigio, Coda di topo.<\/p>\n<p>&nbsp;<\/p>\n<h3>ALGHE EDIBILI\u00a0<span class=\"s6\">AL-28<\/span><\/h3>\n<p>Alaria, Spirulina, Caulerpa, Uva di mare, Carrubo bianco, Carrubo a spirale, Carrubo a vescica, Fagiolo di mare, Laminaria, Falso muschio d'Irlanda, Alga dolce, Sargassum, Lattuga di mare, Felce di mare, Laverio verde<\/td>\n<\/tr>\n<\/tbody>\n<\/table>\n<p><b>A CHI \u00c8 RIVOLTO?<\/b><br \/>\nTrattare tutte le forme di sensibilit\u00e0 o intolleranza \/\/ Qualunque sia la sostanza coinvolta \/\/ Qualunque sia la storia \/\/ Qualunque sia l'intensit\u00e0.<\/p>\n<p><b>COME FUNZIONA :<\/b><br \/>\nIl metodo Lumen Care si basa su <strong>memoria dell'acqua<\/strong> e il principio omeopatico di<strong>isoterapia<\/strong> che consiste nel trattare un problema con la sostanza che ne \u00e8 responsabile, portata a una diluizione molto elevata. Questo protocollo energetico prende la forma di una capsula di acqua informata indossata come ciondolo sulla pelle.<\/p>\n<p><b>PROTOCOLLO DI TRATTAMENTO :<\/b><br \/>\nOgni capsula deve essere indossata per 8 ore al giorno per 15 giorni distribuiti nell'arco di un mese. Una volta che la sensibilit\u00e0 \u00e8 stata deprogrammata con successo, il risultato dovrebbe essere duraturo (<a href=\"https:\/\/www.lumen-care.com\/it\/modalita-emploi\/\" target=\"_blank\" rel=\"noopener\">vedere le istruzioni per l'uso<\/a>).<\/p>\n<p><b>UN METODO NON INVASIVO:<\/b><br \/>\nNessuna ingestione \/\/ Nessun assorbimento cutaneo \/\/ Nessuna dieta o evitamento \/\/ Nessun effetto collaterale \/\/ Nessun limite di et\u00e0 \/\/ Nessuna interazione con i farmaci.<\/p>\n<p><em><strong>NB: Non \u00e8 adatto a persone anafilattiche agli allergeni elencati senza un follow-up da parte di <a href=\"https:\/\/www.apsl-sante.org\/annuaire-therapeutes\/\">un operatore Lumen Care<\/a>.<\/strong><\/em><\/p>\n<p>&nbsp;<\/p>\n<\/div>\n<\/div>","protected":false},"excerpt":{"rendered":"<p>Per una vibrazione equilibrata legata a tutte le forme di sensibilit\u00e0 e intolleranze a ASTERACEE, OMBELLIFERI, ORTAGGI RACINE (ALTRI), FUNGHI COMESTIBILI, ALGHE COMESTIBILI.<\/p>\n<p>&nbsp;<\/p>","protected":false},"featured_media":17194,"comment_status":"closed","ping_status":"closed","template":"","meta":{"inline_featured_image":false,"__cvm_playback_settings":[],"__cvm_video_id":""},"product_brand":[],"product_cat":[72],"product_tag":[1157,1156,1155,19],"class_list":{"0":"post-17191","1":"product","2":"type-product","3":"status-publish","4":"has-post-thumbnail","6":"product_cat-intolerances-et-allergies-alimentaires","7":"product_tag-alimentaires","8":"product_tag-intolerances","9":"product_tag-sensibilites","10":"product_tag-sensibilites-et-intolerances-alimentaires","11":"member-discount","12":"discount-restricted","14":"first","15":"instock","16":"taxable","17":"shipping-taxable","18":"purchasable","19":"product-type-simple"},"composite_virtual":false,"composite_layout":"","composite_add_to_cart_form_location":"","composite_editable_in_cart":false,"composite_sold_individually_context":"","composite_shop_price_calc":"","composite_components":[],"composite_scenarios":[],"_links":{"self":[{"href":"https:\/\/www.lumen-care.com\/it\/wp-json\/wp\/v2\/product\/17191","targetHints":{"allow":["GET"]}}],"collection":[{"href":"https:\/\/www.lumen-care.com\/it\/wp-json\/wp\/v2\/product"}],"about":[{"href":"https:\/\/www.lumen-care.com\/it\/wp-json\/wp\/v2\/types\/product"}],"replies":[{"embeddable":true,"href":"https:\/\/www.lumen-care.com\/it\/wp-json\/wp\/v2\/comments?post=17191"}],"wp:featuredmedia":[{"embeddable":true,"href":"https:\/\/www.lumen-care.com\/it\/wp-json\/wp\/v2\/media\/17194"}],"wp:attachment":[{"href":"https:\/\/www.lumen-care.com\/it\/wp-json\/wp\/v2\/media?parent=17191"}],"wp:term":[{"taxonomy":"product_brand","embeddable":true,"href":"https:\/\/www.lumen-care.com\/it\/wp-json\/wp\/v2\/product_brand?post=17191"},{"taxonomy":"product_cat","embeddable":true,"href":"https:\/\/www.lumen-care.com\/it\/wp-json\/wp\/v2\/product_cat?post=17191"},{"taxonomy":"product_tag","embeddable":true,"href":"https:\/\/www.lumen-care.com\/it\/wp-json\/wp\/v2\/product_tag?post=17191"}],"curies":[{"name":"wp","href":"https:\/\/api.w.org\/{rel}","templated":true}]}}