{"id":24316,"date":"2024-10-22T19:27:42","date_gmt":"2024-10-22T17:27:42","guid":{"rendered":"https:\/\/www.lumen-care.com\/?post_type=product&#038;p=24316"},"modified":"2025-03-26T22:29:13","modified_gmt":"2025-03-26T21:29:13","slug":"miscela-di-fragranze-new-start-5","status":"publish","type":"product","link":"https:\/\/www.lumen-care.com\/it\/sensibilita-intolleranze\/miscela-di-fragranze-new-start-5\/","title":{"rendered":"Nuovo inizio - M\u00e9lange 5 Effluences"},"content":{"rendered":"<div class=\"fusion-one-full fusion-layout-column fusion-column-last fusion-spacing-yes\">\n<div class=\"fusion-column-wrapper\">\n<h2 data-fontsize=\"40\" data-lineheight=\"48\"><em><b>Composizione della miscela '*<span data-sheets-root=\"1\">Un nuovo inizio<\/span>'<\/b><\/em><\/h2>\n<\/div>\n<\/div>\n<table style=\"border-collapse: collapse; width: 100%;\">\n<tbody>\n<tr>\n<td style=\"width: 50%;\">\n<ul>\n<li><span style=\"color: #00ccff;\"><strong>Accettare il cambiamento<\/strong><\/span>Accetto e abbraccio il cambiamento. Sono resiliente. Tutto ci\u00f2 che mi accade mi fa crescere. Ogni giorno \u00e8 un nuovo inizio. Sono flessibile e mobile.<\/li>\n<li><span style=\"color: #00ccff;\"><strong>Ottimismo<\/strong><\/span>Ho una fede assoluta e incrollabile nel futuro, nella vita. Sono positivo. Tutto ci\u00f2 che mi accade \u00e8 per il bene comune. Mi lascio travolgere dalla fede e dalla speranza. Tutto \u00e8 possibile.<\/li>\n<li><span style=\"color: #00ccff;\"><strong>Libert\u00e0 e indipendenza<\/strong><\/span>Sono libero. Decido io. Riconosco la mia differenza. Sono l'autore della mia vita. Sono vero. Mi riprendo il mio potere.<\/li>\n<\/ul>\n<\/td>\n<td style=\"width: 50%;\">\n<ul>\n<li><span style=\"color: #00ccff;\"><strong>Rubino<\/strong><\/span>Vi connette alla Madre Terra e vi riporta in equilibrio. Ispirazione e percezione dell'amore divino. Permette una vera trasformazione.<\/li>\n<li><span style=\"color: #00ccff;\"><strong>Peonia<\/strong><\/span>Aiuta a ricostruire la propria vita dopo una battuta d'arresto o una perdita di concentrazione. Permette di cambiare rotta e di guardare al futuro con serenit\u00e0.<\/li>\n<\/ul>\n<\/td>\n<\/tr>\n<\/tbody>\n<\/table>\n<p>Collare incluso.<\/p>\n<h2>Una miscela di <em>5 Influenze<\/em><\/h2>\n<p>Questa miscela \u00e8 composta da 5 <em>Effluenti <\/em>tratti dai riferimenti alle emozioni, ai fiori e ai cristalli. 5 \u00e8 il numero massimo di<em>Effluenti<\/em> che possono essere indossati contemporaneamente. Questo mix rappresenta quindi il miglior potenziale per l'attuazione dell'intento del mix.<\/p>","protected":false},"excerpt":{"rendered":"<h2>Miscela '*<span data-sheets-root=\"1\">Un nuovo inizio<\/span>'<\/h2>\n<p><span data-sheets-root=\"1\">Composizione: Accettare il cambiamento - Ottimismo - Libert\u00e0 e indipendenza - Rubino - Peonia<\/span><\/p>","protected":false},"featured_media":24516,"comment_status":"open","ping_status":"closed","template":"","meta":{"inline_featured_image":false,"__cvm_playback_settings":[],"__cvm_video_id":""},"product_brand":[],"product_cat":[1177],"product_tag":[],"class_list":{"0":"post-24316","1":"product","2":"type-product","3":"status-publish","4":"has-post-thumbnail","6":"product_cat-melanges","7":"member-discount","8":"discount-restricted","10":"first","11":"instock","12":"taxable","13":"shipping-taxable","14":"purchasable","15":"product-type-simple"},"composite_virtual":false,"composite_layout":"","composite_add_to_cart_form_location":"","composite_editable_in_cart":false,"composite_sold_individually_context":"","composite_shop_price_calc":"","composite_components":[],"composite_scenarios":[],"_links":{"self":[{"href":"https:\/\/www.lumen-care.com\/it\/wp-json\/wp\/v2\/product\/24316","targetHints":{"allow":["GET"]}}],"collection":[{"href":"https:\/\/www.lumen-care.com\/it\/wp-json\/wp\/v2\/product"}],"about":[{"href":"https:\/\/www.lumen-care.com\/it\/wp-json\/wp\/v2\/types\/product"}],"replies":[{"embeddable":true,"href":"https:\/\/www.lumen-care.com\/it\/wp-json\/wp\/v2\/comments?post=24316"}],"wp:featuredmedia":[{"embeddable":true,"href":"https:\/\/www.lumen-care.com\/it\/wp-json\/wp\/v2\/media\/24516"}],"wp:attachment":[{"href":"https:\/\/www.lumen-care.com\/it\/wp-json\/wp\/v2\/media?parent=24316"}],"wp:term":[{"taxonomy":"product_brand","embeddable":true,"href":"https:\/\/www.lumen-care.com\/it\/wp-json\/wp\/v2\/product_brand?post=24316"},{"taxonomy":"product_cat","embeddable":true,"href":"https:\/\/www.lumen-care.com\/it\/wp-json\/wp\/v2\/product_cat?post=24316"},{"taxonomy":"product_tag","embeddable":true,"href":"https:\/\/www.lumen-care.com\/it\/wp-json\/wp\/v2\/product_tag?post=24316"}],"curies":[{"name":"wp","href":"https:\/\/api.w.org\/{rel}","templated":true}]}}